{"id":8071,"date":"2024-09-18T10:58:42","date_gmt":"2024-09-18T08:58:42","guid":{"rendered":"https:\/\/www.residence-lapinede.com\/?page_id=8071"},"modified":"2024-09-18T10:58:45","modified_gmt":"2024-09-18T08:58:45","slug":"seguro-serenidad-neat","status":"publish","type":"page","link":"https:\/\/www.residence-lapinede.com\/es\/seguro-serenidad-neat\/","title":{"rendered":"Seguro Serenidad Neat"},"content":{"rendered":"<section id=\"section-66ea9642cb605\"class=\"section bg-white\" \/><div class=\"container\"><h1 class=\"element section-title justify\">Seguro Serenidad Neat Camping: \u00a1Vacaciones sin preocupaciones!<\/h1><div class=\"element bloc-text justify \">\n\t<p>Protege tu estancia con nuestro seguro de cancelaci\u00f3n opcional.<\/p>\n<p>En caso de imprevistos antes de tu llegada, benef\u00edciate de un reembolso r\u00e1pido en un plazo de 48 horas. Este seguro tambi\u00e9n cubre interrupciones de la estancia, costos de reemplazo de veh\u00edculos, gastos veterinarios, y mucho m\u00e1s.<\/p>\n<p>La declaraci\u00f3n se realiza en l\u00ednea, de manera simple y r\u00e1pida. Ya viajes solo, en familia o con amigos, todos est\u00e1n cubiertos, sin restricciones.<\/p>\n<p>\u00a1Suscr\u00edbete para unas vacaciones con total serenidad!<\/p>\n<p><strong>Simplicidad y rapidez<\/strong>: Un proceso simple que te garantiza un reembolso en 48 horas en caso de cancelaci\u00f3n.<\/p>\n<p><strong>Cobertura universal<\/strong>: Ya sea que viajes en familia, con amigos o solo, todos est\u00e1n cubiertos, sin restricciones de parentesco.<\/p>\n<p><strong>Declaraci\u00f3n en l\u00ednea facilitada<\/strong>: Simplifica tu tr\u00e1mite con un formulario en l\u00ednea amigable para una gesti\u00f3n r\u00e1pida de incidentes.<\/p>\n<p><strong>Flexibilidad de cancelaci\u00f3n<\/strong>: Cancela tu estancia con o sin justificante, entendemos que los imprevistos pueden ocurrir en cualquier momento.<\/p>\n<\/div><div class=\"element images\"><div class=\"image\"><img decoding=\"async\" src=\"https:\/\/www.residence-lapinede.com\/wp-content\/uploads\/2024\/09\/Black-White-Minimalist-Triangles-Scribble-Background-Page-Border-A4-Landscape3-100x71.png\" data-src=\"https:\/\/www.residence-lapinede.com\/wp-content\/uploads\/2024\/09\/Black-White-Minimalist-Triangles-Scribble-Background-Page-Border-A4-Landscape3.png\" alt=\"\" class=\"images_image\" \/><\/div><\/div><h1 class=\"element section-title justify\">El procedimiento<\/h1><div class=\"element bloc-text justify \">\n\t<p>Despu\u00e9s de enviar una solicitud por escrito de tu cancelaci\u00f3n al camping, recibir\u00e1s la factura de cancelaci\u00f3n correspondiente. (Atenci\u00f3n: el reembolso nunca incluye los gastos administrativos ni la cotizaci\u00f3n del seguro).<\/p>\n<p>Una solicitud de reembolso por los gastos de cancelaci\u00f3n deber\u00e1 ser realizada a nuestro socio NEAT en un plazo de 5 d\u00edas por correo electr\u00f3nico a <strong><a rel=\"noopener\">sinistre@neat.eu<\/a><\/strong> o a trav\u00e9s del formulario en <strong><a href=\"https:\/\/declare.neat.eu\/campings-independants\" target=\"_new\" rel=\"noopener\">https:\/\/declare.neat.eu\/campings-independants<\/a><\/strong>.<\/p>\n<p>A continuaci\u00f3n, se incluye la lista de los documentos que deben proporcionarse a Neat:<\/p>\n<ul>\n<li>La confirmaci\u00f3n de reserva<\/li>\n<li>La factura de cancelaci\u00f3n proporcionada por el camping<\/li>\n<li>Un n\u00famero de cuenta bancaria (RIB)<\/li>\n<li>Un documento de identidad v\u00e1lido<\/li>\n<li>Cualquier otro elemento solicitado por el seguro para tramitar tu expediente<\/li>\n<\/ul>\n<p>Finalmente, si decides justificar el motivo de tu cancelaci\u00f3n, el asegurador tiene derecho a solicitar cualquier justificante que permita establecer el v\u00ednculo de causalidad.<\/p>\n<\/div><\/div><\/section>","protected":false},"excerpt":{"rendered":"","protected":false},"author":2,"featured_media":0,"parent":0,"menu_order":0,"comment_status":"closed","ping_status":"closed","template":"","meta":{"_acf_changed":false,"footnotes":""},"class_list":["post-8071","page","type-page","status-publish","hentry"],"acf":[],"yoast_head":"<!-- This site is optimized with the Yoast SEO plugin v26.5 - https:\/\/yoast.com\/wordpress\/plugins\/seo\/ -->\n<title>Seguro Serenidad Neat - Camping r\u00e9sidentiel la Pinede<\/title>\n<meta name=\"robots\" content=\"index, follow, max-snippet:-1, max-image-preview:large, max-video-preview:-1\" \/>\n<link rel=\"canonical\" href=\"https:\/\/www.residence-lapinede.com\/es\/seguro-serenidad-neat\/\" \/>\n<meta property=\"og:locale\" content=\"es_ES\" \/>\n<meta property=\"og:type\" content=\"article\" \/>\n<meta property=\"og:title\" content=\"Seguro Serenidad Neat - Camping r\u00e9sidentiel la Pinede\" \/>\n<meta property=\"og:url\" content=\"https:\/\/www.residence-lapinede.com\/es\/seguro-serenidad-neat\/\" \/>\n<meta property=\"og:site_name\" content=\"Camping r\u00e9sidentiel la Pinede\" \/>\n<meta property=\"article:modified_time\" content=\"2024-09-18T08:58:45+00:00\" \/>\n<meta name=\"twitter:card\" content=\"summary_large_image\" \/>\n<script type=\"application\/ld+json\" class=\"yoast-schema-graph\">{\"@context\":\"https:\/\/schema.org\",\"@graph\":[{\"@type\":\"WebPage\",\"@id\":\"https:\/\/www.residence-lapinede.com\/es\/seguro-serenidad-neat\/\",\"url\":\"https:\/\/www.residence-lapinede.com\/es\/seguro-serenidad-neat\/\",\"name\":\"Seguro Serenidad Neat - Camping r\u00e9sidentiel la Pinede\",\"isPartOf\":{\"@id\":\"https:\/\/www.residence-lapinede.com\/es\/#website\"},\"datePublished\":\"2024-09-18T08:58:42+00:00\",\"dateModified\":\"2024-09-18T08:58:45+00:00\",\"breadcrumb\":{\"@id\":\"https:\/\/www.residence-lapinede.com\/es\/seguro-serenidad-neat\/#breadcrumb\"},\"inLanguage\":\"es\",\"potentialAction\":[{\"@type\":\"ReadAction\",\"target\":[\"https:\/\/www.residence-lapinede.com\/es\/seguro-serenidad-neat\/\"]}]},{\"@type\":\"BreadcrumbList\",\"@id\":\"https:\/\/www.residence-lapinede.com\/es\/seguro-serenidad-neat\/#breadcrumb\",\"itemListElement\":[{\"@type\":\"ListItem\",\"position\":1,\"name\":\"Camping H\u00e9rault\",\"item\":\"https:\/\/www.residence-lapinede.com\/es\/\"},{\"@type\":\"ListItem\",\"position\":2,\"name\":\"Seguro Serenidad Neat\"}]},{\"@type\":\"WebSite\",\"@id\":\"https:\/\/www.residence-lapinede.com\/es\/#website\",\"url\":\"https:\/\/www.residence-lapinede.com\/es\/\",\"name\":\"Camping r\u00e9sidentiel la Pinede\",\"description\":\"Calme Luxe Nature\",\"publisher\":{\"@id\":\"https:\/\/www.residence-lapinede.com\/es\/#organization\"},\"potentialAction\":[{\"@type\":\"SearchAction\",\"target\":{\"@type\":\"EntryPoint\",\"urlTemplate\":\"https:\/\/www.residence-lapinede.com\/es\/?s={search_term_string}\"},\"query-input\":{\"@type\":\"PropertyValueSpecification\",\"valueRequired\":true,\"valueName\":\"search_term_string\"}}],\"inLanguage\":\"es\"},{\"@type\":\"Organization\",\"@id\":\"https:\/\/www.residence-lapinede.com\/es\/#organization\",\"name\":\"R\u00e9sidence La Pin\u00e8de\",\"url\":\"https:\/\/www.residence-lapinede.com\/es\/\",\"logo\":{\"@type\":\"ImageObject\",\"inLanguage\":\"es\",\"@id\":\"https:\/\/www.residence-lapinede.com\/es\/#\/schema\/logo\/image\/\",\"url\":\"https:\/\/www.residence-lapinede.com\/wp-content\/uploads\/2021\/05\/camping-pinede-logo.png\",\"contentUrl\":\"https:\/\/www.residence-lapinede.com\/wp-content\/uploads\/2021\/05\/camping-pinede-logo.png\",\"width\":2000,\"height\":875,\"caption\":\"R\u00e9sidence La Pin\u00e8de\"},\"image\":{\"@id\":\"https:\/\/www.residence-lapinede.com\/es\/#\/schema\/logo\/image\/\"}}]}<\/script>\n<!-- \/ Yoast SEO plugin. -->","yoast_head_json":{"title":"Seguro Serenidad Neat - Camping r\u00e9sidentiel la Pinede","robots":{"index":"index","follow":"follow","max-snippet":"max-snippet:-1","max-image-preview":"max-image-preview:large","max-video-preview":"max-video-preview:-1"},"canonical":"https:\/\/www.residence-lapinede.com\/es\/seguro-serenidad-neat\/","og_locale":"es_ES","og_type":"article","og_title":"Seguro Serenidad Neat - Camping r\u00e9sidentiel la Pinede","og_url":"https:\/\/www.residence-lapinede.com\/es\/seguro-serenidad-neat\/","og_site_name":"Camping r\u00e9sidentiel la Pinede","article_modified_time":"2024-09-18T08:58:45+00:00","twitter_card":"summary_large_image","schema":{"@context":"https:\/\/schema.org","@graph":[{"@type":"WebPage","@id":"https:\/\/www.residence-lapinede.com\/es\/seguro-serenidad-neat\/","url":"https:\/\/www.residence-lapinede.com\/es\/seguro-serenidad-neat\/","name":"Seguro Serenidad Neat - Camping r\u00e9sidentiel la Pinede","isPartOf":{"@id":"https:\/\/www.residence-lapinede.com\/es\/#website"},"datePublished":"2024-09-18T08:58:42+00:00","dateModified":"2024-09-18T08:58:45+00:00","breadcrumb":{"@id":"https:\/\/www.residence-lapinede.com\/es\/seguro-serenidad-neat\/#breadcrumb"},"inLanguage":"es","potentialAction":[{"@type":"ReadAction","target":["https:\/\/www.residence-lapinede.com\/es\/seguro-serenidad-neat\/"]}]},{"@type":"BreadcrumbList","@id":"https:\/\/www.residence-lapinede.com\/es\/seguro-serenidad-neat\/#breadcrumb","itemListElement":[{"@type":"ListItem","position":1,"name":"Camping H\u00e9rault","item":"https:\/\/www.residence-lapinede.com\/es\/"},{"@type":"ListItem","position":2,"name":"Seguro Serenidad Neat"}]},{"@type":"WebSite","@id":"https:\/\/www.residence-lapinede.com\/es\/#website","url":"https:\/\/www.residence-lapinede.com\/es\/","name":"Camping r\u00e9sidentiel la Pinede","description":"Calme Luxe Nature","publisher":{"@id":"https:\/\/www.residence-lapinede.com\/es\/#organization"},"potentialAction":[{"@type":"SearchAction","target":{"@type":"EntryPoint","urlTemplate":"https:\/\/www.residence-lapinede.com\/es\/?s={search_term_string}"},"query-input":{"@type":"PropertyValueSpecification","valueRequired":true,"valueName":"search_term_string"}}],"inLanguage":"es"},{"@type":"Organization","@id":"https:\/\/www.residence-lapinede.com\/es\/#organization","name":"R\u00e9sidence La Pin\u00e8de","url":"https:\/\/www.residence-lapinede.com\/es\/","logo":{"@type":"ImageObject","inLanguage":"es","@id":"https:\/\/www.residence-lapinede.com\/es\/#\/schema\/logo\/image\/","url":"https:\/\/www.residence-lapinede.com\/wp-content\/uploads\/2021\/05\/camping-pinede-logo.png","contentUrl":"https:\/\/www.residence-lapinede.com\/wp-content\/uploads\/2021\/05\/camping-pinede-logo.png","width":2000,"height":875,"caption":"R\u00e9sidence La Pin\u00e8de"},"image":{"@id":"https:\/\/www.residence-lapinede.com\/es\/#\/schema\/logo\/image\/"}}]}},"_links":{"self":[{"href":"https:\/\/www.residence-lapinede.com\/es\/wp-json\/wp\/v2\/pages\/8071","targetHints":{"allow":["GET"]}}],"collection":[{"href":"https:\/\/www.residence-lapinede.com\/es\/wp-json\/wp\/v2\/pages"}],"about":[{"href":"https:\/\/www.residence-lapinede.com\/es\/wp-json\/wp\/v2\/types\/page"}],"author":[{"embeddable":true,"href":"https:\/\/www.residence-lapinede.com\/es\/wp-json\/wp\/v2\/users\/2"}],"replies":[{"embeddable":true,"href":"https:\/\/www.residence-lapinede.com\/es\/wp-json\/wp\/v2\/comments?post=8071"}],"version-history":[{"count":1,"href":"https:\/\/www.residence-lapinede.com\/es\/wp-json\/wp\/v2\/pages\/8071\/revisions"}],"predecessor-version":[{"id":8076,"href":"https:\/\/www.residence-lapinede.com\/es\/wp-json\/wp\/v2\/pages\/8071\/revisions\/8076"}],"wp:attachment":[{"href":"https:\/\/www.residence-lapinede.com\/es\/wp-json\/wp\/v2\/media?parent=8071"}],"curies":[{"name":"wp","href":"https:\/\/api.w.org\/{rel}","templated":true}]}}