{"id":6216,"date":"2021-07-31T09:03:49","date_gmt":"2021-07-31T07:03:49","guid":{"rendered":"https:\/\/www.residence-lapinede.com\/kitesurf-herault\/"},"modified":"2023-04-26T14:47:11","modified_gmt":"2023-04-26T12:47:11","slug":"kitesurf-herault","status":"publish","type":"page","link":"https:\/\/www.residence-lapinede.com\/es\/kitesurf-herault\/","title":{"rendered":"Kitesurf dans l&#8217;H\u00e9rault"},"content":{"rendered":"<section id=\"section-61050dbde6a8f\"class=\"section bg-white\" \/><div class=\"container\"><h1 class=\"element section-title justify\">Kitesurf en H\u00e9rault<\/h1><div class=\"element bloc-text justify \">\n\t<p>\u00bfSue\u00f1a con descubrir los placeres del kitesurf o quiere descubrir los spots de kitesurf del H\u00e9rault? Nuestra hermosa regi\u00f3n est\u00e1 hecha para usted con sus numerosos spots de kitesurf a lo largo de toda la costa mediterr\u00e1nea.<\/p>\n<p>Los spots m\u00e1s cercanos al camping:<\/p>\n<ul>\n<li>Etang de thau &#8211; Pont Levis en S\u00e8te (30km), el spot Maldormir lamentablemente est\u00e1 cerrado por el momento<\/li>\n<li>Mar Mediterr\u00e1neo &#8211; Playa del Lido entre S\u00e8te y Marseillan Plage o spot des 3 digues en S\u00e8te (25km)<\/li>\n<li>Mar Mediterr\u00e1neo &#8211; Playa de Richelieu (17 km) (s\u00f3lo fuera de temporada)<\/li>\n<li>Mar Mediterr\u00e1neo &#8211; Playa de St Vincent en Grau d&#8217;Agde (22km)<\/li>\n<li>Mar Mediterr\u00e1neo &#8211; Playa de la Tamarissi\u00e8re (21 km) (s\u00f3lo fuera de temporada)<\/li>\n<li>Lago de Salagou (34km) cerca del restaurante Salagou<\/li>\n<li>Mar Mediterr\u00e1neo &#8211; Playa del Oeste en Portiragnes (30km)<\/li>\n<\/ul>\n<p style=\"text-align: center;\"><a href=\"https:\/\/www.herault-tourisme.com\/fr\/activites\/autour-de-leau\/kitesurf\/\" target=\"_blank\" rel=\"noopener\"><strong class=\"bold color3\">Gu\u00eda de spots de kitesurf ed.2016<br \/>\n<\/strong><\/a><a href=\"https:\/\/mobile.thaukite.com\/mobile\/\" target=\"_blank\" rel=\"noopener\">Gu\u00eda tur\u00edstica de H\u00e9rault<br \/>\n<\/a><a href=\"https:\/\/www.windguru.cz\/837753\" target=\"_blank\" rel=\"noopener\">Baliza meteorol\u00f3gica m\u00f3vil<br \/>\nPrevisi\u00f3n Windguru<br \/>\n<\/a><\/p>\n<\/div><div class=\"element images\"><div class=\"image\"><img decoding=\"async\" src=\"https:\/\/www.residence-lapinede.com\/wp-content\/uploads\/2021\/07\/kitesurf2-100x67.jpg\" data-src=\"https:\/\/www.residence-lapinede.com\/wp-content\/uploads\/2021\/07\/kitesurf2.jpg\" alt=\"\" class=\"images_image\" \/><\/div><div class=\"image\"><img decoding=\"async\" src=\"https:\/\/www.residence-lapinede.com\/wp-content\/uploads\/2021\/07\/kitesurf-salagou-100x67.jpg\" data-src=\"https:\/\/www.residence-lapinede.com\/wp-content\/uploads\/2021\/07\/kitesurf-salagou.jpg\" alt=\"\" class=\"images_image\" \/><\/div><\/div><div class=\"element images\"><div class=\"image\"><img decoding=\"async\" src=\"https:\/\/www.residence-lapinede.com\/wp-content\/uploads\/2021\/07\/kitesurf1-100x67.jpg\" data-src=\"https:\/\/www.residence-lapinede.com\/wp-content\/uploads\/2021\/07\/kitesurf1.jpg\" alt=\"\" class=\"images_image\" \/><\/div><div class=\"image\"><img decoding=\"async\" src=\"https:\/\/www.residence-lapinede.com\/wp-content\/uploads\/2021\/07\/kitesurf-gruissan-100x67.jpg\" data-src=\"https:\/\/www.residence-lapinede.com\/wp-content\/uploads\/2021\/07\/kitesurf-gruissan.jpg\" alt=\"\" class=\"images_image\" \/><\/div><\/div><div class=\"element images\"><div class=\"image\"><img decoding=\"async\" src=\"https:\/\/www.residence-lapinede.com\/wp-content\/uploads\/2021\/07\/kitesurf3-100x35.jpg\" data-src=\"https:\/\/www.residence-lapinede.com\/wp-content\/uploads\/2021\/07\/kitesurf3.jpg\" alt=\"\" class=\"images_image\" \/><\/div><\/div><\/div><\/section>\n\n<section id=\"section-611277d1bad5b\"class=\"section bg-white\" \/><div class=\"container full\"><div class=\"carte\" data-src=\"https:\/\/www.google.com\/maps\/d\/u\/0\/embed?mid=1reTxdaGGIYlk5F5DGhfK6DmOoeeFCZ2r\"><\/div><\/div><\/section>\n\n<section id=\"section-61123e2ace468\"class=\"section modele bg-color3\" \/><div class=\"container extralarge\"><div class=\"colonnes-wrap valign-middle \"><div class=\"element colonne w-40\"><div class=\"element images\"><div class=\"image\"><img decoding=\"async\" src=\"https:\/\/www.residence-lapinede.com\/wp-content\/uploads\/2021\/08\/mobilhome40-rs-100x66.jpg\" data-src=\"https:\/\/www.residence-lapinede.com\/wp-content\/uploads\/2021\/08\/mobilhome40-rs.jpg\" alt=\"location mobil home camping kitesurf\" class=\"images_image\" \/><\/div><\/div><\/div><div class=\"element colonne w-60\"><h2 class=\"element section-title left modeleTitle white\">Alquiler en un camping cerca de Etang de Thau<\/h2><div class=\"element bloc-text justify \">\n\t<p>\u00bfQuiere practicar kitesurf en el Etang de Thau en Maldormir o en el Pont Levis en S\u00e8te y busca alojamiento? Entonces p\u00e1sese por el camping La Pin\u00e8de, situado a 17 km del spot Maldormir en Marseillan y a 30 km del spot Pont Levis en S\u00e8te. En un entorno verde, disfrute de unas vacaciones tranquilas en una casa m\u00f3vil de 1 a 3 habitaciones de 20 a 40 m\u00b2 con cocina totalmente equipada y terraza.<\/p>\n<p>En nuestro camping con piscina cerca del Etang de Thau y de S\u00e8te, descubra veladas tem\u00e1ticas en el restaurante del dominio, un espacio acu\u00e1tico de alta gama.<\/p>\n<p>Nuestro camping en H\u00e9rault le permitir\u00e1 pasar unas vacaciones deportivas cerca de los spots de kitesurf del H\u00e9rault.<\/p>\n<p>Para m\u00e1s informaci\u00f3n sobre los spots de kitesurf del H\u00e9rault, p\u00f3ngase en contacto con Benjamin en la recepci\u00f3n.<\/p>\n<\/div><\/div><\/div><\/div><\/section>\n\n<section id=\"section-6107f9550c9d8\"class=\"section bg-white\" \/><div class=\"container\"><div class=\"element section-title center titre-cta\">Otras actividades que puede realizar en H\u00e9rault<\/div><ul class=\"liste-de-page\"><li class=\"element call-to-action carre call-to-action--style-1 call-to-action--big\"><a href=\"https:\/\/www.residence-lapinede.com\/es\/trottinette-electrique-terralada\/\"  class=\"call-to-action_link\" title=\"M\u00e1s informaci\u00f3n scooter el\u00e9ctrico terralada\"><div class=\"call-to-action_image\"><img decoding=\"async\" src=\"https:\/\/www.residence-lapinede.com\/wp-content\/uploads\/2021\/07\/terralada-100x66.jpg\" data-src=\"https:\/\/www.residence-lapinede.com\/wp-content\/uploads\/2021\/07\/terralada-scaled.jpg\" alt=\"\" class=\"big\" \/><\/div><div class=\"call-to-action_contenu\"><div class=\"call-to-action_titre\">Scooter el\u00e9ctrico Terralada<\/div><\/div><\/a><\/li><li class=\"element call-to-action carre call-to-action--style-1 call-to-action--big call-to-action--style-1 call-to-action--big\"><a href=\"https:\/\/www.residence-lapinede.com\/es\/vtt-dans-lherault\/\"  class=\"call-to-action_link\" title=\"M\u00e1s informaci\u00f3n bicicleta de monta\u00f1a en h\u00e9rault\"><div class=\"call-to-action_image\"><img decoding=\"async\" src=\"https:\/\/www.residence-lapinede.com\/wp-content\/uploads\/2021\/07\/vtt-herault-100x67.jpg\" data-src=\"https:\/\/www.residence-lapinede.com\/wp-content\/uploads\/2021\/07\/vtt-herault.jpg\" alt=\"\" class=\"big\" \/><\/div><div class=\"call-to-action_contenu\"><div class=\"call-to-action_titre\">Bicicleta de monta\u00f1a en H\u00e9rault<\/div><\/div><\/a><\/li><li class=\"element call-to-action carre call-to-action--style-1 call-to-action--big call-to-action--style-1 call-to-action--big call-to-action--style-1 call-to-action--big\"><a href=\"https:\/\/www.residence-lapinede.com\/es\/wakeboard-herault\/\"  class=\"call-to-action_link\" title=\"M\u00e1s informaci\u00f3n wakeboard en el h\u00e9rault\"><div class=\"call-to-action_image\"><img decoding=\"async\" src=\"https:\/\/www.residence-lapinede.com\/wp-content\/uploads\/2021\/07\/kithau-wakeboard-100x56.jpg\" data-src=\"https:\/\/www.residence-lapinede.com\/wp-content\/uploads\/2021\/07\/kithau-wakeboard.jpg\" alt=\"\" class=\"big\" \/><\/div><div class=\"call-to-action_contenu\"><div class=\"call-to-action_titre\">Wakeboard en el H\u00e9rault<\/div><\/div><\/a><\/li><\/ul><\/div><\/section>","protected":false},"excerpt":{"rendered":"","protected":false},"author":2,"featured_media":4925,"parent":0,"menu_order":0,"comment_status":"closed","ping_status":"closed","template":"","meta":{"_acf_changed":false,"footnotes":""},"class_list":["post-6216","page","type-page","status-publish","has-post-thumbnail","hentry"],"acf":[],"yoast_head":"<!-- This site is optimized with the Yoast SEO plugin v26.5 - https:\/\/yoast.com\/wordpress\/plugins\/seo\/ -->\n<title>Kitesurf dans l&#039;H\u00e9rault - ubicaci\u00f3n mobil homes camping<\/title>\n<meta name=\"description\" content=\"Camping cerca de kitesurf spot en Herault en Marseillan y Etang de Thau, kitesurf spot Maldormir o kitesurf spot Pont Levis en S\u00e8te\" \/>\n<meta name=\"robots\" content=\"index, follow, max-snippet:-1, max-image-preview:large, max-video-preview:-1\" \/>\n<link rel=\"canonical\" href=\"https:\/\/www.residence-lapinede.com\/es\/kitesurf-herault\/\" \/>\n<meta property=\"og:locale\" content=\"es_ES\" \/>\n<meta property=\"og:type\" content=\"article\" \/>\n<meta property=\"og:title\" content=\"Kitesurf dans l&#039;H\u00e9rault - ubicaci\u00f3n mobil homes camping\" \/>\n<meta property=\"og:description\" content=\"Camping cerca de kitesurf spot en Herault en Marseillan y Etang de Thau, kitesurf spot Maldormir o kitesurf spot Pont Levis en S\u00e8te\" \/>\n<meta property=\"og:url\" content=\"https:\/\/www.residence-lapinede.com\/es\/kitesurf-herault\/\" \/>\n<meta property=\"og:site_name\" content=\"Camping r\u00e9sidentiel la Pinede\" \/>\n<meta property=\"article:modified_time\" content=\"2023-04-26T12:47:11+00:00\" \/>\n<meta property=\"og:image\" content=\"https:\/\/www.residence-lapinede.com\/wp-content\/uploads\/2021\/07\/kitesurf-etang-de-thau.jpg\" \/>\n\t<meta property=\"og:image:width\" content=\"1000\" \/>\n\t<meta property=\"og:image:height\" content=\"667\" \/>\n\t<meta property=\"og:image:type\" content=\"image\/jpeg\" \/>\n<meta name=\"twitter:card\" content=\"summary_large_image\" \/>\n<script type=\"application\/ld+json\" class=\"yoast-schema-graph\">{\"@context\":\"https:\/\/schema.org\",\"@graph\":[{\"@type\":\"WebPage\",\"@id\":\"https:\/\/www.residence-lapinede.com\/es\/kitesurf-herault\/\",\"url\":\"https:\/\/www.residence-lapinede.com\/es\/kitesurf-herault\/\",\"name\":\"Kitesurf dans l'H\u00e9rault - ubicaci\u00f3n mobil homes camping\",\"isPartOf\":{\"@id\":\"https:\/\/www.residence-lapinede.com\/es\/#website\"},\"primaryImageOfPage\":{\"@id\":\"https:\/\/www.residence-lapinede.com\/es\/kitesurf-herault\/#primaryimage\"},\"image\":{\"@id\":\"https:\/\/www.residence-lapinede.com\/es\/kitesurf-herault\/#primaryimage\"},\"thumbnailUrl\":\"https:\/\/www.residence-lapinede.com\/wp-content\/uploads\/2021\/07\/kitesurf-etang-de-thau.jpg\",\"datePublished\":\"2021-07-31T07:03:49+00:00\",\"dateModified\":\"2023-04-26T12:47:11+00:00\",\"description\":\"Camping cerca de kitesurf spot en Herault en Marseillan y Etang de Thau, kitesurf spot Maldormir o kitesurf spot Pont Levis en S\u00e8te\",\"breadcrumb\":{\"@id\":\"https:\/\/www.residence-lapinede.com\/es\/kitesurf-herault\/#breadcrumb\"},\"inLanguage\":\"es\",\"potentialAction\":[{\"@type\":\"ReadAction\",\"target\":[\"https:\/\/www.residence-lapinede.com\/es\/kitesurf-herault\/\"]}]},{\"@type\":\"ImageObject\",\"inLanguage\":\"es\",\"@id\":\"https:\/\/www.residence-lapinede.com\/es\/kitesurf-herault\/#primaryimage\",\"url\":\"https:\/\/www.residence-lapinede.com\/wp-content\/uploads\/2021\/07\/kitesurf-etang-de-thau.jpg\",\"contentUrl\":\"https:\/\/www.residence-lapinede.com\/wp-content\/uploads\/2021\/07\/kitesurf-etang-de-thau.jpg\",\"width\":1000,\"height\":667},{\"@type\":\"BreadcrumbList\",\"@id\":\"https:\/\/www.residence-lapinede.com\/es\/kitesurf-herault\/#breadcrumb\",\"itemListElement\":[{\"@type\":\"ListItem\",\"position\":1,\"name\":\"Camping H\u00e9rault\",\"item\":\"https:\/\/www.residence-lapinede.com\/es\/\"},{\"@type\":\"ListItem\",\"position\":2,\"name\":\"Kitesurf dans l&rsquo;H\u00e9rault\"}]},{\"@type\":\"WebSite\",\"@id\":\"https:\/\/www.residence-lapinede.com\/es\/#website\",\"url\":\"https:\/\/www.residence-lapinede.com\/es\/\",\"name\":\"Camping r\u00e9sidentiel la Pinede\",\"description\":\"Calme Luxe Nature\",\"publisher\":{\"@id\":\"https:\/\/www.residence-lapinede.com\/es\/#organization\"},\"potentialAction\":[{\"@type\":\"SearchAction\",\"target\":{\"@type\":\"EntryPoint\",\"urlTemplate\":\"https:\/\/www.residence-lapinede.com\/es\/?s={search_term_string}\"},\"query-input\":{\"@type\":\"PropertyValueSpecification\",\"valueRequired\":true,\"valueName\":\"search_term_string\"}}],\"inLanguage\":\"es\"},{\"@type\":\"Organization\",\"@id\":\"https:\/\/www.residence-lapinede.com\/es\/#organization\",\"name\":\"R\u00e9sidence La Pin\u00e8de\",\"url\":\"https:\/\/www.residence-lapinede.com\/es\/\",\"logo\":{\"@type\":\"ImageObject\",\"inLanguage\":\"es\",\"@id\":\"https:\/\/www.residence-lapinede.com\/es\/#\/schema\/logo\/image\/\",\"url\":\"https:\/\/www.residence-lapinede.com\/wp-content\/uploads\/2021\/05\/camping-pinede-logo.png\",\"contentUrl\":\"https:\/\/www.residence-lapinede.com\/wp-content\/uploads\/2021\/05\/camping-pinede-logo.png\",\"width\":2000,\"height\":875,\"caption\":\"R\u00e9sidence La Pin\u00e8de\"},\"image\":{\"@id\":\"https:\/\/www.residence-lapinede.com\/es\/#\/schema\/logo\/image\/\"}}]}<\/script>\n<!-- \/ Yoast SEO plugin. -->","yoast_head_json":{"title":"Kitesurf dans l'H\u00e9rault - ubicaci\u00f3n mobil homes camping","description":"Camping cerca de kitesurf spot en Herault en Marseillan y Etang de Thau, kitesurf spot Maldormir o kitesurf spot Pont Levis en S\u00e8te","robots":{"index":"index","follow":"follow","max-snippet":"max-snippet:-1","max-image-preview":"max-image-preview:large","max-video-preview":"max-video-preview:-1"},"canonical":"https:\/\/www.residence-lapinede.com\/es\/kitesurf-herault\/","og_locale":"es_ES","og_type":"article","og_title":"Kitesurf dans l'H\u00e9rault - ubicaci\u00f3n mobil homes camping","og_description":"Camping cerca de kitesurf spot en Herault en Marseillan y Etang de Thau, kitesurf spot Maldormir o kitesurf spot Pont Levis en S\u00e8te","og_url":"https:\/\/www.residence-lapinede.com\/es\/kitesurf-herault\/","og_site_name":"Camping r\u00e9sidentiel la Pinede","article_modified_time":"2023-04-26T12:47:11+00:00","og_image":[{"width":1000,"height":667,"url":"https:\/\/www.residence-lapinede.com\/wp-content\/uploads\/2021\/07\/kitesurf-etang-de-thau.jpg","type":"image\/jpeg"}],"twitter_card":"summary_large_image","schema":{"@context":"https:\/\/schema.org","@graph":[{"@type":"WebPage","@id":"https:\/\/www.residence-lapinede.com\/es\/kitesurf-herault\/","url":"https:\/\/www.residence-lapinede.com\/es\/kitesurf-herault\/","name":"Kitesurf dans l'H\u00e9rault - ubicaci\u00f3n mobil homes camping","isPartOf":{"@id":"https:\/\/www.residence-lapinede.com\/es\/#website"},"primaryImageOfPage":{"@id":"https:\/\/www.residence-lapinede.com\/es\/kitesurf-herault\/#primaryimage"},"image":{"@id":"https:\/\/www.residence-lapinede.com\/es\/kitesurf-herault\/#primaryimage"},"thumbnailUrl":"https:\/\/www.residence-lapinede.com\/wp-content\/uploads\/2021\/07\/kitesurf-etang-de-thau.jpg","datePublished":"2021-07-31T07:03:49+00:00","dateModified":"2023-04-26T12:47:11+00:00","description":"Camping cerca de kitesurf spot en Herault en Marseillan y Etang de Thau, kitesurf spot Maldormir o kitesurf spot Pont Levis en S\u00e8te","breadcrumb":{"@id":"https:\/\/www.residence-lapinede.com\/es\/kitesurf-herault\/#breadcrumb"},"inLanguage":"es","potentialAction":[{"@type":"ReadAction","target":["https:\/\/www.residence-lapinede.com\/es\/kitesurf-herault\/"]}]},{"@type":"ImageObject","inLanguage":"es","@id":"https:\/\/www.residence-lapinede.com\/es\/kitesurf-herault\/#primaryimage","url":"https:\/\/www.residence-lapinede.com\/wp-content\/uploads\/2021\/07\/kitesurf-etang-de-thau.jpg","contentUrl":"https:\/\/www.residence-lapinede.com\/wp-content\/uploads\/2021\/07\/kitesurf-etang-de-thau.jpg","width":1000,"height":667},{"@type":"BreadcrumbList","@id":"https:\/\/www.residence-lapinede.com\/es\/kitesurf-herault\/#breadcrumb","itemListElement":[{"@type":"ListItem","position":1,"name":"Camping H\u00e9rault","item":"https:\/\/www.residence-lapinede.com\/es\/"},{"@type":"ListItem","position":2,"name":"Kitesurf dans l&rsquo;H\u00e9rault"}]},{"@type":"WebSite","@id":"https:\/\/www.residence-lapinede.com\/es\/#website","url":"https:\/\/www.residence-lapinede.com\/es\/","name":"Camping r\u00e9sidentiel la Pinede","description":"Calme Luxe Nature","publisher":{"@id":"https:\/\/www.residence-lapinede.com\/es\/#organization"},"potentialAction":[{"@type":"SearchAction","target":{"@type":"EntryPoint","urlTemplate":"https:\/\/www.residence-lapinede.com\/es\/?s={search_term_string}"},"query-input":{"@type":"PropertyValueSpecification","valueRequired":true,"valueName":"search_term_string"}}],"inLanguage":"es"},{"@type":"Organization","@id":"https:\/\/www.residence-lapinede.com\/es\/#organization","name":"R\u00e9sidence La Pin\u00e8de","url":"https:\/\/www.residence-lapinede.com\/es\/","logo":{"@type":"ImageObject","inLanguage":"es","@id":"https:\/\/www.residence-lapinede.com\/es\/#\/schema\/logo\/image\/","url":"https:\/\/www.residence-lapinede.com\/wp-content\/uploads\/2021\/05\/camping-pinede-logo.png","contentUrl":"https:\/\/www.residence-lapinede.com\/wp-content\/uploads\/2021\/05\/camping-pinede-logo.png","width":2000,"height":875,"caption":"R\u00e9sidence La Pin\u00e8de"},"image":{"@id":"https:\/\/www.residence-lapinede.com\/es\/#\/schema\/logo\/image\/"}}]}},"_links":{"self":[{"href":"https:\/\/www.residence-lapinede.com\/es\/wp-json\/wp\/v2\/pages\/6216","targetHints":{"allow":["GET"]}}],"collection":[{"href":"https:\/\/www.residence-lapinede.com\/es\/wp-json\/wp\/v2\/pages"}],"about":[{"href":"https:\/\/www.residence-lapinede.com\/es\/wp-json\/wp\/v2\/types\/page"}],"author":[{"embeddable":true,"href":"https:\/\/www.residence-lapinede.com\/es\/wp-json\/wp\/v2\/users\/2"}],"replies":[{"embeddable":true,"href":"https:\/\/www.residence-lapinede.com\/es\/wp-json\/wp\/v2\/comments?post=6216"}],"version-history":[{"count":3,"href":"https:\/\/www.residence-lapinede.com\/es\/wp-json\/wp\/v2\/pages\/6216\/revisions"}],"predecessor-version":[{"id":6278,"href":"https:\/\/www.residence-lapinede.com\/es\/wp-json\/wp\/v2\/pages\/6216\/revisions\/6278"}],"wp:featuredmedia":[{"embeddable":true,"href":"https:\/\/www.residence-lapinede.com\/es\/wp-json\/wp\/v2\/media\/4925"}],"wp:attachment":[{"href":"https:\/\/www.residence-lapinede.com\/es\/wp-json\/wp\/v2\/media?parent=6216"}],"curies":[{"name":"wp","href":"https:\/\/api.w.org\/{rel}","templated":true}]}}