{"id":6053,"date":"2021-08-12T11:21:30","date_gmt":"2021-08-12T09:21:30","guid":{"rendered":"https:\/\/www.residence-lapinede.com\/oenotourisme-herault\/"},"modified":"2023-03-28T16:07:41","modified_gmt":"2023-03-28T14:07:41","slug":"oenotourisme-herault","status":"publish","type":"page","link":"https:\/\/www.residence-lapinede.com\/es\/oenotourisme-herault\/","title":{"rendered":"Oenotourisme dans l&#8217;H\u00e9rault"},"content":{"rendered":"<section id=\"section-6114efd947116\"class=\"section bg-white\" \/><div class=\"container extralarge\"><h1 class=\"element section-title left\">Enoturismo en el H\u00e9rault<\/h1><h2 class=\"element section-title left\">Los vinos del H\u00e9rault<\/h2><div class=\"element bloc-text justify \">\n\t<p>El H\u00e9rault, anta\u00f1o famoso por su gran capacidad de producci\u00f3n, ha sabido cambiar de rumbo y ocupar su lugar entre los grandes vinos de Francia. Le invitamos a descubrir las numerosas variedades de uva y vinos que los viticultores de nuestra magn\u00edfica regi\u00f3n vin\u00edcola han sabido proponer.<\/p>\n<p>En los alrededores del camping podr\u00e1 visitar las explotaciones vin\u00edcolas del H\u00e9rault y descubrir la variedad de uva Picpoul o descubrir a los vinateros de P\u00e9zenas que podr\u00e1n ofrecerle sus mejores selecciones de vinos de la regi\u00f3n.<\/p>\n<p>Los vi\u00f1edos que rodean el camping:<\/p>\n<ul>\n<li><strong class=\"bold color1\">Domaine de Castelnau<\/strong> &#8211; 32 Av. de P\u00e9zenas, 34120 Castelnau-de-Guers &#8211; 04 67 98 16 19 &#8211; <a href=\"https:\/\/www.domainecastelnau.com\/\" target=\"_blank\" rel=\"noopener\">www.domainecastelnau.com<\/a><\/li>\n<li><strong class=\"bold color1\">Domaine de la Grangette Sainte Rose<\/strong> &#8211; 305 Avenue du Picpoul, 34120 Castelnau-de-Guers &#8211; 06 64 71 42 58 &#8211; <a href=\"https:\/\/www.domainelagrangette.com\/\" target=\"_blank\" rel=\"noopener\">www.domainelagrangette.com<\/a><\/li>\n<li><strong class=\"bold color1\">Domaine Reine Juliette<\/strong> &#8211; Lieu dit Montredon, 34120 Castelnau-de-Guers &#8211; 06 35 25 67 78 &#8211; <a href=\"http:\/\/www.domainereinejuliette.com\/\" target=\"_blank\" rel=\"noopener\">www.domainereinejuliette.com<\/a><\/li>\n<li><strong class=\"bold color1\">Domaine Fon de Rey<\/strong> &#8211; Av. de P\u00e9zenas, 34810 Pom\u00e9rols &#8211; 04 67 77 08 56 &#8211; <a href=\"http:\/\/www.domainefonderey.fr\/\" target=\"_blank\" rel=\"noopener\">www.domainefonderey.fr<\/a><\/li>\n<li><strong class=\"bold color1\">Domaine des Lauriers<\/strong> &#8211; 15 Av. de P\u00e9zenas, 34120 Castelnau-de-Guers &#8211; 04 67 98 18 20 &#8211; <a href=\"https:\/\/www.domaine-des-lauriers.com\/\" target=\"_blank\" rel=\"noopener\">www.domaine-des-lauriers.com<\/a><\/li>\n<li><strong class=\"bold color1\">Domaine Des Laux<\/strong> &#8211; Av. de Marseillan, 34810 Pom\u00e9rols &#8211; 06 14 25 51 79 &#8211; <a href=\"https:\/\/www.domainedeslaux.fr\/\" target=\"_blank\" rel=\"noopener\">www.domainedeslaux.fr<\/a><\/li>\n<\/ul>\n<p>Los comerciantes de vino de P\u00e9zenas :<\/p>\n<ul>\n<li><strong class=\"bold color1\">La Maison du Vin<\/strong> &#8211; 59 Av. de Verdun, 34120 P\u00e9zenas &#8211; 04 67 26 96 76 &#8211; <a href=\"https:\/\/maisonduvin.fr\" target=\"_blank\" rel=\"noopener\">www.maisonduvin.fr<\/a><\/li>\n<li><strong class=\"bold color1\">Les Caves Reinaldos<\/strong> &#8211; 7 Pl. de la R\u00e9publique, 34120 P\u00e9zenas &#8211; 04 67 90 76 34 &#8211; <a href=\"https:\/\/cave-reinaldos.com\" target=\"_blank\" rel=\"noopener\">www.cave-reinaldos.com<\/a><\/li>\n<li><strong class=\"bold color1\">La Cave vins et Spiritueux<\/strong> &#8211; 5 Pl. du 14 Juillet, 34120 P\u00e9zenas &#8211; 06 73 91 15 78 &#8211; <a href=\"https:\/\/lacavevinsetspiritueux.com\/index.php\" target=\"_blank\" rel=\"noopener\">lacavevinsetspiritueux.com<\/a><\/li>\n<li><strong class=\"bold color1\">Le Nez dans le Verre<\/strong> &#8211; ZAC Les Rodettes, 13 Rue Paul Gu\u00e9ry, 34120 P\u00e9zenas &#8211; 04 67 09 75 00 &#8211; <a href=\"https:\/\/www.lenezdansleverre.com\/fr\/\" target=\"_blank\" rel=\"noopener\">www.lenezdansleverre.com<\/a><\/li>\n<\/ul>\n<p>Los bares de vinos de P\u00e9zenas :<\/p>\n<ul>\n<li><strong class=\"bold color1\">Le Vintage<\/strong> &#8211; 20 Cr Jean Jaur\u00e8s, 34120 P\u00e9zenas &#8211; 04 67 31 71 98 &#8211; <a href=\"https:\/\/www.vintagepezenas.com\/\" target=\"_blank\" rel=\"noopener\">www.vintagepezenas.com<\/a><\/li>\n<li><strong class=\"bold color1\">Le Quatre<\/strong> &#8211; 4 Rue Aristide Rouzi\u00e8re, 34120 P\u00e9zenas &#8211; 06 59 09 59 42 &#8211; <a href=\"https:\/\/www.facebook.com\/Le-Quatre-P%C3%A9zenas-188371275024661\/\" target=\"_blank\" rel=\"noopener\">facebook<\/a><\/li>\n<li><strong class=\"bold color1\">Le Sans Vin<\/strong> &#8211; 7 Rue Conti, 34120 P\u00e9zenas &#8211; 06 43 01 41 64 &#8211; <a href=\"https:\/\/www.facebook.com\/lesansvinpezenas\/\" target=\"_blank\" rel=\"noopener\">facebook<\/a><\/li>\n<li><strong class=\"bold color1\">Les Pieds dans le Plat<\/strong> &#8211; 13 Rue Anatole France, 34120 P\u00e9zenas &#8211; 04 67 93 77 15 &#8211; <a href=\"https:\/\/www.facebook.com\/lespiedsdansleplat34\/\" target=\"_blank\" rel=\"noopener\">facebook<\/a><\/li>\n<\/ul>\n<p style=\"text-align: center;\">Voir la <a href=\"\/docs\/carte-oenotouristique-herault.pdf\" target=\"_blank\" rel=\"noopener\">carte oenotouristique<\/a> d&#8217;<a href=\"https:\/\/www.herault-tourisme.com\/\" target=\"_blank\" rel=\"noopener\">H\u00e9rault Tourisme<\/a><\/p>\n<\/div><\/div><\/section>\n\n<section id=\"section-61163f3224077\"data-bg-opacite=\"1\"data-background=\"https:\/\/www.residence-lapinede.com\/wp-content\/uploads\/2021\/08\/vins-herault-2.jpg\"data-speed=\"0.8\"class=\"section modele imageFullDegradeNoir bg-white section--has-bg-img section_bg-parallax\" \/><div class=\"container full\"><\/div><\/section>\n\n<section id=\"section-61163f3223e01\"class=\"section bg-white\" \/><div class=\"container extralarge\"><h2 class=\"element section-title left\">Restaurantes en H\u00e9rault<\/h2><div class=\"element bloc-text justify \">\n\t<p>La cocina mediterr\u00e1nea es una de las m\u00e1s sanas del mundo y es apreciada por muchos gourmets. Hemos elaborado una lista de los restaurantes que conocemos donde se encuentra esta calidad. No sigue ning\u00fan orden en particular, no es exhaustiva y se completar\u00e1 con el tiempo.<\/p>\n<ul>\n<li><strong class=\"bold color1\">Les Palmiers<\/strong> &#8211; ouvert du printemps \u00e0 l&#8217;automne &#8211; 10 Bis Rue Merci\u00e8re, 34120 P\u00e9zenas &#8211; 04 67 09 42 56 &#8211; <a href=\"http:\/\/lespalmiers.restaurant\/\">lespalmiers.restaurant<\/a><\/li>\n<li><strong class=\"bold color1\">Chez Paul<\/strong> &#8211; 9 Rue Albert Paul Alli\u00e9s, 34120 P\u00e9zenas &#8211; 04 67 26 61 99 &#8211; <a href=\"https:\/\/www.facebook.com\/chezpaulpezenas\/\" target=\"_blank\" rel=\"noopener\">facebook<\/a><\/li>\n<li><strong class=\"bold color1\">La Pacheline<\/strong> &#8211; 28 Quai Antonin Gros, 34340 Marseillan &#8211; 04 67 09 40 17 &#8211; <a href=\"https:\/\/www.facebook.com\/La-Pacheline-233139886706826\/\" target=\"_blank\" rel=\"noopener\">facebook<\/a><\/li>\n<li><strong class=\"bold color1\">Les Marronniers<\/strong> &#8211; 6 Av. de Verdun, 34120 P\u00e9zenas &#8211; 04 67 90 13 80- <a href=\"https:\/\/www.facebook.com\/lesmarronnierspezenas\" target=\"_blank\" rel=\"noopener\">facebook<\/a><\/li>\n<li><strong class=\"bold color1\">Le Beach<\/strong> &#8211; Camping Beauregard Plage, 250 Chem. de l&#8217;Airette, 34340 Marseillan &#8211; <a href=\"https:\/\/m.facebook.com\/lebeachrestaurant\" target=\"_blank\" rel=\"noopener\">facebook<\/a><\/li>\n<li><strong class=\"bold color1\">La Cambuse du Saunier<\/strong> &#8211; Route de l&#8217;Ayrolle, 11340 Gruissan &#8211; 04 84 25 13 24 &#8211; <a href=\"https:\/\/www.lesalindegruissan.fr\/\" target=\"_blank\" rel=\"noopener\">www.lesalindegruissan.fr<\/a><\/li>\n<li><strong class=\"bold color1\">Les Valseuses<\/strong> &#8211; 7 Pl. de la R\u00e9publique, 34720 Caux &#8211; 04 67 93 39 35 &#8211; <a href=\"https:\/\/www.facebook.com\/Les-valseuses-2515782651789476\/\" target=\"_blank\" rel=\"noopener\">facebook<\/a><\/li>\n<li><strong class=\"bold color1\">La Taverne du Port<\/strong> &#8211; 4 Rue Edouard Adam, 34340 Marseillan &#8211; 04 67 01 78 78 &#8211; <a href=\"https:\/\/www.lataverneduport.com\/\" target=\"_blank\" rel=\"noopener\">www.lataverneduport.com<\/a><\/li>\n<li><strong class=\"bold color1\">Le D\u00e9licatessen<\/strong> &#8211; 4 Pl. G\u00e9n Guillaut, 34340 Marseillan &#8211; 04 67 77 38 93 &#8211; <a href=\"https:\/\/www.facebook.com\/profile.php?id=100063522610363&amp;ref=aymt_homepage_panel\" target=\"_blank\" rel=\"noopener\">facebook<\/a><\/li>\n<li><strong class=\"bold color1\">L&#8217;Escampette<\/strong> &#8211; 12 Pl. Lieutenant Paul Gauffre, 34320 Neffi\u00e8s &#8211; 04 67 24 83 99 &#8211; <a href=\"https:\/\/www.facebook.com\/Bistrot-Lescampette-185231721528485\/\" target=\"_blank\" rel=\"noopener\">facebook<\/a><\/li>\n<li><strong class=\"bold color1\">\u00c4ponem L&#8217;Auberge du Presbytere<\/strong> &#8211; 1 Rue de l&#8217;Eglise, 34320 Vailhan &#8211; 04 67 24 76 49 &#8211; <a href=\"https:\/\/www.aponem-aubergedupresbytere.fr\/\" target=\"_blank\" rel=\"noopener\">www.aponem-aubergedupresbytere.fr<\/a><\/li>\n<li><strong class=\"bold color1\">Le Picamandil<\/strong> &#8211; 39 Av. de B\u00e9ziers, 34480 Puissalicon &#8211; 06 27 29 17 88 &#8211; <a href=\"http:\/\/www.picamandil.fr\/\" target=\"_blank\" rel=\"noopener\">www.picamandil.fr<\/a><\/li>\n<li><strong class=\"bold color1\">Le Mas Soula<\/strong> &#8211; Le Mourre Blanc, 34140 M\u00e8ze &#8211; 06 80 10 03 93 &#8211; <a href=\"https:\/\/www.facebook.com\/LeMasSoula\/\">facebook<\/a><\/li>\n<li><strong class=\"bold color1\">Tarbouriech Le St Barth<\/strong> &#8211; Lieu dit Montpenedre, 34340 Marseillan &#8211; 04 99 43 97 58 &#8211; <a href=\"https:\/\/www.lestbarth.com\/\" target=\"_blank\" rel=\"noopener\">www.lestbarth.com<\/a><\/li>\n<li><strong class=\"bold color1\">Le Mas de Joep<\/strong> &#8211; Zone conchylicole Loupian Est, 34140 Bouzigues &#8211; 06 61 58 40 73 &#8211; <a href=\"https:\/\/www.facebook.com\/Le-Mas-du-Joep-151488785391131\/\" target=\"_blank\" rel=\"noopener\">facebook<\/a><\/li>\n<li><strong class=\"bold color1\">La M\u00e9canique des Fr\u00e8res Bonano<\/strong> &#8211; Lieu-dit La M\u00e9canique Sainte-Colombe, 34390 Colombi\u00e8res-sur-Orb &#8211; 04 67 97 30 52 &#8211; <a href=\"https:\/\/www.lamecaniquedesfreresbonano.fr\/\" target=\"_blank\" rel=\"noopener\">www.lamecaniquedesfreresbonano.fr<\/a><\/li>\n<li><strong class=\"bold color1\">Le Petit Mas<\/strong> &#8211; Lieu dit la croix neuve, 34140 Loupian &#8211; 06 98 72 78 53 &#8211; <a href=\"http:\/\/www.massonfilles.com\/\" target=\"_blank\" rel=\"noopener\">www.massonfilles.com<\/a><\/li>\n<li><strong class=\"bold color1\">O\u00f9 es tu Ginger?<\/strong> &#8211; 28 Rue Calqui\u00e8res Basses, 34120 P\u00e9zenas &#8211; 06 74 93 96 39 &#8211; <a href=\"https:\/\/www.facebook.com\/O%C3%B9-Es-Tu-Ginger-1594922430723888\/\" target=\"_blank\" rel=\"noopener\">facebook<\/a><\/li>\n<\/ul>\n<\/div><\/div><\/section>\n\n<section id=\"section-6114efd9473c1\"data-bg-opacite=\"1\"data-background=\"https:\/\/www.residence-lapinede.com\/wp-content\/uploads\/2021\/08\/plat-huitre.jpg\"data-speed=\"0.6\"class=\"section modele imageFullDegradeNoir bg-white section--has-bg-img section_bg-parallax\" \/><div class=\"container full\"><\/div><\/section>\n\n<section id=\"section-611679e536be8\"class=\"section bg-white\" \/><div class=\"container extralarge\"><h2 class=\"element section-title left\">Los Oenorandos\u00ae de H\u00e9rault Tourisme<\/h2><div class=\"element bloc-text justify \">\n\t<p>A cada paso, los Oenorandos\u00ae del H\u00e9rault cuentan la historia de los paisajes vit\u00edcolas del Languedoc. En tierra de viticultores, \u00abArte y Naturaleza\u00bb, \u00abSendero de Poetas\u00bb&#8230; a cada cual lo suyo.<br \/>\nEtiquetados por la F\u00e9d\u00e9ration Fran\u00e7aise de Randonn\u00e9e P\u00e9destre (Federaci\u00f3n Francesa de Senderismo), revelan magn\u00edficos paisajes, un terru\u00f1o \u00fanico cada vez, y una riqueza patrimonial propia de nuestra larga historia. La salida se realiza desde una bodega cooperativa o una casa vin\u00edcola: una oportunidad para degustar con moderaci\u00f3n los n\u00e9ctares locales&#8230;<br \/>\nP\u00f3ngase sus zapatos de senderismo y \u00a1disfrute!<\/p>\n<p>M\u00e1s informaci\u00f3n <a href=\"https:\/\/www.herault-tourisme.com\/fr\/activites\/dans-les-vignes\/oenorandos\/toutes-les-oenorandos\/\" target=\"_blank\" rel=\"noopener\">www.herault-tourisme.com<\/a><\/p>\n<\/div><\/div><\/section>\n\n<section id=\"section-611679e536e51\"data-bg-opacite=\"1\"data-background=\"https:\/\/www.residence-lapinede.com\/wp-content\/uploads\/2021\/08\/oenorandos.jpg\"data-speed=\"0.6\"class=\"section modele imageFullDegradeNoir bg-white section--has-bg-img section_bg-parallax\" \/><div class=\"container full\"><\/div><\/section>\n\n<section id=\"section-611679e537119\"class=\"section bg-white\" \/><div class=\"container extralarge\"><h2 class=\"element section-title left\">Vino y bicicleta de monta\u00f1a en H\u00e9rault<\/h2><div class=\"element bloc-text justify \">\n\t<p>10 zonas BTT homologadas por la Federaci\u00f3n Francesa de Ciclismo le permitir\u00e1n descubrir la excepcional diversidad de nuestros vi\u00f1edos.<br \/>\nEn funci\u00f3n de su nivel de BTT y de sus preferencias vin\u00edcolas, elija su regi\u00f3n y d\u00e9jese guiar: \u00a1hay para todos los gustos!<\/p>\n<p>M\u00e1s informaci\u00f3n <a href=\"https:\/\/www.herault-tourisme.com\/fr\/activites\/dans-la-nature\/vtt-herault\/vins-et-terroirs-vtt-herault\/\" target=\"_blank\" rel=\"noopener\">www.herault-tourisme.com<\/a> Por supuesto.<\/p>\n<\/div><\/div><\/section>\n\n<section id=\"section-611679e537377\"data-bg-opacite=\"1\"data-background=\"https:\/\/www.residence-lapinede.com\/wp-content\/uploads\/2021\/08\/oenotourisme-vtt.jpg\"data-speed=\"0.6\"class=\"section modele imageFullDegradeNoir bg-white section--has-bg-img section_bg-parallax\" \/><div class=\"container full\"><\/div><\/section>\n\n<section id=\"section-611679e537651\"class=\"section bg-white\" \/><div class=\"container extralarge\"><h2 class=\"element section-title left\">Degustaci\u00f3n de vinos y ostras en H\u00e9rault<\/h2><div class=\"element bloc-text justify \">\n\t<p>Junto al mar, cerca de la laguna de Thau, descubra el patio de recreo de los mariscadores, los criadores de la famosa \u00abostra de Bouzigues\u00bb. Hay diferentes formas de descubrir la laguna: leyendo los paisajes, dando un paseo en gabarra&#8230; Para la degustaci\u00f3n, idem: en pareja, entre amigos, en modo aperitivo de cena, comida en una granja o restaurante&#8230;\u00a0Qu\u00e9 delicia degustar estos mariscos reci\u00e9n abiertos para usted, \u00a1con una vista impresionante del estanque!<\/p>\n<p>Marisco crudo, marisco gratinado, brasucade de mejillones para aficionados&#8230; Usted elige su momento especial. Los mariscadores le dan la bienvenida y se lo cuentan todo, en un marco espl\u00e9ndido. Cada vez, disfrutar\u00e1 de sus papilas gustativas y de sus ojos, en un ambiente acogedor, \u00a1pura felicidad!<\/p>\n<p>M\u00e1s informaci\u00f3n <a href=\"https:\/\/www.herault-tourisme.com\/fr\/bien-manger\/nos-restaurants\/mangez-chez-les-producteurs-d-ici-de-l-herault\/\" target=\"_blank\" rel=\"noopener\">www.herault-tourisme.com<\/a><\/p>\n<p>Pasee por el Etang de Thau en la ciudad de Marseillan con la Etoile de Thau IV que sale del puerto de Tabarka.<br \/>\nM\u00e1s informaci\u00f3n en el 06 03 23 73 65 o en <a href=\"https:\/\/promenade-bateau-marseillan.com\/\" target=\"_blank\" rel=\"noopener\">www.promenade-bateau-marseillan.com<\/a><\/p>\n<\/div><\/div><\/section>\n\n<section id=\"section-611679e5378c3\"data-bg-opacite=\"1\"data-background=\"https:\/\/www.residence-lapinede.com\/wp-content\/uploads\/2021\/08\/oenotourisme-huitre.jpg\"data-speed=\"0.6\"class=\"section modele imageFullDegradeNoir bg-white section--has-bg-img section_bg-parallax\" \/><div class=\"container full\"><\/div><\/section>","protected":false},"excerpt":{"rendered":"","protected":false},"author":2,"featured_media":5099,"parent":0,"menu_order":0,"comment_status":"closed","ping_status":"closed","template":"","meta":{"_acf_changed":false,"footnotes":""},"class_list":["post-6053","page","type-page","status-publish","has-post-thumbnail","hentry"],"acf":[],"yoast_head":"<!-- This site is optimized with the Yoast SEO plugin v26.5 - https:\/\/yoast.com\/wordpress\/plugins\/seo\/ -->\n<title>Oenotourisme dans l&#039;H\u00e9rault - Camping r\u00e9sidentiel la Pinede<\/title>\n<meta name=\"robots\" content=\"index, follow, max-snippet:-1, max-image-preview:large, max-video-preview:-1\" \/>\n<link rel=\"canonical\" href=\"https:\/\/www.residence-lapinede.com\/es\/oenotourisme-herault\/\" \/>\n<meta property=\"og:locale\" content=\"es_ES\" \/>\n<meta property=\"og:type\" content=\"article\" \/>\n<meta property=\"og:title\" content=\"Oenotourisme dans l&#039;H\u00e9rault - Camping r\u00e9sidentiel la Pinede\" \/>\n<meta property=\"og:url\" content=\"https:\/\/www.residence-lapinede.com\/es\/oenotourisme-herault\/\" \/>\n<meta property=\"og:site_name\" content=\"Camping r\u00e9sidentiel la Pinede\" \/>\n<meta property=\"article:modified_time\" content=\"2023-03-28T14:07:41+00:00\" \/>\n<meta property=\"og:image\" content=\"https:\/\/www.residence-lapinede.com\/wp-content\/uploads\/2021\/08\/vins-herault.jpg\" \/>\n\t<meta property=\"og:image:width\" content=\"1920\" \/>\n\t<meta property=\"og:image:height\" content=\"1291\" \/>\n\t<meta property=\"og:image:type\" content=\"image\/jpeg\" \/>\n<meta name=\"twitter:card\" content=\"summary_large_image\" \/>\n<script type=\"application\/ld+json\" class=\"yoast-schema-graph\">{\"@context\":\"https:\/\/schema.org\",\"@graph\":[{\"@type\":\"WebPage\",\"@id\":\"https:\/\/www.residence-lapinede.com\/es\/oenotourisme-herault\/\",\"url\":\"https:\/\/www.residence-lapinede.com\/es\/oenotourisme-herault\/\",\"name\":\"Oenotourisme dans l'H\u00e9rault - Camping r\u00e9sidentiel la Pinede\",\"isPartOf\":{\"@id\":\"https:\/\/www.residence-lapinede.com\/es\/#website\"},\"primaryImageOfPage\":{\"@id\":\"https:\/\/www.residence-lapinede.com\/es\/oenotourisme-herault\/#primaryimage\"},\"image\":{\"@id\":\"https:\/\/www.residence-lapinede.com\/es\/oenotourisme-herault\/#primaryimage\"},\"thumbnailUrl\":\"https:\/\/www.residence-lapinede.com\/wp-content\/uploads\/2021\/08\/vins-herault.jpg\",\"datePublished\":\"2021-08-12T09:21:30+00:00\",\"dateModified\":\"2023-03-28T14:07:41+00:00\",\"breadcrumb\":{\"@id\":\"https:\/\/www.residence-lapinede.com\/es\/oenotourisme-herault\/#breadcrumb\"},\"inLanguage\":\"es\",\"potentialAction\":[{\"@type\":\"ReadAction\",\"target\":[\"https:\/\/www.residence-lapinede.com\/es\/oenotourisme-herault\/\"]}]},{\"@type\":\"ImageObject\",\"inLanguage\":\"es\",\"@id\":\"https:\/\/www.residence-lapinede.com\/es\/oenotourisme-herault\/#primaryimage\",\"url\":\"https:\/\/www.residence-lapinede.com\/wp-content\/uploads\/2021\/08\/vins-herault.jpg\",\"contentUrl\":\"https:\/\/www.residence-lapinede.com\/wp-content\/uploads\/2021\/08\/vins-herault.jpg\",\"width\":1920,\"height\":1291},{\"@type\":\"BreadcrumbList\",\"@id\":\"https:\/\/www.residence-lapinede.com\/es\/oenotourisme-herault\/#breadcrumb\",\"itemListElement\":[{\"@type\":\"ListItem\",\"position\":1,\"name\":\"Camping H\u00e9rault\",\"item\":\"https:\/\/www.residence-lapinede.com\/es\/\"},{\"@type\":\"ListItem\",\"position\":2,\"name\":\"Oenotourisme dans l&rsquo;H\u00e9rault\"}]},{\"@type\":\"WebSite\",\"@id\":\"https:\/\/www.residence-lapinede.com\/es\/#website\",\"url\":\"https:\/\/www.residence-lapinede.com\/es\/\",\"name\":\"Camping r\u00e9sidentiel la Pinede\",\"description\":\"Calme Luxe Nature\",\"publisher\":{\"@id\":\"https:\/\/www.residence-lapinede.com\/es\/#organization\"},\"potentialAction\":[{\"@type\":\"SearchAction\",\"target\":{\"@type\":\"EntryPoint\",\"urlTemplate\":\"https:\/\/www.residence-lapinede.com\/es\/?s={search_term_string}\"},\"query-input\":{\"@type\":\"PropertyValueSpecification\",\"valueRequired\":true,\"valueName\":\"search_term_string\"}}],\"inLanguage\":\"es\"},{\"@type\":\"Organization\",\"@id\":\"https:\/\/www.residence-lapinede.com\/es\/#organization\",\"name\":\"R\u00e9sidence La Pin\u00e8de\",\"url\":\"https:\/\/www.residence-lapinede.com\/es\/\",\"logo\":{\"@type\":\"ImageObject\",\"inLanguage\":\"es\",\"@id\":\"https:\/\/www.residence-lapinede.com\/es\/#\/schema\/logo\/image\/\",\"url\":\"https:\/\/www.residence-lapinede.com\/wp-content\/uploads\/2021\/05\/camping-pinede-logo.png\",\"contentUrl\":\"https:\/\/www.residence-lapinede.com\/wp-content\/uploads\/2021\/05\/camping-pinede-logo.png\",\"width\":2000,\"height\":875,\"caption\":\"R\u00e9sidence La Pin\u00e8de\"},\"image\":{\"@id\":\"https:\/\/www.residence-lapinede.com\/es\/#\/schema\/logo\/image\/\"}}]}<\/script>\n<!-- \/ Yoast SEO plugin. -->","yoast_head_json":{"title":"Oenotourisme dans l'H\u00e9rault - Camping r\u00e9sidentiel la Pinede","robots":{"index":"index","follow":"follow","max-snippet":"max-snippet:-1","max-image-preview":"max-image-preview:large","max-video-preview":"max-video-preview:-1"},"canonical":"https:\/\/www.residence-lapinede.com\/es\/oenotourisme-herault\/","og_locale":"es_ES","og_type":"article","og_title":"Oenotourisme dans l'H\u00e9rault - Camping r\u00e9sidentiel la Pinede","og_url":"https:\/\/www.residence-lapinede.com\/es\/oenotourisme-herault\/","og_site_name":"Camping r\u00e9sidentiel la Pinede","article_modified_time":"2023-03-28T14:07:41+00:00","og_image":[{"width":1920,"height":1291,"url":"https:\/\/www.residence-lapinede.com\/wp-content\/uploads\/2021\/08\/vins-herault.jpg","type":"image\/jpeg"}],"twitter_card":"summary_large_image","schema":{"@context":"https:\/\/schema.org","@graph":[{"@type":"WebPage","@id":"https:\/\/www.residence-lapinede.com\/es\/oenotourisme-herault\/","url":"https:\/\/www.residence-lapinede.com\/es\/oenotourisme-herault\/","name":"Oenotourisme dans l'H\u00e9rault - Camping r\u00e9sidentiel la Pinede","isPartOf":{"@id":"https:\/\/www.residence-lapinede.com\/es\/#website"},"primaryImageOfPage":{"@id":"https:\/\/www.residence-lapinede.com\/es\/oenotourisme-herault\/#primaryimage"},"image":{"@id":"https:\/\/www.residence-lapinede.com\/es\/oenotourisme-herault\/#primaryimage"},"thumbnailUrl":"https:\/\/www.residence-lapinede.com\/wp-content\/uploads\/2021\/08\/vins-herault.jpg","datePublished":"2021-08-12T09:21:30+00:00","dateModified":"2023-03-28T14:07:41+00:00","breadcrumb":{"@id":"https:\/\/www.residence-lapinede.com\/es\/oenotourisme-herault\/#breadcrumb"},"inLanguage":"es","potentialAction":[{"@type":"ReadAction","target":["https:\/\/www.residence-lapinede.com\/es\/oenotourisme-herault\/"]}]},{"@type":"ImageObject","inLanguage":"es","@id":"https:\/\/www.residence-lapinede.com\/es\/oenotourisme-herault\/#primaryimage","url":"https:\/\/www.residence-lapinede.com\/wp-content\/uploads\/2021\/08\/vins-herault.jpg","contentUrl":"https:\/\/www.residence-lapinede.com\/wp-content\/uploads\/2021\/08\/vins-herault.jpg","width":1920,"height":1291},{"@type":"BreadcrumbList","@id":"https:\/\/www.residence-lapinede.com\/es\/oenotourisme-herault\/#breadcrumb","itemListElement":[{"@type":"ListItem","position":1,"name":"Camping H\u00e9rault","item":"https:\/\/www.residence-lapinede.com\/es\/"},{"@type":"ListItem","position":2,"name":"Oenotourisme dans l&rsquo;H\u00e9rault"}]},{"@type":"WebSite","@id":"https:\/\/www.residence-lapinede.com\/es\/#website","url":"https:\/\/www.residence-lapinede.com\/es\/","name":"Camping r\u00e9sidentiel la Pinede","description":"Calme Luxe Nature","publisher":{"@id":"https:\/\/www.residence-lapinede.com\/es\/#organization"},"potentialAction":[{"@type":"SearchAction","target":{"@type":"EntryPoint","urlTemplate":"https:\/\/www.residence-lapinede.com\/es\/?s={search_term_string}"},"query-input":{"@type":"PropertyValueSpecification","valueRequired":true,"valueName":"search_term_string"}}],"inLanguage":"es"},{"@type":"Organization","@id":"https:\/\/www.residence-lapinede.com\/es\/#organization","name":"R\u00e9sidence La Pin\u00e8de","url":"https:\/\/www.residence-lapinede.com\/es\/","logo":{"@type":"ImageObject","inLanguage":"es","@id":"https:\/\/www.residence-lapinede.com\/es\/#\/schema\/logo\/image\/","url":"https:\/\/www.residence-lapinede.com\/wp-content\/uploads\/2021\/05\/camping-pinede-logo.png","contentUrl":"https:\/\/www.residence-lapinede.com\/wp-content\/uploads\/2021\/05\/camping-pinede-logo.png","width":2000,"height":875,"caption":"R\u00e9sidence La Pin\u00e8de"},"image":{"@id":"https:\/\/www.residence-lapinede.com\/es\/#\/schema\/logo\/image\/"}}]}},"_links":{"self":[{"href":"https:\/\/www.residence-lapinede.com\/es\/wp-json\/wp\/v2\/pages\/6053","targetHints":{"allow":["GET"]}}],"collection":[{"href":"https:\/\/www.residence-lapinede.com\/es\/wp-json\/wp\/v2\/pages"}],"about":[{"href":"https:\/\/www.residence-lapinede.com\/es\/wp-json\/wp\/v2\/types\/page"}],"author":[{"embeddable":true,"href":"https:\/\/www.residence-lapinede.com\/es\/wp-json\/wp\/v2\/users\/2"}],"replies":[{"embeddable":true,"href":"https:\/\/www.residence-lapinede.com\/es\/wp-json\/wp\/v2\/comments?post=6053"}],"version-history":[{"count":4,"href":"https:\/\/www.residence-lapinede.com\/es\/wp-json\/wp\/v2\/pages\/6053\/revisions"}],"predecessor-version":[{"id":6059,"href":"https:\/\/www.residence-lapinede.com\/es\/wp-json\/wp\/v2\/pages\/6053\/revisions\/6059"}],"wp:featuredmedia":[{"embeddable":true,"href":"https:\/\/www.residence-lapinede.com\/es\/wp-json\/wp\/v2\/media\/5099"}],"wp:attachment":[{"href":"https:\/\/www.residence-lapinede.com\/es\/wp-json\/wp\/v2\/media?parent=6053"}],"curies":[{"name":"wp","href":"https:\/\/api.w.org\/{rel}","templated":true}]}}