{"id":6049,"date":"2021-05-17T11:03:11","date_gmt":"2021-05-17T09:03:11","guid":{"rendered":"https:\/\/www.residence-lapinede.com\/camping-piscine-herault\/"},"modified":"2023-03-28T16:01:21","modified_gmt":"2023-03-28T14:01:21","slug":"camping-piscine-herault","status":"publish","type":"page","link":"https:\/\/www.residence-lapinede.com\/es\/camping-piscine-herault\/","title":{"rendered":"Notre Espace aquatique"},"content":{"rendered":"<section id=\"section-60a3611f561cb\"class=\"section modele bg-white\" \/><div class=\"container extralarge\"><h1 class=\"element section-title center\">Camping con piscina climatizada en H\u00e9rault<\/h1><div class=\"colonnes-wrap valign-middle \"><div class=\"element colonne w-40\"><h2 class=\"element section-title left modeleTitle\">Nuestra piscina en Castelnau-de-Guers<\/h2><div class=\"element images\"><div class=\"image\"><img decoding=\"async\" src=\"https:\/\/www.residence-lapinede.com\/wp-content\/uploads\/2021\/06\/piscines-vias-94x100.jpg\" data-src=\"https:\/\/www.residence-lapinede.com\/wp-content\/uploads\/2021\/06\/piscines-vias.jpg\" alt=\"piscines pezenas\" class=\"images_image\" \/><\/div><\/div><\/div><div class=\"element colonne w-60\"><div class=\"element bloc-text justify \">\n\t<p>La zona de piscinas de nuestro camping de lujo en Francia cuenta con una piscina de 240 m\u00b2 orientada al sur que sigue perfectamente las curvas del terreno. Tambi\u00e9n hay una segunda piscina y una piscina infantil climatizada para la comodidad de todos durante sus vacaciones en P\u00e9zenas.<\/p>\n<p>La zona de la piscina est\u00e1 abierta de Pascua a Todos los Santos, de 10:00 a 20:00 horas, y el acceso es exclusivo para los hu\u00e9spedes de nuestro camping en Castelnau-de-Guers con piscina. Los martes de julio y agosto, las piscinas est\u00e1n abiertas hasta las 22 h.<\/p>\n<\/div><\/div><\/div><\/div><\/section>\n\n<section id=\"section-60a371f719c2b\"data-bg-opacite=\"1\"data-background=\"https:\/\/www.residence-lapinede.com\/wp-content\/uploads\/2021\/06\/bord-piscine-vias.jpg\"data-speed=\"0.8\"class=\"section modele imageFullDegradeNoir bg-white section--has-bg-img section_bg-parallax\" \/><div class=\"container full\"><\/div><\/section>\n\n\n\n<section id=\"section-60a371f719f5a\"class=\"section modele decoPins decoGauche bg-white\" \/><div class=\"container extralarge\"><div class=\"colonnes-wrap valign-middle \"><div class=\"element colonne w-60\"><h2 class=\"element section-title left modeleTitle\">Camping con jacuzzi en el H\u00e9rault <\/h2><div class=\"element bloc-text justify \">\n\t<p>Debajo de la piscina infinita, encontrar\u00e1 un jacuzzi de 4 plazas, que est\u00e1 en funcionamiento desde Semana Santa hasta las vacaciones de Todos los Santos. Mientras se relaja, puede vigilar a sus hijos en la piscina infantil climatizada situada al lado.<\/p>\n<\/div><h2 class=\"element section-title left modeleTitle m-t-4\">Tumbonas y hamacas<\/h2><div class=\"element bloc-text justify \">\n\t<p>La zona acu\u00e1tica dispone de tumbonas y sombrillas alrededor de las piscinas. Durante una pandemia, el n\u00famero de tumbonas y sombrillas puede reducirse (v\u00e9ase el protocolo sanitario impuesto por el gobierno).<\/p>\n<\/div><h2 class=\"element section-title left modeleTitle m-t-4\">Camping con espacio de agua caliente en el H\u00e9rault<\/h2><div class=\"element bloc-text justify \">\n\t<p>En el coraz\u00f3n del pinar, dominado por el restaurante, una magn\u00edfica piscina infinita se integra perfectamente en las curvas del terreno. Abajo, la piscina climatizada est\u00e1 abierta desde las vacaciones de Semana Santa hasta las de Todos los Santos.<\/p>\n<\/div><\/div><div class=\"element colonne w-40\"><div class=\"element images\"><div class=\"image\"><img decoding=\"async\" src=\"https:\/\/www.residence-lapinede.com\/wp-content\/uploads\/2021\/06\/jacuzzi-herault-94x100.jpg\" data-src=\"https:\/\/www.residence-lapinede.com\/wp-content\/uploads\/2021\/06\/jacuzzi-herault.jpg\" alt=\"jacuzzi herault\" class=\"images_image\" \/><\/div><\/div><\/div><\/div><\/div><\/section>\n\n<section id=\"section-60d1fd20dcfb7\"class=\"section modele bg-color3\" \/><div class=\"container extralarge\"><div class=\"colonnes-wrap valign-middle \"><div class=\"element colonne w-40\"><div class=\"element images\"><div class=\"image\"><img decoding=\"async\" src=\"https:\/\/www.residence-lapinede.com\/wp-content\/uploads\/2021\/06\/piscine-herault-94x100.jpg\" data-src=\"https:\/\/www.residence-lapinede.com\/wp-content\/uploads\/2021\/06\/piscine-herault.jpg\" alt=\"piscine herault\" class=\"images_image\" \/><\/div><\/div><\/div><div class=\"element colonne w-60\"><h2 class=\"element section-title left modeleTitle white\">Informaci\u00f3n pr\u00e1ctica sobre la piscina cerca de P\u00e9zenas<\/h2><div class=\"element bloc-text justify \">\n\t<p>El espacio acu\u00e1tico de la ciudad de P\u00e9zenas, abastecido con agua caliente procedente de su propio recurso termal, es una estructura gestionada desde 2009 por la CAHM: Communaut\u00e9 d&#8217;Agglom\u00e9ration H\u00e9rault M\u00e9diterran\u00e9e.<\/p>\n<p>La piscina ofrece una temperatura de ba\u00f1o especialmente agradable (de 28 a 30\u00b0) durante todo el a\u00f1o. Los ba\u00f1istas tienen a su disposici\u00f3n tres piscinas al aire libre (competici\u00f3n, aprendizaje, piscina infantil) y una piscina de aprendizaje cubierta.<\/p>\n<p>Se est\u00e1 llevando a cabo un proyecto de renovaci\u00f3n de la zona acu\u00e1tica, cuyas obras deber\u00edan concluir en 2022.<\/p>\n<\/div><\/div><\/div><\/div><\/section>\n\n<section id=\"section-60b09547b0c94\"class=\"section modele decoPins decoDroite bg-white\" \/><div class=\"container large\"><div class=\"element section-title center titre-cta\">Descubra el restaurante, los servicios y el alojamiento del camping<\/div><ul class=\"liste-de-page\"><li class=\"element call-to-action carre call-to-action--style-1 call-to-action--big\"><a href=\"https:\/\/www.residence-lapinede.com\/es\/restaurant-lorangerie-pezenas\/\"  class=\"call-to-action_link\" title=\"M\u00e1s informaci\u00f3n nuestro restaurante\"><div class=\"call-to-action_image\"><img decoding=\"async\" src=\"https:\/\/www.residence-lapinede.com\/wp-content\/uploads\/2021\/06\/restaurant-herault-100x80.jpg\" data-src=\"https:\/\/www.residence-lapinede.com\/wp-content\/uploads\/2021\/06\/restaurant-herault.jpg\" alt=\"restaurant herault\" class=\"big\" \/><\/div><div class=\"call-to-action_contenu\"><div class=\"call-to-action_titre\">Nuestro Restaurante<\/div><\/div><\/a><\/li><\/ul><\/div><\/section>","protected":false},"excerpt":{"rendered":"","protected":false},"author":1,"featured_media":4552,"parent":0,"menu_order":0,"comment_status":"closed","ping_status":"closed","template":"","meta":{"_acf_changed":false,"footnotes":""},"class_list":["post-6049","page","type-page","status-publish","has-post-thumbnail","hentry"],"acf":[],"yoast_head":"<!-- This site is optimized with the Yoast SEO plugin v26.5 - https:\/\/yoast.com\/wordpress\/plugins\/seo\/ -->\n<title>Camping piscina climatizada cerca de P\u00e9zenas | Espacio acu\u00e1tico H\u00e9rault<\/title>\n<meta name=\"robots\" content=\"index, follow, max-snippet:-1, max-image-preview:large, max-video-preview:-1\" \/>\n<link rel=\"canonical\" href=\"https:\/\/www.residence-lapinede.com\/es\/camping-piscine-herault\/\" \/>\n<meta property=\"og:locale\" content=\"es_ES\" \/>\n<meta property=\"og:type\" content=\"article\" \/>\n<meta property=\"og:title\" content=\"Camping piscina climatizada cerca de P\u00e9zenas | Espacio acu\u00e1tico H\u00e9rault\" \/>\n<meta property=\"og:url\" content=\"https:\/\/www.residence-lapinede.com\/es\/camping-piscine-herault\/\" \/>\n<meta property=\"og:site_name\" content=\"Camping r\u00e9sidentiel la Pinede\" \/>\n<meta property=\"article:modified_time\" content=\"2023-03-28T14:01:21+00:00\" \/>\n<meta property=\"og:image\" content=\"https:\/\/www.residence-lapinede.com\/wp-content\/uploads\/2021\/06\/piscine-vias.jpg\" \/>\n\t<meta property=\"og:image:width\" content=\"1903\" \/>\n\t<meta property=\"og:image:height\" content=\"300\" \/>\n\t<meta property=\"og:image:type\" content=\"image\/jpeg\" \/>\n<meta name=\"twitter:card\" content=\"summary_large_image\" \/>\n<script type=\"application\/ld+json\" class=\"yoast-schema-graph\">{\"@context\":\"https:\/\/schema.org\",\"@graph\":[{\"@type\":\"WebPage\",\"@id\":\"https:\/\/www.residence-lapinede.com\/es\/camping-piscine-herault\/\",\"url\":\"https:\/\/www.residence-lapinede.com\/es\/camping-piscine-herault\/\",\"name\":\"Camping piscina climatizada cerca de P\u00e9zenas | Espacio acu\u00e1tico H\u00e9rault\",\"isPartOf\":{\"@id\":\"https:\/\/www.residence-lapinede.com\/es\/#website\"},\"primaryImageOfPage\":{\"@id\":\"https:\/\/www.residence-lapinede.com\/es\/camping-piscine-herault\/#primaryimage\"},\"image\":{\"@id\":\"https:\/\/www.residence-lapinede.com\/es\/camping-piscine-herault\/#primaryimage\"},\"thumbnailUrl\":\"https:\/\/www.residence-lapinede.com\/wp-content\/uploads\/2021\/06\/piscine-vias.jpg\",\"datePublished\":\"2021-05-17T09:03:11+00:00\",\"dateModified\":\"2023-03-28T14:01:21+00:00\",\"breadcrumb\":{\"@id\":\"https:\/\/www.residence-lapinede.com\/es\/camping-piscine-herault\/#breadcrumb\"},\"inLanguage\":\"es\",\"potentialAction\":[{\"@type\":\"ReadAction\",\"target\":[\"https:\/\/www.residence-lapinede.com\/es\/camping-piscine-herault\/\"]}]},{\"@type\":\"ImageObject\",\"inLanguage\":\"es\",\"@id\":\"https:\/\/www.residence-lapinede.com\/es\/camping-piscine-herault\/#primaryimage\",\"url\":\"https:\/\/www.residence-lapinede.com\/wp-content\/uploads\/2021\/06\/piscine-vias.jpg\",\"contentUrl\":\"https:\/\/www.residence-lapinede.com\/wp-content\/uploads\/2021\/06\/piscine-vias.jpg\",\"width\":1903,\"height\":300},{\"@type\":\"BreadcrumbList\",\"@id\":\"https:\/\/www.residence-lapinede.com\/es\/camping-piscine-herault\/#breadcrumb\",\"itemListElement\":[{\"@type\":\"ListItem\",\"position\":1,\"name\":\"Camping H\u00e9rault\",\"item\":\"https:\/\/www.residence-lapinede.com\/es\/\"},{\"@type\":\"ListItem\",\"position\":2,\"name\":\"Nuestra piscina en Castelnau-de-Guers\"}]},{\"@type\":\"WebSite\",\"@id\":\"https:\/\/www.residence-lapinede.com\/es\/#website\",\"url\":\"https:\/\/www.residence-lapinede.com\/es\/\",\"name\":\"Camping r\u00e9sidentiel la Pinede\",\"description\":\"Calme Luxe Nature\",\"publisher\":{\"@id\":\"https:\/\/www.residence-lapinede.com\/es\/#organization\"},\"potentialAction\":[{\"@type\":\"SearchAction\",\"target\":{\"@type\":\"EntryPoint\",\"urlTemplate\":\"https:\/\/www.residence-lapinede.com\/es\/?s={search_term_string}\"},\"query-input\":{\"@type\":\"PropertyValueSpecification\",\"valueRequired\":true,\"valueName\":\"search_term_string\"}}],\"inLanguage\":\"es\"},{\"@type\":\"Organization\",\"@id\":\"https:\/\/www.residence-lapinede.com\/es\/#organization\",\"name\":\"R\u00e9sidence La Pin\u00e8de\",\"url\":\"https:\/\/www.residence-lapinede.com\/es\/\",\"logo\":{\"@type\":\"ImageObject\",\"inLanguage\":\"es\",\"@id\":\"https:\/\/www.residence-lapinede.com\/es\/#\/schema\/logo\/image\/\",\"url\":\"https:\/\/www.residence-lapinede.com\/wp-content\/uploads\/2021\/05\/camping-pinede-logo.png\",\"contentUrl\":\"https:\/\/www.residence-lapinede.com\/wp-content\/uploads\/2021\/05\/camping-pinede-logo.png\",\"width\":2000,\"height\":875,\"caption\":\"R\u00e9sidence La Pin\u00e8de\"},\"image\":{\"@id\":\"https:\/\/www.residence-lapinede.com\/es\/#\/schema\/logo\/image\/\"}}]}<\/script>\n<!-- \/ Yoast SEO plugin. -->","yoast_head_json":{"title":"Camping piscina climatizada cerca de P\u00e9zenas | Espacio acu\u00e1tico H\u00e9rault","robots":{"index":"index","follow":"follow","max-snippet":"max-snippet:-1","max-image-preview":"max-image-preview:large","max-video-preview":"max-video-preview:-1"},"canonical":"https:\/\/www.residence-lapinede.com\/es\/camping-piscine-herault\/","og_locale":"es_ES","og_type":"article","og_title":"Camping piscina climatizada cerca de P\u00e9zenas | Espacio acu\u00e1tico H\u00e9rault","og_url":"https:\/\/www.residence-lapinede.com\/es\/camping-piscine-herault\/","og_site_name":"Camping r\u00e9sidentiel la Pinede","article_modified_time":"2023-03-28T14:01:21+00:00","og_image":[{"width":1903,"height":300,"url":"https:\/\/www.residence-lapinede.com\/wp-content\/uploads\/2021\/06\/piscine-vias.jpg","type":"image\/jpeg"}],"twitter_card":"summary_large_image","schema":{"@context":"https:\/\/schema.org","@graph":[{"@type":"WebPage","@id":"https:\/\/www.residence-lapinede.com\/es\/camping-piscine-herault\/","url":"https:\/\/www.residence-lapinede.com\/es\/camping-piscine-herault\/","name":"Camping piscina climatizada cerca de P\u00e9zenas | Espacio acu\u00e1tico H\u00e9rault","isPartOf":{"@id":"https:\/\/www.residence-lapinede.com\/es\/#website"},"primaryImageOfPage":{"@id":"https:\/\/www.residence-lapinede.com\/es\/camping-piscine-herault\/#primaryimage"},"image":{"@id":"https:\/\/www.residence-lapinede.com\/es\/camping-piscine-herault\/#primaryimage"},"thumbnailUrl":"https:\/\/www.residence-lapinede.com\/wp-content\/uploads\/2021\/06\/piscine-vias.jpg","datePublished":"2021-05-17T09:03:11+00:00","dateModified":"2023-03-28T14:01:21+00:00","breadcrumb":{"@id":"https:\/\/www.residence-lapinede.com\/es\/camping-piscine-herault\/#breadcrumb"},"inLanguage":"es","potentialAction":[{"@type":"ReadAction","target":["https:\/\/www.residence-lapinede.com\/es\/camping-piscine-herault\/"]}]},{"@type":"ImageObject","inLanguage":"es","@id":"https:\/\/www.residence-lapinede.com\/es\/camping-piscine-herault\/#primaryimage","url":"https:\/\/www.residence-lapinede.com\/wp-content\/uploads\/2021\/06\/piscine-vias.jpg","contentUrl":"https:\/\/www.residence-lapinede.com\/wp-content\/uploads\/2021\/06\/piscine-vias.jpg","width":1903,"height":300},{"@type":"BreadcrumbList","@id":"https:\/\/www.residence-lapinede.com\/es\/camping-piscine-herault\/#breadcrumb","itemListElement":[{"@type":"ListItem","position":1,"name":"Camping H\u00e9rault","item":"https:\/\/www.residence-lapinede.com\/es\/"},{"@type":"ListItem","position":2,"name":"Nuestra piscina en Castelnau-de-Guers"}]},{"@type":"WebSite","@id":"https:\/\/www.residence-lapinede.com\/es\/#website","url":"https:\/\/www.residence-lapinede.com\/es\/","name":"Camping r\u00e9sidentiel la Pinede","description":"Calme Luxe Nature","publisher":{"@id":"https:\/\/www.residence-lapinede.com\/es\/#organization"},"potentialAction":[{"@type":"SearchAction","target":{"@type":"EntryPoint","urlTemplate":"https:\/\/www.residence-lapinede.com\/es\/?s={search_term_string}"},"query-input":{"@type":"PropertyValueSpecification","valueRequired":true,"valueName":"search_term_string"}}],"inLanguage":"es"},{"@type":"Organization","@id":"https:\/\/www.residence-lapinede.com\/es\/#organization","name":"R\u00e9sidence La Pin\u00e8de","url":"https:\/\/www.residence-lapinede.com\/es\/","logo":{"@type":"ImageObject","inLanguage":"es","@id":"https:\/\/www.residence-lapinede.com\/es\/#\/schema\/logo\/image\/","url":"https:\/\/www.residence-lapinede.com\/wp-content\/uploads\/2021\/05\/camping-pinede-logo.png","contentUrl":"https:\/\/www.residence-lapinede.com\/wp-content\/uploads\/2021\/05\/camping-pinede-logo.png","width":2000,"height":875,"caption":"R\u00e9sidence La Pin\u00e8de"},"image":{"@id":"https:\/\/www.residence-lapinede.com\/es\/#\/schema\/logo\/image\/"}}]}},"_links":{"self":[{"href":"https:\/\/www.residence-lapinede.com\/es\/wp-json\/wp\/v2\/pages\/6049","targetHints":{"allow":["GET"]}}],"collection":[{"href":"https:\/\/www.residence-lapinede.com\/es\/wp-json\/wp\/v2\/pages"}],"about":[{"href":"https:\/\/www.residence-lapinede.com\/es\/wp-json\/wp\/v2\/types\/page"}],"author":[{"embeddable":true,"href":"https:\/\/www.residence-lapinede.com\/es\/wp-json\/wp\/v2\/users\/1"}],"replies":[{"embeddable":true,"href":"https:\/\/www.residence-lapinede.com\/es\/wp-json\/wp\/v2\/comments?post=6049"}],"version-history":[{"count":2,"href":"https:\/\/www.residence-lapinede.com\/es\/wp-json\/wp\/v2\/pages\/6049\/revisions"}],"predecessor-version":[{"id":6052,"href":"https:\/\/www.residence-lapinede.com\/es\/wp-json\/wp\/v2\/pages\/6049\/revisions\/6052"}],"wp:featuredmedia":[{"embeddable":true,"href":"https:\/\/www.residence-lapinede.com\/es\/wp-json\/wp\/v2\/media\/4552"}],"wp:attachment":[{"href":"https:\/\/www.residence-lapinede.com\/es\/wp-json\/wp\/v2\/media?parent=6049"}],"curies":[{"name":"wp","href":"https:\/\/api.w.org\/{rel}","templated":true}]}}