{"id":6041,"date":"2021-05-17T11:05:28","date_gmt":"2021-05-17T09:05:28","guid":{"rendered":"https:\/\/www.residence-lapinede.com\/camping-montpellier\/"},"modified":"2023-03-28T15:55:41","modified_gmt":"2023-03-28T13:55:41","slug":"camping-montpellier","status":"publish","type":"page","link":"https:\/\/www.residence-lapinede.com\/es\/camping-montpellier\/","title":{"rendered":"Montpellier"},"content":{"rendered":"<section id=\"section-60a3611f561cb\"class=\"section modele bg-white\" \/><div class=\"container extralarge\"><h1 class=\"element section-title center\">Vacaciones en Montpellier<\/h1><div class=\"colonnes-wrap valign-middle \"><div class=\"element colonne w-40\"><h2 class=\"element section-title left modeleTitle\">Descubrir Montpellier<\/h2><div class=\"element images\"><div class=\"image\"><img decoding=\"async\" src=\"https:\/\/www.residence-lapinede.com\/wp-content\/uploads\/2021\/06\/centre-montpellier-94x100.jpg\" data-src=\"https:\/\/www.residence-lapinede.com\/wp-content\/uploads\/2021\/06\/centre-montpellier.jpg\" alt=\"centre montpellier\" class=\"images_image\" \/><\/div><\/div><\/div><div class=\"element colonne w-60\"><div class=\"element bloc-text justify \">\n\t<p>Montpellier es la prefectura del H\u00e9rault, en la regi\u00f3n francesa de Languedoc-Rosell\u00f3n, y goza de una situaci\u00f3n ideal en la ruta de las vacaciones. Su clima soleado, sobre todo en los meses de verano, la convierte en un destino privilegiado para unas vacaciones de camping en Castelnau-de-Guers, en la costa mediterr\u00e1nea del H\u00e9rault.<\/p>\n<p>Construida en el siglo XI, la ciudad tiene hoy unos 290.000 habitantes. En su d\u00eda fue una importante capital cultural y econ\u00f3mica. Cerrado a los coches, el centro de Montpellier puede visitarse f\u00e1cilmente gracias a su desarrollada red de tranv\u00edas.<\/p>\n<p>Montpellier se caracteriza por ser la ciudad del sol por excelencia, ideal para el ocio y el descanso en familia.<\/p>\n<\/div><\/div><\/div><\/div><\/section>\n\n<section id=\"section-60a371f719c2b\"data-bg-opacite=\"1\"data-background=\"https:\/\/www.residence-lapinede.com\/wp-content\/uploads\/2021\/06\/visite-montpellier.jpg\"data-speed=\"0.8\"class=\"section modele imageFullDegradeNoir bg-white section--has-bg-img section_bg-parallax\" \/><div class=\"container full\"><\/div><\/section>\n\n\n\n<section id=\"section-60a371f719f5a\"class=\"section modele decoPins decoGauche bg-white\" \/><div class=\"container extralarge\"><div class=\"colonnes-wrap valign-middle \"><div class=\"element colonne w-60\"><h2 class=\"element section-title left modeleTitle\">Las 10 mejores cosas que ver y hacer en Montpellier<\/h2><div class=\"element bloc-text justify \">\n\t<ul>\n<li>Visita del centro hist\u00f3rico: Ecusson y Place royale du Peyrou.<\/li>\n<li>Visita de la plaza de la Com\u00e9die con su fuente de las Tres Gracias.<\/li>\n<li>Paseo de compras por el barrio de Antigone.<\/li>\n<li>Descubrimiento de la torre Barbotte y de la torre de los Pinos.<\/li>\n<li>Visita al museo del Viejo Montpellier, en la casa municipal de Varennes.<\/li>\n<li>Descanso en el Jardin des Plantes, cerca de la Facultad de Medicina de Montpellier.<\/li>\n<li>Paseo hasta la playa de La Grande-Motte.<\/li>\n<li>Descubrir las mansiones privadas como Mirman, Saint-C\u00f4me o Rodez de Benavent.<\/li>\n<li>Explorar la catedral g\u00f3tica de Saint-Pierre, del siglo XIV.<\/li>\n<li>Visitar el museo Fabre y sus colecciones de pintura.<\/li>\n<\/ul>\n<\/div><\/div><div class=\"element colonne w-40\"><div class=\"element images\"><div class=\"image\"><img decoding=\"async\" src=\"https:\/\/www.residence-lapinede.com\/wp-content\/uploads\/2021\/06\/plage-montpellier-94x100.jpg\" data-src=\"https:\/\/www.residence-lapinede.com\/wp-content\/uploads\/2021\/06\/plage-montpellier.jpg\" alt=\"plage montpellier\" class=\"images_image\" \/><\/div><\/div><\/div><\/div><\/div><\/section>\n\n<section id=\"section-60d1fd20dcfb7\"class=\"section modele bg-color3\" \/><div class=\"container extralarge\"><div class=\"colonnes-wrap valign-middle \"><div class=\"element colonne w-40\"><div class=\"element images\"><div class=\"image\"><img decoding=\"async\" src=\"https:\/\/www.residence-lapinede.com\/wp-content\/uploads\/2021\/06\/services-camping-94x100.jpg\" data-src=\"https:\/\/www.residence-lapinede.com\/wp-content\/uploads\/2021\/06\/services-camping.jpg\" alt=\"camping 4 \u00e9toiles h\u00e9rault\" class=\"images_image\" \/><\/div><\/div><\/div><div class=\"element colonne w-60\"><h2 class=\"element section-title left modeleTitle white\">Camping situado a 51 km de Montpellier<\/h2><div class=\"element bloc-text justify \">\n\t<p>A 51 km de Montpellier, el camping La Pin\u00e8de goza de una ubicaci\u00f3n ideal para pasar unas vacaciones id\u00edlicas en familia. En plena naturaleza, le acoge en la calma y la serenidad, gracias a la ausencia de tr\u00e1fico rodado en el camping.<\/p>\n<p>Una gama de 16 mobil-homes de alquiler le espera: de 1 a 3 habitaciones, equipamiento confortable, terraza a la sombra. Nuestro camping cerca de Montpellier dispone de un restaurante que organiza veladas tem\u00e1ticas con conciertos durante la temporada estival.<\/p>\n<p>Para una estancia a\u00fan m\u00e1s paradis\u00edaca en nuestro camping cerca de Montpellier, piscinas y jacuzzi le esperan a usted y a sus hijos. Despu\u00e9s de relajarse en familia o entre amigos, contin\u00fae sus visitas por el H\u00e9rault. Admire los fabulosos paisajes de S\u00e8te, Marseillan y descubra despu\u00e9s Saint-Guilhem-le-D\u00e9sert antes de regresar a su alojamiento cerca de P\u00e9zenas.<\/p>\n<\/div><\/div><\/div><\/div><\/section>\n\n<section id=\"section-60b09547b0c94\"class=\"section modele decoPins decoDroite bg-white\" \/><div class=\"container large\"><div class=\"element section-title center titre-cta\">Descubrir los alrededores de Montpellier<\/div><ul class=\"liste-de-page\"><li class=\"element call-to-action carre call-to-action--style-1 call-to-action--big\"><a href=\"https:\/\/www.residence-lapinede.com\/es\/tourisme-pezenas\/\"  class=\"call-to-action_link\" title=\"M\u00e1s informaci\u00f3n p\u00e9zenas\"><div class=\"call-to-action_image\"><img decoding=\"async\" src=\"https:\/\/www.residence-lapinede.com\/wp-content\/uploads\/2021\/06\/tourisme-pezenas-1-100x50.jpg\" data-src=\"https:\/\/www.residence-lapinede.com\/wp-content\/uploads\/2021\/06\/tourisme-pezenas-1.jpg\" alt=\"tourisme pezenas\" class=\"big\" \/><\/div><div class=\"call-to-action_contenu\"><div class=\"call-to-action_titre\">P\u00e9zenas<\/div><\/div><\/a><\/li><li class=\"element call-to-action carre call-to-action--style-1 call-to-action--big call-to-action--style-1 call-to-action--big\"><a href=\"https:\/\/www.residence-lapinede.com\/es\/camping-saint-guilhem-le-desert\/\"  class=\"call-to-action_link\" title=\"M\u00e1s informaci\u00f3n saint-guilhem-le-desert\"><div class=\"call-to-action_image\"><img decoding=\"async\" src=\"https:\/\/www.residence-lapinede.com\/wp-content\/uploads\/2021\/06\/saint-guilhem-visite-100x50.jpg\" data-src=\"https:\/\/www.residence-lapinede.com\/wp-content\/uploads\/2021\/06\/saint-guilhem-visite.jpg\" alt=\"saint guilhem le desert visite\" class=\"big\" \/><\/div><div class=\"call-to-action_contenu\"><div class=\"call-to-action_titre\">Saint-Guilhem-le-Desert<\/div><\/div><\/a><\/li><\/ul><\/div><\/section>","protected":false},"excerpt":{"rendered":"","protected":false},"author":1,"featured_media":4606,"parent":0,"menu_order":0,"comment_status":"closed","ping_status":"closed","template":"","meta":{"_acf_changed":false,"footnotes":""},"class_list":["post-6041","page","type-page","status-publish","has-post-thumbnail","hentry"],"acf":[],"yoast_head":"<!-- This site is optimized with the Yoast SEO plugin v26.5 - https:\/\/yoast.com\/wordpress\/plugins\/seo\/ -->\n<title>Turismo Montpellier | Vacaciones en Montpellier | Camping cerca de Montpellier<\/title>\n<meta name=\"robots\" content=\"index, follow, max-snippet:-1, max-image-preview:large, max-video-preview:-1\" \/>\n<link rel=\"canonical\" href=\"https:\/\/www.residence-lapinede.com\/es\/camping-montpellier\/\" \/>\n<meta property=\"og:locale\" content=\"es_ES\" \/>\n<meta property=\"og:type\" content=\"article\" \/>\n<meta property=\"og:title\" content=\"Turismo Montpellier | Vacaciones en Montpellier | Camping cerca de Montpellier\" \/>\n<meta property=\"og:url\" content=\"https:\/\/www.residence-lapinede.com\/es\/camping-montpellier\/\" \/>\n<meta property=\"og:site_name\" content=\"Camping r\u00e9sidentiel la Pinede\" \/>\n<meta property=\"article:modified_time\" content=\"2023-03-28T13:55:41+00:00\" \/>\n<meta property=\"og:image\" content=\"https:\/\/www.residence-lapinede.com\/wp-content\/uploads\/2021\/06\/montpellier-visite.jpg\" \/>\n\t<meta property=\"og:image:width\" content=\"1903\" \/>\n\t<meta property=\"og:image:height\" content=\"300\" \/>\n\t<meta property=\"og:image:type\" content=\"image\/jpeg\" \/>\n<meta name=\"twitter:card\" content=\"summary_large_image\" \/>\n<script type=\"application\/ld+json\" class=\"yoast-schema-graph\">{\"@context\":\"https:\/\/schema.org\",\"@graph\":[{\"@type\":\"WebPage\",\"@id\":\"https:\/\/www.residence-lapinede.com\/es\/camping-montpellier\/\",\"url\":\"https:\/\/www.residence-lapinede.com\/es\/camping-montpellier\/\",\"name\":\"Turismo Montpellier | Vacaciones en Montpellier | Camping cerca de Montpellier\",\"isPartOf\":{\"@id\":\"https:\/\/www.residence-lapinede.com\/es\/#website\"},\"primaryImageOfPage\":{\"@id\":\"https:\/\/www.residence-lapinede.com\/es\/camping-montpellier\/#primaryimage\"},\"image\":{\"@id\":\"https:\/\/www.residence-lapinede.com\/es\/camping-montpellier\/#primaryimage\"},\"thumbnailUrl\":\"https:\/\/www.residence-lapinede.com\/wp-content\/uploads\/2021\/06\/montpellier-visite.jpg\",\"datePublished\":\"2021-05-17T09:05:28+00:00\",\"dateModified\":\"2023-03-28T13:55:41+00:00\",\"breadcrumb\":{\"@id\":\"https:\/\/www.residence-lapinede.com\/es\/camping-montpellier\/#breadcrumb\"},\"inLanguage\":\"es\",\"potentialAction\":[{\"@type\":\"ReadAction\",\"target\":[\"https:\/\/www.residence-lapinede.com\/es\/camping-montpellier\/\"]}]},{\"@type\":\"ImageObject\",\"inLanguage\":\"es\",\"@id\":\"https:\/\/www.residence-lapinede.com\/es\/camping-montpellier\/#primaryimage\",\"url\":\"https:\/\/www.residence-lapinede.com\/wp-content\/uploads\/2021\/06\/montpellier-visite.jpg\",\"contentUrl\":\"https:\/\/www.residence-lapinede.com\/wp-content\/uploads\/2021\/06\/montpellier-visite.jpg\",\"width\":1903,\"height\":300},{\"@type\":\"BreadcrumbList\",\"@id\":\"https:\/\/www.residence-lapinede.com\/es\/camping-montpellier\/#breadcrumb\",\"itemListElement\":[{\"@type\":\"ListItem\",\"position\":1,\"name\":\"Camping H\u00e9rault\",\"item\":\"https:\/\/www.residence-lapinede.com\/es\/\"},{\"@type\":\"ListItem\",\"position\":2,\"name\":\"Turismo en Montpellier\"}]},{\"@type\":\"WebSite\",\"@id\":\"https:\/\/www.residence-lapinede.com\/es\/#website\",\"url\":\"https:\/\/www.residence-lapinede.com\/es\/\",\"name\":\"Camping r\u00e9sidentiel la Pinede\",\"description\":\"Calme Luxe Nature\",\"publisher\":{\"@id\":\"https:\/\/www.residence-lapinede.com\/es\/#organization\"},\"potentialAction\":[{\"@type\":\"SearchAction\",\"target\":{\"@type\":\"EntryPoint\",\"urlTemplate\":\"https:\/\/www.residence-lapinede.com\/es\/?s={search_term_string}\"},\"query-input\":{\"@type\":\"PropertyValueSpecification\",\"valueRequired\":true,\"valueName\":\"search_term_string\"}}],\"inLanguage\":\"es\"},{\"@type\":\"Organization\",\"@id\":\"https:\/\/www.residence-lapinede.com\/es\/#organization\",\"name\":\"R\u00e9sidence La Pin\u00e8de\",\"url\":\"https:\/\/www.residence-lapinede.com\/es\/\",\"logo\":{\"@type\":\"ImageObject\",\"inLanguage\":\"es\",\"@id\":\"https:\/\/www.residence-lapinede.com\/es\/#\/schema\/logo\/image\/\",\"url\":\"https:\/\/www.residence-lapinede.com\/wp-content\/uploads\/2021\/05\/camping-pinede-logo.png\",\"contentUrl\":\"https:\/\/www.residence-lapinede.com\/wp-content\/uploads\/2021\/05\/camping-pinede-logo.png\",\"width\":2000,\"height\":875,\"caption\":\"R\u00e9sidence La Pin\u00e8de\"},\"image\":{\"@id\":\"https:\/\/www.residence-lapinede.com\/es\/#\/schema\/logo\/image\/\"}}]}<\/script>\n<!-- \/ Yoast SEO plugin. -->","yoast_head_json":{"title":"Turismo Montpellier | Vacaciones en Montpellier | Camping cerca de Montpellier","robots":{"index":"index","follow":"follow","max-snippet":"max-snippet:-1","max-image-preview":"max-image-preview:large","max-video-preview":"max-video-preview:-1"},"canonical":"https:\/\/www.residence-lapinede.com\/es\/camping-montpellier\/","og_locale":"es_ES","og_type":"article","og_title":"Turismo Montpellier | Vacaciones en Montpellier | Camping cerca de Montpellier","og_url":"https:\/\/www.residence-lapinede.com\/es\/camping-montpellier\/","og_site_name":"Camping r\u00e9sidentiel la Pinede","article_modified_time":"2023-03-28T13:55:41+00:00","og_image":[{"width":1903,"height":300,"url":"https:\/\/www.residence-lapinede.com\/wp-content\/uploads\/2021\/06\/montpellier-visite.jpg","type":"image\/jpeg"}],"twitter_card":"summary_large_image","schema":{"@context":"https:\/\/schema.org","@graph":[{"@type":"WebPage","@id":"https:\/\/www.residence-lapinede.com\/es\/camping-montpellier\/","url":"https:\/\/www.residence-lapinede.com\/es\/camping-montpellier\/","name":"Turismo Montpellier | Vacaciones en Montpellier | Camping cerca de Montpellier","isPartOf":{"@id":"https:\/\/www.residence-lapinede.com\/es\/#website"},"primaryImageOfPage":{"@id":"https:\/\/www.residence-lapinede.com\/es\/camping-montpellier\/#primaryimage"},"image":{"@id":"https:\/\/www.residence-lapinede.com\/es\/camping-montpellier\/#primaryimage"},"thumbnailUrl":"https:\/\/www.residence-lapinede.com\/wp-content\/uploads\/2021\/06\/montpellier-visite.jpg","datePublished":"2021-05-17T09:05:28+00:00","dateModified":"2023-03-28T13:55:41+00:00","breadcrumb":{"@id":"https:\/\/www.residence-lapinede.com\/es\/camping-montpellier\/#breadcrumb"},"inLanguage":"es","potentialAction":[{"@type":"ReadAction","target":["https:\/\/www.residence-lapinede.com\/es\/camping-montpellier\/"]}]},{"@type":"ImageObject","inLanguage":"es","@id":"https:\/\/www.residence-lapinede.com\/es\/camping-montpellier\/#primaryimage","url":"https:\/\/www.residence-lapinede.com\/wp-content\/uploads\/2021\/06\/montpellier-visite.jpg","contentUrl":"https:\/\/www.residence-lapinede.com\/wp-content\/uploads\/2021\/06\/montpellier-visite.jpg","width":1903,"height":300},{"@type":"BreadcrumbList","@id":"https:\/\/www.residence-lapinede.com\/es\/camping-montpellier\/#breadcrumb","itemListElement":[{"@type":"ListItem","position":1,"name":"Camping H\u00e9rault","item":"https:\/\/www.residence-lapinede.com\/es\/"},{"@type":"ListItem","position":2,"name":"Turismo en Montpellier"}]},{"@type":"WebSite","@id":"https:\/\/www.residence-lapinede.com\/es\/#website","url":"https:\/\/www.residence-lapinede.com\/es\/","name":"Camping r\u00e9sidentiel la Pinede","description":"Calme Luxe Nature","publisher":{"@id":"https:\/\/www.residence-lapinede.com\/es\/#organization"},"potentialAction":[{"@type":"SearchAction","target":{"@type":"EntryPoint","urlTemplate":"https:\/\/www.residence-lapinede.com\/es\/?s={search_term_string}"},"query-input":{"@type":"PropertyValueSpecification","valueRequired":true,"valueName":"search_term_string"}}],"inLanguage":"es"},{"@type":"Organization","@id":"https:\/\/www.residence-lapinede.com\/es\/#organization","name":"R\u00e9sidence La Pin\u00e8de","url":"https:\/\/www.residence-lapinede.com\/es\/","logo":{"@type":"ImageObject","inLanguage":"es","@id":"https:\/\/www.residence-lapinede.com\/es\/#\/schema\/logo\/image\/","url":"https:\/\/www.residence-lapinede.com\/wp-content\/uploads\/2021\/05\/camping-pinede-logo.png","contentUrl":"https:\/\/www.residence-lapinede.com\/wp-content\/uploads\/2021\/05\/camping-pinede-logo.png","width":2000,"height":875,"caption":"R\u00e9sidence La Pin\u00e8de"},"image":{"@id":"https:\/\/www.residence-lapinede.com\/es\/#\/schema\/logo\/image\/"}}]}},"_links":{"self":[{"href":"https:\/\/www.residence-lapinede.com\/es\/wp-json\/wp\/v2\/pages\/6041","targetHints":{"allow":["GET"]}}],"collection":[{"href":"https:\/\/www.residence-lapinede.com\/es\/wp-json\/wp\/v2\/pages"}],"about":[{"href":"https:\/\/www.residence-lapinede.com\/es\/wp-json\/wp\/v2\/types\/page"}],"author":[{"embeddable":true,"href":"https:\/\/www.residence-lapinede.com\/es\/wp-json\/wp\/v2\/users\/1"}],"replies":[{"embeddable":true,"href":"https:\/\/www.residence-lapinede.com\/es\/wp-json\/wp\/v2\/comments?post=6041"}],"version-history":[{"count":2,"href":"https:\/\/www.residence-lapinede.com\/es\/wp-json\/wp\/v2\/pages\/6041\/revisions"}],"predecessor-version":[{"id":6044,"href":"https:\/\/www.residence-lapinede.com\/es\/wp-json\/wp\/v2\/pages\/6041\/revisions\/6044"}],"wp:featuredmedia":[{"embeddable":true,"href":"https:\/\/www.residence-lapinede.com\/es\/wp-json\/wp\/v2\/media\/4606"}],"wp:attachment":[{"href":"https:\/\/www.residence-lapinede.com\/es\/wp-json\/wp\/v2\/media?parent=6041"}],"curies":[{"name":"wp","href":"https:\/\/api.w.org\/{rel}","templated":true}]}}