{"id":6037,"date":"2021-05-17T11:03:20","date_gmt":"2021-05-17T09:03:20","guid":{"rendered":"https:\/\/www.residence-lapinede.com\/location-mobil-home-herault\/"},"modified":"2023-04-24T15:19:18","modified_gmt":"2023-04-24T13:19:18","slug":"location-mobil-home-herault","status":"publish","type":"page","link":"https:\/\/www.residence-lapinede.com\/es\/location-mobil-home-herault\/","title":{"rendered":"Mobil homes en location"},"content":{"rendered":"<section id=\"section-60a3611f561cb\"class=\"section modele bg-white\" \/><div class=\"container extralarge\"><h1 class=\"element section-title center\">Alquilar una autocaravana en H\u00e9rault<\/h1><div class=\"filtres\"><\/div><ul class=\"liste-de-page hebergements\"><div class=\"row\"><li class=\"element hebergement call-to-action call-to-action--style-2  gama-vacances nmero-de-personas-2 nmero-de-habitaciones-1 zona-20\" id=\"49563\"><div class=\"hebergement_link\" id=\"5905\"><div class=\"call-to-action_image\" id=\"49563\"><img decoding=\"async\" src=\"https:\/\/www.residence-lapinede.com\/wp-content\/uploads\/2021\/06\/Ext-1.jpg\" data-src=\"https:\/\/www.residence-lapinede.com\/wp-content\/uploads\/2021\/06\/Ext-1.jpg\" alt=\"\" class=\"\" \/><\/div><div class=\"call-to-action_contenu\"><div class=\"call-to-action_titre\">Mobil home Corsaire<\/div><\/div><\/div><\/li><li class=\"element hebergement call-to-action call-to-action--style-2  gama-vacances nmero-de-personas-4 nmero-de-habitaciones-2 zona-27\" id=\"49564\"><div class=\"hebergement_link\" id=\"5909\"><div class=\"call-to-action_image\" id=\"49564\"><img decoding=\"async\" src=\"https:\/\/www.residence-lapinede.com\/wp-content\/uploads\/2021\/06\/ext-2.jpg\" data-src=\"https:\/\/www.residence-lapinede.com\/wp-content\/uploads\/2021\/06\/ext-2.jpg\" alt=\"\" class=\"\" \/><\/div><div class=\"call-to-action_contenu\"><div class=\"call-to-action_titre\">Mobil-home Oc\u00e9ane<\/div><\/div><\/div><\/li><li class=\"element hebergement call-to-action call-to-action--style-2  gama-vacances nmero-de-personas-4 nmero-de-habitaciones-2 zona-30\" id=\"49565\"><div class=\"hebergement_link\" id=\"5911\"><div class=\"call-to-action_image\" id=\"49565\"><img decoding=\"async\" src=\"https:\/\/www.residence-lapinede.com\/wp-content\/uploads\/2021\/06\/SAVANAH-1.jpg\" data-src=\"https:\/\/www.residence-lapinede.com\/wp-content\/uploads\/2021\/06\/SAVANAH-1.jpg\" alt=\"\" class=\"\" \/><\/div><div class=\"call-to-action_contenu\"><div class=\"call-to-action_titre\">Mobil-home Savanah<\/div><\/div><\/div><\/li><li class=\"element hebergement call-to-action call-to-action--style-2  gama-vacances nmero-de-personas-4 nmero-de-habitaciones-2 zona-30\" id=\"49566\"><div class=\"hebergement_link\" id=\"5914\"><div class=\"call-to-action_image\" id=\"49566\"><img decoding=\"async\" src=\"https:\/\/www.residence-lapinede.com\/wp-content\/uploads\/2021\/06\/exte-1.jpg\" data-src=\"https:\/\/www.residence-lapinede.com\/wp-content\/uploads\/2021\/06\/exte-1.jpg\" alt=\"\" class=\"\" \/><\/div><div class=\"call-to-action_contenu\"><div class=\"call-to-action_titre\">Mobil-home Flor\u00e8s<\/div><\/div><\/div><\/li><li class=\"element hebergement call-to-action call-to-action--style-2  gama-vacances nmero-de-personas-4 nmero-de-habitaciones-2 zona-32\" id=\"49567\"><div class=\"hebergement_link\" id=\"5916\"><div class=\"call-to-action_image\" id=\"49567\"><img decoding=\"async\" src=\"https:\/\/www.residence-lapinede.com\/wp-content\/uploads\/2021\/06\/EXT-4.jpg\" data-src=\"https:\/\/www.residence-lapinede.com\/wp-content\/uploads\/2021\/06\/EXT-4.jpg\" alt=\"\" class=\"\" \/><\/div><div class=\"call-to-action_contenu\"><div class=\"call-to-action_titre\">Mobil-home Maldives<\/div><\/div><\/div><\/li><li class=\"element hebergement call-to-action call-to-action--style-2  gama-vacances nmero-de-personas-6 nmero-de-habitaciones-2 zona-30\" id=\"49568\"><div class=\"hebergement_link\" id=\"5918\"><div class=\"call-to-action_image\" id=\"49568\"><img decoding=\"async\" src=\"https:\/\/www.residence-lapinede.com\/wp-content\/uploads\/2021\/06\/ext-5.jpg\" data-src=\"https:\/\/www.residence-lapinede.com\/wp-content\/uploads\/2021\/06\/ext-5.jpg\" alt=\"\" class=\"\" \/><\/div><div class=\"call-to-action_contenu\"><div class=\"call-to-action_titre\">Mobil-home Grand Large<\/div><\/div><\/div><\/li><li class=\"element hebergement call-to-action call-to-action--style-2  gama-vacances nmero-de-personas-6 nmero-de-habitaciones-3 zona-32\" id=\"49578\"><div class=\"hebergement_link\" id=\"5920\"><div class=\"call-to-action_image\" id=\"49578\"><img decoding=\"async\" src=\"https:\/\/www.residence-lapinede.com\/wp-content\/uploads\/2021\/06\/EXT-7.jpg\" data-src=\"https:\/\/www.residence-lapinede.com\/wp-content\/uploads\/2021\/06\/EXT-7.jpg\" alt=\"\" class=\"\" \/><\/div><div class=\"call-to-action_contenu\"><div class=\"call-to-action_titre\">Mobil-home Tamaris<\/div><\/div><\/div><\/li><li class=\"element hebergement call-to-action call-to-action--style-2  gama-vacances nmero-de-personas-6 nmero-de-habitaciones-3 zona-35\" id=\"49577\"><div class=\"hebergement_link\" id=\"5922\"><div class=\"call-to-action_image\" id=\"49577\"><img decoding=\"async\" src=\"https:\/\/www.residence-lapinede.com\/wp-content\/uploads\/2021\/06\/EXT-8.jpg\" data-src=\"https:\/\/www.residence-lapinede.com\/wp-content\/uploads\/2021\/06\/EXT-8.jpg\" alt=\"\" class=\"\" \/><\/div><div class=\"call-to-action_contenu\"><div class=\"call-to-action_titre\">Mobil-home Flor\u00e8s 3<\/div><\/div><\/div><\/li><li class=\"element hebergement call-to-action call-to-action--style-2  gama-vacances nmero-de-personas-6 nmero-de-habitaciones-2 zona-32\" id=\"108979\"><div class=\"hebergement_link\" id=\"5924\"><div class=\"call-to-action_image\" id=\"108979\"><img decoding=\"async\" src=\"https:\/\/www.residence-lapinede.com\/wp-content\/uploads\/2021\/06\/ext-9.jpg\" data-src=\"https:\/\/www.residence-lapinede.com\/wp-content\/uploads\/2021\/06\/ext-9.jpg\" alt=\"\" class=\"\" \/><\/div><div class=\"call-to-action_contenu\"><div class=\"call-to-action_titre\">Mobil-home Sumba<\/div><\/div><\/div><\/li><li class=\"element hebergement call-to-action call-to-action--style-2  gama-rsidentiel nmero-de-personas-6 nmero-de-habitaciones-2 zona-40\" id=\"74622\"><div class=\"hebergement_link\" id=\"5926\"><div class=\"call-to-action_image\" id=\"74622\"><img decoding=\"async\" src=\"https:\/\/www.residence-lapinede.com\/wp-content\/uploads\/2021\/08\/ext-e1738750787696.jpg\" data-src=\"https:\/\/www.residence-lapinede.com\/wp-content\/uploads\/2021\/08\/ext-e1738750787696.jpg\" alt=\"\" class=\"\" \/><\/div><div class=\"call-to-action_contenu\"><div class=\"call-to-action_titre\">Mobil-home Manado<\/div><\/div><\/div><\/li><li class=\"element hebergement call-to-action call-to-action--style-2  gama-rsidentiel nmero-de-personas-6 nmero-de-habitaciones-2 zona-32\" id=\"49570\"><div class=\"hebergement_link\" id=\"5927\"><div class=\"call-to-action_image\" id=\"49570\"><img decoding=\"async\" src=\"https:\/\/www.residence-lapinede.com\/wp-content\/uploads\/2021\/06\/EXT-11.jpg\" data-src=\"https:\/\/www.residence-lapinede.com\/wp-content\/uploads\/2021\/06\/EXT-11.jpg\" alt=\"\" class=\"\" \/><\/div><div class=\"call-to-action_contenu\"><div class=\"call-to-action_titre\">Mobil-home Blueberry<\/div><\/div><\/div><\/li><li class=\"element hebergement call-to-action call-to-action--style-2  gama-rsidentiel nmero-de-personas-6 nmero-de-habitaciones-2 zona-40\" id=\"49572\"><div class=\"hebergement_link\" id=\"5930\"><div class=\"call-to-action_image\" id=\"49572\"><img decoding=\"async\" src=\"https:\/\/www.residence-lapinede.com\/wp-content\/uploads\/2021\/06\/ext-12.jpg\" data-src=\"https:\/\/www.residence-lapinede.com\/wp-content\/uploads\/2021\/06\/ext-12.jpg\" alt=\"\" class=\"\" \/><\/div><div class=\"call-to-action_contenu\"><div class=\"call-to-action_titre\">Mobil-home Madison<\/div><\/div><\/div><\/li><li class=\"element hebergement call-to-action call-to-action--style-2  gama-rsidentiel nmero-de-personas-6 nmero-de-habitaciones-2 zona-40\" id=\"49573\"><div class=\"hebergement_link\" id=\"5932\"><div class=\"call-to-action_image\" id=\"49573\"><img decoding=\"async\" src=\"https:\/\/www.residence-lapinede.com\/wp-content\/uploads\/2021\/06\/ext-13.jpg\" data-src=\"https:\/\/www.residence-lapinede.com\/wp-content\/uploads\/2021\/06\/ext-13.jpg\" alt=\"\" class=\"\" \/><\/div><div class=\"call-to-action_contenu\"><div class=\"call-to-action_titre\">Mobil-home Charleston<\/div><\/div><\/div><\/li><li class=\"element hebergement call-to-action call-to-action--style-2  gama-rsidentiel nmero-de-personas-6 nmero-de-habitaciones-2 zona-40\" id=\"49574\"><div class=\"hebergement_link\" id=\"5934\"><div class=\"call-to-action_image\" id=\"49574\"><img decoding=\"async\" src=\"https:\/\/www.residence-lapinede.com\/wp-content\/uploads\/2021\/06\/ext-14.jpg\" data-src=\"https:\/\/www.residence-lapinede.com\/wp-content\/uploads\/2021\/06\/ext-14.jpg\" alt=\"\" class=\"\" \/><\/div><div class=\"call-to-action_contenu\"><div class=\"call-to-action_titre\">Mobil-home Baltimore<\/div><\/div><\/div><\/li><li class=\"element hebergement call-to-action call-to-action--style-2  gama-rsidentiel nmero-de-personas-6 nmero-de-habitaciones-3 zona-40\" id=\"49582\"><div class=\"hebergement_link\" id=\"5936\"><div class=\"call-to-action_image\" id=\"49582\"><img decoding=\"async\" src=\"https:\/\/www.residence-lapinede.com\/wp-content\/uploads\/2021\/06\/EXT-15.jpg\" data-src=\"https:\/\/www.residence-lapinede.com\/wp-content\/uploads\/2021\/06\/EXT-15.jpg\" alt=\"\" class=\"\" \/><\/div><div class=\"call-to-action_contenu\"><div class=\"call-to-action_titre\">Mobil-home Blueberry 3<\/div><\/div><\/div><\/li><\/div><\/ul><div class=\"colonnes-wrap valign-middle \"><div class=\"element colonne w-40\"><h2 class=\"element section-title left modeleTitle\">Alquiler de mobil home en Castelnau-de-Guers<\/h2><div class=\"element images\"><div class=\"image\"><img decoding=\"async\" src=\"https:\/\/www.residence-lapinede.com\/wp-content\/uploads\/2021\/06\/location-mobil-home-vias-94x100.jpg\" data-src=\"https:\/\/www.residence-lapinede.com\/wp-content\/uploads\/2021\/06\/location-mobil-home-vias.jpg\" alt=\"location mobil home pezenas\" class=\"images_image\" \/><\/div><\/div><\/div><div class=\"element colonne w-60\"><div class=\"element bloc-text justify \">\n\t<p>Las 143 casas m\u00f3viles de La Pin\u00e8de son todas de propiedad privada.<\/p>\n<p>La Pin\u00e8de es sin duda una buena opci\u00f3n para alquilar una casa m\u00f3vil en el H\u00e9rault, pero no tarde en reservar la suya, ya que s\u00f3lo sesenta de ellas est\u00e1n disponibles para alquilar.<\/p>\n<p>Cada una dispone de una terraza con muebles de jard\u00edn y sombrilla, televisi\u00f3n TNT y un inventario disponible para cada modelo.<\/p>\n<p>Para los que vienen a pasar unos d\u00edas en familia o entre amigos en la regi\u00f3n francesa de H\u00e9rault, eche un vistazo a la gama Vacaciones o a la gama Ocio. Y para los que buscan m\u00e1s comodidad y espacio, \u00a1la gama Residencial es para usted!<\/p>\n<p>Elija el n\u00famero de su mobil-home descargando el mapa del camping y p\u00f3ngase en contacto con nosotros. Estaremos encantados de aconsejarle sobre la parcela m\u00e1s adecuada para el alquiler de su mobil-home al mejor precio en el H\u00e9rault. Consulte la lista de mobil-homes en alquiler.<\/p>\n<\/div><\/div><\/div><\/div><\/section>\n\n<section id=\"section-60a371f719c2b\"data-bg-opacite=\"1\"data-background=\"https:\/\/www.residence-lapinede.com\/wp-content\/uploads\/2021\/06\/mobil-home-herault.jpg\"data-speed=\"0.8\"class=\"section modele imageFullDegradeNoir bg-white section--has-bg-img section_bg-parallax\" \/><div class=\"container full\"><\/div><\/section>\n\n\n\n<section id=\"section-60a371f719f5a\"class=\"section modele bg-white\" \/><div class=\"container extralarge\"><div class=\"colonnes-wrap valign-middle \"><div class=\"element colonne w-60\"><h2 class=\"element section-title left modeleTitle\">Mobil-homes Louisiane, fabricante franc\u00e9s<\/h2><div class=\"element bloc-text justify \">\n\t<p>Alquile o compre un mobil-home con la garant\u00eda del l\u00edder franc\u00e9s especializado en el dise\u00f1o de mobil-homes de alta gama, una garant\u00eda de saber hacer heredada de m\u00e1s de 30 a\u00f1os de experiencia en el sector de la construcci\u00f3n.<\/p>\n<p>Siguiendo un pliego de condiciones muy estricto, el camping La Pin\u00e8de le propone una gama in\u00e9dita de 16 modelos de 20 a 40 m\u00b2 de 1, 2 o 3 habitaciones. La estructura \u00abcerrada y cubierta\u00bb est\u00e1 dise\u00f1ada seg\u00fan las t\u00e9cnicas de la construcci\u00f3n con, en particular, aislamiento reforzado, doble acristalamiento sobre marcos de PVC, aislamiento del techo de 200 mm y puede equiparse con revestimiento Canexel canadiense.<\/p>\n<p>Todos los elementos estructurales, como los marcos, el revestimiento Canexel y la cubierta, est\u00e1n cubiertos por la garant\u00eda decenal del edificio. El interior est\u00e1 totalmente amueblado, y ofrecemos equipos de calidad, fiables y duraderos para las instalaciones sanitarias, los electrodom\u00e9sticos, el mobiliario y la decoraci\u00f3n.<\/p>\n<p>Nota: todas las casas m\u00f3viles est\u00e1n equipadas con una terraza de madera con muebles de jard\u00edn y sombrilla.<br \/>\nA\u00f1o de construcci\u00f3n de las casas m\u00f3viles: 2007 a 2008.<\/p>\n<\/div><\/div><div class=\"element colonne w-40\"><div class=\"element images\"><div class=\"image\"><img decoding=\"async\" src=\"https:\/\/www.residence-lapinede.com\/wp-content\/uploads\/2021\/06\/location-mobil-home-pezenas-94x100.jpg\" data-src=\"https:\/\/www.residence-lapinede.com\/wp-content\/uploads\/2021\/06\/location-mobil-home-pezenas.jpg\" alt=\"location mobil-home pezenas\" class=\"images_image\" \/><\/div><\/div><\/div><\/div><\/div><\/section>\n\n<section id=\"section-60b09547b0c94\"class=\"section modele decoPins decoDroite bg-white\" \/><div class=\"container large\"><div class=\"element section-title center titre-cta\">Nuestros precios y nuestras casas m\u00f3viles en venta en el camping<\/div><ul class=\"liste-de-page\"><li class=\"element call-to-action carre call-to-action--style-1 call-to-action--big\"><a href=\"https:\/\/www.residence-lapinede.com\/es\/vente-mobil-home-herault\/\"  class=\"call-to-action_link\" title=\"M\u00e1s informaci\u00f3n convi\u00e9rtase en propietario\"><div class=\"call-to-action_image\"><img decoding=\"async\" src=\"https:\/\/www.residence-lapinede.com\/wp-content\/uploads\/2021\/06\/achat-mobil-home-pezenas-100x80.jpg\" data-src=\"https:\/\/www.residence-lapinede.com\/wp-content\/uploads\/2021\/06\/achat-mobil-home-pezenas.jpg\" alt=\"achat mobil home pezenas\" class=\"big\" \/><\/div><div class=\"call-to-action_contenu\"><div class=\"call-to-action_titre\">Convi\u00e9rtase en propietario<\/div><\/div><\/a><\/li><li class=\"element call-to-action carre call-to-action--style-1 call-to-action--big call-to-action--style-1 call-to-action--big\"><a href=\"https:\/\/www.residence-lapinede.com\/es\/camping-familial-herault\/\"  class=\"call-to-action_link\" title=\"M\u00e1s informaci\u00f3n nuestros servicios\"><div class=\"call-to-action_image\"><img decoding=\"async\" src=\"https:\/\/www.residence-lapinede.com\/wp-content\/uploads\/2021\/06\/camping-familial-herault-95x100.jpg\" data-src=\"https:\/\/www.residence-lapinede.com\/wp-content\/uploads\/2021\/06\/camping-familial-herault.jpg\" alt=\"camping familial herault\" class=\"big\" \/><\/div><div class=\"call-to-action_contenu\"><div class=\"call-to-action_titre\">Nuestros servicios<\/div><\/div><\/a><\/li><li class=\"element call-to-action carre call-to-action--style-1 call-to-action--big call-to-action--style-1 call-to-action--big call-to-action--style-1 call-to-action--big\"><a href=\"https:\/\/www.residence-lapinede.com\/es\/camping-pas-cher-herault\/\"  class=\"call-to-action_link\" title=\"M\u00e1s informaci\u00f3n nuestros precios\"><div class=\"call-to-action_image\"><img decoding=\"async\" src=\"https:\/\/www.residence-lapinede.com\/wp-content\/uploads\/2021\/06\/pas-cher-vias-100x80.jpg\" data-src=\"https:\/\/www.residence-lapinede.com\/wp-content\/uploads\/2021\/06\/pas-cher-vias.jpg\" alt=\"camping pas cher h\u00e9rault\" class=\"big\" \/><\/div><div class=\"call-to-action_contenu\"><div class=\"call-to-action_titre\">Nuestros precios<\/div><\/div><\/a><\/li><\/ul><\/div><\/section>","protected":false},"excerpt":{"rendered":"","protected":false},"author":1,"featured_media":4572,"parent":0,"menu_order":0,"comment_status":"closed","ping_status":"closed","template":"","meta":{"_acf_changed":false,"footnotes":""},"class_list":["post-6037","page","type-page","status-publish","has-post-thumbnail","hentry"],"acf":[],"yoast_head":"<!-- This site is optimized with the Yoast SEO plugin v26.5 - https:\/\/yoast.com\/wordpress\/plugins\/seo\/ -->\n<title>Alquiler de mobil home cerca de P\u00e9zenas | Alquiler de alojamiento en H\u00e9rault<\/title>\n<meta name=\"robots\" content=\"index, follow, max-snippet:-1, max-image-preview:large, max-video-preview:-1\" \/>\n<link rel=\"canonical\" href=\"https:\/\/www.residence-lapinede.com\/es\/location-mobil-home-herault\/\" \/>\n<meta property=\"og:locale\" content=\"es_ES\" \/>\n<meta property=\"og:type\" content=\"article\" \/>\n<meta property=\"og:title\" content=\"Alquiler de mobil home cerca de P\u00e9zenas | Alquiler de alojamiento en H\u00e9rault\" \/>\n<meta property=\"og:url\" content=\"https:\/\/www.residence-lapinede.com\/es\/location-mobil-home-herault\/\" \/>\n<meta property=\"og:site_name\" content=\"Camping r\u00e9sidentiel la Pinede\" \/>\n<meta property=\"article:modified_time\" content=\"2023-04-24T13:19:18+00:00\" \/>\n<meta property=\"og:image\" content=\"https:\/\/www.residence-lapinede.com\/wp-content\/uploads\/2021\/06\/mobil-home-vias.jpg\" \/>\n\t<meta property=\"og:image:width\" content=\"1903\" \/>\n\t<meta property=\"og:image:height\" content=\"299\" \/>\n\t<meta property=\"og:image:type\" content=\"image\/jpeg\" \/>\n<meta name=\"twitter:card\" content=\"summary_large_image\" \/>\n<script type=\"application\/ld+json\" class=\"yoast-schema-graph\">{\"@context\":\"https:\/\/schema.org\",\"@graph\":[{\"@type\":\"WebPage\",\"@id\":\"https:\/\/www.residence-lapinede.com\/es\/location-mobil-home-herault\/\",\"url\":\"https:\/\/www.residence-lapinede.com\/es\/location-mobil-home-herault\/\",\"name\":\"Alquiler de mobil home cerca de P\u00e9zenas | Alquiler de alojamiento en H\u00e9rault\",\"isPartOf\":{\"@id\":\"https:\/\/www.residence-lapinede.com\/es\/#website\"},\"primaryImageOfPage\":{\"@id\":\"https:\/\/www.residence-lapinede.com\/es\/location-mobil-home-herault\/#primaryimage\"},\"image\":{\"@id\":\"https:\/\/www.residence-lapinede.com\/es\/location-mobil-home-herault\/#primaryimage\"},\"thumbnailUrl\":\"https:\/\/www.residence-lapinede.com\/wp-content\/uploads\/2021\/06\/mobil-home-vias.jpg\",\"datePublished\":\"2021-05-17T09:03:20+00:00\",\"dateModified\":\"2023-04-24T13:19:18+00:00\",\"breadcrumb\":{\"@id\":\"https:\/\/www.residence-lapinede.com\/es\/location-mobil-home-herault\/#breadcrumb\"},\"inLanguage\":\"es\",\"potentialAction\":[{\"@type\":\"ReadAction\",\"target\":[\"https:\/\/www.residence-lapinede.com\/es\/location-mobil-home-herault\/\"]}]},{\"@type\":\"ImageObject\",\"inLanguage\":\"es\",\"@id\":\"https:\/\/www.residence-lapinede.com\/es\/location-mobil-home-herault\/#primaryimage\",\"url\":\"https:\/\/www.residence-lapinede.com\/wp-content\/uploads\/2021\/06\/mobil-home-vias.jpg\",\"contentUrl\":\"https:\/\/www.residence-lapinede.com\/wp-content\/uploads\/2021\/06\/mobil-home-vias.jpg\",\"width\":1903,\"height\":299},{\"@type\":\"BreadcrumbList\",\"@id\":\"https:\/\/www.residence-lapinede.com\/es\/location-mobil-home-herault\/#breadcrumb\",\"itemListElement\":[{\"@type\":\"ListItem\",\"position\":1,\"name\":\"Camping H\u00e9rault\",\"item\":\"https:\/\/www.residence-lapinede.com\/es\/\"},{\"@type\":\"ListItem\",\"position\":2,\"name\":\"Alquiler de mobil home cerca de P\u00e9zenas\"}]},{\"@type\":\"WebSite\",\"@id\":\"https:\/\/www.residence-lapinede.com\/es\/#website\",\"url\":\"https:\/\/www.residence-lapinede.com\/es\/\",\"name\":\"Camping r\u00e9sidentiel la Pinede\",\"description\":\"Calme Luxe Nature\",\"publisher\":{\"@id\":\"https:\/\/www.residence-lapinede.com\/es\/#organization\"},\"potentialAction\":[{\"@type\":\"SearchAction\",\"target\":{\"@type\":\"EntryPoint\",\"urlTemplate\":\"https:\/\/www.residence-lapinede.com\/es\/?s={search_term_string}\"},\"query-input\":{\"@type\":\"PropertyValueSpecification\",\"valueRequired\":true,\"valueName\":\"search_term_string\"}}],\"inLanguage\":\"es\"},{\"@type\":\"Organization\",\"@id\":\"https:\/\/www.residence-lapinede.com\/es\/#organization\",\"name\":\"R\u00e9sidence La Pin\u00e8de\",\"url\":\"https:\/\/www.residence-lapinede.com\/es\/\",\"logo\":{\"@type\":\"ImageObject\",\"inLanguage\":\"es\",\"@id\":\"https:\/\/www.residence-lapinede.com\/es\/#\/schema\/logo\/image\/\",\"url\":\"https:\/\/www.residence-lapinede.com\/wp-content\/uploads\/2021\/05\/camping-pinede-logo.png\",\"contentUrl\":\"https:\/\/www.residence-lapinede.com\/wp-content\/uploads\/2021\/05\/camping-pinede-logo.png\",\"width\":2000,\"height\":875,\"caption\":\"R\u00e9sidence La Pin\u00e8de\"},\"image\":{\"@id\":\"https:\/\/www.residence-lapinede.com\/es\/#\/schema\/logo\/image\/\"}}]}<\/script>\n<!-- \/ Yoast SEO plugin. -->","yoast_head_json":{"title":"Alquiler de mobil home cerca de P\u00e9zenas | Alquiler de alojamiento en H\u00e9rault","robots":{"index":"index","follow":"follow","max-snippet":"max-snippet:-1","max-image-preview":"max-image-preview:large","max-video-preview":"max-video-preview:-1"},"canonical":"https:\/\/www.residence-lapinede.com\/es\/location-mobil-home-herault\/","og_locale":"es_ES","og_type":"article","og_title":"Alquiler de mobil home cerca de P\u00e9zenas | Alquiler de alojamiento en H\u00e9rault","og_url":"https:\/\/www.residence-lapinede.com\/es\/location-mobil-home-herault\/","og_site_name":"Camping r\u00e9sidentiel la Pinede","article_modified_time":"2023-04-24T13:19:18+00:00","og_image":[{"width":1903,"height":299,"url":"https:\/\/www.residence-lapinede.com\/wp-content\/uploads\/2021\/06\/mobil-home-vias.jpg","type":"image\/jpeg"}],"twitter_card":"summary_large_image","schema":{"@context":"https:\/\/schema.org","@graph":[{"@type":"WebPage","@id":"https:\/\/www.residence-lapinede.com\/es\/location-mobil-home-herault\/","url":"https:\/\/www.residence-lapinede.com\/es\/location-mobil-home-herault\/","name":"Alquiler de mobil home cerca de P\u00e9zenas | Alquiler de alojamiento en H\u00e9rault","isPartOf":{"@id":"https:\/\/www.residence-lapinede.com\/es\/#website"},"primaryImageOfPage":{"@id":"https:\/\/www.residence-lapinede.com\/es\/location-mobil-home-herault\/#primaryimage"},"image":{"@id":"https:\/\/www.residence-lapinede.com\/es\/location-mobil-home-herault\/#primaryimage"},"thumbnailUrl":"https:\/\/www.residence-lapinede.com\/wp-content\/uploads\/2021\/06\/mobil-home-vias.jpg","datePublished":"2021-05-17T09:03:20+00:00","dateModified":"2023-04-24T13:19:18+00:00","breadcrumb":{"@id":"https:\/\/www.residence-lapinede.com\/es\/location-mobil-home-herault\/#breadcrumb"},"inLanguage":"es","potentialAction":[{"@type":"ReadAction","target":["https:\/\/www.residence-lapinede.com\/es\/location-mobil-home-herault\/"]}]},{"@type":"ImageObject","inLanguage":"es","@id":"https:\/\/www.residence-lapinede.com\/es\/location-mobil-home-herault\/#primaryimage","url":"https:\/\/www.residence-lapinede.com\/wp-content\/uploads\/2021\/06\/mobil-home-vias.jpg","contentUrl":"https:\/\/www.residence-lapinede.com\/wp-content\/uploads\/2021\/06\/mobil-home-vias.jpg","width":1903,"height":299},{"@type":"BreadcrumbList","@id":"https:\/\/www.residence-lapinede.com\/es\/location-mobil-home-herault\/#breadcrumb","itemListElement":[{"@type":"ListItem","position":1,"name":"Camping H\u00e9rault","item":"https:\/\/www.residence-lapinede.com\/es\/"},{"@type":"ListItem","position":2,"name":"Alquiler de mobil home cerca de P\u00e9zenas"}]},{"@type":"WebSite","@id":"https:\/\/www.residence-lapinede.com\/es\/#website","url":"https:\/\/www.residence-lapinede.com\/es\/","name":"Camping r\u00e9sidentiel la Pinede","description":"Calme Luxe Nature","publisher":{"@id":"https:\/\/www.residence-lapinede.com\/es\/#organization"},"potentialAction":[{"@type":"SearchAction","target":{"@type":"EntryPoint","urlTemplate":"https:\/\/www.residence-lapinede.com\/es\/?s={search_term_string}"},"query-input":{"@type":"PropertyValueSpecification","valueRequired":true,"valueName":"search_term_string"}}],"inLanguage":"es"},{"@type":"Organization","@id":"https:\/\/www.residence-lapinede.com\/es\/#organization","name":"R\u00e9sidence La Pin\u00e8de","url":"https:\/\/www.residence-lapinede.com\/es\/","logo":{"@type":"ImageObject","inLanguage":"es","@id":"https:\/\/www.residence-lapinede.com\/es\/#\/schema\/logo\/image\/","url":"https:\/\/www.residence-lapinede.com\/wp-content\/uploads\/2021\/05\/camping-pinede-logo.png","contentUrl":"https:\/\/www.residence-lapinede.com\/wp-content\/uploads\/2021\/05\/camping-pinede-logo.png","width":2000,"height":875,"caption":"R\u00e9sidence La Pin\u00e8de"},"image":{"@id":"https:\/\/www.residence-lapinede.com\/es\/#\/schema\/logo\/image\/"}}]}},"_links":{"self":[{"href":"https:\/\/www.residence-lapinede.com\/es\/wp-json\/wp\/v2\/pages\/6037","targetHints":{"allow":["GET"]}}],"collection":[{"href":"https:\/\/www.residence-lapinede.com\/es\/wp-json\/wp\/v2\/pages"}],"about":[{"href":"https:\/\/www.residence-lapinede.com\/es\/wp-json\/wp\/v2\/types\/page"}],"author":[{"embeddable":true,"href":"https:\/\/www.residence-lapinede.com\/es\/wp-json\/wp\/v2\/users\/1"}],"replies":[{"embeddable":true,"href":"https:\/\/www.residence-lapinede.com\/es\/wp-json\/wp\/v2\/comments?post=6037"}],"version-history":[{"count":4,"href":"https:\/\/www.residence-lapinede.com\/es\/wp-json\/wp\/v2\/pages\/6037\/revisions"}],"predecessor-version":[{"id":6213,"href":"https:\/\/www.residence-lapinede.com\/es\/wp-json\/wp\/v2\/pages\/6037\/revisions\/6213"}],"wp:featuredmedia":[{"embeddable":true,"href":"https:\/\/www.residence-lapinede.com\/es\/wp-json\/wp\/v2\/media\/4572"}],"wp:attachment":[{"href":"https:\/\/www.residence-lapinede.com\/es\/wp-json\/wp\/v2\/media?parent=6037"}],"curies":[{"name":"wp","href":"https:\/\/api.w.org\/{rel}","templated":true}]}}