{"id":6031,"date":"2021-08-03T12:01:13","date_gmt":"2021-08-03T10:01:13","guid":{"rendered":"https:\/\/www.residence-lapinede.com\/mobil-homes-a-vendre\/"},"modified":"2023-03-28T15:50:35","modified_gmt":"2023-03-28T13:50:35","slug":"mobil-homes-a-vendre","status":"publish","type":"page","link":"https:\/\/www.residence-lapinede.com\/es\/mobil-homes-a-vendre\/","title":{"rendered":"Mobil homes \u00e0 vendre"},"content":{"rendered":"<section id=\"section-60a3611f561cb\"class=\"section modele bg-white\" \/><div class=\"container extralarge\"><h1 class=\"element section-title center\">Comprar una casa m\u00f3vil en H\u00e9rault<\/h1><div class=\"element bloc-text justify \">\n\t<p style=\"text-align: center;\"><strong>ATENCI\u00d3N: RECHAZAMOS TODAS LAS SOLICITUDES DE COMPRA O ALQUILER DE UNA VIVIENDA PARA VIVIR DURANTE EL A\u00d1O.<\/strong><\/p>\n<\/div><div class=\"filtres\"><\/div><ul class=\"liste-de-page hebergements\"><div class=\"row\"><li class=\"element hebergement call-to-action call-to-action--style-2  gama-g-rsidentiel nmero-de-personas-6 nmero-de-habitaciones-2 zona-40 tarifa-55-510\" id=\"\"><div class=\"hebergement_link\" id=\"5939\"><div class=\"call-to-action_image\" id=\"\"><img decoding=\"async\" src=\"https:\/\/www.residence-lapinede.com\/wp-content\/uploads\/2022\/02\/Noir-et-Blanc-Plage-Vacances-Famille-Photo-Livre.jpg\" data-src=\"https:\/\/www.residence-lapinede.com\/wp-content\/uploads\/2022\/02\/Noir-et-Blanc-Plage-Vacances-Famille-Photo-Livre.jpg\" alt=\"\" class=\"\" \/><\/div><div class=\"call-to-action_contenu\"><div class=\"call-to-action_titre\">n\u00b0133 mobil home BALTIMORE **RESERVADA<\/div><\/div><\/div><\/li><li class=\"element hebergement call-to-action call-to-action--style-2  gama-g-vacances nmero-de-personas-6 nmero-de-habitaciones-3 zona-32 tarifa-43510\" id=\"\"><div class=\"hebergement_link\" id=\"5948\"><div class=\"call-to-action_image\" id=\"\"><img decoding=\"async\" src=\"https:\/\/www.residence-lapinede.com\/wp-content\/uploads\/2022\/02\/Noir-et-Blanc-Plage-Vacances-Famille-Photo-Livre.jpg\" data-src=\"https:\/\/www.residence-lapinede.com\/wp-content\/uploads\/2022\/02\/Noir-et-Blanc-Plage-Vacances-Famille-Photo-Livre.jpg\" alt=\"\" class=\"\" \/><\/div><div class=\"call-to-action_contenu\"><div class=\"call-to-action_titre\">N\u00b0004 MOBIL HOME ESTRIBOR**RESERVADO<\/div><\/div><\/div><\/li><\/div><\/ul><\/div><\/section>\n\n<section id=\"section-60a371f719c2b\"data-bg-opacite=\"0\"data-background=\"https:\/\/www.residence-lapinede.com\/wp-content\/uploads\/2021\/08\/mobilhome40-rs.jpg\"data-speed=\"0.5\"class=\"section modele imageFullDegradeNoir bg-white section--has-bg-img section_bg-parallax\" \/><div class=\"container full\"><\/div><\/section>\n\n\n\n<section id=\"section-60a371f719f5a\"class=\"section modele bg-white\" \/><div class=\"container extralarge\"><div class=\"colonnes-wrap valign-middle \"><div class=\"element colonne w-60\"><h2 class=\"element section-title left modeleTitle\">100% Mobil-homes Louisiane, fabricante franc\u00e9s<\/h2><div class=\"element bloc-text justify \">\n\t<p>Compre un mobil-home con la garant\u00eda del l\u00edder franc\u00e9s especializado en el dise\u00f1o de mobil-homes de alta gama, garant\u00eda del saber hacer que hereda de m\u00e1s de 30 a\u00f1os de experiencia en el sector de la construcci\u00f3n.<\/p>\n<p>Siguiendo un pliego de condiciones muy estricto, el camping La Pin\u00e8de le propone una gama in\u00e9dita de 16 modelos de 20 a 40 m\u00b2 de 1, 2 \u00f3 3 habitaciones. La estructura \u00abcerrada y cubierta\u00bb est\u00e1 dise\u00f1ada seg\u00fan las t\u00e9cnicas de la construcci\u00f3n con, en particular, aislamiento reforzado, doble acristalamiento sobre marcos de PVC, aislamiento del techo de 200 mm y puede equiparse con revestimiento Canexel canadiense.<\/p>\n<p>Todos los elementos estructurales, como los marcos, el revestimiento Canexel y la cubierta, est\u00e1n cubiertos por la garant\u00eda decenal del edificio. El interior est\u00e1 totalmente amueblado, y ofrecemos equipos de calidad, fiables y duraderos para las instalaciones sanitarias, los electrodom\u00e9sticos, el mobiliario y la decoraci\u00f3n.<\/p>\n<p>Nota: todas las casas m\u00f3viles est\u00e1n equipadas con una terraza de madera con muebles de jard\u00edn y sombrilla.<br \/>\nA\u00f1o de construcci\u00f3n de las casas m\u00f3viles: 2007 a 2008.<\/p>\n<\/div><\/div><div class=\"element colonne w-40\"><div class=\"element images\"><div class=\"image\"><img decoding=\"async\" src=\"https:\/\/www.residence-lapinede.com\/wp-content\/uploads\/2021\/06\/location-mobil-home-pezenas-94x100.jpg\" data-src=\"https:\/\/www.residence-lapinede.com\/wp-content\/uploads\/2021\/06\/location-mobil-home-pezenas.jpg\" alt=\"location mobil-home pezenas\" class=\"images_image\" \/><\/div><\/div><a href=\"https:\/\/www.residence-lapinede.com\/docs\/liste-parcelles.pdf\" title=\"Descargar la lista de casas m\u00f3viles en venta\" target=\" target=\"_blank\" rel=\"noopener\" \" class=\"element bouton center\" ><span>Descargar la lista de casas m\u00f3viles en venta<\/span><\/a><\/div><\/div><\/div><\/section>\n\n<section id=\"section-60b09547b0c94\"class=\"section modele decoPins decoDroite bg-white\" \/><div class=\"container large\"><div class=\"element section-title center titre-cta\">Nuestros precios y nuestras casas m\u00f3viles en venta en el camping<\/div><ul class=\"liste-de-page\"><li class=\"element call-to-action carre call-to-action--style-1 call-to-action--big\"><a href=\"https:\/\/www.residence-lapinede.com\/es\/vente-mobil-home-herault\/\"  class=\"call-to-action_link\" title=\"M\u00e1s informaci\u00f3n convi\u00e9rtase en propietario\"><div class=\"call-to-action_image\"><img decoding=\"async\" src=\"https:\/\/www.residence-lapinede.com\/wp-content\/uploads\/2021\/06\/achat-mobil-home-pezenas-100x80.jpg\" data-src=\"https:\/\/www.residence-lapinede.com\/wp-content\/uploads\/2021\/06\/achat-mobil-home-pezenas.jpg\" alt=\"achat mobil home pezenas\" class=\"big\" \/><\/div><div class=\"call-to-action_contenu\"><div class=\"call-to-action_titre\">Convi\u00e9rtase en propietario<\/div><\/div><\/a><\/li><li class=\"element call-to-action carre call-to-action--style-1 call-to-action--big call-to-action--style-1 call-to-action--big\"><a href=\"https:\/\/www.residence-lapinede.com\/es\/camping-familial-herault\/\"  class=\"call-to-action_link\" title=\"M\u00e1s informaci\u00f3n nuestros servicios\"><div class=\"call-to-action_image\"><img decoding=\"async\" src=\"https:\/\/www.residence-lapinede.com\/wp-content\/uploads\/2021\/06\/camping-familial-herault-95x100.jpg\" data-src=\"https:\/\/www.residence-lapinede.com\/wp-content\/uploads\/2021\/06\/camping-familial-herault.jpg\" alt=\"camping familial herault\" class=\"big\" \/><\/div><div class=\"call-to-action_contenu\"><div class=\"call-to-action_titre\">Nuestros servicios<\/div><\/div><\/a><\/li><li class=\"element call-to-action carre call-to-action--style-1 call-to-action--big call-to-action--style-1 call-to-action--big call-to-action--style-1 call-to-action--big\"><a href=\"https:\/\/www.residence-lapinede.com\/es\/camping-pas-cher-herault\/\"  class=\"call-to-action_link\" title=\"M\u00e1s informaci\u00f3n nuestros precios\"><div class=\"call-to-action_image\"><img decoding=\"async\" src=\"https:\/\/www.residence-lapinede.com\/wp-content\/uploads\/2021\/06\/pas-cher-vias-100x80.jpg\" data-src=\"https:\/\/www.residence-lapinede.com\/wp-content\/uploads\/2021\/06\/pas-cher-vias.jpg\" alt=\"camping pas cher h\u00e9rault\" class=\"big\" \/><\/div><div class=\"call-to-action_contenu\"><div class=\"call-to-action_titre\">Nuestros precios<\/div><\/div><\/a><\/li><\/ul><\/div><\/section>","protected":false},"excerpt":{"rendered":"","protected":false},"author":2,"featured_media":0,"parent":0,"menu_order":0,"comment_status":"closed","ping_status":"closed","template":"","meta":{"_acf_changed":false,"footnotes":""},"class_list":["post-6031","page","type-page","status-publish","hentry"],"acf":[],"yoast_head":"<!-- This site is optimized with the Yoast SEO plugin v26.5 - https:\/\/yoast.com\/wordpress\/plugins\/seo\/ -->\n<title>Mobil homes \u00e0 vendre - Camping r\u00e9sidentiel la Pinede<\/title>\n<meta name=\"description\" content=\"Venta de mobil homes en parcela - abierto todo el a\u00f1o en el Herault, convi\u00e9rtase en propietario de su mobil home en el sur de Francia\" \/>\n<meta name=\"robots\" content=\"index, follow, max-snippet:-1, max-image-preview:large, max-video-preview:-1\" \/>\n<link rel=\"canonical\" href=\"https:\/\/www.residence-lapinede.com\/es\/mobil-homes-a-vendre\/\" \/>\n<meta property=\"og:locale\" content=\"es_ES\" \/>\n<meta property=\"og:type\" content=\"article\" \/>\n<meta property=\"og:title\" content=\"Mobil homes \u00e0 vendre - Camping r\u00e9sidentiel la Pinede\" \/>\n<meta property=\"og:description\" content=\"Venta de mobil homes en parcela - abierto todo el a\u00f1o en el Herault, convi\u00e9rtase en propietario de su mobil home en el sur de Francia\" \/>\n<meta property=\"og:url\" content=\"https:\/\/www.residence-lapinede.com\/es\/mobil-homes-a-vendre\/\" \/>\n<meta property=\"og:site_name\" content=\"Camping r\u00e9sidentiel la Pinede\" \/>\n<meta property=\"article:modified_time\" content=\"2023-03-28T13:50:35+00:00\" \/>\n<meta name=\"twitter:card\" content=\"summary_large_image\" \/>\n<script type=\"application\/ld+json\" class=\"yoast-schema-graph\">{\"@context\":\"https:\/\/schema.org\",\"@graph\":[{\"@type\":\"WebPage\",\"@id\":\"https:\/\/www.residence-lapinede.com\/es\/mobil-homes-a-vendre\/\",\"url\":\"https:\/\/www.residence-lapinede.com\/es\/mobil-homes-a-vendre\/\",\"name\":\"Mobil homes \u00e0 vendre - Camping r\u00e9sidentiel la Pinede\",\"isPartOf\":{\"@id\":\"https:\/\/www.residence-lapinede.com\/es\/#website\"},\"datePublished\":\"2021-08-03T10:01:13+00:00\",\"dateModified\":\"2023-03-28T13:50:35+00:00\",\"description\":\"Venta de mobil homes en parcela - abierto todo el a\u00f1o en el Herault, convi\u00e9rtase en propietario de su mobil home en el sur de Francia\",\"breadcrumb\":{\"@id\":\"https:\/\/www.residence-lapinede.com\/es\/mobil-homes-a-vendre\/#breadcrumb\"},\"inLanguage\":\"es\",\"potentialAction\":[{\"@type\":\"ReadAction\",\"target\":[\"https:\/\/www.residence-lapinede.com\/es\/mobil-homes-a-vendre\/\"]}]},{\"@type\":\"BreadcrumbList\",\"@id\":\"https:\/\/www.residence-lapinede.com\/es\/mobil-homes-a-vendre\/#breadcrumb\",\"itemListElement\":[{\"@type\":\"ListItem\",\"position\":1,\"name\":\"Camping H\u00e9rault\",\"item\":\"https:\/\/www.residence-lapinede.com\/es\/\"},{\"@type\":\"ListItem\",\"position\":2,\"name\":\"Mobil homes \u00e0 vendre\"}]},{\"@type\":\"WebSite\",\"@id\":\"https:\/\/www.residence-lapinede.com\/es\/#website\",\"url\":\"https:\/\/www.residence-lapinede.com\/es\/\",\"name\":\"Camping r\u00e9sidentiel la Pinede\",\"description\":\"Calme Luxe Nature\",\"publisher\":{\"@id\":\"https:\/\/www.residence-lapinede.com\/es\/#organization\"},\"potentialAction\":[{\"@type\":\"SearchAction\",\"target\":{\"@type\":\"EntryPoint\",\"urlTemplate\":\"https:\/\/www.residence-lapinede.com\/es\/?s={search_term_string}\"},\"query-input\":{\"@type\":\"PropertyValueSpecification\",\"valueRequired\":true,\"valueName\":\"search_term_string\"}}],\"inLanguage\":\"es\"},{\"@type\":\"Organization\",\"@id\":\"https:\/\/www.residence-lapinede.com\/es\/#organization\",\"name\":\"R\u00e9sidence La Pin\u00e8de\",\"url\":\"https:\/\/www.residence-lapinede.com\/es\/\",\"logo\":{\"@type\":\"ImageObject\",\"inLanguage\":\"es\",\"@id\":\"https:\/\/www.residence-lapinede.com\/es\/#\/schema\/logo\/image\/\",\"url\":\"https:\/\/www.residence-lapinede.com\/wp-content\/uploads\/2021\/05\/camping-pinede-logo.png\",\"contentUrl\":\"https:\/\/www.residence-lapinede.com\/wp-content\/uploads\/2021\/05\/camping-pinede-logo.png\",\"width\":2000,\"height\":875,\"caption\":\"R\u00e9sidence La Pin\u00e8de\"},\"image\":{\"@id\":\"https:\/\/www.residence-lapinede.com\/es\/#\/schema\/logo\/image\/\"}}]}<\/script>\n<!-- \/ Yoast SEO plugin. -->","yoast_head_json":{"title":"Mobil homes \u00e0 vendre - Camping r\u00e9sidentiel la Pinede","description":"Venta de mobil homes en parcela - abierto todo el a\u00f1o en el Herault, convi\u00e9rtase en propietario de su mobil home en el sur de Francia","robots":{"index":"index","follow":"follow","max-snippet":"max-snippet:-1","max-image-preview":"max-image-preview:large","max-video-preview":"max-video-preview:-1"},"canonical":"https:\/\/www.residence-lapinede.com\/es\/mobil-homes-a-vendre\/","og_locale":"es_ES","og_type":"article","og_title":"Mobil homes \u00e0 vendre - Camping r\u00e9sidentiel la Pinede","og_description":"Venta de mobil homes en parcela - abierto todo el a\u00f1o en el Herault, convi\u00e9rtase en propietario de su mobil home en el sur de Francia","og_url":"https:\/\/www.residence-lapinede.com\/es\/mobil-homes-a-vendre\/","og_site_name":"Camping r\u00e9sidentiel la Pinede","article_modified_time":"2023-03-28T13:50:35+00:00","twitter_card":"summary_large_image","schema":{"@context":"https:\/\/schema.org","@graph":[{"@type":"WebPage","@id":"https:\/\/www.residence-lapinede.com\/es\/mobil-homes-a-vendre\/","url":"https:\/\/www.residence-lapinede.com\/es\/mobil-homes-a-vendre\/","name":"Mobil homes \u00e0 vendre - Camping r\u00e9sidentiel la Pinede","isPartOf":{"@id":"https:\/\/www.residence-lapinede.com\/es\/#website"},"datePublished":"2021-08-03T10:01:13+00:00","dateModified":"2023-03-28T13:50:35+00:00","description":"Venta de mobil homes en parcela - abierto todo el a\u00f1o en el Herault, convi\u00e9rtase en propietario de su mobil home en el sur de Francia","breadcrumb":{"@id":"https:\/\/www.residence-lapinede.com\/es\/mobil-homes-a-vendre\/#breadcrumb"},"inLanguage":"es","potentialAction":[{"@type":"ReadAction","target":["https:\/\/www.residence-lapinede.com\/es\/mobil-homes-a-vendre\/"]}]},{"@type":"BreadcrumbList","@id":"https:\/\/www.residence-lapinede.com\/es\/mobil-homes-a-vendre\/#breadcrumb","itemListElement":[{"@type":"ListItem","position":1,"name":"Camping H\u00e9rault","item":"https:\/\/www.residence-lapinede.com\/es\/"},{"@type":"ListItem","position":2,"name":"Mobil homes \u00e0 vendre"}]},{"@type":"WebSite","@id":"https:\/\/www.residence-lapinede.com\/es\/#website","url":"https:\/\/www.residence-lapinede.com\/es\/","name":"Camping r\u00e9sidentiel la Pinede","description":"Calme Luxe Nature","publisher":{"@id":"https:\/\/www.residence-lapinede.com\/es\/#organization"},"potentialAction":[{"@type":"SearchAction","target":{"@type":"EntryPoint","urlTemplate":"https:\/\/www.residence-lapinede.com\/es\/?s={search_term_string}"},"query-input":{"@type":"PropertyValueSpecification","valueRequired":true,"valueName":"search_term_string"}}],"inLanguage":"es"},{"@type":"Organization","@id":"https:\/\/www.residence-lapinede.com\/es\/#organization","name":"R\u00e9sidence La Pin\u00e8de","url":"https:\/\/www.residence-lapinede.com\/es\/","logo":{"@type":"ImageObject","inLanguage":"es","@id":"https:\/\/www.residence-lapinede.com\/es\/#\/schema\/logo\/image\/","url":"https:\/\/www.residence-lapinede.com\/wp-content\/uploads\/2021\/05\/camping-pinede-logo.png","contentUrl":"https:\/\/www.residence-lapinede.com\/wp-content\/uploads\/2021\/05\/camping-pinede-logo.png","width":2000,"height":875,"caption":"R\u00e9sidence La Pin\u00e8de"},"image":{"@id":"https:\/\/www.residence-lapinede.com\/es\/#\/schema\/logo\/image\/"}}]}},"_links":{"self":[{"href":"https:\/\/www.residence-lapinede.com\/es\/wp-json\/wp\/v2\/pages\/6031","targetHints":{"allow":["GET"]}}],"collection":[{"href":"https:\/\/www.residence-lapinede.com\/es\/wp-json\/wp\/v2\/pages"}],"about":[{"href":"https:\/\/www.residence-lapinede.com\/es\/wp-json\/wp\/v2\/types\/page"}],"author":[{"embeddable":true,"href":"https:\/\/www.residence-lapinede.com\/es\/wp-json\/wp\/v2\/users\/2"}],"replies":[{"embeddable":true,"href":"https:\/\/www.residence-lapinede.com\/es\/wp-json\/wp\/v2\/comments?post=6031"}],"version-history":[{"count":4,"href":"https:\/\/www.residence-lapinede.com\/es\/wp-json\/wp\/v2\/pages\/6031\/revisions"}],"predecessor-version":[{"id":6036,"href":"https:\/\/www.residence-lapinede.com\/es\/wp-json\/wp\/v2\/pages\/6031\/revisions\/6036"}],"wp:attachment":[{"href":"https:\/\/www.residence-lapinede.com\/es\/wp-json\/wp\/v2\/media?parent=6031"}],"curies":[{"name":"wp","href":"https:\/\/api.w.org\/{rel}","templated":true}]}}