{"id":6019,"date":"2021-05-17T11:03:33","date_gmt":"2021-05-17T09:03:33","guid":{"rendered":"https:\/\/www.residence-lapinede.com\/vente-mobil-home-herault\/"},"modified":"2023-03-28T15:40:54","modified_gmt":"2023-03-28T13:40:54","slug":"vente-mobil-home-herault","status":"publish","type":"page","link":"https:\/\/www.residence-lapinede.com\/es\/vente-mobil-home-herault\/","title":{"rendered":"Devenez propri\u00e9taire"},"content":{"rendered":"<section id=\"section-60a3611f561cb\"class=\"section modele bg-color4\" \/><div class=\"container extralarge\"><h1 class=\"element section-title center\">Hacerse propietario en Castelnau-de-Guers<\/h1><div class=\"colonnes-wrap valign-middle \"><div class=\"element colonne w-40\"><h2 class=\"element section-title left modeleTitle\">Venta de casas m\u00f3viles cerca de P\u00e9zenas <\/h2><div class=\"element images\"><div class=\"image\"><img decoding=\"async\" src=\"https:\/\/www.residence-lapinede.com\/wp-content\/uploads\/2021\/06\/location-mobil-home-pezenas-94x100.jpg\" data-src=\"https:\/\/www.residence-lapinede.com\/wp-content\/uploads\/2021\/06\/location-mobil-home-pezenas.jpg\" alt=\"mobil-home pezenas\" class=\"images_image\" \/><\/div><\/div><\/div><div class=\"element colonne w-60\"><div class=\"element bloc-text justify \">\n\t<p>A pocos kil\u00f3metros del mar Mediterr\u00e1neo y del interior, el camping La Pin\u00e8de le ofrece la oportunidad de poseer una casa m\u00f3vil. Un pied-\u00e0-terre en el sur de Francia le garantiza unas vacaciones soleadas y relajantes.<\/p>\n<p>Nuestro camping de 4 estrellas en el H\u00e9rault, siguiendo un estricto pliego de condiciones, respeta el medio ambiente favoreciendo la integraci\u00f3n paisaj\u00edstica. Descubra nuestra gama de mobil-homes de calidad y nuestras ofertas promocionales para elegir el que mejor se adapte a sus expectativas y a su presupuesto.<\/p>\n<p>Convi\u00e9rtase en propietario de una de nuestras mobil-homes con total tranquilidad. En el coraz\u00f3n de un pinar, nuestras instalaciones son homog\u00e9neas y las parcelas est\u00e1n a la altura. No dude en ponerse en contacto con nosotros, le asesoraremos en la elecci\u00f3n del mobil-home adaptado a sus deseos.<\/p>\n<\/div><\/div><\/div><\/div><\/section>\n\n<section id=\"section-60a371f719c2b\"data-bg-opacite=\"1\"data-background=\"https:\/\/www.residence-lapinede.com\/wp-content\/uploads\/2021\/06\/mobil-home-herault.jpg\"data-speed=\"0.8\"class=\"section modele imageFullDegradeNoir bg-white section--has-bg-img section_bg-parallax\" \/><div class=\"container full\"><\/div><\/section>\n\n\n\n<section id=\"section-60a371f719f5a\"class=\"section bg-color3\" \/><div class=\"container extralarge\"><div class=\"colonnes-wrap valign-middle \"><div class=\"element colonne w-60\"><h2 class=\"element section-title left modeleTitle\">Comprar una casa m\u00f3vil en H\u00e9rault<\/h2><div class=\"element bloc-text justify \">\n\t<p>\u00bfSue\u00f1a con tener una casa m\u00f3vil en un camping?<\/p>\n<p>El H\u00e9rault es un departamento soleado, tur\u00edstico y cercano al Mediterr\u00e1neo.<\/p>\n<p>Comprar una casa m\u00f3vil en el H\u00e9rault le garantiza una inversi\u00f3n inteligente. Este departamento, con su clima favorable y su proximidad al Mediterr\u00e1neo, es muy popular entre los turistas.<\/p>\n<p>Nuestro camping dispone de una amplia gama de mobil-homes situados en un marco natural ideal, en el coraz\u00f3n de un pinar. Tanto si desea alquilarlo como disfrutarlo con su familia o amigos, todos pasar\u00e1n momentos inolvidables en su mobil-home.<\/p>\n<p>Mientras espera a que el m\u00f3dulo de casas m\u00f3viles en venta est\u00e9 disponible, puede descargar ahora la lista de casas m\u00f3viles en venta en los terrenos actualmente disponibles.<\/p>\n<\/div><a href=\"\/es\/mobil-homes-a-vendre\/\" title=\"Ver las casas m\u00f3viles en venta\" class=\"element bouton center\" ><span>Ver las casas m\u00f3viles en venta<\/span><\/a><\/div><div class=\"element colonne w-40\"><div class=\"element images\"><div class=\"image\"><img decoding=\"async\" src=\"https:\/\/www.residence-lapinede.com\/wp-content\/uploads\/2021\/06\/pas-cher-vias-100x80.jpg\" data-src=\"https:\/\/www.residence-lapinede.com\/wp-content\/uploads\/2021\/06\/pas-cher-vias.jpg\" alt=\"pas cher pezenas\" class=\"images_image\" \/><\/div><\/div><\/div><\/div><\/div><\/section>\n\n<section id=\"section-60b09547b0c94\"class=\"section modele decoPins decoDroite bg-white\" \/><div class=\"container large\"><div class=\"element section-title center titre-cta\">Nuestros servicios y nuestras casas m\u00f3viles en el camping<\/div><ul class=\"liste-de-page\"><li class=\"element call-to-action carre call-to-action--style-1 call-to-action--big\"><a href=\"https:\/\/www.residence-lapinede.com\/es\/location-mobil-home-herault\/\"  class=\"call-to-action_link\" title=\"M\u00e1s informaci\u00f3n nuestras casas m\u00f3viles\"><div class=\"call-to-action_image\"><img decoding=\"async\" src=\"https:\/\/www.residence-lapinede.com\/wp-content\/uploads\/2021\/06\/mobil-home-pezenas-100x80.jpg\" data-src=\"https:\/\/www.residence-lapinede.com\/wp-content\/uploads\/2021\/06\/mobil-home-pezenas.jpg\" alt=\"location mobil home pezenas\" class=\"big\" \/><\/div><div class=\"call-to-action_contenu\"><div class=\"call-to-action_titre\">Nuestras casas m\u00f3viles<\/div><\/div><\/a><\/li><li class=\"element call-to-action carre call-to-action--style-1 call-to-action--big call-to-action--style-1 call-to-action--big\"><a href=\"https:\/\/www.residence-lapinede.com\/es\/camping-familial-herault\/\"  class=\"call-to-action_link\" title=\"M\u00e1s informaci\u00f3n nuestros servicios\"><div class=\"call-to-action_image\"><img decoding=\"async\" src=\"https:\/\/www.residence-lapinede.com\/wp-content\/uploads\/2021\/06\/camping-familial-herault-95x100.jpg\" data-src=\"https:\/\/www.residence-lapinede.com\/wp-content\/uploads\/2021\/06\/camping-familial-herault.jpg\" alt=\"camping familial herault\" class=\"big\" \/><\/div><div class=\"call-to-action_contenu\"><div class=\"call-to-action_titre\">Nuestros servicios<\/div><\/div><\/a><\/li><li class=\"element call-to-action carre call-to-action--style-1 call-to-action--big call-to-action--style-1 call-to-action--big call-to-action--style-1 call-to-action--big\"><a href=\"https:\/\/www.residence-lapinede.com\/es\/restaurant-lorangerie-pezenas\/\"  class=\"call-to-action_link\" title=\"M\u00e1s informaci\u00f3n nuestro restaurante\"><div class=\"call-to-action_image\"><img decoding=\"async\" src=\"https:\/\/www.residence-lapinede.com\/wp-content\/uploads\/2021\/06\/restaurant-herault-100x80.jpg\" data-src=\"https:\/\/www.residence-lapinede.com\/wp-content\/uploads\/2021\/06\/restaurant-herault.jpg\" alt=\"restaurant herault\" class=\"big\" \/><\/div><div class=\"call-to-action_contenu\"><div class=\"call-to-action_titre\">Nuestro Restaurante<\/div><\/div><\/a><\/li><\/ul><\/div><\/section>","protected":false},"excerpt":{"rendered":"","protected":false},"author":1,"featured_media":4582,"parent":0,"menu_order":0,"comment_status":"closed","ping_status":"closed","template":"","meta":{"_acf_changed":false,"footnotes":""},"class_list":["post-6019","page","type-page","status-publish","has-post-thumbnail","hentry"],"acf":[],"yoast_head":"<!-- This site is optimized with the Yoast SEO plugin v26.5 - https:\/\/yoast.com\/wordpress\/plugins\/seo\/ -->\n<title>Camping venta casa m\u00f3vil H\u00e9rault | Convertirse en propietario cerca de P\u00e9zenas<\/title>\n<meta name=\"robots\" content=\"index, follow, max-snippet:-1, max-image-preview:large, max-video-preview:-1\" \/>\n<link rel=\"canonical\" href=\"https:\/\/www.residence-lapinede.com\/es\/vente-mobil-home-herault\/\" \/>\n<meta property=\"og:locale\" content=\"es_ES\" \/>\n<meta property=\"og:type\" content=\"article\" \/>\n<meta property=\"og:title\" content=\"Camping venta casa m\u00f3vil H\u00e9rault | Convertirse en propietario cerca de P\u00e9zenas\" \/>\n<meta property=\"og:url\" content=\"https:\/\/www.residence-lapinede.com\/es\/vente-mobil-home-herault\/\" \/>\n<meta property=\"og:site_name\" content=\"Camping r\u00e9sidentiel la Pinede\" \/>\n<meta property=\"article:modified_time\" content=\"2023-03-28T13:40:54+00:00\" \/>\n<meta property=\"og:image\" content=\"https:\/\/www.residence-lapinede.com\/wp-content\/uploads\/2021\/06\/achat-mobil-home-vias.jpg\" \/>\n\t<meta property=\"og:image:width\" content=\"1903\" \/>\n\t<meta property=\"og:image:height\" content=\"300\" \/>\n\t<meta property=\"og:image:type\" content=\"image\/jpeg\" \/>\n<meta name=\"twitter:card\" content=\"summary_large_image\" \/>\n<script type=\"application\/ld+json\" class=\"yoast-schema-graph\">{\"@context\":\"https:\/\/schema.org\",\"@graph\":[{\"@type\":\"WebPage\",\"@id\":\"https:\/\/www.residence-lapinede.com\/es\/vente-mobil-home-herault\/\",\"url\":\"https:\/\/www.residence-lapinede.com\/es\/vente-mobil-home-herault\/\",\"name\":\"Camping venta casa m\u00f3vil H\u00e9rault | Convertirse en propietario cerca de P\u00e9zenas\",\"isPartOf\":{\"@id\":\"https:\/\/www.residence-lapinede.com\/es\/#website\"},\"primaryImageOfPage\":{\"@id\":\"https:\/\/www.residence-lapinede.com\/es\/vente-mobil-home-herault\/#primaryimage\"},\"image\":{\"@id\":\"https:\/\/www.residence-lapinede.com\/es\/vente-mobil-home-herault\/#primaryimage\"},\"thumbnailUrl\":\"https:\/\/www.residence-lapinede.com\/wp-content\/uploads\/2021\/06\/achat-mobil-home-vias.jpg\",\"datePublished\":\"2021-05-17T09:03:33+00:00\",\"dateModified\":\"2023-03-28T13:40:54+00:00\",\"breadcrumb\":{\"@id\":\"https:\/\/www.residence-lapinede.com\/es\/vente-mobil-home-herault\/#breadcrumb\"},\"inLanguage\":\"es\",\"potentialAction\":[{\"@type\":\"ReadAction\",\"target\":[\"https:\/\/www.residence-lapinede.com\/es\/vente-mobil-home-herault\/\"]}]},{\"@type\":\"ImageObject\",\"inLanguage\":\"es\",\"@id\":\"https:\/\/www.residence-lapinede.com\/es\/vente-mobil-home-herault\/#primaryimage\",\"url\":\"https:\/\/www.residence-lapinede.com\/wp-content\/uploads\/2021\/06\/achat-mobil-home-vias.jpg\",\"contentUrl\":\"https:\/\/www.residence-lapinede.com\/wp-content\/uploads\/2021\/06\/achat-mobil-home-vias.jpg\",\"width\":1903,\"height\":300},{\"@type\":\"BreadcrumbList\",\"@id\":\"https:\/\/www.residence-lapinede.com\/es\/vente-mobil-home-herault\/#breadcrumb\",\"itemListElement\":[{\"@type\":\"ListItem\",\"position\":1,\"name\":\"Camping H\u00e9rault\",\"item\":\"https:\/\/www.residence-lapinede.com\/es\/\"},{\"@type\":\"ListItem\",\"position\":2,\"name\":\"Camping venta mobil home H\u00e9rault\"}]},{\"@type\":\"WebSite\",\"@id\":\"https:\/\/www.residence-lapinede.com\/es\/#website\",\"url\":\"https:\/\/www.residence-lapinede.com\/es\/\",\"name\":\"Camping r\u00e9sidentiel la Pinede\",\"description\":\"Calme Luxe Nature\",\"publisher\":{\"@id\":\"https:\/\/www.residence-lapinede.com\/es\/#organization\"},\"potentialAction\":[{\"@type\":\"SearchAction\",\"target\":{\"@type\":\"EntryPoint\",\"urlTemplate\":\"https:\/\/www.residence-lapinede.com\/es\/?s={search_term_string}\"},\"query-input\":{\"@type\":\"PropertyValueSpecification\",\"valueRequired\":true,\"valueName\":\"search_term_string\"}}],\"inLanguage\":\"es\"},{\"@type\":\"Organization\",\"@id\":\"https:\/\/www.residence-lapinede.com\/es\/#organization\",\"name\":\"R\u00e9sidence La Pin\u00e8de\",\"url\":\"https:\/\/www.residence-lapinede.com\/es\/\",\"logo\":{\"@type\":\"ImageObject\",\"inLanguage\":\"es\",\"@id\":\"https:\/\/www.residence-lapinede.com\/es\/#\/schema\/logo\/image\/\",\"url\":\"https:\/\/www.residence-lapinede.com\/wp-content\/uploads\/2021\/05\/camping-pinede-logo.png\",\"contentUrl\":\"https:\/\/www.residence-lapinede.com\/wp-content\/uploads\/2021\/05\/camping-pinede-logo.png\",\"width\":2000,\"height\":875,\"caption\":\"R\u00e9sidence La Pin\u00e8de\"},\"image\":{\"@id\":\"https:\/\/www.residence-lapinede.com\/es\/#\/schema\/logo\/image\/\"}}]}<\/script>\n<!-- \/ Yoast SEO plugin. -->","yoast_head_json":{"title":"Camping venta casa m\u00f3vil H\u00e9rault | Convertirse en propietario cerca de P\u00e9zenas","robots":{"index":"index","follow":"follow","max-snippet":"max-snippet:-1","max-image-preview":"max-image-preview:large","max-video-preview":"max-video-preview:-1"},"canonical":"https:\/\/www.residence-lapinede.com\/es\/vente-mobil-home-herault\/","og_locale":"es_ES","og_type":"article","og_title":"Camping venta casa m\u00f3vil H\u00e9rault | Convertirse en propietario cerca de P\u00e9zenas","og_url":"https:\/\/www.residence-lapinede.com\/es\/vente-mobil-home-herault\/","og_site_name":"Camping r\u00e9sidentiel la Pinede","article_modified_time":"2023-03-28T13:40:54+00:00","og_image":[{"width":1903,"height":300,"url":"https:\/\/www.residence-lapinede.com\/wp-content\/uploads\/2021\/06\/achat-mobil-home-vias.jpg","type":"image\/jpeg"}],"twitter_card":"summary_large_image","schema":{"@context":"https:\/\/schema.org","@graph":[{"@type":"WebPage","@id":"https:\/\/www.residence-lapinede.com\/es\/vente-mobil-home-herault\/","url":"https:\/\/www.residence-lapinede.com\/es\/vente-mobil-home-herault\/","name":"Camping venta casa m\u00f3vil H\u00e9rault | Convertirse en propietario cerca de P\u00e9zenas","isPartOf":{"@id":"https:\/\/www.residence-lapinede.com\/es\/#website"},"primaryImageOfPage":{"@id":"https:\/\/www.residence-lapinede.com\/es\/vente-mobil-home-herault\/#primaryimage"},"image":{"@id":"https:\/\/www.residence-lapinede.com\/es\/vente-mobil-home-herault\/#primaryimage"},"thumbnailUrl":"https:\/\/www.residence-lapinede.com\/wp-content\/uploads\/2021\/06\/achat-mobil-home-vias.jpg","datePublished":"2021-05-17T09:03:33+00:00","dateModified":"2023-03-28T13:40:54+00:00","breadcrumb":{"@id":"https:\/\/www.residence-lapinede.com\/es\/vente-mobil-home-herault\/#breadcrumb"},"inLanguage":"es","potentialAction":[{"@type":"ReadAction","target":["https:\/\/www.residence-lapinede.com\/es\/vente-mobil-home-herault\/"]}]},{"@type":"ImageObject","inLanguage":"es","@id":"https:\/\/www.residence-lapinede.com\/es\/vente-mobil-home-herault\/#primaryimage","url":"https:\/\/www.residence-lapinede.com\/wp-content\/uploads\/2021\/06\/achat-mobil-home-vias.jpg","contentUrl":"https:\/\/www.residence-lapinede.com\/wp-content\/uploads\/2021\/06\/achat-mobil-home-vias.jpg","width":1903,"height":300},{"@type":"BreadcrumbList","@id":"https:\/\/www.residence-lapinede.com\/es\/vente-mobil-home-herault\/#breadcrumb","itemListElement":[{"@type":"ListItem","position":1,"name":"Camping H\u00e9rault","item":"https:\/\/www.residence-lapinede.com\/es\/"},{"@type":"ListItem","position":2,"name":"Camping venta mobil home H\u00e9rault"}]},{"@type":"WebSite","@id":"https:\/\/www.residence-lapinede.com\/es\/#website","url":"https:\/\/www.residence-lapinede.com\/es\/","name":"Camping r\u00e9sidentiel la Pinede","description":"Calme Luxe Nature","publisher":{"@id":"https:\/\/www.residence-lapinede.com\/es\/#organization"},"potentialAction":[{"@type":"SearchAction","target":{"@type":"EntryPoint","urlTemplate":"https:\/\/www.residence-lapinede.com\/es\/?s={search_term_string}"},"query-input":{"@type":"PropertyValueSpecification","valueRequired":true,"valueName":"search_term_string"}}],"inLanguage":"es"},{"@type":"Organization","@id":"https:\/\/www.residence-lapinede.com\/es\/#organization","name":"R\u00e9sidence La Pin\u00e8de","url":"https:\/\/www.residence-lapinede.com\/es\/","logo":{"@type":"ImageObject","inLanguage":"es","@id":"https:\/\/www.residence-lapinede.com\/es\/#\/schema\/logo\/image\/","url":"https:\/\/www.residence-lapinede.com\/wp-content\/uploads\/2021\/05\/camping-pinede-logo.png","contentUrl":"https:\/\/www.residence-lapinede.com\/wp-content\/uploads\/2021\/05\/camping-pinede-logo.png","width":2000,"height":875,"caption":"R\u00e9sidence La Pin\u00e8de"},"image":{"@id":"https:\/\/www.residence-lapinede.com\/es\/#\/schema\/logo\/image\/"}}]}},"_links":{"self":[{"href":"https:\/\/www.residence-lapinede.com\/es\/wp-json\/wp\/v2\/pages\/6019","targetHints":{"allow":["GET"]}}],"collection":[{"href":"https:\/\/www.residence-lapinede.com\/es\/wp-json\/wp\/v2\/pages"}],"about":[{"href":"https:\/\/www.residence-lapinede.com\/es\/wp-json\/wp\/v2\/types\/page"}],"author":[{"embeddable":true,"href":"https:\/\/www.residence-lapinede.com\/es\/wp-json\/wp\/v2\/users\/1"}],"replies":[{"embeddable":true,"href":"https:\/\/www.residence-lapinede.com\/es\/wp-json\/wp\/v2\/comments?post=6019"}],"version-history":[{"count":2,"href":"https:\/\/www.residence-lapinede.com\/es\/wp-json\/wp\/v2\/pages\/6019\/revisions"}],"predecessor-version":[{"id":6022,"href":"https:\/\/www.residence-lapinede.com\/es\/wp-json\/wp\/v2\/pages\/6019\/revisions\/6022"}],"wp:featuredmedia":[{"embeddable":true,"href":"https:\/\/www.residence-lapinede.com\/es\/wp-json\/wp\/v2\/media\/4582"}],"wp:attachment":[{"href":"https:\/\/www.residence-lapinede.com\/es\/wp-json\/wp\/v2\/media?parent=6019"}],"curies":[{"name":"wp","href":"https:\/\/api.w.org\/{rel}","templated":true}]}}