{"id":6214,"date":"2021-07-31T09:03:49","date_gmt":"2021-07-31T07:03:49","guid":{"rendered":"https:\/\/www.residence-lapinede.com\/kitesurf-herault\/"},"modified":"2023-04-26T14:47:37","modified_gmt":"2023-04-26T12:47:37","slug":"kitesurf-herault","status":"publish","type":"page","link":"https:\/\/www.residence-lapinede.com\/en\/kitesurf-herault\/","title":{"rendered":"Kitesurf dans l&#8217;H\u00e9rault"},"content":{"rendered":"<section id=\"section-61050dbde6a8f\"class=\"section bg-white\" \/><div class=\"container\"><h1 class=\"element section-title justify\">Kitesurfing in the H\u00e9rault<\/h1><div class=\"element bloc-text justify \">\n\t<p>You dream of discovering the joys of kitesurfing or you want to discover the kitesurfing spots in the H\u00e9rault? Our beautiful region is made for you with its numerous kitesurfing spots all along the Mediterranean coast.<\/p>\n<p>The closest spots to the campsite:<\/p>\n<ul>\n<li>Etang de thau &#8211; Pont Levis in S\u00e8te (30km), the Maldormir spot is unfortunately closed for the moment<\/li>\n<li>Mediterranean Sea &#8211; Lido Beach between S\u00e8te and Marseillan Plage or spot des 3 digues in S\u00e8te (25km)<\/li>\n<li>Mediterranean Sea &#8211; Richelieu Beach (17km) (off season only)<\/li>\n<li>Mediterranean Sea &#8211; St Vincent beach in Grau d&#8217;Agde (22km)<\/li>\n<li>Mediterranean Sea &#8211; Plage de la Tamarissi\u00e8re (21km) (off season only)<\/li>\n<li>Salagou Lake (34km) near the Salagou restaurant<\/li>\n<li>Mediterranean Sea &#8211; West beach at Portiragnes (30km)<\/li>\n<\/ul>\n<p style=\"text-align: center;\"><a href=\"https:\/\/www.herault-tourisme.com\/fr\/activites\/autour-de-leau\/kitesurf\/\" target=\"_blank\" rel=\"noopener\"><strong class=\"bold color3\">Kitesurfing spots guide ed.2016<br \/>\n<\/strong><\/a><a href=\"https:\/\/mobile.thaukite.com\/mobile\/\" target=\"_blank\" rel=\"noopener\">H\u00e9rault Tourism spotlight guide<br \/>\nMobile Weather Beacon<\/a><br \/>\n<a href=\"https:\/\/www.windguru.cz\/837753\" target=\"_blank\" rel=\"noopener\">Windguru forecast<\/a><\/p>\n<\/div><div class=\"element images\"><div class=\"image\"><img decoding=\"async\" src=\"https:\/\/www.residence-lapinede.com\/wp-content\/uploads\/2021\/07\/kitesurf2-100x67.jpg\" data-src=\"https:\/\/www.residence-lapinede.com\/wp-content\/uploads\/2021\/07\/kitesurf2.jpg\" alt=\"\" class=\"images_image\" \/><\/div><div class=\"image\"><img decoding=\"async\" src=\"https:\/\/www.residence-lapinede.com\/wp-content\/uploads\/2021\/07\/kitesurf-salagou-100x67.jpg\" data-src=\"https:\/\/www.residence-lapinede.com\/wp-content\/uploads\/2021\/07\/kitesurf-salagou.jpg\" alt=\"\" class=\"images_image\" \/><\/div><\/div><div class=\"element images\"><div class=\"image\"><img decoding=\"async\" src=\"https:\/\/www.residence-lapinede.com\/wp-content\/uploads\/2021\/07\/kitesurf1-100x67.jpg\" data-src=\"https:\/\/www.residence-lapinede.com\/wp-content\/uploads\/2021\/07\/kitesurf1.jpg\" alt=\"\" class=\"images_image\" \/><\/div><div class=\"image\"><img decoding=\"async\" src=\"https:\/\/www.residence-lapinede.com\/wp-content\/uploads\/2021\/07\/kitesurf-gruissan-100x67.jpg\" data-src=\"https:\/\/www.residence-lapinede.com\/wp-content\/uploads\/2021\/07\/kitesurf-gruissan.jpg\" alt=\"\" class=\"images_image\" \/><\/div><\/div><div class=\"element images\"><div class=\"image\"><img decoding=\"async\" src=\"https:\/\/www.residence-lapinede.com\/wp-content\/uploads\/2021\/07\/kitesurf3-100x35.jpg\" data-src=\"https:\/\/www.residence-lapinede.com\/wp-content\/uploads\/2021\/07\/kitesurf3.jpg\" alt=\"\" class=\"images_image\" \/><\/div><\/div><\/div><\/section>\n\n<section id=\"section-611277d1bad5b\"class=\"section bg-white\" \/><div class=\"container full\"><div class=\"carte\" data-src=\"https:\/\/www.google.com\/maps\/d\/u\/0\/embed?mid=1reTxdaGGIYlk5F5DGhfK6DmOoeeFCZ2r\"><\/div><\/div><\/section>\n\n<section id=\"section-61123e2ace468\"class=\"section modele bg-color3\" \/><div class=\"container extralarge\"><div class=\"colonnes-wrap valign-middle \"><div class=\"element colonne w-40\"><div class=\"element images\"><div class=\"image\"><img decoding=\"async\" src=\"https:\/\/www.residence-lapinede.com\/wp-content\/uploads\/2021\/08\/mobilhome40-rs-100x66.jpg\" data-src=\"https:\/\/www.residence-lapinede.com\/wp-content\/uploads\/2021\/08\/mobilhome40-rs.jpg\" alt=\"location mobil home camping kitesurf\" class=\"images_image\" \/><\/div><\/div><\/div><div class=\"element colonne w-60\"><h2 class=\"element section-title left modeleTitle white\">Rental in a campsite near Etang de Thau<\/h2><div class=\"element bloc-text justify \">\n\t<p>You want to kitesurf on the Etang de Thau in Maldormir or at the Pont Levis in S\u00e8te and are looking for accommodation? Then stop by the campsite La Pin\u00e8de, located 17km from the Maldormir spot in Marseillan and 30km from the Pont Levis spot in S\u00e8te. In a green setting, enjoy a peaceful holiday in a 1 to 3 bedroom mobile home of 20 to 40 m\u00b2 with a fully equipped kitchen and terrace.<\/p>\n<p>In our campsite with swimming pool near the Etang de Thau and S\u00e8te, discover themed evenings in the restaurant of the domain, a top-of-the-range aquatic area.<\/p>\n<p>Our campsite in H\u00e9rault will allow you to spend a sporty holiday near the kitesurfing spots of the H\u00e9rault.<\/p>\n<p>For more information about kitesurfing spots in the H\u00e9rault, please contact Benjamin at the reception.<\/p>\n<\/div><\/div><\/div><\/div><\/section>\n\n<section id=\"section-6107f9550c9d8\"class=\"section bg-white\" \/><div class=\"container\"><div class=\"element section-title center titre-cta\">Other activities you might enjoy in the H\u00e9rault<\/div><ul class=\"liste-de-page\"><li class=\"element call-to-action carre call-to-action--style-1 call-to-action--big\"><a href=\"https:\/\/www.residence-lapinede.com\/en\/trottinette-electrique-terralada\/\"  class=\"call-to-action_link\" title=\"En savoir plus sur terralada electric scooter\"><div class=\"call-to-action_image\"><img decoding=\"async\" src=\"https:\/\/www.residence-lapinede.com\/wp-content\/uploads\/2021\/07\/terralada-100x66.jpg\" data-src=\"https:\/\/www.residence-lapinede.com\/wp-content\/uploads\/2021\/07\/terralada-scaled.jpg\" alt=\"\" class=\"big\" \/><\/div><div class=\"call-to-action_contenu\"><div class=\"call-to-action_titre\">Terralada electric scooter<\/div><\/div><\/a><\/li><li class=\"element call-to-action carre call-to-action--style-1 call-to-action--big call-to-action--style-1 call-to-action--big\"><a href=\"https:\/\/www.residence-lapinede.com\/en\/vtt-dans-lherault\/\"  class=\"call-to-action_link\" title=\"En savoir plus sur mountain biking in the h\u00e9rault\"><div class=\"call-to-action_image\"><img decoding=\"async\" src=\"https:\/\/www.residence-lapinede.com\/wp-content\/uploads\/2021\/07\/vtt-herault-100x67.jpg\" data-src=\"https:\/\/www.residence-lapinede.com\/wp-content\/uploads\/2021\/07\/vtt-herault.jpg\" alt=\"vtt dans l'Herault\" class=\"big\" \/><\/div><div class=\"call-to-action_contenu\"><div class=\"call-to-action_titre\">Mountain biking in the H\u00e9rault<\/div><\/div><\/a><\/li><li class=\"element call-to-action carre call-to-action--style-1 call-to-action--big call-to-action--style-1 call-to-action--big call-to-action--style-1 call-to-action--big\"><a href=\"https:\/\/www.residence-lapinede.com\/en\/wakeboard-herault\/\"  class=\"call-to-action_link\" title=\"En savoir plus sur wakeboarding in the h\u00e9rault\"><div class=\"call-to-action_image\"><img decoding=\"async\" src=\"https:\/\/www.residence-lapinede.com\/wp-content\/uploads\/2021\/07\/kithau-wakeboard-100x56.jpg\" data-src=\"https:\/\/www.residence-lapinede.com\/wp-content\/uploads\/2021\/07\/kithau-wakeboard.jpg\" alt=\"\" class=\"big\" \/><\/div><div class=\"call-to-action_contenu\"><div class=\"call-to-action_titre\">Wakeboarding in the H\u00e9rault<\/div><\/div><\/a><\/li><\/ul><\/div><\/section>","protected":false},"excerpt":{"rendered":"","protected":false},"author":2,"featured_media":1962,"parent":0,"menu_order":0,"comment_status":"closed","ping_status":"closed","template":"","meta":{"_acf_changed":false,"footnotes":""},"class_list":["post-6214","page","type-page","status-publish","has-post-thumbnail","hentry"],"acf":[],"yoast_head":"<!-- This site is optimized with the Yoast SEO plugin v26.5 - https:\/\/yoast.com\/wordpress\/plugins\/seo\/ -->\n<title>Kitesurf dans l&#039;H\u00e9rault - emplacement mobil homes camping<\/title>\n<meta name=\"description\" content=\"Campsite near kitesurf spot in Herault at Marseillan and Etang de Thau, kitesurf spot Maldormir or kitesurf spot Pont Levis at S\u00e8te\" \/>\n<meta name=\"robots\" content=\"index, follow, max-snippet:-1, max-image-preview:large, max-video-preview:-1\" \/>\n<link rel=\"canonical\" href=\"https:\/\/www.residence-lapinede.com\/en\/kitesurf-herault\/\" \/>\n<meta property=\"og:locale\" content=\"en_US\" \/>\n<meta property=\"og:type\" content=\"article\" \/>\n<meta property=\"og:title\" content=\"Kitesurf dans l&#039;H\u00e9rault - emplacement mobil homes camping\" \/>\n<meta property=\"og:description\" content=\"Campsite near kitesurf spot in Herault at Marseillan and Etang de Thau, kitesurf spot Maldormir or kitesurf spot Pont Levis at S\u00e8te\" \/>\n<meta property=\"og:url\" content=\"https:\/\/www.residence-lapinede.com\/en\/kitesurf-herault\/\" \/>\n<meta property=\"og:site_name\" content=\"Camping r\u00e9sidentiel la Pinede\" \/>\n<meta property=\"article:modified_time\" content=\"2023-04-26T12:47:37+00:00\" \/>\n<meta property=\"og:image\" content=\"https:\/\/www.residence-lapinede.com\/wp-content\/uploads\/2021\/07\/kitesurf-etang-de-thau.jpg\" \/>\n\t<meta property=\"og:image:width\" content=\"1000\" \/>\n\t<meta property=\"og:image:height\" content=\"667\" \/>\n\t<meta property=\"og:image:type\" content=\"image\/jpeg\" \/>\n<meta name=\"twitter:card\" content=\"summary_large_image\" \/>\n<script type=\"application\/ld+json\" class=\"yoast-schema-graph\">{\"@context\":\"https:\/\/schema.org\",\"@graph\":[{\"@type\":\"WebPage\",\"@id\":\"https:\/\/www.residence-lapinede.com\/en\/kitesurf-herault\/\",\"url\":\"https:\/\/www.residence-lapinede.com\/en\/kitesurf-herault\/\",\"name\":\"Kitesurf dans l'H\u00e9rault - emplacement mobil homes camping\",\"isPartOf\":{\"@id\":\"https:\/\/www.residence-lapinede.com\/en\/#website\"},\"primaryImageOfPage\":{\"@id\":\"https:\/\/www.residence-lapinede.com\/en\/kitesurf-herault\/#primaryimage\"},\"image\":{\"@id\":\"https:\/\/www.residence-lapinede.com\/en\/kitesurf-herault\/#primaryimage\"},\"thumbnailUrl\":\"https:\/\/www.residence-lapinede.com\/wp-content\/uploads\/2021\/07\/kitesurf-etang-de-thau.jpg\",\"datePublished\":\"2021-07-31T07:03:49+00:00\",\"dateModified\":\"2023-04-26T12:47:37+00:00\",\"description\":\"Campsite near kitesurf spot in Herault at Marseillan and Etang de Thau, kitesurf spot Maldormir or kitesurf spot Pont Levis at S\u00e8te\",\"breadcrumb\":{\"@id\":\"https:\/\/www.residence-lapinede.com\/en\/kitesurf-herault\/#breadcrumb\"},\"inLanguage\":\"en-US\",\"potentialAction\":[{\"@type\":\"ReadAction\",\"target\":[\"https:\/\/www.residence-lapinede.com\/en\/kitesurf-herault\/\"]}]},{\"@type\":\"ImageObject\",\"inLanguage\":\"en-US\",\"@id\":\"https:\/\/www.residence-lapinede.com\/en\/kitesurf-herault\/#primaryimage\",\"url\":\"https:\/\/www.residence-lapinede.com\/wp-content\/uploads\/2021\/07\/kitesurf-etang-de-thau.jpg\",\"contentUrl\":\"https:\/\/www.residence-lapinede.com\/wp-content\/uploads\/2021\/07\/kitesurf-etang-de-thau.jpg\",\"width\":1000,\"height\":667},{\"@type\":\"BreadcrumbList\",\"@id\":\"https:\/\/www.residence-lapinede.com\/en\/kitesurf-herault\/#breadcrumb\",\"itemListElement\":[{\"@type\":\"ListItem\",\"position\":1,\"name\":\"Camping H\u00e9rault\",\"item\":\"https:\/\/www.residence-lapinede.com\/en\/\"},{\"@type\":\"ListItem\",\"position\":2,\"name\":\"Kitesurf dans l&rsquo;H\u00e9rault\"}]},{\"@type\":\"WebSite\",\"@id\":\"https:\/\/www.residence-lapinede.com\/en\/#website\",\"url\":\"https:\/\/www.residence-lapinede.com\/en\/\",\"name\":\"Camping r\u00e9sidentiel la Pinede\",\"description\":\"Calme Luxe Nature\",\"publisher\":{\"@id\":\"https:\/\/www.residence-lapinede.com\/en\/#organization\"},\"potentialAction\":[{\"@type\":\"SearchAction\",\"target\":{\"@type\":\"EntryPoint\",\"urlTemplate\":\"https:\/\/www.residence-lapinede.com\/en\/?s={search_term_string}\"},\"query-input\":{\"@type\":\"PropertyValueSpecification\",\"valueRequired\":true,\"valueName\":\"search_term_string\"}}],\"inLanguage\":\"en-US\"},{\"@type\":\"Organization\",\"@id\":\"https:\/\/www.residence-lapinede.com\/en\/#organization\",\"name\":\"R\u00e9sidence La Pin\u00e8de\",\"url\":\"https:\/\/www.residence-lapinede.com\/en\/\",\"logo\":{\"@type\":\"ImageObject\",\"inLanguage\":\"en-US\",\"@id\":\"https:\/\/www.residence-lapinede.com\/en\/#\/schema\/logo\/image\/\",\"url\":\"https:\/\/www.residence-lapinede.com\/wp-content\/uploads\/2021\/05\/camping-pinede-logo.png\",\"contentUrl\":\"https:\/\/www.residence-lapinede.com\/wp-content\/uploads\/2021\/05\/camping-pinede-logo.png\",\"width\":2000,\"height\":875,\"caption\":\"R\u00e9sidence La Pin\u00e8de\"},\"image\":{\"@id\":\"https:\/\/www.residence-lapinede.com\/en\/#\/schema\/logo\/image\/\"}}]}<\/script>\n<!-- \/ Yoast SEO plugin. -->","yoast_head_json":{"title":"Kitesurf dans l'H\u00e9rault - emplacement mobil homes camping","description":"Campsite near kitesurf spot in Herault at Marseillan and Etang de Thau, kitesurf spot Maldormir or kitesurf spot Pont Levis at S\u00e8te","robots":{"index":"index","follow":"follow","max-snippet":"max-snippet:-1","max-image-preview":"max-image-preview:large","max-video-preview":"max-video-preview:-1"},"canonical":"https:\/\/www.residence-lapinede.com\/en\/kitesurf-herault\/","og_locale":"en_US","og_type":"article","og_title":"Kitesurf dans l'H\u00e9rault - emplacement mobil homes camping","og_description":"Campsite near kitesurf spot in Herault at Marseillan and Etang de Thau, kitesurf spot Maldormir or kitesurf spot Pont Levis at S\u00e8te","og_url":"https:\/\/www.residence-lapinede.com\/en\/kitesurf-herault\/","og_site_name":"Camping r\u00e9sidentiel la Pinede","article_modified_time":"2023-04-26T12:47:37+00:00","og_image":[{"width":1000,"height":667,"url":"https:\/\/www.residence-lapinede.com\/wp-content\/uploads\/2021\/07\/kitesurf-etang-de-thau.jpg","type":"image\/jpeg"}],"twitter_card":"summary_large_image","schema":{"@context":"https:\/\/schema.org","@graph":[{"@type":"WebPage","@id":"https:\/\/www.residence-lapinede.com\/en\/kitesurf-herault\/","url":"https:\/\/www.residence-lapinede.com\/en\/kitesurf-herault\/","name":"Kitesurf dans l'H\u00e9rault - emplacement mobil homes camping","isPartOf":{"@id":"https:\/\/www.residence-lapinede.com\/en\/#website"},"primaryImageOfPage":{"@id":"https:\/\/www.residence-lapinede.com\/en\/kitesurf-herault\/#primaryimage"},"image":{"@id":"https:\/\/www.residence-lapinede.com\/en\/kitesurf-herault\/#primaryimage"},"thumbnailUrl":"https:\/\/www.residence-lapinede.com\/wp-content\/uploads\/2021\/07\/kitesurf-etang-de-thau.jpg","datePublished":"2021-07-31T07:03:49+00:00","dateModified":"2023-04-26T12:47:37+00:00","description":"Campsite near kitesurf spot in Herault at Marseillan and Etang de Thau, kitesurf spot Maldormir or kitesurf spot Pont Levis at S\u00e8te","breadcrumb":{"@id":"https:\/\/www.residence-lapinede.com\/en\/kitesurf-herault\/#breadcrumb"},"inLanguage":"en-US","potentialAction":[{"@type":"ReadAction","target":["https:\/\/www.residence-lapinede.com\/en\/kitesurf-herault\/"]}]},{"@type":"ImageObject","inLanguage":"en-US","@id":"https:\/\/www.residence-lapinede.com\/en\/kitesurf-herault\/#primaryimage","url":"https:\/\/www.residence-lapinede.com\/wp-content\/uploads\/2021\/07\/kitesurf-etang-de-thau.jpg","contentUrl":"https:\/\/www.residence-lapinede.com\/wp-content\/uploads\/2021\/07\/kitesurf-etang-de-thau.jpg","width":1000,"height":667},{"@type":"BreadcrumbList","@id":"https:\/\/www.residence-lapinede.com\/en\/kitesurf-herault\/#breadcrumb","itemListElement":[{"@type":"ListItem","position":1,"name":"Camping H\u00e9rault","item":"https:\/\/www.residence-lapinede.com\/en\/"},{"@type":"ListItem","position":2,"name":"Kitesurf dans l&rsquo;H\u00e9rault"}]},{"@type":"WebSite","@id":"https:\/\/www.residence-lapinede.com\/en\/#website","url":"https:\/\/www.residence-lapinede.com\/en\/","name":"Camping r\u00e9sidentiel la Pinede","description":"Calme Luxe Nature","publisher":{"@id":"https:\/\/www.residence-lapinede.com\/en\/#organization"},"potentialAction":[{"@type":"SearchAction","target":{"@type":"EntryPoint","urlTemplate":"https:\/\/www.residence-lapinede.com\/en\/?s={search_term_string}"},"query-input":{"@type":"PropertyValueSpecification","valueRequired":true,"valueName":"search_term_string"}}],"inLanguage":"en-US"},{"@type":"Organization","@id":"https:\/\/www.residence-lapinede.com\/en\/#organization","name":"R\u00e9sidence La Pin\u00e8de","url":"https:\/\/www.residence-lapinede.com\/en\/","logo":{"@type":"ImageObject","inLanguage":"en-US","@id":"https:\/\/www.residence-lapinede.com\/en\/#\/schema\/logo\/image\/","url":"https:\/\/www.residence-lapinede.com\/wp-content\/uploads\/2021\/05\/camping-pinede-logo.png","contentUrl":"https:\/\/www.residence-lapinede.com\/wp-content\/uploads\/2021\/05\/camping-pinede-logo.png","width":2000,"height":875,"caption":"R\u00e9sidence La Pin\u00e8de"},"image":{"@id":"https:\/\/www.residence-lapinede.com\/en\/#\/schema\/logo\/image\/"}}]}},"_links":{"self":[{"href":"https:\/\/www.residence-lapinede.com\/en\/wp-json\/wp\/v2\/pages\/6214","targetHints":{"allow":["GET"]}}],"collection":[{"href":"https:\/\/www.residence-lapinede.com\/en\/wp-json\/wp\/v2\/pages"}],"about":[{"href":"https:\/\/www.residence-lapinede.com\/en\/wp-json\/wp\/v2\/types\/page"}],"author":[{"embeddable":true,"href":"https:\/\/www.residence-lapinede.com\/en\/wp-json\/wp\/v2\/users\/2"}],"replies":[{"embeddable":true,"href":"https:\/\/www.residence-lapinede.com\/en\/wp-json\/wp\/v2\/comments?post=6214"}],"version-history":[{"count":3,"href":"https:\/\/www.residence-lapinede.com\/en\/wp-json\/wp\/v2\/pages\/6214\/revisions"}],"predecessor-version":[{"id":6279,"href":"https:\/\/www.residence-lapinede.com\/en\/wp-json\/wp\/v2\/pages\/6214\/revisions\/6279"}],"wp:featuredmedia":[{"embeddable":true,"href":"https:\/\/www.residence-lapinede.com\/en\/wp-json\/wp\/v2\/media\/1962"}],"wp:attachment":[{"href":"https:\/\/www.residence-lapinede.com\/en\/wp-json\/wp\/v2\/media?parent=6214"}],"curies":[{"name":"wp","href":"https:\/\/api.w.org\/{rel}","templated":true}]}}