{"id":4422,"date":"2021-08-12T11:21:30","date_gmt":"2021-08-12T09:21:30","guid":{"rendered":"https:\/\/www.residence-lapinede.com\/oenotourisme-herault\/"},"modified":"2023-02-01T16:48:14","modified_gmt":"2023-02-01T15:48:14","slug":"oenotourisme-herault","status":"publish","type":"page","link":"https:\/\/www.residence-lapinede.com\/en\/oenotourisme-herault\/","title":{"rendered":"Oenotourisme dans l&#8217;H\u00e9rault"},"content":{"rendered":"<section id=\"section-6114efd947116\"class=\"section bg-white\" \/><div class=\"container extralarge\"><h1 class=\"element section-title left\">Wine tourism in the H\u00e9rault<\/h1><h2 class=\"element section-title left\">The wines of the H\u00e9rault<\/h2><div class=\"element bloc-text justify \">\n\t<p>The H\u00e9rault, once renowned for its great production capacity, has succeeded in changing direction and taking its place among the great wines of France. We invite you to discover the many grape varieties and wines that the winegrowers of our magnificent wine region have been able to put forward.<\/p>\n<p>In the vicinity of the campsite you can visit the wine estates of the H\u00e9rault and discover the Picpoul grape variety or discover the wine merchants of P\u00e9zenas who will be able to offer you their best selections of wines from the region.<\/p>\n<p>The wineries around the campsite:<\/p>\n<ul>\n<li><strong class=\"bold color1\">Domaine de Castelnau<\/strong> &#8211; 32 Av. de P\u00e9zenas, 34120 Castelnau-de-Guers &#8211; 04 67 98 16 19 &#8211; <a href=\"https:\/\/www.domainecastelnau.com\/\" target=\"_blank\" rel=\"noopener\">www.domainecastelnau.com<\/a><\/li>\n<li><strong class=\"bold color1\">Domaine de la Grangette Sainte Rose<\/strong> &#8211; 305 Avenue du Picpoul, 34120 Castelnau-de-Guers &#8211; 06 64 71 42 58 &#8211; <a href=\"https:\/\/www.domainelagrangette.com\/\" target=\"_blank\" rel=\"noopener\">www.domainelagrangette.com<\/a><\/li>\n<li><strong class=\"bold color1\">Domaine Reine Juliette<\/strong> &#8211; Lieu dit Montredon, 34120 Castelnau-de-Guers &#8211; 06 35 25 67 78 &#8211; <a href=\"http:\/\/www.domainereinejuliette.com\/\" target=\"_blank\" rel=\"noopener\">www.domainereinejuliette.com<\/a><\/li>\n<li><strong class=\"bold color1\">Domaine Fon de Rey<\/strong> &#8211; Av. de P\u00e9zenas, 34810 Pom\u00e9rols &#8211; 04 67 77 08 56 &#8211; <a href=\"http:\/\/www.domainefonderey.fr\/\" target=\"_blank\" rel=\"noopener\">www.domainefonderey.fr<\/a><\/li>\n<li><strong class=\"bold color1\">Domaine des Lauriers<\/strong> &#8211; 15 Av. de P\u00e9zenas, 34120 Castelnau-de-Guers &#8211; 04 67 98 18 20 &#8211; <a href=\"https:\/\/www.domaine-des-lauriers.com\/\" target=\"_blank\" rel=\"noopener\">www.domaine-des-lauriers.com<\/a><\/li>\n<li><strong class=\"bold color1\">Domaine Des Laux<\/strong> &#8211; Av. de Marseillan, 34810 Pom\u00e9rols &#8211; 06 14 25 51 79 &#8211; <a href=\"https:\/\/www.domainedeslaux.fr\/\" target=\"_blank\" rel=\"noopener\">www.domainedeslaux.fr<\/a><\/li>\n<\/ul>\n<p>The wine merchants of P\u00e9zenas :<\/p>\n<ul>\n<li><strong class=\"bold color1\">La Maison du Vin<\/strong> &#8211; 59 Av. de Verdun, 34120 P\u00e9zenas &#8211; 04 67 26 96 76 &#8211; <a href=\"https:\/\/maisonduvin.fr\" target=\"_blank\" rel=\"noopener\">www.maisonduvin.fr<\/a><\/li>\n<li><strong class=\"bold color1\">Les Caves Reinaldos<\/strong> &#8211; 7 Pl. de la R\u00e9publique, 34120 P\u00e9zenas &#8211; 04 67 90 76 34 &#8211; <a href=\"https:\/\/cave-reinaldos.com\" target=\"_blank\" rel=\"noopener\">www.cave-reinaldos.com<\/a><\/li>\n<li><strong class=\"bold color1\">La Cave vins et Spiritueux<\/strong> &#8211; 5 Pl. du 14 Juillet, 34120 P\u00e9zenas &#8211; 06 73 91 15 78 &#8211; <a href=\"https:\/\/lacavevinsetspiritueux.com\/index.php\" target=\"_blank\" rel=\"noopener\">lacavevinsetspiritueux.com<\/a><\/li>\n<li><strong class=\"bold color1\">Le Nez dans le Verre<\/strong> &#8211; ZAC Les Rodettes, 13 Rue Paul Gu\u00e9ry, 34120 P\u00e9zenas &#8211; 04 67 09 75 00 &#8211; <a href=\"https:\/\/www.lenezdansleverre.com\/fr\/\" target=\"_blank\" rel=\"noopener\">www.lenezdansleverre.com<\/a><\/li>\n<\/ul>\n<p>The wine bars of P\u00e9zenas :<\/p>\n<ul>\n<li><strong class=\"bold color1\">Le Vintage<\/strong> &#8211; 20 Cr Jean Jaur\u00e8s, 34120 P\u00e9zenas &#8211; 04 67 31 71 98 &#8211; <a href=\"https:\/\/www.vintagepezenas.com\/\" target=\"_blank\" rel=\"noopener\">www.vintagepezenas.com<\/a><\/li>\n<li><strong class=\"bold color1\">Le Quatre<\/strong> &#8211; 4 Rue Aristide Rouzi\u00e8re, 34120 P\u00e9zenas &#8211; 06 59 09 59 42 &#8211; <a href=\"https:\/\/www.facebook.com\/Le-Quatre-P%C3%A9zenas-188371275024661\/\" target=\"_blank\" rel=\"noopener\">facebook<\/a><\/li>\n<li><strong class=\"bold color1\">Le Sans Vin<\/strong> &#8211; 7 Rue Conti, 34120 P\u00e9zenas &#8211; 06 43 01 41 64 &#8211; <a href=\"https:\/\/www.facebook.com\/lesansvinpezenas\/\" target=\"_blank\" rel=\"noopener\">facebook<\/a><\/li>\n<li><strong class=\"bold color1\">Les Pieds dans le Plat<\/strong> &#8211; 13 Rue Anatole France, 34120 P\u00e9zenas &#8211; 04 67 93 77 15 &#8211; <a href=\"https:\/\/www.facebook.com\/lespiedsdansleplat34\/\" target=\"_blank\" rel=\"noopener\">facebook<\/a><\/li>\n<\/ul>\n<p style=\"text-align: center;\">See the H\u00e9rault Tourisme <a href=\"\/docs\/carte-oenotouristique-herault.pdf\">wine tourism map<\/a><\/p>\n<\/div><\/div><\/section>\n\n<section id=\"section-61163f3224077\"data-bg-opacite=\"1\"data-background=\"https:\/\/www.residence-lapinede.com\/wp-content\/uploads\/2021\/08\/vins-herault-2.jpg\"data-speed=\"0.8\"class=\"section modele imageFullDegradeNoir bg-white section--has-bg-img section_bg-parallax\" \/><div class=\"container full\"><\/div><\/section>\n\n<section id=\"section-61163f3223e01\"class=\"section bg-white\" \/><div class=\"container extralarge\"><h2 class=\"element section-title left\">Restaurants in the H\u00e9rault<\/h2><div class=\"element bloc-text justify \">\n\t<p>Mediterranean cuisine is among the healthiest in the world and is appreciated by many gourmets. We have compiled a list of restaurants that we know of where this quality is found. It is in no particular order, it is not exhaustive and will be completed in time.<\/p>\n<ul>\n<li><strong class=\"bold color1\">Les Palmiers<\/strong> &#8211; open from spring to autumn &#8211; 10 Bis Rue Merci\u00e8re, 34120 P\u00e9zenas &#8211; 04 67 09 42 56 &#8211; <a href=\"http:\/\/lespalmiers.restaurant\/\">lespalmiers.restaurant<\/a><\/li>\n<li><strong class=\"bold color1\">Chez Paul<\/strong> &#8211; 9 Rue Albert Paul Alli\u00e9s, 34120 P\u00e9zenas &#8211; 04 67 26 61 99 &#8211; <a href=\"https:\/\/www.facebook.com\/chezpaulpezenas\/\" target=\"_blank\" rel=\"noopener\">facebook<\/a><\/li>\n<li><strong class=\"bold color1\">La Pacheline<\/strong> &#8211; 28 Quai Antonin Gros, 34340 Marseillan &#8211; 04 67 09 40 17 &#8211; <a href=\"https:\/\/www.facebook.com\/La-Pacheline-233139886706826\/\" target=\"_blank\" rel=\"noopener\">facebook<\/a><\/li>\n<li><strong class=\"bold color1\">Les Marronniers<\/strong> &#8211; 6 Av. de Verdun, 34120 P\u00e9zenas &#8211; 04 67 90 13 80- <a href=\"https:\/\/www.facebook.com\/lesmarronnierspezenas\" target=\"_blank\" rel=\"noopener\">facebook<\/a><\/li>\n<li><strong class=\"bold color1\">Le Beach<\/strong> &#8211; Camping Beauregard Plage, 250 Chem. de l&#8217;Airette, 34340 Marseillan &#8211; <a href=\"https:\/\/m.facebook.com\/lebeachrestaurant\" target=\"_blank\" rel=\"noopener\">facebook<\/a><\/li>\n<li><strong class=\"bold color1\">La Cambuse du Saunier<\/strong> &#8211; Route de l&#8217;Ayrolle, 11340 Gruissan &#8211; 04 84 25 13 24 &#8211; <a href=\"https:\/\/www.lesalindegruissan.fr\/\" target=\"_blank\" rel=\"noopener\">www.lesalindegruissan.fr<\/a><\/li>\n<li><strong class=\"bold color1\">Les Valseuses<\/strong> &#8211; 7 Pl. de la R\u00e9publique, 34720 Caux &#8211; 04 67 93 39 35 &#8211; <a href=\"https:\/\/www.facebook.com\/Les-valseuses-2515782651789476\/\" target=\"_blank\" rel=\"noopener\">facebook<\/a><\/li>\n<li><strong class=\"bold color1\">La Taverne du Port<\/strong> &#8211; 4 Rue Edouard Adam, 34340 Marseillan &#8211; 04 67 01 78 78 &#8211; <a href=\"https:\/\/www.lataverneduport.com\/\" target=\"_blank\" rel=\"noopener\">www.lataverneduport.com<\/a><\/li>\n<li><strong class=\"bold color1\">Le D\u00e9licatessen<\/strong> &#8211; 4 Pl. G\u00e9n Guillaut, 34340 Marseillan &#8211; 04 67 77 38 93 &#8211; <a href=\"https:\/\/www.facebook.com\/profile.php?id=100063522610363&amp;ref=aymt_homepage_panel\" target=\"_blank\" rel=\"noopener\">facebook<\/a><\/li>\n<li><strong class=\"bold color1\">L&#8217;Escampette<\/strong> &#8211; 12 Pl. Lieutenant Paul Gauffre, 34320 Neffi\u00e8s &#8211; 04 67 24 83 99 &#8211; <a href=\"https:\/\/www.facebook.com\/Bistrot-Lescampette-185231721528485\/\" target=\"_blank\" rel=\"noopener\">facebook<\/a><\/li>\n<li><strong class=\"bold color1\">\u00c4ponem L&#8217;Auberge du Presbytere<\/strong> &#8211; 1 Rue de l&#8217;Eglise, 34320 Vailhan &#8211; 04 67 24 76 49 &#8211; <a href=\"https:\/\/www.aponem-aubergedupresbytere.fr\/\" target=\"_blank\" rel=\"noopener\">www.aponem-aubergedupresbytere.fr<\/a><\/li>\n<li><strong class=\"bold color1\">Le Picamandil<\/strong> &#8211; 39 Av. de B\u00e9ziers, 34480 Puissalicon &#8211; 06 27 29 17 88 &#8211; <a href=\"http:\/\/www.picamandil.fr\/\" target=\"_blank\" rel=\"noopener\">www.picamandil.fr<\/a><\/li>\n<li><strong class=\"bold color1\">Le Mas Soula<\/strong> &#8211; Le Mourre Blanc, 34140 M\u00e8ze &#8211; 06 80 10 03 93 &#8211; <a href=\"https:\/\/www.facebook.com\/LeMasSoula\/\">facebook<\/a><\/li>\n<li><strong class=\"bold color1\">Tarbouriech Le St Barth<\/strong> &#8211; Lieu dit Montpenedre, 34340 Marseillan &#8211; 04 99 43 97 58 &#8211; <a href=\"https:\/\/www.lestbarth.com\/\" target=\"_blank\" rel=\"noopener\">www.lestbarth.com<\/a><\/li>\n<li><strong class=\"bold color1\">Le Mas de Joep<\/strong> &#8211; Zone conchylicole Loupian Est, 34140 Bouzigues &#8211; 06 61 58 40 73 &#8211; <a href=\"https:\/\/www.facebook.com\/Le-Mas-du-Joep-151488785391131\/\" target=\"_blank\" rel=\"noopener\">facebook<\/a><\/li>\n<li><strong class=\"bold color1\">La M\u00e9canique des Fr\u00e8res Bonano<\/strong> &#8211; Lieu-dit La M\u00e9canique Sainte-Colombe, 34390 Colombi\u00e8res-sur-Orb &#8211; 04 67 97 30 52 &#8211; <a href=\"https:\/\/www.lamecaniquedesfreresbonano.fr\/\" target=\"_blank\" rel=\"noopener\">www.lamecaniquedesfreresbonano.fr<\/a><\/li>\n<li><strong class=\"bold color1\">Le Petit Mas<\/strong> &#8211; Lieu dit la croix neuve, 34140 Loupian &#8211; 06 98 72 78 53 &#8211; <a href=\"http:\/\/www.massonfilles.com\/\" target=\"_blank\" rel=\"noopener\">www.massonfilles.com<\/a><\/li>\n<li><strong class=\"bold color1\">O\u00f9 es tu Ginger?<\/strong> &#8211; 28 Rue Calqui\u00e8res Basses, 34120 P\u00e9zenas &#8211; 06 74 93 96 39 &#8211; <a href=\"https:\/\/www.facebook.com\/O%C3%B9-Es-Tu-Ginger-1594922430723888\/\" target=\"_blank\" rel=\"noopener\">facebook<\/a><\/li>\n<\/ul>\n<\/div><\/div><\/section>\n\n<section id=\"section-6114efd9473c1\"data-bg-opacite=\"1\"data-background=\"https:\/\/www.residence-lapinede.com\/wp-content\/uploads\/2021\/08\/plat-huitre.jpg\"data-speed=\"0.6\"class=\"section modele imageFullDegradeNoir bg-white section--has-bg-img section_bg-parallax\" \/><div class=\"container full\"><\/div><\/section>\n\n<section id=\"section-611679e536be8\"class=\"section bg-white\" \/><div class=\"container extralarge\"><h2 class=\"element section-title left\">The Oenorandos\u00ae by H\u00e9rault Tourisme<\/h2><div class=\"element bloc-text justify \">\n\t<p>The Oenorandos\u00ae of the H\u00e9rault, at every step, tell the story of the vineyard landscapes of the Languedoc. In the land of winegrowers, &#8220;Art and Nature&#8221;, &#8220;Poets&#8217; Trail&#8221;&#8230; to each his own.<br \/>\nLabelled by the F\u00e9d\u00e9ration Fran\u00e7aise de Randonn\u00e9e P\u00e9destre (French Hiking Federation), they reveal magnificent landscapes, a unique terroir each time, and a wealth of heritage specific to our long history. The departure is from a cooperative cellar or a wine house: an opportunity to taste the local nectars in moderation&#8230;<br \/>\nPut on your walking shoes and enjoy!<\/p>\n<p>More info on <a href=\"https:\/\/www.herault-tourisme.com\/fr\/activites\/dans-les-vignes\/oenorandos\/toutes-les-oenorandos\/\" target=\"_blank\" rel=\"noopener\">www.herault-tourisme.com<\/a><\/p>\n<\/div><\/div><\/section>\n\n<section id=\"section-611679e536e51\"data-bg-opacite=\"1\"data-background=\"https:\/\/www.residence-lapinede.com\/wp-content\/uploads\/2021\/08\/oenorandos.jpg\"data-speed=\"0.6\"class=\"section modele imageFullDegradeNoir bg-white section--has-bg-img section_bg-parallax\" \/><div class=\"container full\"><\/div><\/section>\n\n<section id=\"section-611679e537119\"class=\"section bg-white\" \/><div class=\"container extralarge\"><h2 class=\"element section-title left\">Wine and mountain biking in the H\u00e9rault<\/h2><div class=\"element bloc-text justify \">\n\t<p>10 mountain bike areas approved by the French Cycling Federation allow you to discover the exceptional diversity of our vineyards.<br \/>\nDepending on your level of mountain biking and your wine preferences, choose your region and let yourself be guided: there is something for everyone!<\/p>\n<p>More info on <a href=\"https:\/\/www.herault-tourisme.com\/fr\/activites\/dans-la-nature\/vtt-herault\/vins-et-terroirs-vtt-herault\/\" target=\"_blank\" rel=\"noopener\">www.herault-tourisme.com<\/a> of course!<\/p>\n<\/div><\/div><\/section>\n\n<section id=\"section-611679e537377\"data-bg-opacite=\"1\"data-background=\"https:\/\/www.residence-lapinede.com\/wp-content\/uploads\/2021\/08\/oenotourisme-vtt.jpg\"data-speed=\"0.6\"class=\"section modele imageFullDegradeNoir bg-white section--has-bg-img section_bg-parallax\" \/><div class=\"container full\"><\/div><\/section>\n\n<section id=\"section-611679e537651\"class=\"section bg-white\" \/><div class=\"container extralarge\"><h2 class=\"element section-title left\">Wine and oyster tasting in the H\u00e9rault<\/h2><div class=\"element bloc-text justify \">\n\t<p>By the sea, near the Thau lagoon, discover the playground of the shellfish farmers, the breeders of the famous &#8220;Bouzigues oyster&#8221;. There are different ways to discover the lagoon: reading the landscapes, taking a barge ride&#8230; For the tasting, idem: in love, between friends, in mode aperitif of dinner, meal in a farmhouse or restaurant&#8230;\u00a0What a delight to taste these shellfish freshly opened for you, with a breathtaking view of the pond!<\/p>\n<p>Raw shellfish, gratinated shellfish, mussel brasucade for amateurs&#8230; It&#8217;s up to you to choose your special moment. The shellfish farmers welcome you and tell you all about it, in a splendid setting. Each time, you will enjoy your taste buds and your eyes, in a friendly atmosphere, pure happiness!<\/p>\n<p>More info on <a href=\"https:\/\/www.herault-tourisme.com\/fr\/bien-manger\/nos-restaurants\/mangez-chez-les-producteurs-d-ici-de-l-herault\/\" target=\"_blank\" rel=\"noopener\">www.herault-tourisme.com<\/a><\/p>\n<p>Stroll on the Etang de Thau in Marseillan city with the Etoile de Thau IV starting from the port of Tabarka.<br \/>\nMore information on 06 03 23 73 65 or on <a href=\"https:\/\/promenade-bateau-marseillan.com\/\" target=\"_blank\" rel=\"noopener\">www.promenade-bateau-marseillan.com<\/a><\/p>\n<\/div><\/div><\/section>\n\n<section id=\"section-611679e5378c3\"data-bg-opacite=\"1\"data-background=\"https:\/\/www.residence-lapinede.com\/wp-content\/uploads\/2021\/08\/oenotourisme-huitre.jpg\"data-speed=\"0.6\"class=\"section modele imageFullDegradeNoir bg-white section--has-bg-img section_bg-parallax\" \/><div class=\"container full\"><\/div><\/section>","protected":false},"excerpt":{"rendered":"","protected":false},"author":2,"featured_media":2961,"parent":0,"menu_order":0,"comment_status":"closed","ping_status":"closed","template":"","meta":{"_acf_changed":false,"footnotes":""},"class_list":["post-4422","page","type-page","status-publish","has-post-thumbnail","hentry"],"acf":[],"yoast_head":"<!-- This site is optimized with the Yoast SEO plugin v26.5 - https:\/\/yoast.com\/wordpress\/plugins\/seo\/ -->\n<title>Oenotourisme dans l&#039;H\u00e9rault - Camping r\u00e9sidentiel la Pinede<\/title>\n<meta name=\"robots\" content=\"index, follow, max-snippet:-1, max-image-preview:large, max-video-preview:-1\" \/>\n<link rel=\"canonical\" href=\"https:\/\/www.residence-lapinede.com\/en\/oenotourisme-herault\/\" \/>\n<meta property=\"og:locale\" content=\"en_US\" \/>\n<meta property=\"og:type\" content=\"article\" \/>\n<meta property=\"og:title\" content=\"Oenotourisme dans l&#039;H\u00e9rault - Camping r\u00e9sidentiel la Pinede\" \/>\n<meta property=\"og:url\" content=\"https:\/\/www.residence-lapinede.com\/en\/oenotourisme-herault\/\" \/>\n<meta property=\"og:site_name\" content=\"Camping r\u00e9sidentiel la Pinede\" \/>\n<meta property=\"article:modified_time\" content=\"2023-02-01T15:48:14+00:00\" \/>\n<meta property=\"og:image\" content=\"https:\/\/www.residence-lapinede.com\/wp-content\/uploads\/2021\/08\/vins-herault.jpg\" \/>\n\t<meta property=\"og:image:width\" content=\"1920\" \/>\n\t<meta property=\"og:image:height\" content=\"1291\" \/>\n\t<meta property=\"og:image:type\" content=\"image\/jpeg\" \/>\n<meta name=\"twitter:card\" content=\"summary_large_image\" \/>\n<script type=\"application\/ld+json\" class=\"yoast-schema-graph\">{\"@context\":\"https:\/\/schema.org\",\"@graph\":[{\"@type\":\"WebPage\",\"@id\":\"https:\/\/www.residence-lapinede.com\/en\/oenotourisme-herault\/\",\"url\":\"https:\/\/www.residence-lapinede.com\/en\/oenotourisme-herault\/\",\"name\":\"Oenotourisme dans l'H\u00e9rault - Camping r\u00e9sidentiel la Pinede\",\"isPartOf\":{\"@id\":\"https:\/\/www.residence-lapinede.com\/en\/#website\"},\"primaryImageOfPage\":{\"@id\":\"https:\/\/www.residence-lapinede.com\/en\/oenotourisme-herault\/#primaryimage\"},\"image\":{\"@id\":\"https:\/\/www.residence-lapinede.com\/en\/oenotourisme-herault\/#primaryimage\"},\"thumbnailUrl\":\"https:\/\/www.residence-lapinede.com\/wp-content\/uploads\/2021\/08\/vins-herault.jpg\",\"datePublished\":\"2021-08-12T09:21:30+00:00\",\"dateModified\":\"2023-02-01T15:48:14+00:00\",\"breadcrumb\":{\"@id\":\"https:\/\/www.residence-lapinede.com\/en\/oenotourisme-herault\/#breadcrumb\"},\"inLanguage\":\"en-US\",\"potentialAction\":[{\"@type\":\"ReadAction\",\"target\":[\"https:\/\/www.residence-lapinede.com\/en\/oenotourisme-herault\/\"]}]},{\"@type\":\"ImageObject\",\"inLanguage\":\"en-US\",\"@id\":\"https:\/\/www.residence-lapinede.com\/en\/oenotourisme-herault\/#primaryimage\",\"url\":\"https:\/\/www.residence-lapinede.com\/wp-content\/uploads\/2021\/08\/vins-herault.jpg\",\"contentUrl\":\"https:\/\/www.residence-lapinede.com\/wp-content\/uploads\/2021\/08\/vins-herault.jpg\",\"width\":1920,\"height\":1291},{\"@type\":\"BreadcrumbList\",\"@id\":\"https:\/\/www.residence-lapinede.com\/en\/oenotourisme-herault\/#breadcrumb\",\"itemListElement\":[{\"@type\":\"ListItem\",\"position\":1,\"name\":\"Camping H\u00e9rault\",\"item\":\"https:\/\/www.residence-lapinede.com\/en\/\"},{\"@type\":\"ListItem\",\"position\":2,\"name\":\"Oenotourisme dans l&rsquo;H\u00e9rault\"}]},{\"@type\":\"WebSite\",\"@id\":\"https:\/\/www.residence-lapinede.com\/en\/#website\",\"url\":\"https:\/\/www.residence-lapinede.com\/en\/\",\"name\":\"Camping r\u00e9sidentiel la Pinede\",\"description\":\"Calme Luxe Nature\",\"publisher\":{\"@id\":\"https:\/\/www.residence-lapinede.com\/en\/#organization\"},\"potentialAction\":[{\"@type\":\"SearchAction\",\"target\":{\"@type\":\"EntryPoint\",\"urlTemplate\":\"https:\/\/www.residence-lapinede.com\/en\/?s={search_term_string}\"},\"query-input\":{\"@type\":\"PropertyValueSpecification\",\"valueRequired\":true,\"valueName\":\"search_term_string\"}}],\"inLanguage\":\"en-US\"},{\"@type\":\"Organization\",\"@id\":\"https:\/\/www.residence-lapinede.com\/en\/#organization\",\"name\":\"R\u00e9sidence La Pin\u00e8de\",\"url\":\"https:\/\/www.residence-lapinede.com\/en\/\",\"logo\":{\"@type\":\"ImageObject\",\"inLanguage\":\"en-US\",\"@id\":\"https:\/\/www.residence-lapinede.com\/en\/#\/schema\/logo\/image\/\",\"url\":\"https:\/\/www.residence-lapinede.com\/wp-content\/uploads\/2021\/05\/camping-pinede-logo.png\",\"contentUrl\":\"https:\/\/www.residence-lapinede.com\/wp-content\/uploads\/2021\/05\/camping-pinede-logo.png\",\"width\":2000,\"height\":875,\"caption\":\"R\u00e9sidence La Pin\u00e8de\"},\"image\":{\"@id\":\"https:\/\/www.residence-lapinede.com\/en\/#\/schema\/logo\/image\/\"}}]}<\/script>\n<!-- \/ Yoast SEO plugin. -->","yoast_head_json":{"title":"Oenotourisme dans l'H\u00e9rault - Camping r\u00e9sidentiel la Pinede","robots":{"index":"index","follow":"follow","max-snippet":"max-snippet:-1","max-image-preview":"max-image-preview:large","max-video-preview":"max-video-preview:-1"},"canonical":"https:\/\/www.residence-lapinede.com\/en\/oenotourisme-herault\/","og_locale":"en_US","og_type":"article","og_title":"Oenotourisme dans l'H\u00e9rault - Camping r\u00e9sidentiel la Pinede","og_url":"https:\/\/www.residence-lapinede.com\/en\/oenotourisme-herault\/","og_site_name":"Camping r\u00e9sidentiel la Pinede","article_modified_time":"2023-02-01T15:48:14+00:00","og_image":[{"width":1920,"height":1291,"url":"https:\/\/www.residence-lapinede.com\/wp-content\/uploads\/2021\/08\/vins-herault.jpg","type":"image\/jpeg"}],"twitter_card":"summary_large_image","schema":{"@context":"https:\/\/schema.org","@graph":[{"@type":"WebPage","@id":"https:\/\/www.residence-lapinede.com\/en\/oenotourisme-herault\/","url":"https:\/\/www.residence-lapinede.com\/en\/oenotourisme-herault\/","name":"Oenotourisme dans l'H\u00e9rault - Camping r\u00e9sidentiel la Pinede","isPartOf":{"@id":"https:\/\/www.residence-lapinede.com\/en\/#website"},"primaryImageOfPage":{"@id":"https:\/\/www.residence-lapinede.com\/en\/oenotourisme-herault\/#primaryimage"},"image":{"@id":"https:\/\/www.residence-lapinede.com\/en\/oenotourisme-herault\/#primaryimage"},"thumbnailUrl":"https:\/\/www.residence-lapinede.com\/wp-content\/uploads\/2021\/08\/vins-herault.jpg","datePublished":"2021-08-12T09:21:30+00:00","dateModified":"2023-02-01T15:48:14+00:00","breadcrumb":{"@id":"https:\/\/www.residence-lapinede.com\/en\/oenotourisme-herault\/#breadcrumb"},"inLanguage":"en-US","potentialAction":[{"@type":"ReadAction","target":["https:\/\/www.residence-lapinede.com\/en\/oenotourisme-herault\/"]}]},{"@type":"ImageObject","inLanguage":"en-US","@id":"https:\/\/www.residence-lapinede.com\/en\/oenotourisme-herault\/#primaryimage","url":"https:\/\/www.residence-lapinede.com\/wp-content\/uploads\/2021\/08\/vins-herault.jpg","contentUrl":"https:\/\/www.residence-lapinede.com\/wp-content\/uploads\/2021\/08\/vins-herault.jpg","width":1920,"height":1291},{"@type":"BreadcrumbList","@id":"https:\/\/www.residence-lapinede.com\/en\/oenotourisme-herault\/#breadcrumb","itemListElement":[{"@type":"ListItem","position":1,"name":"Camping H\u00e9rault","item":"https:\/\/www.residence-lapinede.com\/en\/"},{"@type":"ListItem","position":2,"name":"Oenotourisme dans l&rsquo;H\u00e9rault"}]},{"@type":"WebSite","@id":"https:\/\/www.residence-lapinede.com\/en\/#website","url":"https:\/\/www.residence-lapinede.com\/en\/","name":"Camping r\u00e9sidentiel la Pinede","description":"Calme Luxe Nature","publisher":{"@id":"https:\/\/www.residence-lapinede.com\/en\/#organization"},"potentialAction":[{"@type":"SearchAction","target":{"@type":"EntryPoint","urlTemplate":"https:\/\/www.residence-lapinede.com\/en\/?s={search_term_string}"},"query-input":{"@type":"PropertyValueSpecification","valueRequired":true,"valueName":"search_term_string"}}],"inLanguage":"en-US"},{"@type":"Organization","@id":"https:\/\/www.residence-lapinede.com\/en\/#organization","name":"R\u00e9sidence La Pin\u00e8de","url":"https:\/\/www.residence-lapinede.com\/en\/","logo":{"@type":"ImageObject","inLanguage":"en-US","@id":"https:\/\/www.residence-lapinede.com\/en\/#\/schema\/logo\/image\/","url":"https:\/\/www.residence-lapinede.com\/wp-content\/uploads\/2021\/05\/camping-pinede-logo.png","contentUrl":"https:\/\/www.residence-lapinede.com\/wp-content\/uploads\/2021\/05\/camping-pinede-logo.png","width":2000,"height":875,"caption":"R\u00e9sidence La Pin\u00e8de"},"image":{"@id":"https:\/\/www.residence-lapinede.com\/en\/#\/schema\/logo\/image\/"}}]}},"_links":{"self":[{"href":"https:\/\/www.residence-lapinede.com\/en\/wp-json\/wp\/v2\/pages\/4422","targetHints":{"allow":["GET"]}}],"collection":[{"href":"https:\/\/www.residence-lapinede.com\/en\/wp-json\/wp\/v2\/pages"}],"about":[{"href":"https:\/\/www.residence-lapinede.com\/en\/wp-json\/wp\/v2\/types\/page"}],"author":[{"embeddable":true,"href":"https:\/\/www.residence-lapinede.com\/en\/wp-json\/wp\/v2\/users\/2"}],"replies":[{"embeddable":true,"href":"https:\/\/www.residence-lapinede.com\/en\/wp-json\/wp\/v2\/comments?post=4422"}],"version-history":[{"count":2,"href":"https:\/\/www.residence-lapinede.com\/en\/wp-json\/wp\/v2\/pages\/4422\/revisions"}],"predecessor-version":[{"id":4425,"href":"https:\/\/www.residence-lapinede.com\/en\/wp-json\/wp\/v2\/pages\/4422\/revisions\/4425"}],"wp:featuredmedia":[{"embeddable":true,"href":"https:\/\/www.residence-lapinede.com\/en\/wp-json\/wp\/v2\/media\/2961"}],"wp:attachment":[{"href":"https:\/\/www.residence-lapinede.com\/en\/wp-json\/wp\/v2\/media?parent=4422"}],"curies":[{"name":"wp","href":"https:\/\/api.w.org\/{rel}","templated":true}]}}