{"id":1621,"date":"2021-05-17T11:03:11","date_gmt":"2021-05-17T09:03:11","guid":{"rendered":"https:\/\/www.residence-lapinede.com\/camping-piscine-herault\/"},"modified":"2021-07-22T17:10:58","modified_gmt":"2021-07-22T15:10:58","slug":"campsite-pool-herault","status":"publish","type":"page","link":"https:\/\/www.residence-lapinede.com\/en\/campsite-pool-herault\/","title":{"rendered":"Notre Espace aquatique"},"content":{"rendered":"<section id=\"section-60a3611f561cb\"class=\"section modele bg-white\" \/><div class=\"container extralarge\"><h1 class=\"element section-title center\">Camping heated swimming pool in the H\u00e9rault<\/h1><div class=\"colonnes-wrap valign-middle \"><div class=\"element colonne w-40\"><h2 class=\"element section-title left modeleTitle\">Our pool in Castelnau-de-Guers<\/h2><div class=\"element images\"><div class=\"image\"><img decoding=\"async\" src=\"https:\/\/www.residence-lapinede.com\/wp-content\/uploads\/2021\/06\/piscines-vias-94x100.jpg\" data-src=\"https:\/\/www.residence-lapinede.com\/wp-content\/uploads\/2021\/06\/piscines-vias.jpg\" alt=\"piscines pezenas\" class=\"images_image\" \/><\/div><\/div><\/div><div class=\"element colonne w-60\"><div class=\"element bloc-text justify \">\n\t<p>The aquatic area of our <strong class=\"bold color1\">luxury campsite in France<\/strong> offers a <strong class=\"bold color1\">south facing pool of 240m\u00b2<\/strong> that perfectly follows the curves of the land. As well as a second swimming pool and a heated paddling pool for the greatest comfort of all during your holidays in P\u00e9zenas.<\/p>\n<p>The aquatic area is <strong class=\"bold color1\">open from Easter holidays<\/strong> to All Saints&#8217; Day, from 10 am to 8 pm and access remains exclusive to the clients of our <a href=\"\/en\/\">camping in Castelnau-de-Guers<\/a> with swimming pool. On Tuesdays in July and August, the pools are open until 10pm.<\/p>\n<\/div><\/div><\/div><\/div><\/section>\n\n<section id=\"section-60a371f719c2b\"data-bg-opacite=\"1\"data-background=\"https:\/\/www.residence-lapinede.com\/wp-content\/uploads\/2021\/06\/bord-piscine-vias.jpg\"data-speed=\"0.8\"class=\"section modele imageFullDegradeNoir bg-white section--has-bg-img section_bg-parallax\" \/><div class=\"container full\"><\/div><\/section>\n\n\n\n<section id=\"section-60a371f719f5a\"class=\"section modele decoPins decoGauche bg-white\" \/><div class=\"container extralarge\"><div class=\"colonnes-wrap valign-middle \"><div class=\"element colonne w-60\"><h2 class=\"element section-title left modeleTitle\">Camping with jacuzzi in the H\u00e9rault <\/h2><div class=\"element bloc-text justify \">\n\t<p>Below the infinity pool, you&#8217;ll find a <strong class=\"bold color1\">4-seater jacuzzi<\/strong> running from the Easter to the All Saints&#8217; holidays. While relaxing, you can keep an eye on your children in the <strong class=\"bold color1\">heated paddling pool<\/strong> located right next door.<\/p>\n<\/div><h2 class=\"element section-title left modeleTitle m-t-4\">Deckchairs and sunbeds<\/h2><div class=\"element bloc-text justify \">\n\t<p>The aquatic area provides <strong class=\"bold color1\">sunbaths and parasols<\/strong> all around the pools. During a pandemic, the quantity of sunbeds and parasols may be reduced (see health protocol imposed by the state services).<\/p>\n<\/div><h2 class=\"element section-title left modeleTitle m-t-4\">Campsite with heated water space in the H\u00e9rault<\/h2><div class=\"element bloc-text justify \">\n\t<p>In the heart of the Pine Grove, overlooked by the restaurant, a <strong class=\"bold color1\">magnificent overflowing pool<\/strong> fits perfectly on the curves of the land. Below, the heated swimming pool is open from the Easter holidays until the All Saints&#8217; Day holidays.<\/p>\n<\/div><\/div><div class=\"element colonne w-40\"><div class=\"element images\"><div class=\"image\"><img decoding=\"async\" src=\"https:\/\/www.residence-lapinede.com\/wp-content\/uploads\/2021\/06\/jacuzzi-herault-94x100.jpg\" data-src=\"https:\/\/www.residence-lapinede.com\/wp-content\/uploads\/2021\/06\/jacuzzi-herault.jpg\" alt=\"jacuzzi herault\" class=\"images_image\" \/><\/div><\/div><\/div><\/div><\/div><\/section>\n\n<section id=\"section-60d1fd20dcfb7\"class=\"section modele bg-color3\" \/><div class=\"container extralarge\"><div class=\"colonnes-wrap valign-middle \"><div class=\"element colonne w-40\"><div class=\"element images\"><div class=\"image\"><img decoding=\"async\" src=\"https:\/\/www.residence-lapinede.com\/wp-content\/uploads\/2021\/06\/piscine-herault-94x100.jpg\" data-src=\"https:\/\/www.residence-lapinede.com\/wp-content\/uploads\/2021\/06\/piscine-herault.jpg\" alt=\"piscine herault\" class=\"images_image\" \/><\/div><\/div><\/div><div class=\"element colonne w-60\"><h2 class=\"element section-title left modeleTitle white\">Practical information about the swimming pool near P\u00e9zenas<\/h2><div class=\"element bloc-text justify \">\n\t<p>The aquatic space of the <strong class=\"bold color4\">Ville de P\u00e9zenas<\/strong>, supplied with hot water from its own thermal resource, is a structure managed since 2009 by the CAHM: <strong class=\"bold color4\">Communaut\u00e9 d&#8217;Agglom\u00e9ration H\u00e9rault M\u00e9diterran\u00e9e<\/strong>. <\/p>\n<p>The pool offers, all year round, a particularly comfortable <strong class=\"bold color4\">swimming temperature<\/strong> (28 to 30\u00b0). Three open-air pools (Competition, Learning, Wading) and a covered learning pool are available to bathers<\/strong>.<\/p>\n<p>A renovation project for the aquatic area is underway and the work should be completed in 2022.<\/p>\n<\/div><\/div><\/div><\/div><\/section>\n\n<section id=\"section-60b09547b0c94\"class=\"section modele decoPins decoDroite bg-white\" \/><div class=\"container large\"><div class=\"element section-title center titre-cta\">Discover the restaurant, services and accommodation of the campsite<\/div><ul class=\"liste-de-page\"><li class=\"element call-to-action carre call-to-action--style-1 call-to-action--big\"><a href=\"https:\/\/www.residence-lapinede.com\/en\/rental-mobil-home-herault\/\"  class=\"call-to-action_link\" title=\"En savoir plus sur our mobile-homes\"><div class=\"call-to-action_image\"><img decoding=\"async\" src=\"https:\/\/www.residence-lapinede.com\/wp-content\/uploads\/2021\/06\/mobil-home-pezenas-100x80.jpg\" data-src=\"https:\/\/www.residence-lapinede.com\/wp-content\/uploads\/2021\/06\/mobil-home-pezenas.jpg\" alt=\"mobil-home pezenas\" class=\"big\" \/><\/div><div class=\"call-to-action_contenu\"><div class=\"call-to-action_titre\">Our mobile-homes<\/div><\/div><\/a><\/li><li class=\"element call-to-action carre call-to-action--style-1 call-to-action--big call-to-action--style-1 call-to-action--big\"><a href=\"https:\/\/www.residence-lapinede.com\/en\/family-campsite-herault\/\"  class=\"call-to-action_link\" title=\"En savoir plus sur our services\"><div class=\"call-to-action_image\"><img decoding=\"async\" src=\"https:\/\/www.residence-lapinede.com\/wp-content\/uploads\/2021\/06\/camping-familial-herault-95x100.jpg\" data-src=\"https:\/\/www.residence-lapinede.com\/wp-content\/uploads\/2021\/06\/camping-familial-herault.jpg\" alt=\"camping familial herault\" class=\"big\" \/><\/div><div class=\"call-to-action_contenu\"><div class=\"call-to-action_titre\">Our Services<\/div><\/div><\/a><\/li><li class=\"element call-to-action carre call-to-action--style-1 call-to-action--big call-to-action--style-1 call-to-action--big call-to-action--style-1 call-to-action--big\"><a href=\"https:\/\/www.residence-lapinede.com\/en\/restaurant-in-herault\/\"  class=\"call-to-action_link\" title=\"En savoir plus sur our restaurant\"><div class=\"call-to-action_image\"><img decoding=\"async\" src=\"https:\/\/www.residence-lapinede.com\/wp-content\/uploads\/2021\/06\/restaurant-herault-100x80.jpg\" data-src=\"https:\/\/www.residence-lapinede.com\/wp-content\/uploads\/2021\/06\/restaurant-herault.jpg\" alt=\"restaurant herault\" class=\"big\" \/><\/div><div class=\"call-to-action_contenu\"><div class=\"call-to-action_titre\">Our restaurant<\/div><\/div><\/a><\/li><\/ul><\/div><\/section>","protected":false},"excerpt":{"rendered":"","protected":false},"author":1,"featured_media":731,"parent":0,"menu_order":0,"comment_status":"closed","ping_status":"closed","template":"","meta":{"_acf_changed":false,"footnotes":""},"class_list":["post-1621","page","type-page","status-publish","has-post-thumbnail","hentry"],"acf":[],"yoast_head":"<!-- This site is optimized with the Yoast SEO plugin v26.5 - https:\/\/yoast.com\/wordpress\/plugins\/seo\/ -->\n<title>Camping heated swimming pool near P\u00e9zenas | Aquatic area H\u00e9rault<\/title>\n<meta name=\"robots\" content=\"index, follow, max-snippet:-1, max-image-preview:large, max-video-preview:-1\" \/>\n<link rel=\"canonical\" href=\"https:\/\/www.residence-lapinede.com\/en\/campsite-pool-herault\/\" \/>\n<meta property=\"og:locale\" content=\"en_US\" \/>\n<meta property=\"og:type\" content=\"article\" \/>\n<meta property=\"og:title\" content=\"Camping heated swimming pool near P\u00e9zenas | Aquatic area H\u00e9rault\" \/>\n<meta property=\"og:url\" content=\"https:\/\/www.residence-lapinede.com\/en\/campsite-pool-herault\/\" \/>\n<meta property=\"og:site_name\" content=\"Camping r\u00e9sidentiel la Pinede\" \/>\n<meta property=\"article:modified_time\" content=\"2021-07-22T15:10:58+00:00\" \/>\n<meta property=\"og:image\" content=\"https:\/\/www.residence-lapinede.com\/wp-content\/uploads\/2021\/06\/piscine-vias.jpg\" \/>\n\t<meta property=\"og:image:width\" content=\"1903\" \/>\n\t<meta property=\"og:image:height\" content=\"300\" \/>\n\t<meta property=\"og:image:type\" content=\"image\/jpeg\" \/>\n<meta name=\"twitter:card\" content=\"summary_large_image\" \/>\n<script type=\"application\/ld+json\" class=\"yoast-schema-graph\">{\"@context\":\"https:\/\/schema.org\",\"@graph\":[{\"@type\":\"WebPage\",\"@id\":\"https:\/\/www.residence-lapinede.com\/en\/campsite-pool-herault\/\",\"url\":\"https:\/\/www.residence-lapinede.com\/en\/campsite-pool-herault\/\",\"name\":\"Camping heated swimming pool near P\u00e9zenas | Aquatic area H\u00e9rault\",\"isPartOf\":{\"@id\":\"https:\/\/www.residence-lapinede.com\/en\/#website\"},\"primaryImageOfPage\":{\"@id\":\"https:\/\/www.residence-lapinede.com\/en\/campsite-pool-herault\/#primaryimage\"},\"image\":{\"@id\":\"https:\/\/www.residence-lapinede.com\/en\/campsite-pool-herault\/#primaryimage\"},\"thumbnailUrl\":\"https:\/\/www.residence-lapinede.com\/wp-content\/uploads\/2021\/06\/piscine-vias.jpg\",\"datePublished\":\"2021-05-17T09:03:11+00:00\",\"dateModified\":\"2021-07-22T15:10:58+00:00\",\"breadcrumb\":{\"@id\":\"https:\/\/www.residence-lapinede.com\/en\/campsite-pool-herault\/#breadcrumb\"},\"inLanguage\":\"en-US\",\"potentialAction\":[{\"@type\":\"ReadAction\",\"target\":[\"https:\/\/www.residence-lapinede.com\/en\/campsite-pool-herault\/\"]}]},{\"@type\":\"ImageObject\",\"inLanguage\":\"en-US\",\"@id\":\"https:\/\/www.residence-lapinede.com\/en\/campsite-pool-herault\/#primaryimage\",\"url\":\"https:\/\/www.residence-lapinede.com\/wp-content\/uploads\/2021\/06\/piscine-vias.jpg\",\"contentUrl\":\"https:\/\/www.residence-lapinede.com\/wp-content\/uploads\/2021\/06\/piscine-vias.jpg\",\"width\":1903,\"height\":300,\"caption\":\"piscine vias\"},{\"@type\":\"BreadcrumbList\",\"@id\":\"https:\/\/www.residence-lapinede.com\/en\/campsite-pool-herault\/#breadcrumb\",\"itemListElement\":[{\"@type\":\"ListItem\",\"position\":1,\"name\":\"Camping H\u00e9rault\",\"item\":\"https:\/\/www.residence-lapinede.com\/en\/\"},{\"@type\":\"ListItem\",\"position\":2,\"name\":\"Our pool in Castelnau-de-Guers\"}]},{\"@type\":\"WebSite\",\"@id\":\"https:\/\/www.residence-lapinede.com\/en\/#website\",\"url\":\"https:\/\/www.residence-lapinede.com\/en\/\",\"name\":\"Camping r\u00e9sidentiel la Pinede\",\"description\":\"Calme Luxe Nature\",\"publisher\":{\"@id\":\"https:\/\/www.residence-lapinede.com\/en\/#organization\"},\"potentialAction\":[{\"@type\":\"SearchAction\",\"target\":{\"@type\":\"EntryPoint\",\"urlTemplate\":\"https:\/\/www.residence-lapinede.com\/en\/?s={search_term_string}\"},\"query-input\":{\"@type\":\"PropertyValueSpecification\",\"valueRequired\":true,\"valueName\":\"search_term_string\"}}],\"inLanguage\":\"en-US\"},{\"@type\":\"Organization\",\"@id\":\"https:\/\/www.residence-lapinede.com\/en\/#organization\",\"name\":\"R\u00e9sidence La Pin\u00e8de\",\"url\":\"https:\/\/www.residence-lapinede.com\/en\/\",\"logo\":{\"@type\":\"ImageObject\",\"inLanguage\":\"en-US\",\"@id\":\"https:\/\/www.residence-lapinede.com\/en\/#\/schema\/logo\/image\/\",\"url\":\"https:\/\/www.residence-lapinede.com\/wp-content\/uploads\/2021\/05\/camping-pinede-logo.png\",\"contentUrl\":\"https:\/\/www.residence-lapinede.com\/wp-content\/uploads\/2021\/05\/camping-pinede-logo.png\",\"width\":2000,\"height\":875,\"caption\":\"R\u00e9sidence La Pin\u00e8de\"},\"image\":{\"@id\":\"https:\/\/www.residence-lapinede.com\/en\/#\/schema\/logo\/image\/\"}}]}<\/script>\n<!-- \/ Yoast SEO plugin. -->","yoast_head_json":{"title":"Camping heated swimming pool near P\u00e9zenas | Aquatic area H\u00e9rault","robots":{"index":"index","follow":"follow","max-snippet":"max-snippet:-1","max-image-preview":"max-image-preview:large","max-video-preview":"max-video-preview:-1"},"canonical":"https:\/\/www.residence-lapinede.com\/en\/campsite-pool-herault\/","og_locale":"en_US","og_type":"article","og_title":"Camping heated swimming pool near P\u00e9zenas | Aquatic area H\u00e9rault","og_url":"https:\/\/www.residence-lapinede.com\/en\/campsite-pool-herault\/","og_site_name":"Camping r\u00e9sidentiel la Pinede","article_modified_time":"2021-07-22T15:10:58+00:00","og_image":[{"width":1903,"height":300,"url":"https:\/\/www.residence-lapinede.com\/wp-content\/uploads\/2021\/06\/piscine-vias.jpg","type":"image\/jpeg"}],"twitter_card":"summary_large_image","schema":{"@context":"https:\/\/schema.org","@graph":[{"@type":"WebPage","@id":"https:\/\/www.residence-lapinede.com\/en\/campsite-pool-herault\/","url":"https:\/\/www.residence-lapinede.com\/en\/campsite-pool-herault\/","name":"Camping heated swimming pool near P\u00e9zenas | Aquatic area H\u00e9rault","isPartOf":{"@id":"https:\/\/www.residence-lapinede.com\/en\/#website"},"primaryImageOfPage":{"@id":"https:\/\/www.residence-lapinede.com\/en\/campsite-pool-herault\/#primaryimage"},"image":{"@id":"https:\/\/www.residence-lapinede.com\/en\/campsite-pool-herault\/#primaryimage"},"thumbnailUrl":"https:\/\/www.residence-lapinede.com\/wp-content\/uploads\/2021\/06\/piscine-vias.jpg","datePublished":"2021-05-17T09:03:11+00:00","dateModified":"2021-07-22T15:10:58+00:00","breadcrumb":{"@id":"https:\/\/www.residence-lapinede.com\/en\/campsite-pool-herault\/#breadcrumb"},"inLanguage":"en-US","potentialAction":[{"@type":"ReadAction","target":["https:\/\/www.residence-lapinede.com\/en\/campsite-pool-herault\/"]}]},{"@type":"ImageObject","inLanguage":"en-US","@id":"https:\/\/www.residence-lapinede.com\/en\/campsite-pool-herault\/#primaryimage","url":"https:\/\/www.residence-lapinede.com\/wp-content\/uploads\/2021\/06\/piscine-vias.jpg","contentUrl":"https:\/\/www.residence-lapinede.com\/wp-content\/uploads\/2021\/06\/piscine-vias.jpg","width":1903,"height":300,"caption":"piscine vias"},{"@type":"BreadcrumbList","@id":"https:\/\/www.residence-lapinede.com\/en\/campsite-pool-herault\/#breadcrumb","itemListElement":[{"@type":"ListItem","position":1,"name":"Camping H\u00e9rault","item":"https:\/\/www.residence-lapinede.com\/en\/"},{"@type":"ListItem","position":2,"name":"Our pool in Castelnau-de-Guers"}]},{"@type":"WebSite","@id":"https:\/\/www.residence-lapinede.com\/en\/#website","url":"https:\/\/www.residence-lapinede.com\/en\/","name":"Camping r\u00e9sidentiel la Pinede","description":"Calme Luxe Nature","publisher":{"@id":"https:\/\/www.residence-lapinede.com\/en\/#organization"},"potentialAction":[{"@type":"SearchAction","target":{"@type":"EntryPoint","urlTemplate":"https:\/\/www.residence-lapinede.com\/en\/?s={search_term_string}"},"query-input":{"@type":"PropertyValueSpecification","valueRequired":true,"valueName":"search_term_string"}}],"inLanguage":"en-US"},{"@type":"Organization","@id":"https:\/\/www.residence-lapinede.com\/en\/#organization","name":"R\u00e9sidence La Pin\u00e8de","url":"https:\/\/www.residence-lapinede.com\/en\/","logo":{"@type":"ImageObject","inLanguage":"en-US","@id":"https:\/\/www.residence-lapinede.com\/en\/#\/schema\/logo\/image\/","url":"https:\/\/www.residence-lapinede.com\/wp-content\/uploads\/2021\/05\/camping-pinede-logo.png","contentUrl":"https:\/\/www.residence-lapinede.com\/wp-content\/uploads\/2021\/05\/camping-pinede-logo.png","width":2000,"height":875,"caption":"R\u00e9sidence La Pin\u00e8de"},"image":{"@id":"https:\/\/www.residence-lapinede.com\/en\/#\/schema\/logo\/image\/"}}]}},"_links":{"self":[{"href":"https:\/\/www.residence-lapinede.com\/en\/wp-json\/wp\/v2\/pages\/1621","targetHints":{"allow":["GET"]}}],"collection":[{"href":"https:\/\/www.residence-lapinede.com\/en\/wp-json\/wp\/v2\/pages"}],"about":[{"href":"https:\/\/www.residence-lapinede.com\/en\/wp-json\/wp\/v2\/types\/page"}],"author":[{"embeddable":true,"href":"https:\/\/www.residence-lapinede.com\/en\/wp-json\/wp\/v2\/users\/1"}],"replies":[{"embeddable":true,"href":"https:\/\/www.residence-lapinede.com\/en\/wp-json\/wp\/v2\/comments?post=1621"}],"version-history":[{"count":4,"href":"https:\/\/www.residence-lapinede.com\/en\/wp-json\/wp\/v2\/pages\/1621\/revisions"}],"predecessor-version":[{"id":1666,"href":"https:\/\/www.residence-lapinede.com\/en\/wp-json\/wp\/v2\/pages\/1621\/revisions\/1666"}],"wp:featuredmedia":[{"embeddable":true,"href":"https:\/\/www.residence-lapinede.com\/en\/wp-json\/wp\/v2\/media\/731"}],"wp:attachment":[{"href":"https:\/\/www.residence-lapinede.com\/en\/wp-json\/wp\/v2\/media?parent=1621"}],"curies":[{"name":"wp","href":"https:\/\/api.w.org\/{rel}","templated":true}]}}