{"id":1597,"date":"2021-05-17T11:05:28","date_gmt":"2021-05-17T09:05:28","guid":{"rendered":"https:\/\/www.residence-lapinede.com\/camping-montpellier\/"},"modified":"2021-07-23T09:02:12","modified_gmt":"2021-07-23T07:02:12","slug":"campsite-montpellier","status":"publish","type":"page","link":"https:\/\/www.residence-lapinede.com\/en\/campsite-montpellier\/","title":{"rendered":"Montpellier"},"content":{"rendered":"<section id=\"section-60a3611f561cb\"class=\"section modele bg-white\" \/><div class=\"container extralarge\"><h1 class=\"element section-title center\">Holidays in Montpellier<\/h1><div class=\"colonnes-wrap valign-middle \"><div class=\"element colonne w-40\"><h2 class=\"element section-title left modeleTitle\">Discover Montpellier<\/h2><div class=\"element images\"><div class=\"image\"><img decoding=\"async\" src=\"https:\/\/www.residence-lapinede.com\/wp-content\/uploads\/2021\/06\/centre-montpellier-94x100.jpg\" data-src=\"https:\/\/www.residence-lapinede.com\/wp-content\/uploads\/2021\/06\/centre-montpellier.jpg\" alt=\"centre montpellier\" class=\"images_image\" \/><\/div><\/div><\/div><div class=\"element colonne w-60\"><div class=\"element bloc-text justify \">\n\t<p><strong class=\"bold color1\">Prefecture of the H\u00e9rault in the Languedoc-Roussillon<\/strong>, Montpellier is ideally placed on the road to holidays. Its sunny climate, particularly in the summer months, makes it a prime destination for a stay at <a href=\"\/en\/\">camping in Castelnau-de-Guers<\/a> on the Mediterranean Sea in H\u00e9rault.<\/p>\n<p>Built in the 11th century, the town now has around <strong class=\"bold color1\">290,000 inhabitants<\/strong>. It has been a major cultural and economic capital. Closed to cars, Montpellier&#8217;s city centre can be visited easily thanks to its developed tramway network.<\/p>\n<p><a href=\"https:\/\/www.montpellier-france.com\/\" target=\"_blank\" rel=\"noopener\">Montpellier<\/a> is characterised as the sunny city par excellence, conducive to leisure and family relaxation.<\/p>\n<\/div><\/div><\/div><\/div><\/section>\n\n<section id=\"section-60a371f719c2b\"data-bg-opacite=\"1\"data-background=\"https:\/\/www.residence-lapinede.com\/wp-content\/uploads\/2021\/06\/visite-montpellier.jpg\"data-speed=\"0.8\"class=\"section modele imageFullDegradeNoir bg-white section--has-bg-img section_bg-parallax\" \/><div class=\"container full\"><\/div><\/section>\n\n\n\n<section id=\"section-60a371f719f5a\"class=\"section modele decoPins decoGauche bg-white\" \/><div class=\"container extralarge\"><div class=\"colonnes-wrap valign-middle \"><div class=\"element colonne w-60\"><h2 class=\"element section-title left modeleTitle\">Top 10 things to see and do in Montpellier<\/h2><div class=\"element bloc-text justify \">\n\t<ul>\n<li><strong class=\"bold color1\">Tour of the historic centre<\/strong>: Ecusson and Place royale du Peyrou.<\/li>\n<li><strong class=\"bold color1\">Tour to the Place de la Com\u00e9die<\/strong> with its Three Graces fountain.<\/li>\n<li><strong class=\"bold color1\">Shopping trip<\/strong> to the Antigone district.<\/li>\n<li><strong class=\"bold color1\">Discovery of the Barbotte Tower<\/strong> and the Pines Tower.<\/li>\n<li>Outing at the Museum du Vieux Montpellier, in the Varennes mansion.<\/li>\n<li><strong class=\"bold color1\">Relaxing break at the Jardin des Plantes<\/strong>, near Montpellier&#8217;s medical school.<\/li>\n<li><strong class=\"bold color1\">Walk at the beach of La Grande-Motte<\/strong>.<\/li>\n<li><strong class=\"bold color1\">Discovery of private mansions<\/strong> such as Mirman, Saint-C\u00f4me or Rodez de Benavent.<\/li>\n<li>Exploration of the <strong class=\"bold color1\">14th century St. Peter&#8217;s Cathedral<\/strong>, in Gothic style.<\/li>\n<li>Visit the Fabre Museum and its painting collections.<\/li>\n<\/ul>\n<\/div><\/div><div class=\"element colonne w-40\"><div class=\"element images\"><div class=\"image\"><img decoding=\"async\" src=\"https:\/\/www.residence-lapinede.com\/wp-content\/uploads\/2021\/06\/plage-montpellier-94x100.jpg\" data-src=\"https:\/\/www.residence-lapinede.com\/wp-content\/uploads\/2021\/06\/plage-montpellier.jpg\" alt=\"plage montpellier\" class=\"images_image\" \/><\/div><\/div><\/div><\/div><\/div><\/section>\n\n<section id=\"section-60d1fd20dcfb7\"class=\"section modele bg-color3\" \/><div class=\"container extralarge\"><div class=\"colonnes-wrap valign-middle \"><div class=\"element colonne w-40\"><div class=\"element images\"><div class=\"image\"><img decoding=\"async\" src=\"https:\/\/www.residence-lapinede.com\/wp-content\/uploads\/2021\/06\/services-camping-94x100.jpg\" data-src=\"https:\/\/www.residence-lapinede.com\/wp-content\/uploads\/2021\/06\/services-camping.jpg\" alt=\"camping 4 \u00e9toiles h\u00e9rault\" class=\"images_image\" \/><\/div><\/div><\/div><div class=\"element colonne w-60\"><h2 class=\"element section-title left modeleTitle white\">Campsite at 51 km from Montpellier<\/h2><div class=\"element bloc-text justify \">\n\t<p>51 km from Montpellier, La Pin\u00e8de campsite is ideally located for an idyllic <strong class=\"bold color4\">family holiday<\/strong>. In <strong class=\"bold color4\">the heart of nature<\/strong>, it welcomes you in the calm and serenity, thanks to the absence of car traffic in the campsite.<\/p>\n<p>A <strong class=\"bold color4\">range of 16 mobile homes<\/strong> to rent awaits you: 1 to 3 bedrooms, comfortable equipment, shaded terrace. Our campsite near Montpellier has a restaurant that organises themed evenings with concerts in the summer season.<\/p>\n<p>For an even more heavenly stay in our campsite near Montpellier, <strong class=\"bold color4\">pools and jacuzzi<\/strong> await you and your children. After relaxing with your family or friends, continue your visits in H\u00e9rault. Admire the fabulous landscapes of S\u00e8te, Marseillan and then set off to discover Saint-Guilhem-le-D\u00e9sert before returning to your rental near P\u00e9zenas.<\/p>\n<\/div><\/div><\/div><\/div><\/section>\n\n<section id=\"section-60b09547b0c94\"class=\"section modele decoPins decoDroite bg-white\" \/><div class=\"container large\"><div class=\"element section-title center titre-cta\">Discover the surroundings of Montpellier<\/div><ul class=\"liste-de-page\"><li class=\"element call-to-action carre call-to-action--style-1 call-to-action--big\"><a href=\"https:\/\/www.residence-lapinede.com\/en\/campsite-marseillan\/\"  class=\"call-to-action_link\" title=\"En savoir plus sur marseillan\"><div class=\"call-to-action_image\"><img decoding=\"async\" src=\"https:\/\/www.residence-lapinede.com\/wp-content\/uploads\/2021\/06\/marseillan-visite-100x50.jpg\" data-src=\"https:\/\/www.residence-lapinede.com\/wp-content\/uploads\/2021\/06\/marseillan-visite.jpg\" alt=\"marseillan visite\" class=\"big\" \/><\/div><div class=\"call-to-action_contenu\"><div class=\"call-to-action_titre\">Marseillan<\/div><\/div><\/a><\/li><li class=\"element call-to-action carre call-to-action--style-1 call-to-action--big call-to-action--style-1 call-to-action--big\"><a href=\"https:\/\/www.residence-lapinede.com\/en\/tourism-pezenas\/\"  class=\"call-to-action_link\" title=\"En savoir plus sur p\u00e9zenas\"><div class=\"call-to-action_image\"><img decoding=\"async\" src=\"https:\/\/www.residence-lapinede.com\/wp-content\/uploads\/2021\/06\/tourisme-pezenas-1-100x50.jpg\" data-src=\"https:\/\/www.residence-lapinede.com\/wp-content\/uploads\/2021\/06\/tourisme-pezenas-1.jpg\" alt=\"tourisme pezenas\" class=\"big\" \/><\/div><div class=\"call-to-action_contenu\"><div class=\"call-to-action_titre\">P\u00e9zenas<\/div><\/div><\/a><\/li><li class=\"element call-to-action carre call-to-action--style-1 call-to-action--big call-to-action--style-1 call-to-action--big call-to-action--style-1 call-to-action--big\"><a href=\"https:\/\/www.residence-lapinede.com\/en\/campsite-saint-guilhem-le-desert\/\"  class=\"call-to-action_link\" title=\"En savoir plus sur saint-guilhem-le-desert\"><div class=\"call-to-action_image\"><img decoding=\"async\" src=\"https:\/\/www.residence-lapinede.com\/wp-content\/uploads\/2021\/06\/saint-guilhem-visite-100x50.jpg\" data-src=\"https:\/\/www.residence-lapinede.com\/wp-content\/uploads\/2021\/06\/saint-guilhem-visite.jpg\" alt=\"saint-guilhem visite\" class=\"big\" \/><\/div><div class=\"call-to-action_contenu\"><div class=\"call-to-action_titre\">Saint-Guilhem-le-Desert<\/div><\/div><\/a><\/li><\/ul><\/div><\/section>","protected":false},"excerpt":{"rendered":"","protected":false},"author":1,"featured_media":812,"parent":0,"menu_order":0,"comment_status":"closed","ping_status":"closed","template":"","meta":{"_acf_changed":false,"footnotes":""},"class_list":["post-1597","page","type-page","status-publish","has-post-thumbnail","hentry"],"acf":[],"yoast_head":"<!-- This site is optimized with the Yoast SEO plugin v26.5 - https:\/\/yoast.com\/wordpress\/plugins\/seo\/ -->\n<title>Tourism Montpellier | Holidays in Montpellier | Camping near Montpellier<\/title>\n<meta name=\"robots\" content=\"index, follow, max-snippet:-1, max-image-preview:large, max-video-preview:-1\" \/>\n<link rel=\"canonical\" href=\"https:\/\/www.residence-lapinede.com\/en\/campsite-montpellier\/\" \/>\n<meta property=\"og:locale\" content=\"en_US\" \/>\n<meta property=\"og:type\" content=\"article\" \/>\n<meta property=\"og:title\" content=\"Tourism Montpellier | Holidays in Montpellier | Camping near Montpellier\" \/>\n<meta property=\"og:url\" content=\"https:\/\/www.residence-lapinede.com\/en\/campsite-montpellier\/\" \/>\n<meta property=\"og:site_name\" content=\"Camping r\u00e9sidentiel la Pinede\" \/>\n<meta property=\"article:modified_time\" content=\"2021-07-23T07:02:12+00:00\" \/>\n<meta property=\"og:image\" content=\"https:\/\/www.residence-lapinede.com\/wp-content\/uploads\/2021\/06\/montpellier-visite.jpg\" \/>\n\t<meta property=\"og:image:width\" content=\"1903\" \/>\n\t<meta property=\"og:image:height\" content=\"300\" \/>\n\t<meta property=\"og:image:type\" content=\"image\/jpeg\" \/>\n<meta name=\"twitter:card\" content=\"summary_large_image\" \/>\n<script type=\"application\/ld+json\" class=\"yoast-schema-graph\">{\"@context\":\"https:\/\/schema.org\",\"@graph\":[{\"@type\":\"WebPage\",\"@id\":\"https:\/\/www.residence-lapinede.com\/en\/campsite-montpellier\/\",\"url\":\"https:\/\/www.residence-lapinede.com\/en\/campsite-montpellier\/\",\"name\":\"Tourism Montpellier | Holidays in Montpellier | Camping near Montpellier\",\"isPartOf\":{\"@id\":\"https:\/\/www.residence-lapinede.com\/en\/#website\"},\"primaryImageOfPage\":{\"@id\":\"https:\/\/www.residence-lapinede.com\/en\/campsite-montpellier\/#primaryimage\"},\"image\":{\"@id\":\"https:\/\/www.residence-lapinede.com\/en\/campsite-montpellier\/#primaryimage\"},\"thumbnailUrl\":\"https:\/\/www.residence-lapinede.com\/wp-content\/uploads\/2021\/06\/montpellier-visite.jpg\",\"datePublished\":\"2021-05-17T09:05:28+00:00\",\"dateModified\":\"2021-07-23T07:02:12+00:00\",\"breadcrumb\":{\"@id\":\"https:\/\/www.residence-lapinede.com\/en\/campsite-montpellier\/#breadcrumb\"},\"inLanguage\":\"en-US\",\"potentialAction\":[{\"@type\":\"ReadAction\",\"target\":[\"https:\/\/www.residence-lapinede.com\/en\/campsite-montpellier\/\"]}]},{\"@type\":\"ImageObject\",\"inLanguage\":\"en-US\",\"@id\":\"https:\/\/www.residence-lapinede.com\/en\/campsite-montpellier\/#primaryimage\",\"url\":\"https:\/\/www.residence-lapinede.com\/wp-content\/uploads\/2021\/06\/montpellier-visite.jpg\",\"contentUrl\":\"https:\/\/www.residence-lapinede.com\/wp-content\/uploads\/2021\/06\/montpellier-visite.jpg\",\"width\":1903,\"height\":300,\"caption\":\"montpellier visite\"},{\"@type\":\"BreadcrumbList\",\"@id\":\"https:\/\/www.residence-lapinede.com\/en\/campsite-montpellier\/#breadcrumb\",\"itemListElement\":[{\"@type\":\"ListItem\",\"position\":1,\"name\":\"Camping H\u00e9rault\",\"item\":\"https:\/\/www.residence-lapinede.com\/en\/\"},{\"@type\":\"ListItem\",\"position\":2,\"name\":\"Tourism in Montpellier\"}]},{\"@type\":\"WebSite\",\"@id\":\"https:\/\/www.residence-lapinede.com\/en\/#website\",\"url\":\"https:\/\/www.residence-lapinede.com\/en\/\",\"name\":\"Camping r\u00e9sidentiel la Pinede\",\"description\":\"Calme Luxe Nature\",\"publisher\":{\"@id\":\"https:\/\/www.residence-lapinede.com\/en\/#organization\"},\"potentialAction\":[{\"@type\":\"SearchAction\",\"target\":{\"@type\":\"EntryPoint\",\"urlTemplate\":\"https:\/\/www.residence-lapinede.com\/en\/?s={search_term_string}\"},\"query-input\":{\"@type\":\"PropertyValueSpecification\",\"valueRequired\":true,\"valueName\":\"search_term_string\"}}],\"inLanguage\":\"en-US\"},{\"@type\":\"Organization\",\"@id\":\"https:\/\/www.residence-lapinede.com\/en\/#organization\",\"name\":\"R\u00e9sidence La Pin\u00e8de\",\"url\":\"https:\/\/www.residence-lapinede.com\/en\/\",\"logo\":{\"@type\":\"ImageObject\",\"inLanguage\":\"en-US\",\"@id\":\"https:\/\/www.residence-lapinede.com\/en\/#\/schema\/logo\/image\/\",\"url\":\"https:\/\/www.residence-lapinede.com\/wp-content\/uploads\/2021\/05\/camping-pinede-logo.png\",\"contentUrl\":\"https:\/\/www.residence-lapinede.com\/wp-content\/uploads\/2021\/05\/camping-pinede-logo.png\",\"width\":2000,\"height\":875,\"caption\":\"R\u00e9sidence La Pin\u00e8de\"},\"image\":{\"@id\":\"https:\/\/www.residence-lapinede.com\/en\/#\/schema\/logo\/image\/\"}}]}<\/script>\n<!-- \/ Yoast SEO plugin. -->","yoast_head_json":{"title":"Tourism Montpellier | Holidays in Montpellier | Camping near Montpellier","robots":{"index":"index","follow":"follow","max-snippet":"max-snippet:-1","max-image-preview":"max-image-preview:large","max-video-preview":"max-video-preview:-1"},"canonical":"https:\/\/www.residence-lapinede.com\/en\/campsite-montpellier\/","og_locale":"en_US","og_type":"article","og_title":"Tourism Montpellier | Holidays in Montpellier | Camping near Montpellier","og_url":"https:\/\/www.residence-lapinede.com\/en\/campsite-montpellier\/","og_site_name":"Camping r\u00e9sidentiel la Pinede","article_modified_time":"2021-07-23T07:02:12+00:00","og_image":[{"width":1903,"height":300,"url":"https:\/\/www.residence-lapinede.com\/wp-content\/uploads\/2021\/06\/montpellier-visite.jpg","type":"image\/jpeg"}],"twitter_card":"summary_large_image","schema":{"@context":"https:\/\/schema.org","@graph":[{"@type":"WebPage","@id":"https:\/\/www.residence-lapinede.com\/en\/campsite-montpellier\/","url":"https:\/\/www.residence-lapinede.com\/en\/campsite-montpellier\/","name":"Tourism Montpellier | Holidays in Montpellier | Camping near Montpellier","isPartOf":{"@id":"https:\/\/www.residence-lapinede.com\/en\/#website"},"primaryImageOfPage":{"@id":"https:\/\/www.residence-lapinede.com\/en\/campsite-montpellier\/#primaryimage"},"image":{"@id":"https:\/\/www.residence-lapinede.com\/en\/campsite-montpellier\/#primaryimage"},"thumbnailUrl":"https:\/\/www.residence-lapinede.com\/wp-content\/uploads\/2021\/06\/montpellier-visite.jpg","datePublished":"2021-05-17T09:05:28+00:00","dateModified":"2021-07-23T07:02:12+00:00","breadcrumb":{"@id":"https:\/\/www.residence-lapinede.com\/en\/campsite-montpellier\/#breadcrumb"},"inLanguage":"en-US","potentialAction":[{"@type":"ReadAction","target":["https:\/\/www.residence-lapinede.com\/en\/campsite-montpellier\/"]}]},{"@type":"ImageObject","inLanguage":"en-US","@id":"https:\/\/www.residence-lapinede.com\/en\/campsite-montpellier\/#primaryimage","url":"https:\/\/www.residence-lapinede.com\/wp-content\/uploads\/2021\/06\/montpellier-visite.jpg","contentUrl":"https:\/\/www.residence-lapinede.com\/wp-content\/uploads\/2021\/06\/montpellier-visite.jpg","width":1903,"height":300,"caption":"montpellier visite"},{"@type":"BreadcrumbList","@id":"https:\/\/www.residence-lapinede.com\/en\/campsite-montpellier\/#breadcrumb","itemListElement":[{"@type":"ListItem","position":1,"name":"Camping H\u00e9rault","item":"https:\/\/www.residence-lapinede.com\/en\/"},{"@type":"ListItem","position":2,"name":"Tourism in Montpellier"}]},{"@type":"WebSite","@id":"https:\/\/www.residence-lapinede.com\/en\/#website","url":"https:\/\/www.residence-lapinede.com\/en\/","name":"Camping r\u00e9sidentiel la Pinede","description":"Calme Luxe Nature","publisher":{"@id":"https:\/\/www.residence-lapinede.com\/en\/#organization"},"potentialAction":[{"@type":"SearchAction","target":{"@type":"EntryPoint","urlTemplate":"https:\/\/www.residence-lapinede.com\/en\/?s={search_term_string}"},"query-input":{"@type":"PropertyValueSpecification","valueRequired":true,"valueName":"search_term_string"}}],"inLanguage":"en-US"},{"@type":"Organization","@id":"https:\/\/www.residence-lapinede.com\/en\/#organization","name":"R\u00e9sidence La Pin\u00e8de","url":"https:\/\/www.residence-lapinede.com\/en\/","logo":{"@type":"ImageObject","inLanguage":"en-US","@id":"https:\/\/www.residence-lapinede.com\/en\/#\/schema\/logo\/image\/","url":"https:\/\/www.residence-lapinede.com\/wp-content\/uploads\/2021\/05\/camping-pinede-logo.png","contentUrl":"https:\/\/www.residence-lapinede.com\/wp-content\/uploads\/2021\/05\/camping-pinede-logo.png","width":2000,"height":875,"caption":"R\u00e9sidence La Pin\u00e8de"},"image":{"@id":"https:\/\/www.residence-lapinede.com\/en\/#\/schema\/logo\/image\/"}}]}},"_links":{"self":[{"href":"https:\/\/www.residence-lapinede.com\/en\/wp-json\/wp\/v2\/pages\/1597","targetHints":{"allow":["GET"]}}],"collection":[{"href":"https:\/\/www.residence-lapinede.com\/en\/wp-json\/wp\/v2\/pages"}],"about":[{"href":"https:\/\/www.residence-lapinede.com\/en\/wp-json\/wp\/v2\/types\/page"}],"author":[{"embeddable":true,"href":"https:\/\/www.residence-lapinede.com\/en\/wp-json\/wp\/v2\/users\/1"}],"replies":[{"embeddable":true,"href":"https:\/\/www.residence-lapinede.com\/en\/wp-json\/wp\/v2\/comments?post=1597"}],"version-history":[{"count":5,"href":"https:\/\/www.residence-lapinede.com\/en\/wp-json\/wp\/v2\/pages\/1597\/revisions"}],"predecessor-version":[{"id":1702,"href":"https:\/\/www.residence-lapinede.com\/en\/wp-json\/wp\/v2\/pages\/1597\/revisions\/1702"}],"wp:featuredmedia":[{"embeddable":true,"href":"https:\/\/www.residence-lapinede.com\/en\/wp-json\/wp\/v2\/media\/812"}],"wp:attachment":[{"href":"https:\/\/www.residence-lapinede.com\/en\/wp-json\/wp\/v2\/media?parent=1597"}],"curies":[{"name":"wp","href":"https:\/\/api.w.org\/{rel}","templated":true}]}}