{"id":1588,"date":"2021-05-17T11:05:17","date_gmt":"2021-05-17T09:05:17","guid":{"rendered":"https:\/\/www.residence-lapinede.com\/camping-marseillan\/"},"modified":"2021-07-22T17:20:49","modified_gmt":"2021-07-22T15:20:49","slug":"campsite-marseillan","status":"publish","type":"page","link":"https:\/\/www.residence-lapinede.com\/en\/campsite-marseillan\/","title":{"rendered":"Marseillan"},"content":{"rendered":"<section id=\"section-60a3611f561cb\"class=\"section modele bg-white\" \/><div class=\"container extralarge\"><h1 class=\"element section-title center\">Holidays in Marseillan<\/h1><div class=\"colonnes-wrap valign-middle \"><div class=\"element colonne w-40\"><h2 class=\"element section-title left modeleTitle\">What to see in Marseillan<\/h2><div class=\"element images\"><div class=\"image\"><img decoding=\"async\" src=\"https:\/\/www.residence-lapinede.com\/wp-content\/uploads\/2021\/06\/visite-marseillan-94x100.jpg\" data-src=\"https:\/\/www.residence-lapinede.com\/wp-content\/uploads\/2021\/06\/visite-marseillan.jpg\" alt=\"visite marseillan\" class=\"images_image\" \/><\/div><\/div><\/div><div class=\"element colonne w-60\"><div class=\"element bloc-text justify \">\n\t<p>During your family holiday at <a href=\"\/en\/\">camping in Castelnau-de-Guers<\/a>, take advantage of your <a href=\"https:\/\/www.marseillan.com\/\" target=\"_blank\" rel=\"noopener\">visit to Marseillan<\/a> to admire the view between catamarans and fishing boats: the harbour overlooking the <strong class=\"bold color1\">Thau Lagoon<\/strong> offers an exceptional panorama. <\/p>\n<p>Also discover the <strong class=\"bold color1\">architectural heritage<\/strong> of the city by beating the pavement of the charming alleys. The <strong class=\"bold color1\">beautiful Saint-Jean-Baptiste church<\/strong>, founded in the 17th century on an 11th-century Romanesque site, offers a view of <strong class=\"bold color1\">splendid stained glass windows and statues<\/strong>. <\/p>\n<p>On the gastronomic side, take your children to admire the covered market with its black stone arches and the <strong class=\"bold color1\">vignoble de la Madeleine Saint-Jean<\/strong>.<\/p>\n<\/div><\/div><\/div><\/div><\/section>\n\n<section id=\"section-60a371f719c2b\"data-bg-opacite=\"1\"data-background=\"https:\/\/www.residence-lapinede.com\/wp-content\/uploads\/2021\/06\/tourisme-vigne-marseillan.jpg\"data-speed=\"0.8\"class=\"section modele imageFullDegradeNoir bg-white section--has-bg-img section_bg-parallax\" \/><div class=\"container full\"><\/div><\/section>\n\n\n\n<section id=\"section-60a371f719f5a\"class=\"section modele decoPins decoGauche bg-white\" \/><div class=\"container extralarge\"><div class=\"colonnes-wrap valign-middle \"><div class=\"element colonne w-60\"><h2 class=\"element section-title left modeleTitle\">Things to do in Marseillan<\/h2><div class=\"element bloc-text justify \">\n\t<ul>\n<li><strong class=\"bold color1\">Outing at Marseillan Plage<\/strong>. Six kilometres of white sand to stroll along and enjoy the sunset on the Plage d&#8217;Honneur.<\/li>\n<li>Walk along the <strong class=\"bold color1\">\u00e9tang de Thau on the Promenade de la Belle-Scribote<\/strong>, to the Pointe des Onglous.<\/li>\n<li>Guided tour by <strong class=\"bold color1\">boat on the Etang de Thau and the Canal du Midi<\/strong>. For this, meet at the port of Marseillan.<\/li>\n<li>Discovery of the Maison Noilly Prat where <strong class=\"bold color1\">taste vermouth<\/strong>, a wine-based aperitif.<\/li>\n<li>Bicycle tour on the <strong class=\"bold color1\">30 km of cycle paths<\/strong> in the city of Marseilles. Start from the Mediterranean roundabout to get to Marseillan ville.<\/li>\n<\/ul>\n<\/div><\/div><div class=\"element colonne w-40\"><div class=\"element images\"><div class=\"image\"><img decoding=\"async\" src=\"https:\/\/www.residence-lapinede.com\/wp-content\/uploads\/2021\/06\/activites-marseillan-94x100.jpg\" data-src=\"https:\/\/www.residence-lapinede.com\/wp-content\/uploads\/2021\/06\/activites-marseillan.jpg\" alt=\"activit\u00e9s marseillan\" class=\"images_image\" \/><\/div><\/div><\/div><\/div><\/div><\/section>\n\n<section id=\"section-60d1fd20dcfb7\"class=\"section modele bg-color3\" \/><div class=\"container extralarge\"><div class=\"colonnes-wrap valign-middle \"><div class=\"element colonne w-40\"><div class=\"element images\"><div class=\"image\"><img decoding=\"async\" src=\"https:\/\/www.residence-lapinede.com\/wp-content\/uploads\/2021\/06\/services-camping-94x100.jpg\" data-src=\"https:\/\/www.residence-lapinede.com\/wp-content\/uploads\/2021\/06\/services-camping.jpg\" alt=\"camping 4 \u00e9toiles h\u00e9rault\" class=\"images_image\" \/><\/div><\/div><\/div><div class=\"element colonne w-60\"><h2 class=\"element section-title left modeleTitle white\">Camping near Marseillan<\/h2><div class=\"element bloc-text justify \">\n\t<p>Would you like to <strong class=\"bold color1\">discover Marseillan<\/strong> and are looking for accommodation? Then stop by the La Pin\u00e8de campsite, located less than 12 km away. In a green setting, enjoy a peaceful holiday in a 1 to 3 bedroom mobile home of 20 to 40 m\u00b2 with a fully equipped kitchen and terrace.<\/p>\n<p>In our <strong class=\"bold color1\">camping with swimming pool near Marseillan Plage<\/strong> and Marseillan Ville, discover <strong class=\"bold color1\">themed evenings<\/strong> at the estate&#8217;s restaurant, a top-of-the-range aquatic area where you can swim with your children and many other services.<\/p>\n<p>Our campsite in H\u00e9rault will allow you to spend a rejuvenating holiday near P\u00e9zenas and S\u00e8te and enriching thanks to the many cultural sites in visit Montpelier and Saint-Guilhem-le-D\u00e9sert.<\/p>\n<\/div><\/div><\/div><\/div><\/section>\n\n<section id=\"section-60b09547b0c94\"class=\"section modele decoPins decoDroite bg-white\" \/><div class=\"container large\"><div class=\"element section-title center titre-cta\">Discover the surroundings of Marseillan<\/div><ul class=\"liste-de-page\"><li class=\"element call-to-action carre call-to-action--style-1 call-to-action--big\"><a href=\"https:\/\/www.residence-lapinede.com\/en\/campsite-montpellier\/\"  class=\"call-to-action_link\" title=\"En savoir plus sur montpellier\"><div class=\"call-to-action_image\"><img decoding=\"async\" src=\"https:\/\/www.residence-lapinede.com\/wp-content\/uploads\/2021\/06\/montpellier-visite-1-100x50.jpg\" data-src=\"https:\/\/www.residence-lapinede.com\/wp-content\/uploads\/2021\/06\/montpellier-visite-1.jpg\" alt=\"montpellier visite\" class=\"big\" \/><\/div><div class=\"call-to-action_contenu\"><div class=\"call-to-action_titre\">Montpellier<\/div><\/div><\/a><\/li><li class=\"element call-to-action carre call-to-action--style-1 call-to-action--big call-to-action--style-1 call-to-action--big\"><a href=\"https:\/\/www.residence-lapinede.com\/en\/campsite-saint-guilhem-le-desert\/\"  class=\"call-to-action_link\" title=\"En savoir plus sur saint-guilhem-le-desert\"><div class=\"call-to-action_image\"><img decoding=\"async\" src=\"https:\/\/www.residence-lapinede.com\/wp-content\/uploads\/2021\/06\/saint-guilhem-visite-100x50.jpg\" data-src=\"https:\/\/www.residence-lapinede.com\/wp-content\/uploads\/2021\/06\/saint-guilhem-visite.jpg\" alt=\"saint-guilhem visite\" class=\"big\" \/><\/div><div class=\"call-to-action_contenu\"><div class=\"call-to-action_titre\">Saint-Guilhem-le-Desert<\/div><\/div><\/a><\/li><li class=\"element call-to-action carre call-to-action--style-1 call-to-action--big call-to-action--style-1 call-to-action--big call-to-action--style-1 call-to-action--big\"><a href=\"https:\/\/www.residence-lapinede.com\/en\/campsite-sete\/\"  class=\"call-to-action_link\" title=\"En savoir plus sur sete\"><div class=\"call-to-action_image\"><img decoding=\"async\" src=\"https:\/\/www.residence-lapinede.com\/wp-content\/uploads\/2021\/06\/sete-visite-100x50.jpg\" data-src=\"https:\/\/www.residence-lapinede.com\/wp-content\/uploads\/2021\/06\/sete-visite.jpg\" alt=\"sete visite\" class=\"big\" \/><\/div><div class=\"call-to-action_contenu\"><div class=\"call-to-action_titre\">Sete<\/div><\/div><\/a><\/li><\/ul><\/div><\/section>","protected":false},"excerpt":{"rendered":"","protected":false},"author":1,"featured_media":798,"parent":0,"menu_order":0,"comment_status":"closed","ping_status":"closed","template":"","meta":{"_acf_changed":false,"footnotes":""},"class_list":["post-1588","page","type-page","status-publish","has-post-thumbnail","hentry"],"acf":[],"yoast_head":"<!-- This site is optimized with the Yoast SEO plugin v26.5 - https:\/\/yoast.com\/wordpress\/plugins\/seo\/ -->\n<title>Visit Marseillan | What to do and see in Marseillan | Camping near Marseillan<\/title>\n<meta name=\"robots\" content=\"index, follow, max-snippet:-1, max-image-preview:large, max-video-preview:-1\" \/>\n<link rel=\"canonical\" href=\"https:\/\/www.residence-lapinede.com\/en\/campsite-marseillan\/\" \/>\n<meta property=\"og:locale\" content=\"en_US\" \/>\n<meta property=\"og:type\" content=\"article\" \/>\n<meta property=\"og:title\" content=\"Visit Marseillan | What to do and see in Marseillan | Camping near Marseillan\" \/>\n<meta property=\"og:url\" content=\"https:\/\/www.residence-lapinede.com\/en\/campsite-marseillan\/\" \/>\n<meta property=\"og:site_name\" content=\"Camping r\u00e9sidentiel la Pinede\" \/>\n<meta property=\"article:modified_time\" content=\"2021-07-22T15:20:49+00:00\" \/>\n<meta property=\"og:image\" content=\"https:\/\/www.residence-lapinede.com\/wp-content\/uploads\/2021\/06\/tourisme-marseillan.jpg\" \/>\n\t<meta property=\"og:image:width\" content=\"1903\" \/>\n\t<meta property=\"og:image:height\" content=\"300\" \/>\n\t<meta property=\"og:image:type\" content=\"image\/jpeg\" \/>\n<meta name=\"twitter:card\" content=\"summary_large_image\" \/>\n<script type=\"application\/ld+json\" class=\"yoast-schema-graph\">{\"@context\":\"https:\/\/schema.org\",\"@graph\":[{\"@type\":\"WebPage\",\"@id\":\"https:\/\/www.residence-lapinede.com\/en\/campsite-marseillan\/\",\"url\":\"https:\/\/www.residence-lapinede.com\/en\/campsite-marseillan\/\",\"name\":\"Visit Marseillan | What to do and see in Marseillan | Camping near Marseillan\",\"isPartOf\":{\"@id\":\"https:\/\/www.residence-lapinede.com\/en\/#website\"},\"primaryImageOfPage\":{\"@id\":\"https:\/\/www.residence-lapinede.com\/en\/campsite-marseillan\/#primaryimage\"},\"image\":{\"@id\":\"https:\/\/www.residence-lapinede.com\/en\/campsite-marseillan\/#primaryimage\"},\"thumbnailUrl\":\"https:\/\/www.residence-lapinede.com\/wp-content\/uploads\/2021\/06\/tourisme-marseillan.jpg\",\"datePublished\":\"2021-05-17T09:05:17+00:00\",\"dateModified\":\"2021-07-22T15:20:49+00:00\",\"breadcrumb\":{\"@id\":\"https:\/\/www.residence-lapinede.com\/en\/campsite-marseillan\/#breadcrumb\"},\"inLanguage\":\"en-US\",\"potentialAction\":[{\"@type\":\"ReadAction\",\"target\":[\"https:\/\/www.residence-lapinede.com\/en\/campsite-marseillan\/\"]}]},{\"@type\":\"ImageObject\",\"inLanguage\":\"en-US\",\"@id\":\"https:\/\/www.residence-lapinede.com\/en\/campsite-marseillan\/#primaryimage\",\"url\":\"https:\/\/www.residence-lapinede.com\/wp-content\/uploads\/2021\/06\/tourisme-marseillan.jpg\",\"contentUrl\":\"https:\/\/www.residence-lapinede.com\/wp-content\/uploads\/2021\/06\/tourisme-marseillan.jpg\",\"width\":1903,\"height\":300,\"caption\":\"tourisme marseillan\"},{\"@type\":\"BreadcrumbList\",\"@id\":\"https:\/\/www.residence-lapinede.com\/en\/campsite-marseillan\/#breadcrumb\",\"itemListElement\":[{\"@type\":\"ListItem\",\"position\":1,\"name\":\"Camping H\u00e9rault\",\"item\":\"https:\/\/www.residence-lapinede.com\/en\/\"},{\"@type\":\"ListItem\",\"position\":2,\"name\":\"Visit Marseillan\"}]},{\"@type\":\"WebSite\",\"@id\":\"https:\/\/www.residence-lapinede.com\/en\/#website\",\"url\":\"https:\/\/www.residence-lapinede.com\/en\/\",\"name\":\"Camping r\u00e9sidentiel la Pinede\",\"description\":\"Calme Luxe Nature\",\"publisher\":{\"@id\":\"https:\/\/www.residence-lapinede.com\/en\/#organization\"},\"potentialAction\":[{\"@type\":\"SearchAction\",\"target\":{\"@type\":\"EntryPoint\",\"urlTemplate\":\"https:\/\/www.residence-lapinede.com\/en\/?s={search_term_string}\"},\"query-input\":{\"@type\":\"PropertyValueSpecification\",\"valueRequired\":true,\"valueName\":\"search_term_string\"}}],\"inLanguage\":\"en-US\"},{\"@type\":\"Organization\",\"@id\":\"https:\/\/www.residence-lapinede.com\/en\/#organization\",\"name\":\"R\u00e9sidence La Pin\u00e8de\",\"url\":\"https:\/\/www.residence-lapinede.com\/en\/\",\"logo\":{\"@type\":\"ImageObject\",\"inLanguage\":\"en-US\",\"@id\":\"https:\/\/www.residence-lapinede.com\/en\/#\/schema\/logo\/image\/\",\"url\":\"https:\/\/www.residence-lapinede.com\/wp-content\/uploads\/2021\/05\/camping-pinede-logo.png\",\"contentUrl\":\"https:\/\/www.residence-lapinede.com\/wp-content\/uploads\/2021\/05\/camping-pinede-logo.png\",\"width\":2000,\"height\":875,\"caption\":\"R\u00e9sidence La Pin\u00e8de\"},\"image\":{\"@id\":\"https:\/\/www.residence-lapinede.com\/en\/#\/schema\/logo\/image\/\"}}]}<\/script>\n<!-- \/ Yoast SEO plugin. -->","yoast_head_json":{"title":"Visit Marseillan | What to do and see in Marseillan | Camping near Marseillan","robots":{"index":"index","follow":"follow","max-snippet":"max-snippet:-1","max-image-preview":"max-image-preview:large","max-video-preview":"max-video-preview:-1"},"canonical":"https:\/\/www.residence-lapinede.com\/en\/campsite-marseillan\/","og_locale":"en_US","og_type":"article","og_title":"Visit Marseillan | What to do and see in Marseillan | Camping near Marseillan","og_url":"https:\/\/www.residence-lapinede.com\/en\/campsite-marseillan\/","og_site_name":"Camping r\u00e9sidentiel la Pinede","article_modified_time":"2021-07-22T15:20:49+00:00","og_image":[{"width":1903,"height":300,"url":"https:\/\/www.residence-lapinede.com\/wp-content\/uploads\/2021\/06\/tourisme-marseillan.jpg","type":"image\/jpeg"}],"twitter_card":"summary_large_image","schema":{"@context":"https:\/\/schema.org","@graph":[{"@type":"WebPage","@id":"https:\/\/www.residence-lapinede.com\/en\/campsite-marseillan\/","url":"https:\/\/www.residence-lapinede.com\/en\/campsite-marseillan\/","name":"Visit Marseillan | What to do and see in Marseillan | Camping near Marseillan","isPartOf":{"@id":"https:\/\/www.residence-lapinede.com\/en\/#website"},"primaryImageOfPage":{"@id":"https:\/\/www.residence-lapinede.com\/en\/campsite-marseillan\/#primaryimage"},"image":{"@id":"https:\/\/www.residence-lapinede.com\/en\/campsite-marseillan\/#primaryimage"},"thumbnailUrl":"https:\/\/www.residence-lapinede.com\/wp-content\/uploads\/2021\/06\/tourisme-marseillan.jpg","datePublished":"2021-05-17T09:05:17+00:00","dateModified":"2021-07-22T15:20:49+00:00","breadcrumb":{"@id":"https:\/\/www.residence-lapinede.com\/en\/campsite-marseillan\/#breadcrumb"},"inLanguage":"en-US","potentialAction":[{"@type":"ReadAction","target":["https:\/\/www.residence-lapinede.com\/en\/campsite-marseillan\/"]}]},{"@type":"ImageObject","inLanguage":"en-US","@id":"https:\/\/www.residence-lapinede.com\/en\/campsite-marseillan\/#primaryimage","url":"https:\/\/www.residence-lapinede.com\/wp-content\/uploads\/2021\/06\/tourisme-marseillan.jpg","contentUrl":"https:\/\/www.residence-lapinede.com\/wp-content\/uploads\/2021\/06\/tourisme-marseillan.jpg","width":1903,"height":300,"caption":"tourisme marseillan"},{"@type":"BreadcrumbList","@id":"https:\/\/www.residence-lapinede.com\/en\/campsite-marseillan\/#breadcrumb","itemListElement":[{"@type":"ListItem","position":1,"name":"Camping H\u00e9rault","item":"https:\/\/www.residence-lapinede.com\/en\/"},{"@type":"ListItem","position":2,"name":"Visit Marseillan"}]},{"@type":"WebSite","@id":"https:\/\/www.residence-lapinede.com\/en\/#website","url":"https:\/\/www.residence-lapinede.com\/en\/","name":"Camping r\u00e9sidentiel la Pinede","description":"Calme Luxe Nature","publisher":{"@id":"https:\/\/www.residence-lapinede.com\/en\/#organization"},"potentialAction":[{"@type":"SearchAction","target":{"@type":"EntryPoint","urlTemplate":"https:\/\/www.residence-lapinede.com\/en\/?s={search_term_string}"},"query-input":{"@type":"PropertyValueSpecification","valueRequired":true,"valueName":"search_term_string"}}],"inLanguage":"en-US"},{"@type":"Organization","@id":"https:\/\/www.residence-lapinede.com\/en\/#organization","name":"R\u00e9sidence La Pin\u00e8de","url":"https:\/\/www.residence-lapinede.com\/en\/","logo":{"@type":"ImageObject","inLanguage":"en-US","@id":"https:\/\/www.residence-lapinede.com\/en\/#\/schema\/logo\/image\/","url":"https:\/\/www.residence-lapinede.com\/wp-content\/uploads\/2021\/05\/camping-pinede-logo.png","contentUrl":"https:\/\/www.residence-lapinede.com\/wp-content\/uploads\/2021\/05\/camping-pinede-logo.png","width":2000,"height":875,"caption":"R\u00e9sidence La Pin\u00e8de"},"image":{"@id":"https:\/\/www.residence-lapinede.com\/en\/#\/schema\/logo\/image\/"}}]}},"_links":{"self":[{"href":"https:\/\/www.residence-lapinede.com\/en\/wp-json\/wp\/v2\/pages\/1588","targetHints":{"allow":["GET"]}}],"collection":[{"href":"https:\/\/www.residence-lapinede.com\/en\/wp-json\/wp\/v2\/pages"}],"about":[{"href":"https:\/\/www.residence-lapinede.com\/en\/wp-json\/wp\/v2\/types\/page"}],"author":[{"embeddable":true,"href":"https:\/\/www.residence-lapinede.com\/en\/wp-json\/wp\/v2\/users\/1"}],"replies":[{"embeddable":true,"href":"https:\/\/www.residence-lapinede.com\/en\/wp-json\/wp\/v2\/comments?post=1588"}],"version-history":[{"count":7,"href":"https:\/\/www.residence-lapinede.com\/en\/wp-json\/wp\/v2\/pages\/1588\/revisions"}],"predecessor-version":[{"id":1689,"href":"https:\/\/www.residence-lapinede.com\/en\/wp-json\/wp\/v2\/pages\/1588\/revisions\/1689"}],"wp:featuredmedia":[{"embeddable":true,"href":"https:\/\/www.residence-lapinede.com\/en\/wp-json\/wp\/v2\/media\/798"}],"wp:attachment":[{"href":"https:\/\/www.residence-lapinede.com\/en\/wp-json\/wp\/v2\/media?parent=1588"}],"curies":[{"name":"wp","href":"https:\/\/api.w.org\/{rel}","templated":true}]}}