{"id":1555,"date":"2021-05-17T11:05:44","date_gmt":"2021-05-17T09:05:44","guid":{"rendered":"https:\/\/www.residence-lapinede.com\/camping-herault\/"},"modified":"2021-07-23T09:05:02","modified_gmt":"2021-07-23T07:05:02","slug":"campsite-herault","status":"publish","type":"page","link":"https:\/\/www.residence-lapinede.com\/en\/campsite-herault\/","title":{"rendered":"A voir \u00e0 faire"},"content":{"rendered":"<section id=\"section-60a3611f561cb\"class=\"section modele bg-white\" \/><div class=\"container extralarge\"><h1 class=\"element section-title center\">Things to do in the H\u00e9rault<\/h1><div class=\"colonnes-wrap valign-middle \"><div class=\"element colonne w-40\"><h2 class=\"element section-title left modeleTitle\">Top charming villages in H\u00e9rault<\/h2><div class=\"element images\"><div class=\"image\"><img decoding=\"async\" src=\"https:\/\/www.residence-lapinede.com\/wp-content\/uploads\/2021\/06\/quoi-faire-herault-94x100.jpg\" data-src=\"https:\/\/www.residence-lapinede.com\/wp-content\/uploads\/2021\/06\/quoi-faire-herault.jpg\" alt=\"quoi faire herault\" class=\"images_image\" \/><\/div><\/div><\/div><div class=\"element colonne w-60\"><div class=\"element bloc-text justify \">\n\t<ul>\n<li><strong class=\"bold color1\">Lod\u00e8ve<\/strong>. &#8220;City and country of art and history&#8221;, visit the ancient cathedral Saint-Fulcran and the episcopal palace in an exceptional natural setting.<\/li>\n<li><strong class=\"bold color1\">Roquebrun<\/strong>. Located on the banks of the Orb at the foot of a hill, it blends into the landscape. To see: its vineyard, its mills and its Carolingian tower.<\/li>\n<li><strong class=\"bold color1\">Villeneuvette<\/strong>. Between the old factory, the beautiful place Louis XIV, a fountain of the seventeenth and pretty houses of workers, it is a nice heritage to visit.<\/li>\n<li>Saint-Guilhem-le-D\u00e9sert, between cliffs, picturesque streets, Gellone Abbey and Devil&#8217;s Bridge.<\/li>\n<li><strong class=\"bold color1\">Balaruc-les-Bains<\/strong>. Renowned for its thermal baths, this village includes an ancient Mediterranean garden, a medieval chapel and a Gallo-Roman aqueduct.<\/li>\n<\/ul>\n<p>After visiting these must-see villages, set off to discover S\u00e8te, P\u00e9zenas and Marseillan near the campsite.<\/p>\n<\/div><\/div><\/div><\/div><\/section>\n\n<section id=\"section-60a371f719c2b\"data-bg-opacite=\"1\"data-background=\"https:\/\/www.residence-lapinede.com\/wp-content\/uploads\/2021\/06\/visite-herault.jpg\"data-speed=\"0.8\"class=\"section modele imageFullDegradeNoir bg-white section--has-bg-img section_bg-parallax\" \/><div class=\"container full\"><\/div><\/section>\n\n\n\n<section id=\"section-60a371f719f5a\"class=\"section modele decoPins decoGauche bg-white\" \/><div class=\"container extralarge\"><div class=\"colonnes-wrap valign-middle \"><div class=\"element colonne w-60\"><h2 class=\"element section-title left modeleTitle\">Top 5 things to see near the campsite<\/h2><div class=\"element bloc-text justify \">\n\t<ul>\n<li><strong class=\"bold color1\">The 9 locks of Fonseranes in B\u00e9ziers<\/strong>. Built in the 17th century, this technical feat makes it one of the most visited structures in Languedoc-Roussillon.<\/li>\n<li><strong class=\"bold color1\">Henri Prades Museum in Lattes<\/strong>. The archaeological site Lattara makes you discover the ancient past of Lattes<\/li>\n<li><strong class=\"bold color1\">Aquapark in Cap d&#8217;Agde<\/strong>. Giant inflatable aquatic structures for family fun, a unique park in Occitania.<\/li>\n<li><strong class=\"bold color1\">Grotte de Clamouse<\/strong>, between Saint-Jean-de-Fos and Saint-Guilhem-le-D\u00e9sert. In the heart of the Gorges de l&#8217;H\u00e9rault, you can admire fascinating concretions.<\/li>\n<li><strong class=\"bold color1\">Parc du Lunaret<\/strong> in Montpellier. This zoo is home to over 1,200 animals and playgrounds for children.<\/li>\n<\/ul>\n<\/div><\/div><div class=\"element colonne w-40\"><div class=\"element images\"><div class=\"image\"><img decoding=\"async\" src=\"https:\/\/www.residence-lapinede.com\/wp-content\/uploads\/2021\/06\/grotte-herault-94x100.jpg\" data-src=\"https:\/\/www.residence-lapinede.com\/wp-content\/uploads\/2021\/06\/grotte-herault.jpg\" alt=\"grotte herault\" class=\"images_image\" \/><\/div><\/div><\/div><\/div><\/div><\/section>\n\n<section id=\"section-60d1fd20dcfb7\"class=\"section modele bg-color3\" \/><div class=\"container extralarge\"><div class=\"colonnes-wrap valign-middle \"><div class=\"element colonne w-40\"><div class=\"element images\"><div class=\"image\"><img decoding=\"async\" src=\"https:\/\/www.residence-lapinede.com\/wp-content\/uploads\/2021\/06\/services-camping-94x100.jpg\" data-src=\"https:\/\/www.residence-lapinede.com\/wp-content\/uploads\/2021\/06\/services-camping.jpg\" alt=\"camping 4 \u00e9toiles h\u00e9rault\" class=\"images_image\" \/><\/div><\/div><\/div><div class=\"element colonne w-60\"><h2 class=\"element section-title left modeleTitle white\">Camping in H\u00e9rault<\/h2><div class=\"element bloc-text justify \">\n\t<p>Are you looking for a <a href=\"\/en\/\">camping in H\u00e9rault<\/a> for your <strong class=\"bold color4\">holiday in the South<\/strong> with your children? Domaine La Pin\u00e8de is ideal for your <strong class=\"bold color4\">family holiday<\/strong>! For a comfortable accommodation, it offers you a 100% fitted mobile home rental, with terrace.<\/p>\n<p>In terms of services, our campsite near the H\u00e9rault offers you the possibility to take advantage of sports fields, <strong class=\"bold color4\">electric barbecues<\/strong>, but also a heated aquatic area and an infinity pool.<\/p>\n<\/div><\/div><\/div><\/div><\/section>\n\n<section id=\"section-60b09547b0c94\"class=\"section modele decoPins decoDroite bg-white\" \/><div class=\"container large\"><div class=\"element section-title center titre-cta\">Discover the cities of the H\u00e9rault<\/div><ul class=\"liste-de-page\"><li class=\"element call-to-action carre call-to-action--style-1 call-to-action--big\"><a href=\"https:\/\/www.residence-lapinede.com\/en\/campsite-marseillan\/\"  class=\"call-to-action_link\" title=\"En savoir plus sur marseillan\"><div class=\"call-to-action_image\"><img decoding=\"async\" src=\"https:\/\/www.residence-lapinede.com\/wp-content\/uploads\/2021\/06\/marseillan-visite-100x50.jpg\" data-src=\"https:\/\/www.residence-lapinede.com\/wp-content\/uploads\/2021\/06\/marseillan-visite.jpg\" alt=\"marseillan visite\" class=\"big\" \/><\/div><div class=\"call-to-action_contenu\"><div class=\"call-to-action_titre\">Marseillan<\/div><\/div><\/a><\/li><li class=\"element call-to-action carre call-to-action--style-1 call-to-action--big call-to-action--style-1 call-to-action--big\"><a href=\"https:\/\/www.residence-lapinede.com\/en\/campsite-montpellier\/\"  class=\"call-to-action_link\" title=\"En savoir plus sur montpellier\"><div class=\"call-to-action_image\"><img decoding=\"async\" src=\"https:\/\/www.residence-lapinede.com\/wp-content\/uploads\/2021\/06\/montpellier-visite-1-100x50.jpg\" data-src=\"https:\/\/www.residence-lapinede.com\/wp-content\/uploads\/2021\/06\/montpellier-visite-1.jpg\" alt=\"montpellier visite\" class=\"big\" \/><\/div><div class=\"call-to-action_contenu\"><div class=\"call-to-action_titre\">Montpellier<\/div><\/div><\/a><\/li><li class=\"element call-to-action carre call-to-action--style-1 call-to-action--big call-to-action--style-1 call-to-action--big call-to-action--style-1 call-to-action--big\"><a href=\"https:\/\/www.residence-lapinede.com\/en\/tourism-pezenas\/\"  class=\"call-to-action_link\" title=\"En savoir plus sur p\u00e9zenas\"><div class=\"call-to-action_image\"><img decoding=\"async\" src=\"https:\/\/www.residence-lapinede.com\/wp-content\/uploads\/2021\/06\/tourisme-pezenas-1-100x50.jpg\" data-src=\"https:\/\/www.residence-lapinede.com\/wp-content\/uploads\/2021\/06\/tourisme-pezenas-1.jpg\" alt=\"tourisme pezenas\" class=\"big\" \/><\/div><div class=\"call-to-action_contenu\"><div class=\"call-to-action_titre\">P\u00e9zenas<\/div><\/div><\/a><\/li><\/ul><\/div><\/section>","protected":false},"excerpt":{"rendered":"","protected":false},"author":1,"featured_media":2215,"parent":0,"menu_order":0,"comment_status":"closed","ping_status":"closed","template":"","meta":{"_acf_changed":false,"footnotes":""},"class_list":["post-1555","page","type-page","status-publish","has-post-thumbnail","hentry"],"acf":[],"yoast_head":"<!-- This site is optimized with the Yoast SEO plugin v26.5 - https:\/\/yoast.com\/wordpress\/plugins\/seo\/ -->\n<title>Tourism H\u00e9rault | Holidays in H\u00e9rault | Discover H\u00e9rault<\/title>\n<meta name=\"robots\" content=\"index, follow, max-snippet:-1, max-image-preview:large, max-video-preview:-1\" \/>\n<link rel=\"canonical\" href=\"https:\/\/www.residence-lapinede.com\/en\/campsite-herault\/\" \/>\n<meta property=\"og:locale\" content=\"en_US\" \/>\n<meta property=\"og:type\" content=\"article\" \/>\n<meta property=\"og:title\" content=\"Tourism H\u00e9rault | Holidays in H\u00e9rault | Discover H\u00e9rault\" \/>\n<meta property=\"og:url\" content=\"https:\/\/www.residence-lapinede.com\/en\/campsite-herault\/\" \/>\n<meta property=\"og:site_name\" content=\"Camping r\u00e9sidentiel la Pinede\" \/>\n<meta property=\"article:modified_time\" content=\"2021-07-23T07:05:02+00:00\" \/>\n<meta property=\"og:image\" content=\"https:\/\/www.residence-lapinede.com\/wp-content\/uploads\/2021\/08\/stguilhemledesert.jpg\" \/>\n\t<meta property=\"og:image:width\" content=\"1920\" \/>\n\t<meta property=\"og:image:height\" content=\"1080\" \/>\n\t<meta property=\"og:image:type\" content=\"image\/jpeg\" \/>\n<meta name=\"twitter:card\" content=\"summary_large_image\" \/>\n<script type=\"application\/ld+json\" class=\"yoast-schema-graph\">{\"@context\":\"https:\/\/schema.org\",\"@graph\":[{\"@type\":\"WebPage\",\"@id\":\"https:\/\/www.residence-lapinede.com\/en\/campsite-herault\/\",\"url\":\"https:\/\/www.residence-lapinede.com\/en\/campsite-herault\/\",\"name\":\"Tourism H\u00e9rault | Holidays in H\u00e9rault | Discover H\u00e9rault\",\"isPartOf\":{\"@id\":\"https:\/\/www.residence-lapinede.com\/en\/#website\"},\"primaryImageOfPage\":{\"@id\":\"https:\/\/www.residence-lapinede.com\/en\/campsite-herault\/#primaryimage\"},\"image\":{\"@id\":\"https:\/\/www.residence-lapinede.com\/en\/campsite-herault\/#primaryimage\"},\"thumbnailUrl\":\"https:\/\/www.residence-lapinede.com\/wp-content\/uploads\/2021\/08\/stguilhemledesert.jpg\",\"datePublished\":\"2021-05-17T09:05:44+00:00\",\"dateModified\":\"2021-07-23T07:05:02+00:00\",\"breadcrumb\":{\"@id\":\"https:\/\/www.residence-lapinede.com\/en\/campsite-herault\/#breadcrumb\"},\"inLanguage\":\"en-US\",\"potentialAction\":[{\"@type\":\"ReadAction\",\"target\":[\"https:\/\/www.residence-lapinede.com\/en\/campsite-herault\/\"]}]},{\"@type\":\"ImageObject\",\"inLanguage\":\"en-US\",\"@id\":\"https:\/\/www.residence-lapinede.com\/en\/campsite-herault\/#primaryimage\",\"url\":\"https:\/\/www.residence-lapinede.com\/wp-content\/uploads\/2021\/08\/stguilhemledesert.jpg\",\"contentUrl\":\"https:\/\/www.residence-lapinede.com\/wp-content\/uploads\/2021\/08\/stguilhemledesert.jpg\",\"width\":1920,\"height\":1080},{\"@type\":\"BreadcrumbList\",\"@id\":\"https:\/\/www.residence-lapinede.com\/en\/campsite-herault\/#breadcrumb\",\"itemListElement\":[{\"@type\":\"ListItem\",\"position\":1,\"name\":\"Camping H\u00e9rault\",\"item\":\"https:\/\/www.residence-lapinede.com\/en\/\"},{\"@type\":\"ListItem\",\"position\":2,\"name\":\"Visit the H\u00e9rault\"}]},{\"@type\":\"WebSite\",\"@id\":\"https:\/\/www.residence-lapinede.com\/en\/#website\",\"url\":\"https:\/\/www.residence-lapinede.com\/en\/\",\"name\":\"Camping r\u00e9sidentiel la Pinede\",\"description\":\"Calme Luxe Nature\",\"publisher\":{\"@id\":\"https:\/\/www.residence-lapinede.com\/en\/#organization\"},\"potentialAction\":[{\"@type\":\"SearchAction\",\"target\":{\"@type\":\"EntryPoint\",\"urlTemplate\":\"https:\/\/www.residence-lapinede.com\/en\/?s={search_term_string}\"},\"query-input\":{\"@type\":\"PropertyValueSpecification\",\"valueRequired\":true,\"valueName\":\"search_term_string\"}}],\"inLanguage\":\"en-US\"},{\"@type\":\"Organization\",\"@id\":\"https:\/\/www.residence-lapinede.com\/en\/#organization\",\"name\":\"R\u00e9sidence La Pin\u00e8de\",\"url\":\"https:\/\/www.residence-lapinede.com\/en\/\",\"logo\":{\"@type\":\"ImageObject\",\"inLanguage\":\"en-US\",\"@id\":\"https:\/\/www.residence-lapinede.com\/en\/#\/schema\/logo\/image\/\",\"url\":\"https:\/\/www.residence-lapinede.com\/wp-content\/uploads\/2021\/05\/camping-pinede-logo.png\",\"contentUrl\":\"https:\/\/www.residence-lapinede.com\/wp-content\/uploads\/2021\/05\/camping-pinede-logo.png\",\"width\":2000,\"height\":875,\"caption\":\"R\u00e9sidence La Pin\u00e8de\"},\"image\":{\"@id\":\"https:\/\/www.residence-lapinede.com\/en\/#\/schema\/logo\/image\/\"}}]}<\/script>\n<!-- \/ Yoast SEO plugin. -->","yoast_head_json":{"title":"Tourism H\u00e9rault | Holidays in H\u00e9rault | Discover H\u00e9rault","robots":{"index":"index","follow":"follow","max-snippet":"max-snippet:-1","max-image-preview":"max-image-preview:large","max-video-preview":"max-video-preview:-1"},"canonical":"https:\/\/www.residence-lapinede.com\/en\/campsite-herault\/","og_locale":"en_US","og_type":"article","og_title":"Tourism H\u00e9rault | Holidays in H\u00e9rault | Discover H\u00e9rault","og_url":"https:\/\/www.residence-lapinede.com\/en\/campsite-herault\/","og_site_name":"Camping r\u00e9sidentiel la Pinede","article_modified_time":"2021-07-23T07:05:02+00:00","og_image":[{"width":1920,"height":1080,"url":"https:\/\/www.residence-lapinede.com\/wp-content\/uploads\/2021\/08\/stguilhemledesert.jpg","type":"image\/jpeg"}],"twitter_card":"summary_large_image","schema":{"@context":"https:\/\/schema.org","@graph":[{"@type":"WebPage","@id":"https:\/\/www.residence-lapinede.com\/en\/campsite-herault\/","url":"https:\/\/www.residence-lapinede.com\/en\/campsite-herault\/","name":"Tourism H\u00e9rault | Holidays in H\u00e9rault | Discover H\u00e9rault","isPartOf":{"@id":"https:\/\/www.residence-lapinede.com\/en\/#website"},"primaryImageOfPage":{"@id":"https:\/\/www.residence-lapinede.com\/en\/campsite-herault\/#primaryimage"},"image":{"@id":"https:\/\/www.residence-lapinede.com\/en\/campsite-herault\/#primaryimage"},"thumbnailUrl":"https:\/\/www.residence-lapinede.com\/wp-content\/uploads\/2021\/08\/stguilhemledesert.jpg","datePublished":"2021-05-17T09:05:44+00:00","dateModified":"2021-07-23T07:05:02+00:00","breadcrumb":{"@id":"https:\/\/www.residence-lapinede.com\/en\/campsite-herault\/#breadcrumb"},"inLanguage":"en-US","potentialAction":[{"@type":"ReadAction","target":["https:\/\/www.residence-lapinede.com\/en\/campsite-herault\/"]}]},{"@type":"ImageObject","inLanguage":"en-US","@id":"https:\/\/www.residence-lapinede.com\/en\/campsite-herault\/#primaryimage","url":"https:\/\/www.residence-lapinede.com\/wp-content\/uploads\/2021\/08\/stguilhemledesert.jpg","contentUrl":"https:\/\/www.residence-lapinede.com\/wp-content\/uploads\/2021\/08\/stguilhemledesert.jpg","width":1920,"height":1080},{"@type":"BreadcrumbList","@id":"https:\/\/www.residence-lapinede.com\/en\/campsite-herault\/#breadcrumb","itemListElement":[{"@type":"ListItem","position":1,"name":"Camping H\u00e9rault","item":"https:\/\/www.residence-lapinede.com\/en\/"},{"@type":"ListItem","position":2,"name":"Visit the H\u00e9rault"}]},{"@type":"WebSite","@id":"https:\/\/www.residence-lapinede.com\/en\/#website","url":"https:\/\/www.residence-lapinede.com\/en\/","name":"Camping r\u00e9sidentiel la Pinede","description":"Calme Luxe Nature","publisher":{"@id":"https:\/\/www.residence-lapinede.com\/en\/#organization"},"potentialAction":[{"@type":"SearchAction","target":{"@type":"EntryPoint","urlTemplate":"https:\/\/www.residence-lapinede.com\/en\/?s={search_term_string}"},"query-input":{"@type":"PropertyValueSpecification","valueRequired":true,"valueName":"search_term_string"}}],"inLanguage":"en-US"},{"@type":"Organization","@id":"https:\/\/www.residence-lapinede.com\/en\/#organization","name":"R\u00e9sidence La Pin\u00e8de","url":"https:\/\/www.residence-lapinede.com\/en\/","logo":{"@type":"ImageObject","inLanguage":"en-US","@id":"https:\/\/www.residence-lapinede.com\/en\/#\/schema\/logo\/image\/","url":"https:\/\/www.residence-lapinede.com\/wp-content\/uploads\/2021\/05\/camping-pinede-logo.png","contentUrl":"https:\/\/www.residence-lapinede.com\/wp-content\/uploads\/2021\/05\/camping-pinede-logo.png","width":2000,"height":875,"caption":"R\u00e9sidence La Pin\u00e8de"},"image":{"@id":"https:\/\/www.residence-lapinede.com\/en\/#\/schema\/logo\/image\/"}}]}},"_links":{"self":[{"href":"https:\/\/www.residence-lapinede.com\/en\/wp-json\/wp\/v2\/pages\/1555","targetHints":{"allow":["GET"]}}],"collection":[{"href":"https:\/\/www.residence-lapinede.com\/en\/wp-json\/wp\/v2\/pages"}],"about":[{"href":"https:\/\/www.residence-lapinede.com\/en\/wp-json\/wp\/v2\/types\/page"}],"author":[{"embeddable":true,"href":"https:\/\/www.residence-lapinede.com\/en\/wp-json\/wp\/v2\/users\/1"}],"replies":[{"embeddable":true,"href":"https:\/\/www.residence-lapinede.com\/en\/wp-json\/wp\/v2\/comments?post=1555"}],"version-history":[{"count":10,"href":"https:\/\/www.residence-lapinede.com\/en\/wp-json\/wp\/v2\/pages\/1555\/revisions"}],"predecessor-version":[{"id":1707,"href":"https:\/\/www.residence-lapinede.com\/en\/wp-json\/wp\/v2\/pages\/1555\/revisions\/1707"}],"wp:featuredmedia":[{"embeddable":true,"href":"https:\/\/www.residence-lapinede.com\/en\/wp-json\/wp\/v2\/media\/2215"}],"wp:attachment":[{"href":"https:\/\/www.residence-lapinede.com\/en\/wp-json\/wp\/v2\/media?parent=1555"}],"curies":[{"name":"wp","href":"https:\/\/api.w.org\/{rel}","templated":true}]}}