{"id":8064,"date":"2024-09-18T10:53:28","date_gmt":"2024-09-18T08:53:28","guid":{"rendered":"https:\/\/www.residence-lapinede.com\/?page_id=8064"},"modified":"2024-09-18T10:53:33","modified_gmt":"2024-09-18T08:53:33","slug":"serenitaet-versicherung-neat","status":"publish","type":"page","link":"https:\/\/www.residence-lapinede.com\/de\/serenitaet-versicherung-neat\/","title":{"rendered":"Serenit\u00e4t Versicherung Neat"},"content":{"rendered":"<section id=\"section-66ea95086b0ef\"class=\"section bg-white\" \/><div class=\"container\"><h1 class=\"element section-title justify\">Serenit\u00e4t Versicherung Neat Camping: Sorgenfreier Urlaub!<\/h1><div class=\"element bloc-text justify \">\n\t<p>Sch\u00fctzen Sie Ihren Aufenthalt mit unserer optionalen Reiser\u00fccktrittsversicherung.<\/p>\n<p>Im Falle unvorhergesehener Ereignisse vor Ihrer Ankunft profitieren Sie von einer schnellen R\u00fcckerstattung innerhalb von 48 Stunden. Diese Versicherung deckt auch Reiseunterbrechungen, Fahrzeugersatzkosten, Tierarztkosten und vieles mehr ab.<\/p>\n<p>Die Schadensmeldung kann einfach und schnell online erfolgen. Egal ob Sie allein, mit der Familie oder mit Freunden reisen, alle sind ohne Einschr\u00e4nkungen versichert.<\/p>\n<p>Abonnieren Sie f\u00fcr einen sorgenfreien Urlaub!<\/p>\n<p><strong>Einfachheit und Schnelligkeit<\/strong>: Ein einfacher Prozess, der im Falle einer Stornierung eine R\u00fcckerstattung innerhalb von 48 Stunden garantiert.<\/p>\n<p><strong>Umfassender Schutz<\/strong>: Egal ob Sie mit der Familie, Freunden oder alleine reisen, alle sind ohne Einschr\u00e4nkungen im famili\u00e4ren Zusammenhang abgesichert.<\/p>\n<p><strong>Erleichterte Online-Meldung<\/strong>: Vereinfachen Sie den Vorgang mit einem benutzerfreundlichen Online-Formular f\u00fcr eine schnelle Bearbeitung von Vorf\u00e4llen.<\/p>\n<p><strong>Flexible Stornierung<\/strong>: Stornieren Sie Ihren Aufenthalt mit oder ohne Nachweis, wir verstehen, dass unerwartete Ereignisse jederzeit auftreten k\u00f6nnen.<\/p>\n<hr \/>\n<\/div><div class=\"element images\"><div class=\"image\"><img decoding=\"async\" src=\"https:\/\/www.residence-lapinede.com\/wp-content\/uploads\/2024\/09\/Black-White-Minimalist-Triangles-Scribble-Background-Page-Border-A4-Landscape2-100x71.png\" data-src=\"https:\/\/www.residence-lapinede.com\/wp-content\/uploads\/2024\/09\/Black-White-Minimalist-Triangles-Scribble-Background-Page-Border-A4-Landscape2.png\" alt=\"\" class=\"images_image\" \/><\/div><\/div><h1 class=\"element section-title justify\">Das Verfahren<\/h1><div class=\"element bloc-text justify \">\n\t<p>Nach schriftlicher Mitteilung Ihrer Stornierung an den Campingplatz erhalten Sie die entsprechende Stornorechnung. (Achtung: Die R\u00fcckerstattung schlie\u00dft niemals Bearbeitungsgeb\u00fchren sowie den Versicherungsbeitrag ein.)<\/p>\n<p>Ein Antrag auf R\u00fcckerstattung der Stornokosten muss innerhalb von 5 Tagen per E-Mail an <strong><a rel=\"noopener\">sinistre@neat.eu<\/a><\/strong> oder \u00fcber das Formular unter <strong><a href=\"https:\/\/declare.neat.eu\/campings-independants\" target=\"_new\" rel=\"noopener\">https:\/\/declare.neat.eu\/campings-independants<\/a><\/strong> bei unserem Partner NEAT eingereicht werden.<\/p>\n<p>Folgende Unterlagen sind bei Neat einzureichen:<\/p>\n<ul>\n<li>Die Buchungsbest\u00e4tigung<\/li>\n<li>Die vom Campingplatz ausgestellte Stornorechnung<\/li>\n<li>Ein Kontoauszug (RIB)<\/li>\n<li>Ein g\u00fcltiger Ausweis<\/li>\n<li>Alle weiteren von der Versicherung angeforderten Unterlagen zur Bearbeitung Ihres Falls<\/li>\n<\/ul>\n<p>Schlie\u00dflich, wenn Sie sich entscheiden, den Grund Ihrer Stornierung zu begr\u00fcnden, ist der Versicherer berechtigt, alle Nachweise zu verlangen, die den Kausalzusammenhang best\u00e4tigen.<\/p>\n<\/div><\/div><\/section>","protected":false},"excerpt":{"rendered":"","protected":false},"author":2,"featured_media":0,"parent":0,"menu_order":0,"comment_status":"closed","ping_status":"closed","template":"","meta":{"_acf_changed":false,"footnotes":""},"class_list":["post-8064","page","type-page","status-publish","hentry"],"acf":[],"yoast_head":"<!-- This site is optimized with the Yoast SEO plugin v26.5 - https:\/\/yoast.com\/wordpress\/plugins\/seo\/ -->\n<title>Serenit\u00e4t Versicherung Neat - Camping r\u00e9sidentiel la Pinede<\/title>\n<meta name=\"robots\" content=\"index, follow, max-snippet:-1, max-image-preview:large, max-video-preview:-1\" \/>\n<link rel=\"canonical\" href=\"https:\/\/www.residence-lapinede.com\/de\/serenitaet-versicherung-neat\/\" \/>\n<meta property=\"og:locale\" content=\"de_DE\" \/>\n<meta property=\"og:type\" content=\"article\" \/>\n<meta property=\"og:title\" content=\"Serenit\u00e4t Versicherung Neat - Camping r\u00e9sidentiel la Pinede\" \/>\n<meta property=\"og:url\" content=\"https:\/\/www.residence-lapinede.com\/de\/serenitaet-versicherung-neat\/\" \/>\n<meta property=\"og:site_name\" content=\"Camping r\u00e9sidentiel la Pinede\" \/>\n<meta property=\"article:modified_time\" content=\"2024-09-18T08:53:33+00:00\" \/>\n<meta name=\"twitter:card\" content=\"summary_large_image\" \/>\n<script type=\"application\/ld+json\" class=\"yoast-schema-graph\">{\"@context\":\"https:\/\/schema.org\",\"@graph\":[{\"@type\":\"WebPage\",\"@id\":\"https:\/\/www.residence-lapinede.com\/de\/serenitaet-versicherung-neat\/\",\"url\":\"https:\/\/www.residence-lapinede.com\/de\/serenitaet-versicherung-neat\/\",\"name\":\"Serenit\u00e4t Versicherung Neat - Camping r\u00e9sidentiel la Pinede\",\"isPartOf\":{\"@id\":\"https:\/\/www.residence-lapinede.com\/de\/#website\"},\"datePublished\":\"2024-09-18T08:53:28+00:00\",\"dateModified\":\"2024-09-18T08:53:33+00:00\",\"breadcrumb\":{\"@id\":\"https:\/\/www.residence-lapinede.com\/de\/serenitaet-versicherung-neat\/#breadcrumb\"},\"inLanguage\":\"de\",\"potentialAction\":[{\"@type\":\"ReadAction\",\"target\":[\"https:\/\/www.residence-lapinede.com\/de\/serenitaet-versicherung-neat\/\"]}]},{\"@type\":\"BreadcrumbList\",\"@id\":\"https:\/\/www.residence-lapinede.com\/de\/serenitaet-versicherung-neat\/#breadcrumb\",\"itemListElement\":[{\"@type\":\"ListItem\",\"position\":1,\"name\":\"Camping H\u00e9rault\",\"item\":\"https:\/\/www.residence-lapinede.com\/de\/\"},{\"@type\":\"ListItem\",\"position\":2,\"name\":\"Serenit\u00e4t Versicherung Neat\"}]},{\"@type\":\"WebSite\",\"@id\":\"https:\/\/www.residence-lapinede.com\/de\/#website\",\"url\":\"https:\/\/www.residence-lapinede.com\/de\/\",\"name\":\"Camping r\u00e9sidentiel la Pinede\",\"description\":\"Calme Luxe Nature\",\"publisher\":{\"@id\":\"https:\/\/www.residence-lapinede.com\/de\/#organization\"},\"potentialAction\":[{\"@type\":\"SearchAction\",\"target\":{\"@type\":\"EntryPoint\",\"urlTemplate\":\"https:\/\/www.residence-lapinede.com\/de\/?s={search_term_string}\"},\"query-input\":{\"@type\":\"PropertyValueSpecification\",\"valueRequired\":true,\"valueName\":\"search_term_string\"}}],\"inLanguage\":\"de\"},{\"@type\":\"Organization\",\"@id\":\"https:\/\/www.residence-lapinede.com\/de\/#organization\",\"name\":\"R\u00e9sidence La Pin\u00e8de\",\"url\":\"https:\/\/www.residence-lapinede.com\/de\/\",\"logo\":{\"@type\":\"ImageObject\",\"inLanguage\":\"de\",\"@id\":\"https:\/\/www.residence-lapinede.com\/de\/#\/schema\/logo\/image\/\",\"url\":\"https:\/\/www.residence-lapinede.com\/wp-content\/uploads\/2021\/05\/camping-pinede-logo.png\",\"contentUrl\":\"https:\/\/www.residence-lapinede.com\/wp-content\/uploads\/2021\/05\/camping-pinede-logo.png\",\"width\":2000,\"height\":875,\"caption\":\"R\u00e9sidence La Pin\u00e8de\"},\"image\":{\"@id\":\"https:\/\/www.residence-lapinede.com\/de\/#\/schema\/logo\/image\/\"}}]}<\/script>\n<!-- \/ Yoast SEO plugin. -->","yoast_head_json":{"title":"Serenit\u00e4t Versicherung Neat - Camping r\u00e9sidentiel la Pinede","robots":{"index":"index","follow":"follow","max-snippet":"max-snippet:-1","max-image-preview":"max-image-preview:large","max-video-preview":"max-video-preview:-1"},"canonical":"https:\/\/www.residence-lapinede.com\/de\/serenitaet-versicherung-neat\/","og_locale":"de_DE","og_type":"article","og_title":"Serenit\u00e4t Versicherung Neat - Camping r\u00e9sidentiel la Pinede","og_url":"https:\/\/www.residence-lapinede.com\/de\/serenitaet-versicherung-neat\/","og_site_name":"Camping r\u00e9sidentiel la Pinede","article_modified_time":"2024-09-18T08:53:33+00:00","twitter_card":"summary_large_image","schema":{"@context":"https:\/\/schema.org","@graph":[{"@type":"WebPage","@id":"https:\/\/www.residence-lapinede.com\/de\/serenitaet-versicherung-neat\/","url":"https:\/\/www.residence-lapinede.com\/de\/serenitaet-versicherung-neat\/","name":"Serenit\u00e4t Versicherung Neat - Camping r\u00e9sidentiel la Pinede","isPartOf":{"@id":"https:\/\/www.residence-lapinede.com\/de\/#website"},"datePublished":"2024-09-18T08:53:28+00:00","dateModified":"2024-09-18T08:53:33+00:00","breadcrumb":{"@id":"https:\/\/www.residence-lapinede.com\/de\/serenitaet-versicherung-neat\/#breadcrumb"},"inLanguage":"de","potentialAction":[{"@type":"ReadAction","target":["https:\/\/www.residence-lapinede.com\/de\/serenitaet-versicherung-neat\/"]}]},{"@type":"BreadcrumbList","@id":"https:\/\/www.residence-lapinede.com\/de\/serenitaet-versicherung-neat\/#breadcrumb","itemListElement":[{"@type":"ListItem","position":1,"name":"Camping H\u00e9rault","item":"https:\/\/www.residence-lapinede.com\/de\/"},{"@type":"ListItem","position":2,"name":"Serenit\u00e4t Versicherung Neat"}]},{"@type":"WebSite","@id":"https:\/\/www.residence-lapinede.com\/de\/#website","url":"https:\/\/www.residence-lapinede.com\/de\/","name":"Camping r\u00e9sidentiel la Pinede","description":"Calme Luxe Nature","publisher":{"@id":"https:\/\/www.residence-lapinede.com\/de\/#organization"},"potentialAction":[{"@type":"SearchAction","target":{"@type":"EntryPoint","urlTemplate":"https:\/\/www.residence-lapinede.com\/de\/?s={search_term_string}"},"query-input":{"@type":"PropertyValueSpecification","valueRequired":true,"valueName":"search_term_string"}}],"inLanguage":"de"},{"@type":"Organization","@id":"https:\/\/www.residence-lapinede.com\/de\/#organization","name":"R\u00e9sidence La Pin\u00e8de","url":"https:\/\/www.residence-lapinede.com\/de\/","logo":{"@type":"ImageObject","inLanguage":"de","@id":"https:\/\/www.residence-lapinede.com\/de\/#\/schema\/logo\/image\/","url":"https:\/\/www.residence-lapinede.com\/wp-content\/uploads\/2021\/05\/camping-pinede-logo.png","contentUrl":"https:\/\/www.residence-lapinede.com\/wp-content\/uploads\/2021\/05\/camping-pinede-logo.png","width":2000,"height":875,"caption":"R\u00e9sidence La Pin\u00e8de"},"image":{"@id":"https:\/\/www.residence-lapinede.com\/de\/#\/schema\/logo\/image\/"}}]}},"_links":{"self":[{"href":"https:\/\/www.residence-lapinede.com\/de\/wp-json\/wp\/v2\/pages\/8064","targetHints":{"allow":["GET"]}}],"collection":[{"href":"https:\/\/www.residence-lapinede.com\/de\/wp-json\/wp\/v2\/pages"}],"about":[{"href":"https:\/\/www.residence-lapinede.com\/de\/wp-json\/wp\/v2\/types\/page"}],"author":[{"embeddable":true,"href":"https:\/\/www.residence-lapinede.com\/de\/wp-json\/wp\/v2\/users\/2"}],"replies":[{"embeddable":true,"href":"https:\/\/www.residence-lapinede.com\/de\/wp-json\/wp\/v2\/comments?post=8064"}],"version-history":[{"count":1,"href":"https:\/\/www.residence-lapinede.com\/de\/wp-json\/wp\/v2\/pages\/8064\/revisions"}],"predecessor-version":[{"id":8069,"href":"https:\/\/www.residence-lapinede.com\/de\/wp-json\/wp\/v2\/pages\/8064\/revisions\/8069"}],"wp:attachment":[{"href":"https:\/\/www.residence-lapinede.com\/de\/wp-json\/wp\/v2\/media?parent=8064"}],"curies":[{"name":"wp","href":"https:\/\/api.w.org\/{rel}","templated":true}]}}