{"id":6227,"date":"2021-07-31T09:00:36","date_gmt":"2021-07-31T07:00:36","guid":{"rendered":"https:\/\/www.residence-lapinede.com\/randonnees-herault\/"},"modified":"2023-04-26T14:48:34","modified_gmt":"2023-04-26T12:48:34","slug":"randonnees-herault","status":"publish","type":"page","link":"https:\/\/www.residence-lapinede.com\/de\/randonnees-herault\/","title":{"rendered":"Randonn\u00e9es dans l&#8217;H\u00e9rault"},"content":{"rendered":"<section id=\"section-610514f5935c4\"class=\"section bg-white\" \/><div class=\"container\"><h1 class=\"element section-title justify\">Wanderungen im H\u00e9rault<\/h1><div class=\"element bloc-text justify \">\n\t<p>Das Departement H\u00e9rault ist voll von Wanderwegen, die von der K\u00fcste bis ins Hinterland reichen. Sie werden von den vielen einzigartigen Ausblicken, die unsere sch\u00f6ne Region zu bieten hat, \u00fcberw\u00e4ltigt sein.<br \/>\nGleich vom Campingplatz aus werden Sie die typische mediterrane Garrigue mit ihrer roten Erde und den sch\u00f6nen Aleppo-Kiefern entdecken.<\/p>\n<p>Siehe den <a href=\"https:\/\/www.herault-tourisme.com\/fr\/activites\/dans-la-nature\/randonnee-a-pied\/toutes-les-randonnees-de-lherault-2\/\" target=\"_blank\" rel=\"noopener\">Wanderseite<\/a> von H\u00e9rault tourisme.<br \/>\nHerunterladen der <a href=\"https:\/\/www.residence-lapinede.com\/docs\/randonnees-herault.pdf\" target=\"_blank\" rel=\"noopener\">Wanderwege<\/a>.<br \/>\nDie Fotos stammen von der Seite <a href=\"https:\/\/www.herault-tourisme.com\/\" target=\"_blank\" rel=\"noopener\">H\u00e9rault Tourismus<\/a>.<\/p>\n<\/div><div class=\"element images\"><div class=\"image\"><img decoding=\"async\" src=\"https:\/\/www.residence-lapinede.com\/wp-content\/uploads\/2021\/08\/sommet-carroux-100x56.jpg\" data-src=\"https:\/\/www.residence-lapinede.com\/wp-content\/uploads\/2021\/08\/sommet-carroux.jpg\" alt=\"\" class=\"images_image\" \/><\/div><div class=\"image\"><img decoding=\"async\" src=\"https:\/\/www.residence-lapinede.com\/wp-content\/uploads\/2021\/08\/rando2-100x62.jpg\" data-src=\"https:\/\/www.residence-lapinede.com\/wp-content\/uploads\/2021\/08\/rando2.jpg\" alt=\"\" class=\"images_image\" \/><\/div><\/div><div class=\"element images\"><div class=\"image\"><img decoding=\"async\" src=\"https:\/\/www.residence-lapinede.com\/wp-content\/uploads\/2021\/08\/rando3-100x61.jpg\" data-src=\"https:\/\/www.residence-lapinede.com\/wp-content\/uploads\/2021\/08\/rando3.jpg\" alt=\"\" class=\"images_image\" \/><\/div><div class=\"image\"><img decoding=\"async\" src=\"https:\/\/www.residence-lapinede.com\/wp-content\/uploads\/2021\/08\/rando1-100x66.jpg\" data-src=\"https:\/\/www.residence-lapinede.com\/wp-content\/uploads\/2021\/08\/rando1.jpg\" alt=\"\" class=\"images_image\" \/><\/div><\/div><div class=\"element images\"><div class=\"image\"><img decoding=\"async\" src=\"https:\/\/www.residence-lapinede.com\/wp-content\/uploads\/2021\/08\/au-sommet-du-pic-st-loup-eric-brendle-1-100x63.jpg\" data-src=\"https:\/\/www.residence-lapinede.com\/wp-content\/uploads\/2021\/08\/au-sommet-du-pic-st-loup-eric-brendle-1.jpg\" alt=\"\" class=\"images_image\" \/><\/div><\/div><\/div><\/section>","protected":false},"excerpt":{"rendered":"","protected":false},"author":2,"featured_media":4928,"parent":0,"menu_order":0,"comment_status":"closed","ping_status":"closed","template":"","meta":{"_acf_changed":false,"footnotes":""},"class_list":["post-6227","page","type-page","status-publish","has-post-thumbnail","hentry"],"acf":[],"yoast_head":"<!-- This site is optimized with the Yoast SEO plugin v26.5 - https:\/\/yoast.com\/wordpress\/plugins\/seo\/ -->\n<title>Randonn\u00e9es dans l&#039;H\u00e9rault - Camping r\u00e9sidentiel la Pinede<\/title>\n<meta name=\"robots\" content=\"index, follow, max-snippet:-1, max-image-preview:large, max-video-preview:-1\" \/>\n<link rel=\"canonical\" href=\"https:\/\/www.residence-lapinede.com\/de\/randonnees-herault\/\" \/>\n<meta property=\"og:locale\" content=\"de_DE\" \/>\n<meta property=\"og:type\" content=\"article\" \/>\n<meta property=\"og:title\" content=\"Randonn\u00e9es dans l&#039;H\u00e9rault - Camping r\u00e9sidentiel la Pinede\" \/>\n<meta property=\"og:url\" content=\"https:\/\/www.residence-lapinede.com\/de\/randonnees-herault\/\" \/>\n<meta property=\"og:site_name\" content=\"Camping r\u00e9sidentiel la Pinede\" \/>\n<meta property=\"article:modified_time\" content=\"2023-04-26T12:48:34+00:00\" \/>\n<meta property=\"og:image\" content=\"https:\/\/www.residence-lapinede.com\/wp-content\/uploads\/2021\/07\/randonnees-herault.jpg\" \/>\n\t<meta property=\"og:image:width\" content=\"1920\" \/>\n\t<meta property=\"og:image:height\" content=\"1280\" \/>\n\t<meta property=\"og:image:type\" content=\"image\/jpeg\" \/>\n<meta name=\"twitter:card\" content=\"summary_large_image\" \/>\n<script type=\"application\/ld+json\" class=\"yoast-schema-graph\">{\"@context\":\"https:\/\/schema.org\",\"@graph\":[{\"@type\":\"WebPage\",\"@id\":\"https:\/\/www.residence-lapinede.com\/de\/randonnees-herault\/\",\"url\":\"https:\/\/www.residence-lapinede.com\/de\/randonnees-herault\/\",\"name\":\"Randonn\u00e9es dans l'H\u00e9rault - Camping r\u00e9sidentiel la Pinede\",\"isPartOf\":{\"@id\":\"https:\/\/www.residence-lapinede.com\/de\/#website\"},\"primaryImageOfPage\":{\"@id\":\"https:\/\/www.residence-lapinede.com\/de\/randonnees-herault\/#primaryimage\"},\"image\":{\"@id\":\"https:\/\/www.residence-lapinede.com\/de\/randonnees-herault\/#primaryimage\"},\"thumbnailUrl\":\"https:\/\/www.residence-lapinede.com\/wp-content\/uploads\/2021\/07\/randonnees-herault.jpg\",\"datePublished\":\"2021-07-31T07:00:36+00:00\",\"dateModified\":\"2023-04-26T12:48:34+00:00\",\"breadcrumb\":{\"@id\":\"https:\/\/www.residence-lapinede.com\/de\/randonnees-herault\/#breadcrumb\"},\"inLanguage\":\"de\",\"potentialAction\":[{\"@type\":\"ReadAction\",\"target\":[\"https:\/\/www.residence-lapinede.com\/de\/randonnees-herault\/\"]}]},{\"@type\":\"ImageObject\",\"inLanguage\":\"de\",\"@id\":\"https:\/\/www.residence-lapinede.com\/de\/randonnees-herault\/#primaryimage\",\"url\":\"https:\/\/www.residence-lapinede.com\/wp-content\/uploads\/2021\/07\/randonnees-herault.jpg\",\"contentUrl\":\"https:\/\/www.residence-lapinede.com\/wp-content\/uploads\/2021\/07\/randonnees-herault.jpg\",\"width\":1920,\"height\":1280},{\"@type\":\"BreadcrumbList\",\"@id\":\"https:\/\/www.residence-lapinede.com\/de\/randonnees-herault\/#breadcrumb\",\"itemListElement\":[{\"@type\":\"ListItem\",\"position\":1,\"name\":\"Camping H\u00e9rault\",\"item\":\"https:\/\/www.residence-lapinede.com\/de\/\"},{\"@type\":\"ListItem\",\"position\":2,\"name\":\"Randonn\u00e9es dans l&rsquo;H\u00e9rault\"}]},{\"@type\":\"WebSite\",\"@id\":\"https:\/\/www.residence-lapinede.com\/de\/#website\",\"url\":\"https:\/\/www.residence-lapinede.com\/de\/\",\"name\":\"Camping r\u00e9sidentiel la Pinede\",\"description\":\"Calme Luxe Nature\",\"publisher\":{\"@id\":\"https:\/\/www.residence-lapinede.com\/de\/#organization\"},\"potentialAction\":[{\"@type\":\"SearchAction\",\"target\":{\"@type\":\"EntryPoint\",\"urlTemplate\":\"https:\/\/www.residence-lapinede.com\/de\/?s={search_term_string}\"},\"query-input\":{\"@type\":\"PropertyValueSpecification\",\"valueRequired\":true,\"valueName\":\"search_term_string\"}}],\"inLanguage\":\"de\"},{\"@type\":\"Organization\",\"@id\":\"https:\/\/www.residence-lapinede.com\/de\/#organization\",\"name\":\"R\u00e9sidence La Pin\u00e8de\",\"url\":\"https:\/\/www.residence-lapinede.com\/de\/\",\"logo\":{\"@type\":\"ImageObject\",\"inLanguage\":\"de\",\"@id\":\"https:\/\/www.residence-lapinede.com\/de\/#\/schema\/logo\/image\/\",\"url\":\"https:\/\/www.residence-lapinede.com\/wp-content\/uploads\/2021\/05\/camping-pinede-logo.png\",\"contentUrl\":\"https:\/\/www.residence-lapinede.com\/wp-content\/uploads\/2021\/05\/camping-pinede-logo.png\",\"width\":2000,\"height\":875,\"caption\":\"R\u00e9sidence La Pin\u00e8de\"},\"image\":{\"@id\":\"https:\/\/www.residence-lapinede.com\/de\/#\/schema\/logo\/image\/\"}}]}<\/script>\n<!-- \/ Yoast SEO plugin. -->","yoast_head_json":{"title":"Randonn\u00e9es dans l'H\u00e9rault - Camping r\u00e9sidentiel la Pinede","robots":{"index":"index","follow":"follow","max-snippet":"max-snippet:-1","max-image-preview":"max-image-preview:large","max-video-preview":"max-video-preview:-1"},"canonical":"https:\/\/www.residence-lapinede.com\/de\/randonnees-herault\/","og_locale":"de_DE","og_type":"article","og_title":"Randonn\u00e9es dans l'H\u00e9rault - Camping r\u00e9sidentiel la Pinede","og_url":"https:\/\/www.residence-lapinede.com\/de\/randonnees-herault\/","og_site_name":"Camping r\u00e9sidentiel la Pinede","article_modified_time":"2023-04-26T12:48:34+00:00","og_image":[{"width":1920,"height":1280,"url":"https:\/\/www.residence-lapinede.com\/wp-content\/uploads\/2021\/07\/randonnees-herault.jpg","type":"image\/jpeg"}],"twitter_card":"summary_large_image","schema":{"@context":"https:\/\/schema.org","@graph":[{"@type":"WebPage","@id":"https:\/\/www.residence-lapinede.com\/de\/randonnees-herault\/","url":"https:\/\/www.residence-lapinede.com\/de\/randonnees-herault\/","name":"Randonn\u00e9es dans l'H\u00e9rault - Camping r\u00e9sidentiel la Pinede","isPartOf":{"@id":"https:\/\/www.residence-lapinede.com\/de\/#website"},"primaryImageOfPage":{"@id":"https:\/\/www.residence-lapinede.com\/de\/randonnees-herault\/#primaryimage"},"image":{"@id":"https:\/\/www.residence-lapinede.com\/de\/randonnees-herault\/#primaryimage"},"thumbnailUrl":"https:\/\/www.residence-lapinede.com\/wp-content\/uploads\/2021\/07\/randonnees-herault.jpg","datePublished":"2021-07-31T07:00:36+00:00","dateModified":"2023-04-26T12:48:34+00:00","breadcrumb":{"@id":"https:\/\/www.residence-lapinede.com\/de\/randonnees-herault\/#breadcrumb"},"inLanguage":"de","potentialAction":[{"@type":"ReadAction","target":["https:\/\/www.residence-lapinede.com\/de\/randonnees-herault\/"]}]},{"@type":"ImageObject","inLanguage":"de","@id":"https:\/\/www.residence-lapinede.com\/de\/randonnees-herault\/#primaryimage","url":"https:\/\/www.residence-lapinede.com\/wp-content\/uploads\/2021\/07\/randonnees-herault.jpg","contentUrl":"https:\/\/www.residence-lapinede.com\/wp-content\/uploads\/2021\/07\/randonnees-herault.jpg","width":1920,"height":1280},{"@type":"BreadcrumbList","@id":"https:\/\/www.residence-lapinede.com\/de\/randonnees-herault\/#breadcrumb","itemListElement":[{"@type":"ListItem","position":1,"name":"Camping H\u00e9rault","item":"https:\/\/www.residence-lapinede.com\/de\/"},{"@type":"ListItem","position":2,"name":"Randonn\u00e9es dans l&rsquo;H\u00e9rault"}]},{"@type":"WebSite","@id":"https:\/\/www.residence-lapinede.com\/de\/#website","url":"https:\/\/www.residence-lapinede.com\/de\/","name":"Camping r\u00e9sidentiel la Pinede","description":"Calme Luxe Nature","publisher":{"@id":"https:\/\/www.residence-lapinede.com\/de\/#organization"},"potentialAction":[{"@type":"SearchAction","target":{"@type":"EntryPoint","urlTemplate":"https:\/\/www.residence-lapinede.com\/de\/?s={search_term_string}"},"query-input":{"@type":"PropertyValueSpecification","valueRequired":true,"valueName":"search_term_string"}}],"inLanguage":"de"},{"@type":"Organization","@id":"https:\/\/www.residence-lapinede.com\/de\/#organization","name":"R\u00e9sidence La Pin\u00e8de","url":"https:\/\/www.residence-lapinede.com\/de\/","logo":{"@type":"ImageObject","inLanguage":"de","@id":"https:\/\/www.residence-lapinede.com\/de\/#\/schema\/logo\/image\/","url":"https:\/\/www.residence-lapinede.com\/wp-content\/uploads\/2021\/05\/camping-pinede-logo.png","contentUrl":"https:\/\/www.residence-lapinede.com\/wp-content\/uploads\/2021\/05\/camping-pinede-logo.png","width":2000,"height":875,"caption":"R\u00e9sidence La Pin\u00e8de"},"image":{"@id":"https:\/\/www.residence-lapinede.com\/de\/#\/schema\/logo\/image\/"}}]}},"_links":{"self":[{"href":"https:\/\/www.residence-lapinede.com\/de\/wp-json\/wp\/v2\/pages\/6227","targetHints":{"allow":["GET"]}}],"collection":[{"href":"https:\/\/www.residence-lapinede.com\/de\/wp-json\/wp\/v2\/pages"}],"about":[{"href":"https:\/\/www.residence-lapinede.com\/de\/wp-json\/wp\/v2\/types\/page"}],"author":[{"embeddable":true,"href":"https:\/\/www.residence-lapinede.com\/de\/wp-json\/wp\/v2\/users\/2"}],"replies":[{"embeddable":true,"href":"https:\/\/www.residence-lapinede.com\/de\/wp-json\/wp\/v2\/comments?post=6227"}],"version-history":[{"count":4,"href":"https:\/\/www.residence-lapinede.com\/de\/wp-json\/wp\/v2\/pages\/6227\/revisions"}],"predecessor-version":[{"id":6281,"href":"https:\/\/www.residence-lapinede.com\/de\/wp-json\/wp\/v2\/pages\/6227\/revisions\/6281"}],"wp:featuredmedia":[{"embeddable":true,"href":"https:\/\/www.residence-lapinede.com\/de\/wp-json\/wp\/v2\/media\/4928"}],"wp:attachment":[{"href":"https:\/\/www.residence-lapinede.com\/de\/wp-json\/wp\/v2\/media?parent=6227"}],"curies":[{"name":"wp","href":"https:\/\/api.w.org\/{rel}","templated":true}]}}