{"id":5875,"date":"2021-05-17T11:05:12","date_gmt":"2021-05-17T09:05:12","guid":{"rendered":"https:\/\/www.residence-lapinede.com\/tourisme-pezenas\/"},"modified":"2023-03-24T14:41:39","modified_gmt":"2023-03-24T13:41:39","slug":"tourisme-pezenas","status":"publish","type":"page","link":"https:\/\/www.residence-lapinede.com\/de\/tourisme-pezenas\/","title":{"rendered":"Pezenas"},"content":{"rendered":"<section id=\"section-60a3611f561cb\"class=\"section modele bg-white\" \/><div class=\"container extralarge\"><h1 class=\"element section-title center\">Tourismus in P\u00e9zenas<\/h1><div class=\"colonnes-wrap valign-middle \"><div class=\"element colonne w-40\"><h2 class=\"element section-title left modeleTitle\">Camping in der N\u00e4he von P\u00e9zenas<\/h2><div class=\"element images\"><div class=\"image\"><img decoding=\"async\" src=\"https:\/\/www.residence-lapinede.com\/wp-content\/uploads\/2021\/06\/visite-pezenas-94x100.jpg\" data-src=\"https:\/\/www.residence-lapinede.com\/wp-content\/uploads\/2021\/06\/visite-pezenas.jpg\" alt=\"visite pezenas\" class=\"images_image\" \/><\/div><\/div><\/div><div class=\"element colonne w-60\"><div class=\"element bloc-text justify \">\n\t<p>In Okzitanien im Departement H\u00e9rault liegt das Dorf P\u00e9zenas zwischen B\u00e9ziers und Montpellier. Es erstreckt sich \u00fcber eine Fl\u00e4che von etwa 30 km\u00b2. Es ist eine Gemeinde mit einem reichen historischen und kulturellen Erbe, deren Name auf die r\u00f6mische Besetzung zur\u00fcckgehen soll.<\/p>\n<p>Im Mittelalter war sie eine wirtschaftliche und politische Macht, und ihr Einfluss wuchs bis ins 17.<\/p>\n<p>P\u00e9zenas, nur wenige Schritte vom Campingplatz Castelnau-de-Guers entfernt, z\u00e4hlt heute \u00fcber 8000 Einwohner und bietet eine gro\u00dfe Vielfalt an Gesch\u00e4ften und Handwerksbetrieben. Die Stadt geh\u00f6rt zu den St\u00e4dten und L\u00e4ndern der Kunst und Geschichte sowie zu den bemerkenswerten Orten und St\u00e4dten in Frankreich und hat das Label Grand Site Occitanie erhalten.<\/p>\n<p>Wenn Sie sich f\u00fcr eine der Unterk\u00fcnfte auf unserem Campingplatz in der N\u00e4he von P\u00e9zenas entscheiden, haben Sie auch die Gelegenheit, S\u00e8te und seine sch\u00f6nen Landschaften auf der R\u00fcckfahrt von Montpellier sowie Marseillan zu entdecken. Sie k\u00f6nnen auch Saint-Guilhem-le-D\u00e9sert besuchen.<\/p>\n<\/div><\/div><\/div><\/div><\/section>\n\n<section id=\"section-60a371f719c2b\"data-bg-opacite=\"1\"data-background=\"https:\/\/www.residence-lapinede.com\/wp-content\/uploads\/2021\/06\/metier-pezenas.jpg\"data-speed=\"0.8\"class=\"section modele imageFullDegradeNoir bg-white section--has-bg-img section_bg-parallax\" \/><div class=\"container full\"><\/div><\/section>\n\n\n\n<section id=\"section-60a371f719f5a\"class=\"section modele decoPins decoGauche bg-white\" \/><div class=\"container extralarge\"><div class=\"colonnes-wrap valign-middle \"><div class=\"element colonne w-60\"><h2 class=\"element section-title left modeleTitle\">Sehenswertes in P\u00e9zenas<\/h2><div class=\"element bloc-text justify \">\n\t<p>P\u00e9zenas umfasst einen gesch\u00fctzten Sektor mit \u00fcber 30 Geb\u00e4uden, die unter Denkmalschutz stehen. Jahrhundert, darunter das H\u00f4tel de Lacoste und das H\u00f4tel de Flottes de S\u00e9basan mit ihren architektonisch raffinierten Fassaden und T\u00fcren.<\/p>\n<p>Gehen Sie an der ehemaligen Kapelle der Schwarzen B\u00fc\u00dfer vorbei, die heute in ein Theater umgewandelt wurde, und genie\u00dfen Sie die Sch\u00f6nheit ihres geschnitzten Eingangs. Im Inneren des Geb\u00e4udes befindet sich ein wundersch\u00f6nes Theater im italienischen Stil. Entdecken Sie auch den Square Moli\u00e8re mit seiner wundersch\u00f6nen Skulptur des Schriftstellers.<\/p>\n<p>Auch der Boby-Lapointe-Parcours, dem K\u00fcnstler gewidmete skulpturale Kunstwerke, ist sehenswert.<\/p>\n<\/div><\/div><div class=\"element colonne w-40\"><div class=\"element images\"><div class=\"image\"><img decoding=\"async\" src=\"https:\/\/www.residence-lapinede.com\/wp-content\/uploads\/2021\/06\/eglise-pezenas-94x100.jpg\" data-src=\"https:\/\/www.residence-lapinede.com\/wp-content\/uploads\/2021\/06\/eglise-pezenas.jpg\" alt=\"eglise pezenas\" class=\"images_image\" \/><\/div><\/div><\/div><\/div><\/div><\/section>\n\n<section id=\"section-60d1fd20dcfb7\"class=\"section modele bg-color3\" \/><div class=\"container extralarge\"><div class=\"colonnes-wrap valign-middle \"><div class=\"element colonne w-40\"><div class=\"element images\"><div class=\"image\"><img decoding=\"async\" src=\"https:\/\/www.residence-lapinede.com\/wp-content\/uploads\/2021\/06\/services-camping-94x100.jpg\" data-src=\"https:\/\/www.residence-lapinede.com\/wp-content\/uploads\/2021\/06\/services-camping.jpg\" alt=\"camping 4 \u00e9toiles h\u00e9rault\" class=\"images_image\" \/><\/div><div class=\"image\"><img decoding=\"async\" src=\"https:\/\/www.residence-lapinede.com\/wp-content\/uploads\/2021\/07\/marche-pezenas-100x67.jpg\" data-src=\"https:\/\/www.residence-lapinede.com\/wp-content\/uploads\/2021\/07\/marche-pezenas.jpg\" alt=\"marche herault pezenas\" class=\"images_image\" \/><\/div><\/div><\/div><div class=\"element colonne w-60\"><h2 class=\"element section-title left modeleTitle white\">Was man in P\u00e9zenas unternehmen kann<\/h2><div class=\"element bloc-text justify \">\n\t<ul class=\"white\">\n<li class=\"white\"><a href=\"https:\/\/musees-occitanie.fr\/musee\/musee-de-vulliod-saint-germain\/\" target=\"_blank\" rel=\"noopener\">Mus\u00e9e de Vulliod Saint-Germain<\/a>, im H\u00f4tel de Saint-Germain. Hier erfahren Sie alles \u00fcber die Geschichte von P\u00e9zenas und k\u00f6nnen M\u00f6bel aus dem 17. und 18. Jahrhundert, Kunstwerke, Fayencen&#8230; entdecken.<\/li>\n<li class=\"white\"><a href=\"https:\/\/bobylapointe.fr\/l'a-mus%C3%A9e.html\" target=\"_blank\" rel=\"noopener\">A-Mus\u00e9e Boby Lapointe<\/a>, 1922 in P\u00e9zenas geborener Autor und Komponist, Place Gambetta im Gesch\u00e4ft des Barbiers G\u00e9ly. Maison des m\u00e9tiers d&#8217;art (Haus des Kunsthandwerks) ebenfalls am Place Gambetta, wo Sammlerst\u00fccke ausgestellt und verkauft werden.<\/li>\n<li class=\"white\"><a href=\"https:\/\/www.museedujouetpezenas.com\/\" target=\"_blank\" rel=\"noopener\">Mus\u00e9e du jouet<\/a> im Stadtzentrum von P\u00e9zenas und seine Sammlung von mehr als 6000 Spielzeugen.<\/li>\n<li class=\"white\">Stiftskirche Saint-Jean, alte romanische Kirche aus dem 18. Jh., die besichtigt werden kann, mit ihrem Schatz, der aus heiligen Gegenst\u00e4nden besteht, im ehemaligen Kapitelsaal.<\/li>\n<li>Le <a href=\"https:\/\/www.ville-pezenas.fr\/mon-quotidien\/commerces-et-marches\/\" target=\"_blank\" rel=\"noopener\">march\u00e9 de P\u00e9zenas<\/a> jeden Samstag.<\/li>\n<\/ul>\n<\/div><\/div><\/div><\/div><\/section>\n\n<section id=\"section-60b09547b0c94\"class=\"section modele decoPins decoDroite bg-white\" \/><div class=\"container large\"><div class=\"element section-title center titre-cta\">Entdecken Sie die Umgebung von P\u00e9z\u00e9nas<\/div><ul class=\"liste-de-page\"><li class=\"element call-to-action carre call-to-action--style-1 call-to-action--big\"><a href=\"https:\/\/www.residence-lapinede.com\/de\/camping-saint-guilhem-le-desert\/\"  class=\"call-to-action_link\" title=\"Mehr \u00fcber saint-guilhem-le-desert\"><div class=\"call-to-action_image\"><img decoding=\"async\" src=\"https:\/\/www.residence-lapinede.com\/wp-content\/uploads\/2021\/06\/saint-guilhem-visite-100x50.jpg\" data-src=\"https:\/\/www.residence-lapinede.com\/wp-content\/uploads\/2021\/06\/saint-guilhem-visite.jpg\" alt=\"saint guilhem le desert visite\" class=\"big\" \/><\/div><div class=\"call-to-action_contenu\"><div class=\"call-to-action_titre\">Saint-Guilhem-le-Desert<\/div><\/div><\/a><\/li><li class=\"element call-to-action carre call-to-action--style-1 call-to-action--big call-to-action--style-1 call-to-action--big\"><a href=\"https:\/\/www.residence-lapinede.com\/de\/camping-sete\/\"  class=\"call-to-action_link\" title=\"Mehr \u00fcber sete\"><div class=\"call-to-action_image\"><img decoding=\"async\" src=\"https:\/\/www.residence-lapinede.com\/wp-content\/uploads\/2021\/06\/sete-visite-100x50.jpg\" data-src=\"https:\/\/www.residence-lapinede.com\/wp-content\/uploads\/2021\/06\/sete-visite.jpg\" alt=\"sete visite\" class=\"big\" \/><\/div><div class=\"call-to-action_contenu\"><div class=\"call-to-action_titre\">Sete<\/div><\/div><\/a><\/li><\/ul><\/div><\/section>","protected":false},"excerpt":{"rendered":"","protected":false},"author":1,"featured_media":4619,"parent":0,"menu_order":0,"comment_status":"closed","ping_status":"closed","template":"","meta":{"_acf_changed":false,"footnotes":""},"class_list":["post-5875","page","type-page","status-publish","has-post-thumbnail","hentry"],"acf":[],"yoast_head":"<!-- This site is optimized with the Yoast SEO plugin v26.5 - https:\/\/yoast.com\/wordpress\/plugins\/seo\/ -->\n<title>Was gibt es in Pezenas zu sehen und zu tun? | Tourismus Pezenas | Urlaub in Pezenas<\/title>\n<meta name=\"robots\" content=\"index, follow, max-snippet:-1, max-image-preview:large, max-video-preview:-1\" \/>\n<link rel=\"canonical\" href=\"https:\/\/www.residence-lapinede.com\/de\/tourisme-pezenas\/\" \/>\n<meta property=\"og:locale\" content=\"de_DE\" \/>\n<meta property=\"og:type\" content=\"article\" \/>\n<meta property=\"og:title\" content=\"Was gibt es in Pezenas zu sehen und zu tun? | Tourismus Pezenas | Urlaub in Pezenas\" \/>\n<meta property=\"og:url\" content=\"https:\/\/www.residence-lapinede.com\/de\/tourisme-pezenas\/\" \/>\n<meta property=\"og:site_name\" content=\"Camping r\u00e9sidentiel la Pinede\" \/>\n<meta property=\"article:modified_time\" content=\"2023-03-24T13:41:39+00:00\" \/>\n<meta property=\"og:image\" content=\"https:\/\/www.residence-lapinede.com\/wp-content\/uploads\/2021\/06\/vacances-pezenas.jpg\" \/>\n\t<meta property=\"og:image:width\" content=\"1903\" \/>\n\t<meta property=\"og:image:height\" content=\"300\" \/>\n\t<meta property=\"og:image:type\" content=\"image\/jpeg\" \/>\n<meta name=\"twitter:card\" content=\"summary_large_image\" \/>\n<script type=\"application\/ld+json\" class=\"yoast-schema-graph\">{\"@context\":\"https:\/\/schema.org\",\"@graph\":[{\"@type\":\"WebPage\",\"@id\":\"https:\/\/www.residence-lapinede.com\/de\/tourisme-pezenas\/\",\"url\":\"https:\/\/www.residence-lapinede.com\/de\/tourisme-pezenas\/\",\"name\":\"Was gibt es in Pezenas zu sehen und zu tun? | Tourismus Pezenas | Urlaub in Pezenas\",\"isPartOf\":{\"@id\":\"https:\/\/www.residence-lapinede.com\/de\/#website\"},\"primaryImageOfPage\":{\"@id\":\"https:\/\/www.residence-lapinede.com\/de\/tourisme-pezenas\/#primaryimage\"},\"image\":{\"@id\":\"https:\/\/www.residence-lapinede.com\/de\/tourisme-pezenas\/#primaryimage\"},\"thumbnailUrl\":\"https:\/\/www.residence-lapinede.com\/wp-content\/uploads\/2021\/06\/vacances-pezenas.jpg\",\"datePublished\":\"2021-05-17T09:05:12+00:00\",\"dateModified\":\"2023-03-24T13:41:39+00:00\",\"breadcrumb\":{\"@id\":\"https:\/\/www.residence-lapinede.com\/de\/tourisme-pezenas\/#breadcrumb\"},\"inLanguage\":\"de\",\"potentialAction\":[{\"@type\":\"ReadAction\",\"target\":[\"https:\/\/www.residence-lapinede.com\/de\/tourisme-pezenas\/\"]}]},{\"@type\":\"ImageObject\",\"inLanguage\":\"de\",\"@id\":\"https:\/\/www.residence-lapinede.com\/de\/tourisme-pezenas\/#primaryimage\",\"url\":\"https:\/\/www.residence-lapinede.com\/wp-content\/uploads\/2021\/06\/vacances-pezenas.jpg\",\"contentUrl\":\"https:\/\/www.residence-lapinede.com\/wp-content\/uploads\/2021\/06\/vacances-pezenas.jpg\",\"width\":1903,\"height\":300},{\"@type\":\"BreadcrumbList\",\"@id\":\"https:\/\/www.residence-lapinede.com\/de\/tourisme-pezenas\/#breadcrumb\",\"itemListElement\":[{\"@type\":\"ListItem\",\"position\":1,\"name\":\"Camping H\u00e9rault\",\"item\":\"https:\/\/www.residence-lapinede.com\/de\/\"},{\"@type\":\"ListItem\",\"position\":2,\"name\":\"P\u00e9zenas besuchen\"}]},{\"@type\":\"WebSite\",\"@id\":\"https:\/\/www.residence-lapinede.com\/de\/#website\",\"url\":\"https:\/\/www.residence-lapinede.com\/de\/\",\"name\":\"Camping r\u00e9sidentiel la Pinede\",\"description\":\"Calme Luxe Nature\",\"publisher\":{\"@id\":\"https:\/\/www.residence-lapinede.com\/de\/#organization\"},\"potentialAction\":[{\"@type\":\"SearchAction\",\"target\":{\"@type\":\"EntryPoint\",\"urlTemplate\":\"https:\/\/www.residence-lapinede.com\/de\/?s={search_term_string}\"},\"query-input\":{\"@type\":\"PropertyValueSpecification\",\"valueRequired\":true,\"valueName\":\"search_term_string\"}}],\"inLanguage\":\"de\"},{\"@type\":\"Organization\",\"@id\":\"https:\/\/www.residence-lapinede.com\/de\/#organization\",\"name\":\"R\u00e9sidence La Pin\u00e8de\",\"url\":\"https:\/\/www.residence-lapinede.com\/de\/\",\"logo\":{\"@type\":\"ImageObject\",\"inLanguage\":\"de\",\"@id\":\"https:\/\/www.residence-lapinede.com\/de\/#\/schema\/logo\/image\/\",\"url\":\"https:\/\/www.residence-lapinede.com\/wp-content\/uploads\/2021\/05\/camping-pinede-logo.png\",\"contentUrl\":\"https:\/\/www.residence-lapinede.com\/wp-content\/uploads\/2021\/05\/camping-pinede-logo.png\",\"width\":2000,\"height\":875,\"caption\":\"R\u00e9sidence La Pin\u00e8de\"},\"image\":{\"@id\":\"https:\/\/www.residence-lapinede.com\/de\/#\/schema\/logo\/image\/\"}}]}<\/script>\n<!-- \/ Yoast SEO plugin. -->","yoast_head_json":{"title":"Was gibt es in Pezenas zu sehen und zu tun? | Tourismus Pezenas | Urlaub in Pezenas","robots":{"index":"index","follow":"follow","max-snippet":"max-snippet:-1","max-image-preview":"max-image-preview:large","max-video-preview":"max-video-preview:-1"},"canonical":"https:\/\/www.residence-lapinede.com\/de\/tourisme-pezenas\/","og_locale":"de_DE","og_type":"article","og_title":"Was gibt es in Pezenas zu sehen und zu tun? | Tourismus Pezenas | Urlaub in Pezenas","og_url":"https:\/\/www.residence-lapinede.com\/de\/tourisme-pezenas\/","og_site_name":"Camping r\u00e9sidentiel la Pinede","article_modified_time":"2023-03-24T13:41:39+00:00","og_image":[{"width":1903,"height":300,"url":"https:\/\/www.residence-lapinede.com\/wp-content\/uploads\/2021\/06\/vacances-pezenas.jpg","type":"image\/jpeg"}],"twitter_card":"summary_large_image","schema":{"@context":"https:\/\/schema.org","@graph":[{"@type":"WebPage","@id":"https:\/\/www.residence-lapinede.com\/de\/tourisme-pezenas\/","url":"https:\/\/www.residence-lapinede.com\/de\/tourisme-pezenas\/","name":"Was gibt es in Pezenas zu sehen und zu tun? | Tourismus Pezenas | Urlaub in Pezenas","isPartOf":{"@id":"https:\/\/www.residence-lapinede.com\/de\/#website"},"primaryImageOfPage":{"@id":"https:\/\/www.residence-lapinede.com\/de\/tourisme-pezenas\/#primaryimage"},"image":{"@id":"https:\/\/www.residence-lapinede.com\/de\/tourisme-pezenas\/#primaryimage"},"thumbnailUrl":"https:\/\/www.residence-lapinede.com\/wp-content\/uploads\/2021\/06\/vacances-pezenas.jpg","datePublished":"2021-05-17T09:05:12+00:00","dateModified":"2023-03-24T13:41:39+00:00","breadcrumb":{"@id":"https:\/\/www.residence-lapinede.com\/de\/tourisme-pezenas\/#breadcrumb"},"inLanguage":"de","potentialAction":[{"@type":"ReadAction","target":["https:\/\/www.residence-lapinede.com\/de\/tourisme-pezenas\/"]}]},{"@type":"ImageObject","inLanguage":"de","@id":"https:\/\/www.residence-lapinede.com\/de\/tourisme-pezenas\/#primaryimage","url":"https:\/\/www.residence-lapinede.com\/wp-content\/uploads\/2021\/06\/vacances-pezenas.jpg","contentUrl":"https:\/\/www.residence-lapinede.com\/wp-content\/uploads\/2021\/06\/vacances-pezenas.jpg","width":1903,"height":300},{"@type":"BreadcrumbList","@id":"https:\/\/www.residence-lapinede.com\/de\/tourisme-pezenas\/#breadcrumb","itemListElement":[{"@type":"ListItem","position":1,"name":"Camping H\u00e9rault","item":"https:\/\/www.residence-lapinede.com\/de\/"},{"@type":"ListItem","position":2,"name":"P\u00e9zenas besuchen"}]},{"@type":"WebSite","@id":"https:\/\/www.residence-lapinede.com\/de\/#website","url":"https:\/\/www.residence-lapinede.com\/de\/","name":"Camping r\u00e9sidentiel la Pinede","description":"Calme Luxe Nature","publisher":{"@id":"https:\/\/www.residence-lapinede.com\/de\/#organization"},"potentialAction":[{"@type":"SearchAction","target":{"@type":"EntryPoint","urlTemplate":"https:\/\/www.residence-lapinede.com\/de\/?s={search_term_string}"},"query-input":{"@type":"PropertyValueSpecification","valueRequired":true,"valueName":"search_term_string"}}],"inLanguage":"de"},{"@type":"Organization","@id":"https:\/\/www.residence-lapinede.com\/de\/#organization","name":"R\u00e9sidence La Pin\u00e8de","url":"https:\/\/www.residence-lapinede.com\/de\/","logo":{"@type":"ImageObject","inLanguage":"de","@id":"https:\/\/www.residence-lapinede.com\/de\/#\/schema\/logo\/image\/","url":"https:\/\/www.residence-lapinede.com\/wp-content\/uploads\/2021\/05\/camping-pinede-logo.png","contentUrl":"https:\/\/www.residence-lapinede.com\/wp-content\/uploads\/2021\/05\/camping-pinede-logo.png","width":2000,"height":875,"caption":"R\u00e9sidence La Pin\u00e8de"},"image":{"@id":"https:\/\/www.residence-lapinede.com\/de\/#\/schema\/logo\/image\/"}}]}},"_links":{"self":[{"href":"https:\/\/www.residence-lapinede.com\/de\/wp-json\/wp\/v2\/pages\/5875","targetHints":{"allow":["GET"]}}],"collection":[{"href":"https:\/\/www.residence-lapinede.com\/de\/wp-json\/wp\/v2\/pages"}],"about":[{"href":"https:\/\/www.residence-lapinede.com\/de\/wp-json\/wp\/v2\/types\/page"}],"author":[{"embeddable":true,"href":"https:\/\/www.residence-lapinede.com\/de\/wp-json\/wp\/v2\/users\/1"}],"replies":[{"embeddable":true,"href":"https:\/\/www.residence-lapinede.com\/de\/wp-json\/wp\/v2\/comments?post=5875"}],"version-history":[{"count":2,"href":"https:\/\/www.residence-lapinede.com\/de\/wp-json\/wp\/v2\/pages\/5875\/revisions"}],"predecessor-version":[{"id":5878,"href":"https:\/\/www.residence-lapinede.com\/de\/wp-json\/wp\/v2\/pages\/5875\/revisions\/5878"}],"wp:featuredmedia":[{"embeddable":true,"href":"https:\/\/www.residence-lapinede.com\/de\/wp-json\/wp\/v2\/media\/4619"}],"wp:attachment":[{"href":"https:\/\/www.residence-lapinede.com\/de\/wp-json\/wp\/v2\/media?parent=5875"}],"curies":[{"name":"wp","href":"https:\/\/api.w.org\/{rel}","templated":true}]}}