{"id":5865,"date":"2021-05-17T11:03:11","date_gmt":"2021-05-17T09:03:11","guid":{"rendered":"https:\/\/www.residence-lapinede.com\/camping-piscine-herault\/"},"modified":"2023-03-24T14:25:41","modified_gmt":"2023-03-24T13:25:41","slug":"camping-piscine-herault","status":"publish","type":"page","link":"https:\/\/www.residence-lapinede.com\/de\/camping-piscine-herault\/","title":{"rendered":"Notre Espace aquatique"},"content":{"rendered":"<section id=\"section-60a3611f561cb\"class=\"section modele bg-white\" \/><div class=\"container extralarge\"><h1 class=\"element section-title center\">Campingplatz mit beheiztem Schwimmbad im H\u00e9rault<\/h1><div class=\"colonnes-wrap valign-middle \"><div class=\"element colonne w-40\"><h2 class=\"element section-title left modeleTitle\">Unser Schwimmbad in Castelnau-de-Guers<\/h2><div class=\"element images\"><div class=\"image\"><img decoding=\"async\" src=\"https:\/\/www.residence-lapinede.com\/wp-content\/uploads\/2021\/06\/piscines-vias-94x100.jpg\" data-src=\"https:\/\/www.residence-lapinede.com\/wp-content\/uploads\/2021\/06\/piscines-vias.jpg\" alt=\"piscines pezenas\" class=\"images_image\" \/><\/div><\/div><\/div><div class=\"element colonne w-60\"><div class=\"element bloc-text justify \">\n\t<p>Der Wasserbereich unseres Luxus-Campingplatzes in Frankreich bietet einen 240m\u00b2 gro\u00dfen S\u00fcdpool, der sich perfekt an die Kurven des Gel\u00e4ndes anpasst. Sowie einen zweiten Pool und ein beheiztes Planschbecken, um allen w\u00e4hrend Ihres Urlaubs in P\u00e9zenas den gr\u00f6\u00dften Komfort zu bieten.<\/p>\n<p>Der Poolbereich ist von den Oster- bis zu den Allerheiligenferien von 10:00 bis 20:00 Uhr ge\u00f6ffnet und der Zugang bleibt exklusiv f\u00fcr die G\u00e4ste unserer <a href=\"\/\">camping in Castelnau-de-Guers<\/a> mit Swimmingpool. An Dienstagen im Juli und August sind die Pools bis 22 Uhr ge\u00f6ffnet.<\/p>\n<\/div><\/div><\/div><\/div><\/section>\n\n<section id=\"section-60a371f719c2b\"data-bg-opacite=\"1\"data-background=\"https:\/\/www.residence-lapinede.com\/wp-content\/uploads\/2021\/06\/bord-piscine-vias.jpg\"data-speed=\"0.8\"class=\"section modele imageFullDegradeNoir bg-white section--has-bg-img section_bg-parallax\" \/><div class=\"container full\"><\/div><\/section>\n\n\n\n<section id=\"section-60a371f719f5a\"class=\"section modele decoPins decoGauche bg-white\" \/><div class=\"container extralarge\"><div class=\"colonnes-wrap valign-middle \"><div class=\"element colonne w-60\"><h2 class=\"element section-title left modeleTitle\">Campingplatz mit Jacuzzi im H\u00e9rault <\/h2><div class=\"element bloc-text justify \">\n\t<p>Unterhalb des Infinity-Pools befindet sich ein 4-Personen-Whirlpool, der von den Oster- bis zu den Allerheiligenferien in Betrieb genommen wird. W\u00e4hrend Sie sich entspannen, k\u00f6nnen Sie Ihre Kinder im beheizten Planschbecken nebenan beaufsichtigen.<\/p>\n<\/div><h2 class=\"element section-title left modeleTitle m-t-4\">Liegest\u00fchle und Sonnenliegen<\/h2><div class=\"element bloc-text justify \">\n\t<p>Der Wasserpark stellt Sonnenliegen und Sonnenschirme rund um die Schwimmbecken zur Verf\u00fcgung. In Zeiten einer Pandemie kann ihre Anzahl reduziert werden (siehe das von den staatlichen Stellen vorgeschriebene Gesundheitsprotokoll).<\/p>\n<\/div><h2 class=\"element section-title left modeleTitle m-t-4\">Campingplatz mit beheiztem Wasserpark im H\u00e9rault<\/h2><div class=\"element bloc-text justify \">\n\t<p>Im Herzen des Pinienwaldes, \u00fcberragt vom Restaurant, f\u00fcgt sich ein wundersch\u00f6ner Infinity-Pool perfekt in die Kurven des Gel\u00e4ndes ein. Das beheizte Schwimmbad ist von den Oster- bis zu den Allerheiligenferien ge\u00f6ffnet.<\/p>\n<\/div><\/div><div class=\"element colonne w-40\"><div class=\"element images\"><div class=\"image\"><img decoding=\"async\" src=\"https:\/\/www.residence-lapinede.com\/wp-content\/uploads\/2021\/06\/jacuzzi-herault-94x100.jpg\" data-src=\"https:\/\/www.residence-lapinede.com\/wp-content\/uploads\/2021\/06\/jacuzzi-herault.jpg\" alt=\"jacuzzi herault\" class=\"images_image\" \/><\/div><\/div><\/div><\/div><\/div><\/section>\n\n<section id=\"section-60d1fd20dcfb7\"class=\"section modele bg-color3\" \/><div class=\"container extralarge\"><div class=\"colonnes-wrap valign-middle \"><div class=\"element colonne w-40\"><div class=\"element images\"><div class=\"image\"><img decoding=\"async\" src=\"https:\/\/www.residence-lapinede.com\/wp-content\/uploads\/2021\/06\/piscine-herault-94x100.jpg\" data-src=\"https:\/\/www.residence-lapinede.com\/wp-content\/uploads\/2021\/06\/piscine-herault.jpg\" alt=\"piscine herault\" class=\"images_image\" \/><\/div><\/div><\/div><div class=\"element colonne w-60\"><h2 class=\"element section-title left modeleTitle white\">Praktische Infos zum Schwimmbad in der N\u00e4he von P\u00e9zenas<\/h2><div class=\"element bloc-text justify \">\n\t<p>Der Wasserbereich der Stadt P\u00e9zenas, der seine eigene Thermalquelle mit warmem Wasser versorgt, ist eine Einrichtung, die seit 2009 von der CAHM verwaltet wird: Communaut\u00e9 d&#8217;Agglom\u00e9ration H\u00e9rault M\u00e9diterran\u00e9e.<\/p>\n<p>Das Schwimmbad bietet somit das ganze Jahr \u00fcber eine besonders angenehme Badetemperatur (28 bis 30\u00b0). Den Badeg\u00e4sten stehen drei offene Becken (Wettkampf-, Lehr- und Planschbecken) und ein \u00fcberdachtes Lehrbecken zur Verf\u00fcgung.<\/p>\n<p>Derzeit wird eine Renovierung des Wassersportbereichs durchgef\u00fchrt, die bis 2022 abgeschlossen sein soll.<\/p>\n<\/div><\/div><\/div><\/div><\/section>\n\n<section id=\"section-60b09547b0c94\"class=\"section modele decoPins decoDroite bg-white\" \/><div class=\"container large\"><div class=\"element section-title center titre-cta\">Entdecken Sie das Restaurant, die Dienstleistungen und die Unterk\u00fcnfte des Campingplatzes<\/div><ul class=\"liste-de-page\"><li class=\"element call-to-action carre call-to-action--style-1 call-to-action--big\"><a href=\"https:\/\/www.residence-lapinede.com\/de\/restaurant-lorangerie-pezenas\/\"  class=\"call-to-action_link\" title=\"Mehr \u00fcber unser restaurant\"><div class=\"call-to-action_image\"><img decoding=\"async\" src=\"https:\/\/www.residence-lapinede.com\/wp-content\/uploads\/2021\/06\/restaurant-herault-100x80.jpg\" data-src=\"https:\/\/www.residence-lapinede.com\/wp-content\/uploads\/2021\/06\/restaurant-herault.jpg\" alt=\"restaurant herault\" class=\"big\" \/><\/div><div class=\"call-to-action_contenu\"><div class=\"call-to-action_titre\">Unser Restaurant<\/div><\/div><\/a><\/li><\/ul><\/div><\/section>","protected":false},"excerpt":{"rendered":"","protected":false},"author":1,"featured_media":4551,"parent":0,"menu_order":0,"comment_status":"closed","ping_status":"closed","template":"","meta":{"_acf_changed":false,"footnotes":""},"class_list":["post-5865","page","type-page","status-publish","has-post-thumbnail","hentry"],"acf":[],"yoast_head":"<!-- This site is optimized with the Yoast SEO plugin v26.5 - https:\/\/yoast.com\/wordpress\/plugins\/seo\/ -->\n<title>Camping mit beheiztem Schwimmbad in der N\u00e4he von P\u00e9zenas | Wasserpark H\u00e9rault<\/title>\n<meta name=\"robots\" content=\"index, follow, max-snippet:-1, max-image-preview:large, max-video-preview:-1\" \/>\n<link rel=\"canonical\" href=\"https:\/\/www.residence-lapinede.com\/de\/camping-piscine-herault\/\" \/>\n<meta property=\"og:locale\" content=\"de_DE\" \/>\n<meta property=\"og:type\" content=\"article\" \/>\n<meta property=\"og:title\" content=\"Camping mit beheiztem Schwimmbad in der N\u00e4he von P\u00e9zenas | Wasserpark H\u00e9rault\" \/>\n<meta property=\"og:url\" content=\"https:\/\/www.residence-lapinede.com\/de\/camping-piscine-herault\/\" \/>\n<meta property=\"og:site_name\" content=\"Camping r\u00e9sidentiel la Pinede\" \/>\n<meta property=\"article:modified_time\" content=\"2023-03-24T13:25:41+00:00\" \/>\n<meta property=\"og:image\" content=\"https:\/\/www.residence-lapinede.com\/wp-content\/uploads\/2021\/06\/piscine-vias.jpg\" \/>\n\t<meta property=\"og:image:width\" content=\"1903\" \/>\n\t<meta property=\"og:image:height\" content=\"300\" \/>\n\t<meta property=\"og:image:type\" content=\"image\/jpeg\" \/>\n<meta name=\"twitter:card\" content=\"summary_large_image\" \/>\n<script type=\"application\/ld+json\" class=\"yoast-schema-graph\">{\"@context\":\"https:\/\/schema.org\",\"@graph\":[{\"@type\":\"WebPage\",\"@id\":\"https:\/\/www.residence-lapinede.com\/de\/camping-piscine-herault\/\",\"url\":\"https:\/\/www.residence-lapinede.com\/de\/camping-piscine-herault\/\",\"name\":\"Camping mit beheiztem Schwimmbad in der N\u00e4he von P\u00e9zenas | Wasserpark H\u00e9rault\",\"isPartOf\":{\"@id\":\"https:\/\/www.residence-lapinede.com\/de\/#website\"},\"primaryImageOfPage\":{\"@id\":\"https:\/\/www.residence-lapinede.com\/de\/camping-piscine-herault\/#primaryimage\"},\"image\":{\"@id\":\"https:\/\/www.residence-lapinede.com\/de\/camping-piscine-herault\/#primaryimage\"},\"thumbnailUrl\":\"https:\/\/www.residence-lapinede.com\/wp-content\/uploads\/2021\/06\/piscine-vias.jpg\",\"datePublished\":\"2021-05-17T09:03:11+00:00\",\"dateModified\":\"2023-03-24T13:25:41+00:00\",\"breadcrumb\":{\"@id\":\"https:\/\/www.residence-lapinede.com\/de\/camping-piscine-herault\/#breadcrumb\"},\"inLanguage\":\"de\",\"potentialAction\":[{\"@type\":\"ReadAction\",\"target\":[\"https:\/\/www.residence-lapinede.com\/de\/camping-piscine-herault\/\"]}]},{\"@type\":\"ImageObject\",\"inLanguage\":\"de\",\"@id\":\"https:\/\/www.residence-lapinede.com\/de\/camping-piscine-herault\/#primaryimage\",\"url\":\"https:\/\/www.residence-lapinede.com\/wp-content\/uploads\/2021\/06\/piscine-vias.jpg\",\"contentUrl\":\"https:\/\/www.residence-lapinede.com\/wp-content\/uploads\/2021\/06\/piscine-vias.jpg\",\"width\":1903,\"height\":300},{\"@type\":\"BreadcrumbList\",\"@id\":\"https:\/\/www.residence-lapinede.com\/de\/camping-piscine-herault\/#breadcrumb\",\"itemListElement\":[{\"@type\":\"ListItem\",\"position\":1,\"name\":\"Camping H\u00e9rault\",\"item\":\"https:\/\/www.residence-lapinede.com\/de\/\"},{\"@type\":\"ListItem\",\"position\":2,\"name\":\"Unser Schwimmbad in Castelnau-de-Guers\"}]},{\"@type\":\"WebSite\",\"@id\":\"https:\/\/www.residence-lapinede.com\/de\/#website\",\"url\":\"https:\/\/www.residence-lapinede.com\/de\/\",\"name\":\"Camping r\u00e9sidentiel la Pinede\",\"description\":\"Calme Luxe Nature\",\"publisher\":{\"@id\":\"https:\/\/www.residence-lapinede.com\/de\/#organization\"},\"potentialAction\":[{\"@type\":\"SearchAction\",\"target\":{\"@type\":\"EntryPoint\",\"urlTemplate\":\"https:\/\/www.residence-lapinede.com\/de\/?s={search_term_string}\"},\"query-input\":{\"@type\":\"PropertyValueSpecification\",\"valueRequired\":true,\"valueName\":\"search_term_string\"}}],\"inLanguage\":\"de\"},{\"@type\":\"Organization\",\"@id\":\"https:\/\/www.residence-lapinede.com\/de\/#organization\",\"name\":\"R\u00e9sidence La Pin\u00e8de\",\"url\":\"https:\/\/www.residence-lapinede.com\/de\/\",\"logo\":{\"@type\":\"ImageObject\",\"inLanguage\":\"de\",\"@id\":\"https:\/\/www.residence-lapinede.com\/de\/#\/schema\/logo\/image\/\",\"url\":\"https:\/\/www.residence-lapinede.com\/wp-content\/uploads\/2021\/05\/camping-pinede-logo.png\",\"contentUrl\":\"https:\/\/www.residence-lapinede.com\/wp-content\/uploads\/2021\/05\/camping-pinede-logo.png\",\"width\":2000,\"height\":875,\"caption\":\"R\u00e9sidence La Pin\u00e8de\"},\"image\":{\"@id\":\"https:\/\/www.residence-lapinede.com\/de\/#\/schema\/logo\/image\/\"}}]}<\/script>\n<!-- \/ Yoast SEO plugin. -->","yoast_head_json":{"title":"Camping mit beheiztem Schwimmbad in der N\u00e4he von P\u00e9zenas | Wasserpark H\u00e9rault","robots":{"index":"index","follow":"follow","max-snippet":"max-snippet:-1","max-image-preview":"max-image-preview:large","max-video-preview":"max-video-preview:-1"},"canonical":"https:\/\/www.residence-lapinede.com\/de\/camping-piscine-herault\/","og_locale":"de_DE","og_type":"article","og_title":"Camping mit beheiztem Schwimmbad in der N\u00e4he von P\u00e9zenas | Wasserpark H\u00e9rault","og_url":"https:\/\/www.residence-lapinede.com\/de\/camping-piscine-herault\/","og_site_name":"Camping r\u00e9sidentiel la Pinede","article_modified_time":"2023-03-24T13:25:41+00:00","og_image":[{"width":1903,"height":300,"url":"https:\/\/www.residence-lapinede.com\/wp-content\/uploads\/2021\/06\/piscine-vias.jpg","type":"image\/jpeg"}],"twitter_card":"summary_large_image","schema":{"@context":"https:\/\/schema.org","@graph":[{"@type":"WebPage","@id":"https:\/\/www.residence-lapinede.com\/de\/camping-piscine-herault\/","url":"https:\/\/www.residence-lapinede.com\/de\/camping-piscine-herault\/","name":"Camping mit beheiztem Schwimmbad in der N\u00e4he von P\u00e9zenas | Wasserpark H\u00e9rault","isPartOf":{"@id":"https:\/\/www.residence-lapinede.com\/de\/#website"},"primaryImageOfPage":{"@id":"https:\/\/www.residence-lapinede.com\/de\/camping-piscine-herault\/#primaryimage"},"image":{"@id":"https:\/\/www.residence-lapinede.com\/de\/camping-piscine-herault\/#primaryimage"},"thumbnailUrl":"https:\/\/www.residence-lapinede.com\/wp-content\/uploads\/2021\/06\/piscine-vias.jpg","datePublished":"2021-05-17T09:03:11+00:00","dateModified":"2023-03-24T13:25:41+00:00","breadcrumb":{"@id":"https:\/\/www.residence-lapinede.com\/de\/camping-piscine-herault\/#breadcrumb"},"inLanguage":"de","potentialAction":[{"@type":"ReadAction","target":["https:\/\/www.residence-lapinede.com\/de\/camping-piscine-herault\/"]}]},{"@type":"ImageObject","inLanguage":"de","@id":"https:\/\/www.residence-lapinede.com\/de\/camping-piscine-herault\/#primaryimage","url":"https:\/\/www.residence-lapinede.com\/wp-content\/uploads\/2021\/06\/piscine-vias.jpg","contentUrl":"https:\/\/www.residence-lapinede.com\/wp-content\/uploads\/2021\/06\/piscine-vias.jpg","width":1903,"height":300},{"@type":"BreadcrumbList","@id":"https:\/\/www.residence-lapinede.com\/de\/camping-piscine-herault\/#breadcrumb","itemListElement":[{"@type":"ListItem","position":1,"name":"Camping H\u00e9rault","item":"https:\/\/www.residence-lapinede.com\/de\/"},{"@type":"ListItem","position":2,"name":"Unser Schwimmbad in Castelnau-de-Guers"}]},{"@type":"WebSite","@id":"https:\/\/www.residence-lapinede.com\/de\/#website","url":"https:\/\/www.residence-lapinede.com\/de\/","name":"Camping r\u00e9sidentiel la Pinede","description":"Calme Luxe Nature","publisher":{"@id":"https:\/\/www.residence-lapinede.com\/de\/#organization"},"potentialAction":[{"@type":"SearchAction","target":{"@type":"EntryPoint","urlTemplate":"https:\/\/www.residence-lapinede.com\/de\/?s={search_term_string}"},"query-input":{"@type":"PropertyValueSpecification","valueRequired":true,"valueName":"search_term_string"}}],"inLanguage":"de"},{"@type":"Organization","@id":"https:\/\/www.residence-lapinede.com\/de\/#organization","name":"R\u00e9sidence La Pin\u00e8de","url":"https:\/\/www.residence-lapinede.com\/de\/","logo":{"@type":"ImageObject","inLanguage":"de","@id":"https:\/\/www.residence-lapinede.com\/de\/#\/schema\/logo\/image\/","url":"https:\/\/www.residence-lapinede.com\/wp-content\/uploads\/2021\/05\/camping-pinede-logo.png","contentUrl":"https:\/\/www.residence-lapinede.com\/wp-content\/uploads\/2021\/05\/camping-pinede-logo.png","width":2000,"height":875,"caption":"R\u00e9sidence La Pin\u00e8de"},"image":{"@id":"https:\/\/www.residence-lapinede.com\/de\/#\/schema\/logo\/image\/"}}]}},"_links":{"self":[{"href":"https:\/\/www.residence-lapinede.com\/de\/wp-json\/wp\/v2\/pages\/5865","targetHints":{"allow":["GET"]}}],"collection":[{"href":"https:\/\/www.residence-lapinede.com\/de\/wp-json\/wp\/v2\/pages"}],"about":[{"href":"https:\/\/www.residence-lapinede.com\/de\/wp-json\/wp\/v2\/types\/page"}],"author":[{"embeddable":true,"href":"https:\/\/www.residence-lapinede.com\/de\/wp-json\/wp\/v2\/users\/1"}],"replies":[{"embeddable":true,"href":"https:\/\/www.residence-lapinede.com\/de\/wp-json\/wp\/v2\/comments?post=5865"}],"version-history":[{"count":2,"href":"https:\/\/www.residence-lapinede.com\/de\/wp-json\/wp\/v2\/pages\/5865\/revisions"}],"predecessor-version":[{"id":5868,"href":"https:\/\/www.residence-lapinede.com\/de\/wp-json\/wp\/v2\/pages\/5865\/revisions\/5868"}],"wp:featuredmedia":[{"embeddable":true,"href":"https:\/\/www.residence-lapinede.com\/de\/wp-json\/wp\/v2\/media\/4551"}],"wp:attachment":[{"href":"https:\/\/www.residence-lapinede.com\/de\/wp-json\/wp\/v2\/media?parent=5865"}],"curies":[{"name":"wp","href":"https:\/\/api.w.org\/{rel}","templated":true}]}}