{"id":5861,"date":"2021-05-18T08:30:24","date_gmt":"2021-05-18T06:30:24","guid":{"rendered":"https:\/\/www.residence-lapinede.com\/camping-familial-herault\/"},"modified":"2023-08-08T14:27:57","modified_gmt":"2023-08-08T12:27:57","slug":"camping-familial-herault","status":"publish","type":"page","link":"https:\/\/www.residence-lapinede.com\/de\/camping-familial-herault\/","title":{"rendered":"Nos Services"},"content":{"rendered":"<section id=\"section-60a3611f561cb\"class=\"section modele bg-white\" \/><div class=\"container extralarge\"><h1 class=\"element section-title center\">Familiencampingplatz in Castelnau-de-Guers<\/h1><div class=\"colonnes-wrap valign-middle \"><div class=\"element colonne w-40\"><h2 class=\"element section-title left modeleTitle\">Campingplatz mit Aktivit\u00e4ten in H\u00e9rault<\/h2><div class=\"element images\"><div class=\"image\"><img decoding=\"async\" src=\"https:\/\/www.residence-lapinede.com\/wp-content\/uploads\/2021\/06\/camping-familial-herault-95x100.jpg\" data-src=\"https:\/\/www.residence-lapinede.com\/wp-content\/uploads\/2021\/06\/camping-familial-herault.jpg\" alt=\"camping familial herault\" class=\"images_image\" \/><\/div><\/div><\/div><div class=\"element colonne w-60\"><div class=\"element bloc-text justify \">\n\t<p>Sie werden das Restaurant des Campingplatzes, die Orangerie, und die Gastfreundschaft von Yannick und V\u00e9ronique und ihrem Team lieben.<br \/>\nDer Campingplatz R\u00e9sidentiel la Pin\u00e8de**** genie\u00dft :<\/p>\n<ul>\n<li>eines st\u00e4ndigen Wachdienstes,<\/li>\n<li>einem hochwertigen Restaurant,<\/li>\n<li>einem Waschsalon mit einem W\u00e4schetrockner und 2 Waschmaschinen,<\/li>\n<li>von gemeinschaftlich genutzten Sanit\u00e4ranlagen,<\/li>\n<li>Warmwasserduschen, die in der N\u00e4he der Schwimmb\u00e4der zur Verf\u00fcgung stehen,<\/li>\n<li>Kinderspielplatz.<\/li>\n<\/ul>\n<p>Die Mobilheime auf unserem Luxus-Campingplatz im Departement H\u00e9rault verf\u00fcgen \u00fcber einen kostenlosen Internetzugang (je nach Wifi-Eignung des Mobilheims).<\/p>\n<p>Tischtennisschl\u00e4ger, Fu\u00dfball, Volleyball, Minigolfschl\u00e4ger und Boulekugeln werden gegen eine Kaution von 10 \u20ac ausgeliehen.<\/p>\n<p>Jedes Mobilheim auf unserem Campingplatz in Frankreich hat einen zugewiesenen und nummerierten Parkplatz auf einem der drei internen Parkpl\u00e4tze.<\/p>\n<p>In der Hochsaison ist der Verkehr im Wohngebiet verboten und wir begr\u00fc\u00dfen Sie mit Elektrokarren zum Aus- und Einladen Ihres Gep\u00e4cks.<\/p>\n<p>Erholen Sie sich f\u00fcr die Dauer eines Aufenthalts auf unserem Luxus-Campingplatz im Departement H\u00e9rault.<\/p>\n<\/div><\/div><\/div><\/div><\/section>\n\n<section id=\"section-60a371f719c2b\"data-bg-opacite=\"1\"data-background=\"https:\/\/www.residence-lapinede.com\/wp-content\/uploads\/2021\/06\/camping-familial-vias.jpg\"data-speed=\"0.8\"class=\"section modele imageFullDegradeNoir bg-white section--has-bg-img section_bg-parallax\" \/><div class=\"container full\"><\/div><\/section>\n\n<section id=\"section-60a371f719f5a\"class=\"section modele decoPins decoGauche bg-white\" \/><div class=\"container extralarge\"><div class=\"colonnes-wrap valign-middle \"><div class=\"element colonne w-60\"><h2 class=\"element section-title left modeleTitle\">Lebensmittelgesch\u00e4ft in Castelnau-de-Guers<\/h2><div class=\"element bloc-text justify \">\n\t<p>Der Lebensmittelladen bietet den Verkauf von Waren des t\u00e4glichen Bedarfs an: Butter, Milch, Eier, Papiert\u00fccher usw. Die meisten dieser Waren werden in der Regel von den Eltern gekauft.<\/p>\n<\/div><h2 class=\"element section-title left modeleTitle\">Empfang (touristische Beratung) <\/h2><div class=\"element bloc-text justify \">\n\t<p>Die Rezeption kann Sie informieren und Ihnen einige Ausk\u00fcnfte \u00fcber die kulturellen und sportlichen Aktivit\u00e4ten in der Region geben. Wir haben am Eingang des Campingplatzes ein Schild mit diesen Hauptaktivit\u00e4ten sowie eine Weintourismuskarte des H\u00e9rault und der Garrigue am Rande des Pinienwaldes aufgestellt.<\/p>\n<\/div><\/div><div class=\"element colonne w-40 jeux\"><div class=\"carousel\"><div class=\"slide \"><div class=\"slide_image\"><img decoding=\"async\" src=\"https:\/\/www.residence-lapinede.com\/wp-content\/uploads\/2023\/08\/jeux-pinede-golf-mini-100x98.jpg\" data-src=\"https:\/\/www.residence-lapinede.com\/wp-content\/uploads\/2023\/08\/jeux-pinede-golf-mini.jpg\" alt=\"jeux-pinede-golf-mini\" class=\"\" \/><\/div><\/div><div class=\"slide \"><div class=\"slide_image\"><img decoding=\"async\" src=\"https:\/\/www.residence-lapinede.com\/wp-content\/uploads\/2023\/08\/jeux-pinede-cage-100x98.jpg\" data-src=\"https:\/\/www.residence-lapinede.com\/wp-content\/uploads\/2023\/08\/jeux-pinede-cage.jpg\" alt=\"jeux-pinede-cage\" class=\"\" \/><\/div><\/div><div class=\"slide \"><div class=\"slide_image\"><img decoding=\"async\" src=\"https:\/\/www.residence-lapinede.com\/wp-content\/uploads\/2023\/08\/jeux-pinede-parc-100x98.jpg\" data-src=\"https:\/\/www.residence-lapinede.com\/wp-content\/uploads\/2023\/08\/jeux-pinede-parc.jpg\" alt=\"jeux-pinede-parc\" class=\"\" \/><\/div><\/div><div class=\"slide \"><div class=\"slide_image\"><img decoding=\"async\" src=\"https:\/\/www.residence-lapinede.com\/wp-content\/uploads\/2023\/08\/jeux-pinede-parcours-100x98.jpg\" data-src=\"https:\/\/www.residence-lapinede.com\/wp-content\/uploads\/2023\/08\/jeux-pinede-parcours.jpg\" alt=\"jeux-pinede-parcours\" class=\"\" \/><\/div><\/div><div class=\"slide \"><div class=\"slide_image\"><img decoding=\"async\" src=\"https:\/\/www.residence-lapinede.com\/wp-content\/uploads\/2023\/08\/jeux-pinede-tyro-100x98.jpg\" data-src=\"https:\/\/www.residence-lapinede.com\/wp-content\/uploads\/2023\/08\/jeux-pinede-tyro.jpg\" alt=\"jeux-pinede-tyro\" class=\"\" \/><\/div><\/div><div class=\"slide \"><div class=\"slide_image\"><img decoding=\"async\" src=\"https:\/\/www.residence-lapinede.com\/wp-content\/uploads\/2023\/08\/jeux-pinede-arc-100x98.jpg\" data-src=\"https:\/\/www.residence-lapinede.com\/wp-content\/uploads\/2023\/08\/jeux-pinede-arc.jpg\" alt=\"jeux-pinede-arc\" class=\"\" \/><\/div><\/div><div class=\"slide \"><div class=\"slide_image\"><img decoding=\"async\" src=\"https:\/\/www.residence-lapinede.com\/wp-content\/uploads\/2023\/08\/jeux-pinede-ping-pong-100x98.jpg\" data-src=\"https:\/\/www.residence-lapinede.com\/wp-content\/uploads\/2023\/08\/jeux-pinede-ping-pong.jpg\" alt=\"jeux-pinede-ping-pong\" class=\"\" \/><\/div><\/div><div class=\"slide \"><div class=\"slide_image\"><img decoding=\"async\" src=\"https:\/\/www.residence-lapinede.com\/wp-content\/uploads\/2023\/08\/jeux-pinede-echec-100x98.jpg\" data-src=\"https:\/\/www.residence-lapinede.com\/wp-content\/uploads\/2023\/08\/jeux-pinede-echec.jpg\" alt=\"jeux-pinede-echec\" class=\"\" \/><\/div><\/div><div class=\"slide \"><div class=\"slide_image\"><img decoding=\"async\" src=\"https:\/\/www.residence-lapinede.com\/wp-content\/uploads\/2023\/08\/jeux-pinede-fleche-100x98.jpg\" data-src=\"https:\/\/www.residence-lapinede.com\/wp-content\/uploads\/2023\/08\/jeux-pinede-fleche.jpg\" alt=\"jeux-pinede-fleche\" class=\"\" \/><\/div><\/div><div class=\"slide \"><div class=\"slide_image\"><img decoding=\"async\" src=\"https:\/\/www.residence-lapinede.com\/wp-content\/uploads\/2023\/08\/jeux-pinede-mini-golf-100x98.jpg\" data-src=\"https:\/\/www.residence-lapinede.com\/wp-content\/uploads\/2023\/08\/jeux-pinede-mini-golf.jpg\" alt=\"jeux-pinede-mini-golf\" class=\"\" \/><\/div><\/div><div class=\"slide \"><div class=\"slide_image\"><img decoding=\"async\" src=\"https:\/\/www.residence-lapinede.com\/wp-content\/uploads\/2023\/08\/jeux-pinede-boxe-100x98.jpg\" data-src=\"https:\/\/www.residence-lapinede.com\/wp-content\/uploads\/2023\/08\/jeux-pinede-boxe.jpg\" alt=\"jeux-pinede-boxe\" class=\"\" \/><\/div><\/div><div class=\"slide \"><div class=\"slide_image\"><img decoding=\"async\" src=\"https:\/\/www.residence-lapinede.com\/wp-content\/uploads\/2023\/08\/jeux-pinede-golf-100x98.jpg\" data-src=\"https:\/\/www.residence-lapinede.com\/wp-content\/uploads\/2023\/08\/jeux-pinede-golf.jpg\" alt=\"jeux-pinede-golf\" class=\"\" \/><\/div><\/div><\/div><\/div><\/div><\/div><\/section>\n\n<section id=\"section-60d1fd20dcfb7\"class=\"section modele bg-color3\" \/><div class=\"container extralarge\"><div class=\"colonnes-wrap valign-middle \"><div class=\"element colonne w-40\"><div class=\"element images\"><div class=\"image\"><img decoding=\"async\" src=\"https:\/\/www.residence-lapinede.com\/wp-content\/uploads\/2021\/06\/services-camping-94x100.jpg\" data-src=\"https:\/\/www.residence-lapinede.com\/wp-content\/uploads\/2021\/06\/services-camping.jpg\" alt=\"camping 4 \u00e9toiles h\u00e9rault\" class=\"images_image\" \/><\/div><\/div><\/div><div class=\"element colonne w-60\"><h2 class=\"element section-title left modeleTitle white\">Unsere verschiedenen Vermietungen<\/h2><div class=\"element bloc-text justify \">\n\t<p>F\u00fcr die Kleinsten vermieten wir Regenschirmbetten zum Preis von 2\u20ac\/Tag (mit Matratze). Ab Juli k\u00f6nnen Sie auch Hochst\u00fchle f\u00fcr 2\u20ac\/Tag mieten.<\/p>\n<p>Und um Ihre Mahlzeiten zu versch\u00f6nern, vermieten wir auch elektrische Grills zum Preis von 2\u20ac\/Tag.<\/p>\n<\/div><h2 class=\"element section-title left modeleTitle white\">Wifi<\/h2><div class=\"element bloc-text justify \">\n\t<p>Der Campingplatz ist mit Wifi-Hotspots ausgestattet, die auf den meisten Stellpl\u00e4tzen, an den Pools und im Restaurant Hochgeschwindigkeitsinternet verteilen.<br \/>\nSeit 2021 ist der Campingplatz H\u00e9rault mit Glasfaserkabeln ausgestattet.<\/p>\n<\/div><\/div><\/div><\/div><\/section>\n\n<section id=\"section-60b09547b0c94\"class=\"section modele decoPins decoDroite bg-white\" \/><div class=\"container large\"><div class=\"element section-title center titre-cta\">Entdecken Sie den Pool, das Restaurant und die Unterk\u00fcnfte des Campingplatzes<\/div><ul class=\"liste-de-page\"><li class=\"element call-to-action carre call-to-action--style-1 call-to-action--big\"><a href=\"https:\/\/www.residence-lapinede.com\/de\/location-mobil-home-herault\/\"  class=\"call-to-action_link\" title=\"Mehr \u00fcber unsere mobilheime\"><div class=\"call-to-action_image\"><img decoding=\"async\" src=\"https:\/\/www.residence-lapinede.com\/wp-content\/uploads\/2021\/06\/mobil-home-pezenas-100x80.jpg\" data-src=\"https:\/\/www.residence-lapinede.com\/wp-content\/uploads\/2021\/06\/mobil-home-pezenas.jpg\" alt=\"location mobil home pezenas\" class=\"big\" \/><\/div><div class=\"call-to-action_contenu\"><div class=\"call-to-action_titre\">Unsere Mobilheime<\/div><\/div><\/a><\/li><li class=\"element call-to-action carre call-to-action--style-1 call-to-action--big call-to-action--style-1 call-to-action--big\"><a href=\"https:\/\/www.residence-lapinede.com\/de\/camping-piscine-herault\/\"  class=\"call-to-action_link\" title=\"Mehr \u00fcber unser pool\"><div class=\"call-to-action_image\"><img decoding=\"async\" src=\"https:\/\/www.residence-lapinede.com\/wp-content\/uploads\/2021\/06\/camping-piscine-vias-100x80.jpg\" data-src=\"https:\/\/www.residence-lapinede.com\/wp-content\/uploads\/2021\/06\/camping-piscine-vias.jpg\" alt=\"camping piscine vias\" class=\"big\" \/><\/div><div class=\"call-to-action_contenu\"><div class=\"call-to-action_titre\">Unser Pool<\/div><\/div><\/a><\/li><li class=\"element call-to-action carre call-to-action--style-1 call-to-action--big call-to-action--style-1 call-to-action--big call-to-action--style-1 call-to-action--big\"><a href=\"https:\/\/www.residence-lapinede.com\/de\/restaurant-lorangerie-pezenas\/\"  class=\"call-to-action_link\" title=\"Mehr \u00fcber unser restaurant\"><div class=\"call-to-action_image\"><img decoding=\"async\" src=\"https:\/\/www.residence-lapinede.com\/wp-content\/uploads\/2021\/06\/restaurant-herault-100x80.jpg\" data-src=\"https:\/\/www.residence-lapinede.com\/wp-content\/uploads\/2021\/06\/restaurant-herault.jpg\" alt=\"restaurant herault\" class=\"big\" \/><\/div><div class=\"call-to-action_contenu\"><div class=\"call-to-action_titre\">Unser Restaurant<\/div><\/div><\/a><\/li><\/ul><\/div><\/section>","protected":false},"excerpt":{"rendered":"","protected":false},"author":1,"featured_media":4535,"parent":0,"menu_order":0,"comment_status":"closed","ping_status":"closed","template":"","meta":{"_acf_changed":false,"footnotes":""},"class_list":["post-5861","page","type-page","status-publish","has-post-thumbnail","hentry"],"acf":[],"yoast_head":"<!-- This site is optimized with the Yoast SEO plugin v26.5 - https:\/\/yoast.com\/wordpress\/plugins\/seo\/ -->\n<title>Familiencampingplatz H\u00e9rault | Aktivit\u00e4ten, Wifi und Lebensmittelgesch\u00e4ft in Castelnau-de-Guers<\/title>\n<meta name=\"robots\" content=\"index, follow, max-snippet:-1, max-image-preview:large, max-video-preview:-1\" \/>\n<link rel=\"canonical\" href=\"https:\/\/www.residence-lapinede.com\/de\/camping-familial-herault\/\" \/>\n<meta property=\"og:locale\" content=\"de_DE\" \/>\n<meta property=\"og:type\" content=\"article\" \/>\n<meta property=\"og:title\" content=\"Familiencampingplatz H\u00e9rault | Aktivit\u00e4ten, Wifi und Lebensmittelgesch\u00e4ft in Castelnau-de-Guers\" \/>\n<meta property=\"og:url\" content=\"https:\/\/www.residence-lapinede.com\/de\/camping-familial-herault\/\" \/>\n<meta property=\"og:site_name\" content=\"Camping r\u00e9sidentiel la Pinede\" \/>\n<meta property=\"article:modified_time\" content=\"2023-08-08T12:27:57+00:00\" \/>\n<meta property=\"og:image\" content=\"https:\/\/www.residence-lapinede.com\/wp-content\/uploads\/2021\/06\/camping-herault-4-etoiles.jpg\" \/>\n\t<meta property=\"og:image:width\" content=\"1900\" \/>\n\t<meta property=\"og:image:height\" content=\"300\" \/>\n\t<meta property=\"og:image:type\" content=\"image\/jpeg\" \/>\n<meta name=\"twitter:card\" content=\"summary_large_image\" \/>\n<script type=\"application\/ld+json\" class=\"yoast-schema-graph\">{\"@context\":\"https:\/\/schema.org\",\"@graph\":[{\"@type\":\"WebPage\",\"@id\":\"https:\/\/www.residence-lapinede.com\/de\/camping-familial-herault\/\",\"url\":\"https:\/\/www.residence-lapinede.com\/de\/camping-familial-herault\/\",\"name\":\"Familiencampingplatz H\u00e9rault | Aktivit\u00e4ten, Wifi und Lebensmittelgesch\u00e4ft in Castelnau-de-Guers\",\"isPartOf\":{\"@id\":\"https:\/\/www.residence-lapinede.com\/de\/#website\"},\"primaryImageOfPage\":{\"@id\":\"https:\/\/www.residence-lapinede.com\/de\/camping-familial-herault\/#primaryimage\"},\"image\":{\"@id\":\"https:\/\/www.residence-lapinede.com\/de\/camping-familial-herault\/#primaryimage\"},\"thumbnailUrl\":\"https:\/\/www.residence-lapinede.com\/wp-content\/uploads\/2021\/06\/camping-herault-4-etoiles.jpg\",\"datePublished\":\"2021-05-18T06:30:24+00:00\",\"dateModified\":\"2023-08-08T12:27:57+00:00\",\"breadcrumb\":{\"@id\":\"https:\/\/www.residence-lapinede.com\/de\/camping-familial-herault\/#breadcrumb\"},\"inLanguage\":\"de\",\"potentialAction\":[{\"@type\":\"ReadAction\",\"target\":[\"https:\/\/www.residence-lapinede.com\/de\/camping-familial-herault\/\"]}]},{\"@type\":\"ImageObject\",\"inLanguage\":\"de\",\"@id\":\"https:\/\/www.residence-lapinede.com\/de\/camping-familial-herault\/#primaryimage\",\"url\":\"https:\/\/www.residence-lapinede.com\/wp-content\/uploads\/2021\/06\/camping-herault-4-etoiles.jpg\",\"contentUrl\":\"https:\/\/www.residence-lapinede.com\/wp-content\/uploads\/2021\/06\/camping-herault-4-etoiles.jpg\",\"width\":1900,\"height\":300},{\"@type\":\"BreadcrumbList\",\"@id\":\"https:\/\/www.residence-lapinede.com\/de\/camping-familial-herault\/#breadcrumb\",\"itemListElement\":[{\"@type\":\"ListItem\",\"position\":1,\"name\":\"Camping H\u00e9rault\",\"item\":\"https:\/\/www.residence-lapinede.com\/de\/\"},{\"@type\":\"ListItem\",\"position\":2,\"name\":\"Aktivit\u00e4ten und Lebensmittelgesch\u00e4ft in H\u00e9rault\"}]},{\"@type\":\"WebSite\",\"@id\":\"https:\/\/www.residence-lapinede.com\/de\/#website\",\"url\":\"https:\/\/www.residence-lapinede.com\/de\/\",\"name\":\"Camping r\u00e9sidentiel la Pinede\",\"description\":\"Calme Luxe Nature\",\"publisher\":{\"@id\":\"https:\/\/www.residence-lapinede.com\/de\/#organization\"},\"potentialAction\":[{\"@type\":\"SearchAction\",\"target\":{\"@type\":\"EntryPoint\",\"urlTemplate\":\"https:\/\/www.residence-lapinede.com\/de\/?s={search_term_string}\"},\"query-input\":{\"@type\":\"PropertyValueSpecification\",\"valueRequired\":true,\"valueName\":\"search_term_string\"}}],\"inLanguage\":\"de\"},{\"@type\":\"Organization\",\"@id\":\"https:\/\/www.residence-lapinede.com\/de\/#organization\",\"name\":\"R\u00e9sidence La Pin\u00e8de\",\"url\":\"https:\/\/www.residence-lapinede.com\/de\/\",\"logo\":{\"@type\":\"ImageObject\",\"inLanguage\":\"de\",\"@id\":\"https:\/\/www.residence-lapinede.com\/de\/#\/schema\/logo\/image\/\",\"url\":\"https:\/\/www.residence-lapinede.com\/wp-content\/uploads\/2021\/05\/camping-pinede-logo.png\",\"contentUrl\":\"https:\/\/www.residence-lapinede.com\/wp-content\/uploads\/2021\/05\/camping-pinede-logo.png\",\"width\":2000,\"height\":875,\"caption\":\"R\u00e9sidence La Pin\u00e8de\"},\"image\":{\"@id\":\"https:\/\/www.residence-lapinede.com\/de\/#\/schema\/logo\/image\/\"}}]}<\/script>\n<!-- \/ Yoast SEO plugin. -->","yoast_head_json":{"title":"Familiencampingplatz H\u00e9rault | Aktivit\u00e4ten, Wifi und Lebensmittelgesch\u00e4ft in Castelnau-de-Guers","robots":{"index":"index","follow":"follow","max-snippet":"max-snippet:-1","max-image-preview":"max-image-preview:large","max-video-preview":"max-video-preview:-1"},"canonical":"https:\/\/www.residence-lapinede.com\/de\/camping-familial-herault\/","og_locale":"de_DE","og_type":"article","og_title":"Familiencampingplatz H\u00e9rault | Aktivit\u00e4ten, Wifi und Lebensmittelgesch\u00e4ft in Castelnau-de-Guers","og_url":"https:\/\/www.residence-lapinede.com\/de\/camping-familial-herault\/","og_site_name":"Camping r\u00e9sidentiel la Pinede","article_modified_time":"2023-08-08T12:27:57+00:00","og_image":[{"width":1900,"height":300,"url":"https:\/\/www.residence-lapinede.com\/wp-content\/uploads\/2021\/06\/camping-herault-4-etoiles.jpg","type":"image\/jpeg"}],"twitter_card":"summary_large_image","schema":{"@context":"https:\/\/schema.org","@graph":[{"@type":"WebPage","@id":"https:\/\/www.residence-lapinede.com\/de\/camping-familial-herault\/","url":"https:\/\/www.residence-lapinede.com\/de\/camping-familial-herault\/","name":"Familiencampingplatz H\u00e9rault | Aktivit\u00e4ten, Wifi und Lebensmittelgesch\u00e4ft in Castelnau-de-Guers","isPartOf":{"@id":"https:\/\/www.residence-lapinede.com\/de\/#website"},"primaryImageOfPage":{"@id":"https:\/\/www.residence-lapinede.com\/de\/camping-familial-herault\/#primaryimage"},"image":{"@id":"https:\/\/www.residence-lapinede.com\/de\/camping-familial-herault\/#primaryimage"},"thumbnailUrl":"https:\/\/www.residence-lapinede.com\/wp-content\/uploads\/2021\/06\/camping-herault-4-etoiles.jpg","datePublished":"2021-05-18T06:30:24+00:00","dateModified":"2023-08-08T12:27:57+00:00","breadcrumb":{"@id":"https:\/\/www.residence-lapinede.com\/de\/camping-familial-herault\/#breadcrumb"},"inLanguage":"de","potentialAction":[{"@type":"ReadAction","target":["https:\/\/www.residence-lapinede.com\/de\/camping-familial-herault\/"]}]},{"@type":"ImageObject","inLanguage":"de","@id":"https:\/\/www.residence-lapinede.com\/de\/camping-familial-herault\/#primaryimage","url":"https:\/\/www.residence-lapinede.com\/wp-content\/uploads\/2021\/06\/camping-herault-4-etoiles.jpg","contentUrl":"https:\/\/www.residence-lapinede.com\/wp-content\/uploads\/2021\/06\/camping-herault-4-etoiles.jpg","width":1900,"height":300},{"@type":"BreadcrumbList","@id":"https:\/\/www.residence-lapinede.com\/de\/camping-familial-herault\/#breadcrumb","itemListElement":[{"@type":"ListItem","position":1,"name":"Camping H\u00e9rault","item":"https:\/\/www.residence-lapinede.com\/de\/"},{"@type":"ListItem","position":2,"name":"Aktivit\u00e4ten und Lebensmittelgesch\u00e4ft in H\u00e9rault"}]},{"@type":"WebSite","@id":"https:\/\/www.residence-lapinede.com\/de\/#website","url":"https:\/\/www.residence-lapinede.com\/de\/","name":"Camping r\u00e9sidentiel la Pinede","description":"Calme Luxe Nature","publisher":{"@id":"https:\/\/www.residence-lapinede.com\/de\/#organization"},"potentialAction":[{"@type":"SearchAction","target":{"@type":"EntryPoint","urlTemplate":"https:\/\/www.residence-lapinede.com\/de\/?s={search_term_string}"},"query-input":{"@type":"PropertyValueSpecification","valueRequired":true,"valueName":"search_term_string"}}],"inLanguage":"de"},{"@type":"Organization","@id":"https:\/\/www.residence-lapinede.com\/de\/#organization","name":"R\u00e9sidence La Pin\u00e8de","url":"https:\/\/www.residence-lapinede.com\/de\/","logo":{"@type":"ImageObject","inLanguage":"de","@id":"https:\/\/www.residence-lapinede.com\/de\/#\/schema\/logo\/image\/","url":"https:\/\/www.residence-lapinede.com\/wp-content\/uploads\/2021\/05\/camping-pinede-logo.png","contentUrl":"https:\/\/www.residence-lapinede.com\/wp-content\/uploads\/2021\/05\/camping-pinede-logo.png","width":2000,"height":875,"caption":"R\u00e9sidence La Pin\u00e8de"},"image":{"@id":"https:\/\/www.residence-lapinede.com\/de\/#\/schema\/logo\/image\/"}}]}},"_links":{"self":[{"href":"https:\/\/www.residence-lapinede.com\/de\/wp-json\/wp\/v2\/pages\/5861","targetHints":{"allow":["GET"]}}],"collection":[{"href":"https:\/\/www.residence-lapinede.com\/de\/wp-json\/wp\/v2\/pages"}],"about":[{"href":"https:\/\/www.residence-lapinede.com\/de\/wp-json\/wp\/v2\/types\/page"}],"author":[{"embeddable":true,"href":"https:\/\/www.residence-lapinede.com\/de\/wp-json\/wp\/v2\/users\/1"}],"replies":[{"embeddable":true,"href":"https:\/\/www.residence-lapinede.com\/de\/wp-json\/wp\/v2\/comments?post=5861"}],"version-history":[{"count":6,"href":"https:\/\/www.residence-lapinede.com\/de\/wp-json\/wp\/v2\/pages\/5861\/revisions"}],"predecessor-version":[{"id":6901,"href":"https:\/\/www.residence-lapinede.com\/de\/wp-json\/wp\/v2\/pages\/5861\/revisions\/6901"}],"wp:featuredmedia":[{"embeddable":true,"href":"https:\/\/www.residence-lapinede.com\/de\/wp-json\/wp\/v2\/media\/4535"}],"wp:attachment":[{"href":"https:\/\/www.residence-lapinede.com\/de\/wp-json\/wp\/v2\/media?parent=5861"}],"curies":[{"name":"wp","href":"https:\/\/api.w.org\/{rel}","templated":true}]}}