{"id":5857,"date":"2021-05-17T11:05:28","date_gmt":"2021-05-17T09:05:28","guid":{"rendered":"https:\/\/www.residence-lapinede.com\/camping-montpellier\/"},"modified":"2023-03-24T12:23:19","modified_gmt":"2023-03-24T11:23:19","slug":"camping-montpellier","status":"publish","type":"page","link":"https:\/\/www.residence-lapinede.com\/de\/camping-montpellier\/","title":{"rendered":"Montpellier"},"content":{"rendered":"<section id=\"section-60a3611f561cb\"class=\"section modele bg-white\" \/><div class=\"container extralarge\"><h1 class=\"element section-title center\">Urlaub in Montpellier<\/h1><div class=\"colonnes-wrap valign-middle \"><div class=\"element colonne w-40\"><h2 class=\"element section-title left modeleTitle\">Entdecken Sie Montpellier<\/h2><div class=\"element images\"><div class=\"image\"><img decoding=\"async\" src=\"https:\/\/www.residence-lapinede.com\/wp-content\/uploads\/2021\/06\/centre-montpellier-94x100.jpg\" data-src=\"https:\/\/www.residence-lapinede.com\/wp-content\/uploads\/2021\/06\/centre-montpellier.jpg\" alt=\"centre montpellier\" class=\"images_image\" \/><\/div><\/div><\/div><div class=\"element colonne w-60\"><div class=\"element bloc-text justify \">\n\t<p><strong>Montpellier ist die Pr\u00e4fektur des Departements H\u00e9rault<\/strong> in der Region Languedoc-Roussillon und liegt ideal auf dem Weg in den Urlaub. Ihr sonniges Klima, vor allem in den Sommermonaten, macht sie zu einem erstklassigen Ziel f\u00fcr einen Campingurlaub in Castelnau-de-Guers am Mittelmeer im H\u00e9rault.<\/p>\n<p>Die Stadt wurde im 11. Jahrhundert erbaut und hat heute etwa 290.000 Einwohner. Sie war einst eine bedeutende kulturelle und wirtschaftliche Hauptstadt. Das autofreie Stadtzentrum von Montpellier kann dank des ausgebauten Stra\u00dfenbahnnetzes leicht besichtigt werden.<\/p>\n<p>Montpellier zeichnet sich als die Sonnenstadt schlechthin aus, die sich f\u00fcr Freizeit und Erholung mit der ganzen Familie eignet.<\/p>\n<\/div><\/div><\/div><\/div><\/section>\n\n<section id=\"section-60a371f719c2b\"data-bg-opacite=\"1\"data-background=\"https:\/\/www.residence-lapinede.com\/wp-content\/uploads\/2021\/06\/visite-montpellier.jpg\"data-speed=\"0.8\"class=\"section modele imageFullDegradeNoir bg-white section--has-bg-img section_bg-parallax\" \/><div class=\"container full\"><\/div><\/section>\n\n\n\n<section id=\"section-60a371f719f5a\"class=\"section modele decoPins decoGauche bg-white\" \/><div class=\"container extralarge\"><div class=\"colonnes-wrap valign-middle \"><div class=\"element colonne w-60\"><h2 class=\"element section-title left modeleTitle\">Top 10 der Sehensw\u00fcrdigkeiten in Montpellier<\/h2><div class=\"element bloc-text justify \">\n\t<ul>\n<li>Besichtigung des historischen Zentrums: Ecusson und Place Royale du Peyrou.<\/li>\n<li>Rundgang zum Place de la Com\u00e9die mit dem Brunnen der Trois Gr\u00e2ces.<\/li>\n<li>Shopping-Tour durch das Viertel Antigone.<\/li>\n<li>Entdeckung des Barbotte-Turms und des Tour des Pins.<\/li>\n<li>Ausflug zum Mus\u00e9e du Vieux Montpellier im H\u00f4tel particulier de Varennes.<\/li>\n<li>Entspannungspause im Jardin des Plantes, in der N\u00e4he der medizinischen Fakult\u00e4t von Montpellier.<\/li>\n<li>Spaziergang am Strand von La Grande-Motte.<\/li>\n<li>Entdeckung von Stadth\u00e4usern wie Mirman, Saint-C\u00f4me oder Rodez de Benavent.<\/li>\n<li>Erkundung der Kathedrale Saint-Pierre aus dem 14. Jahrhundert im gotischen Stil.<\/li>\n<li>Besuchen Sie das Mus\u00e9e Fabre mit seinen Gem\u00e4ldesammlungen.<\/li>\n<\/ul>\n<\/div><\/div><div class=\"element colonne w-40\"><div class=\"element images\"><div class=\"image\"><img decoding=\"async\" src=\"https:\/\/www.residence-lapinede.com\/wp-content\/uploads\/2021\/06\/plage-montpellier-94x100.jpg\" data-src=\"https:\/\/www.residence-lapinede.com\/wp-content\/uploads\/2021\/06\/plage-montpellier.jpg\" alt=\"plage montpellier\" class=\"images_image\" \/><\/div><\/div><\/div><\/div><\/div><\/section>\n\n<section id=\"section-60d1fd20dcfb7\"class=\"section modele bg-color3\" \/><div class=\"container extralarge\"><div class=\"colonnes-wrap valign-middle \"><div class=\"element colonne w-40\"><div class=\"element images\"><div class=\"image\"><img decoding=\"async\" src=\"https:\/\/www.residence-lapinede.com\/wp-content\/uploads\/2021\/06\/services-camping-94x100.jpg\" data-src=\"https:\/\/www.residence-lapinede.com\/wp-content\/uploads\/2021\/06\/services-camping.jpg\" alt=\"camping 4 \u00e9toiles h\u00e9rault\" class=\"images_image\" \/><\/div><\/div><\/div><div class=\"element colonne w-60\"><h2 class=\"element section-title left modeleTitle white\">Campingplatz 51 km von Montpellier entfernt<\/h2><div class=\"element bloc-text justify \">\n\t<p>Der 51 km von Montpellier entfernte Campingplatz La Pin\u00e8de ist ideal gelegen, um einen idyllischen Familienurlaub zu verbringen. Mitten in der Natur empf\u00e4ngt er Sie mit Ruhe und Gelassenheit, da es auf dem Campingplatz keinen Autoverkehr gibt.<\/p>\n<p>Es erwartet Sie eine Auswahl von 16 Mobilheimen zur Miete: 1 bis 3 Schlafzimmer, komfortable Ausstattung, schattige Terrasse. Unser Campingplatz in der N\u00e4he von Montpellier verf\u00fcgt \u00fcber ein Restaurant, das in der Sommersaison Themenabende mit Konzerten veranstaltet.<\/p>\n<p>F\u00fcr einen noch paradiesischeren Aufenthalt auf unserem Campingplatz in der N\u00e4he von Montpellier erwarten Sie und Ihre Kinder Swimmingpools und Whirlpools. Nachdem Sie sich mit Ihrer Familie oder Ihren Freunden erholt haben, setzen Sie Ihre Besichtigungen im H\u00e9rault fort. Bewundern Sie die fabelhaften Landschaften von S\u00e8te und Marseillan und entdecken Sie anschlie\u00dfend Saint-Guilhem-le-D\u00e9sert, bevor Sie in Ihre Ferienunterkunft in der N\u00e4he von P\u00e9zenas zur\u00fcckkehren.<\/p>\n<\/div><\/div><\/div><\/div><\/section>\n\n<section id=\"section-60b09547b0c94\"class=\"section modele decoPins decoDroite bg-white\" \/><div class=\"container large\"><div class=\"element section-title center titre-cta\">Entdecken Sie die Umgebung von Montpellier<\/div><ul class=\"liste-de-page\"><li class=\"element call-to-action carre call-to-action--style-1 call-to-action--big\"><a href=\"https:\/\/www.residence-lapinede.com\/de\/tourisme-pezenas\/\"  class=\"call-to-action_link\" title=\"Mehr \u00fcber p\u00e9zenas\"><div class=\"call-to-action_image\"><img decoding=\"async\" src=\"https:\/\/www.residence-lapinede.com\/wp-content\/uploads\/2021\/06\/tourisme-pezenas-1-100x50.jpg\" data-src=\"https:\/\/www.residence-lapinede.com\/wp-content\/uploads\/2021\/06\/tourisme-pezenas-1.jpg\" alt=\"tourisme pezenas\" class=\"big\" \/><\/div><div class=\"call-to-action_contenu\"><div class=\"call-to-action_titre\">P\u00e9zenas<\/div><\/div><\/a><\/li><li class=\"element call-to-action carre call-to-action--style-1 call-to-action--big call-to-action--style-1 call-to-action--big\"><a href=\"https:\/\/www.residence-lapinede.com\/de\/camping-saint-guilhem-le-desert\/\"  class=\"call-to-action_link\" title=\"Mehr \u00fcber saint-guilhem-le-desert\"><div class=\"call-to-action_image\"><img decoding=\"async\" src=\"https:\/\/www.residence-lapinede.com\/wp-content\/uploads\/2021\/06\/saint-guilhem-visite-100x50.jpg\" data-src=\"https:\/\/www.residence-lapinede.com\/wp-content\/uploads\/2021\/06\/saint-guilhem-visite.jpg\" alt=\"saint guilhem le desert visite\" class=\"big\" \/><\/div><div class=\"call-to-action_contenu\"><div class=\"call-to-action_titre\">Saint-Guilhem-le-Desert<\/div><\/div><\/a><\/li><\/ul><\/div><\/section>","protected":false},"excerpt":{"rendered":"","protected":false},"author":1,"featured_media":4605,"parent":0,"menu_order":0,"comment_status":"closed","ping_status":"closed","template":"","meta":{"_acf_changed":false,"footnotes":""},"class_list":["post-5857","page","type-page","status-publish","has-post-thumbnail","hentry"],"acf":[],"yoast_head":"<!-- This site is optimized with the Yoast SEO plugin v26.5 - https:\/\/yoast.com\/wordpress\/plugins\/seo\/ -->\n<title>Tourismus Montpellier | Urlaub in Montpellier | Camping in der N\u00e4he von Montpellier<\/title>\n<meta name=\"robots\" content=\"index, follow, max-snippet:-1, max-image-preview:large, max-video-preview:-1\" \/>\n<link rel=\"canonical\" href=\"https:\/\/www.residence-lapinede.com\/de\/camping-montpellier\/\" \/>\n<meta property=\"og:locale\" content=\"de_DE\" \/>\n<meta property=\"og:type\" content=\"article\" \/>\n<meta property=\"og:title\" content=\"Tourismus Montpellier | Urlaub in Montpellier | Camping in der N\u00e4he von Montpellier\" \/>\n<meta property=\"og:url\" content=\"https:\/\/www.residence-lapinede.com\/de\/camping-montpellier\/\" \/>\n<meta property=\"og:site_name\" content=\"Camping r\u00e9sidentiel la Pinede\" \/>\n<meta property=\"article:modified_time\" content=\"2023-03-24T11:23:19+00:00\" \/>\n<meta property=\"og:image\" content=\"https:\/\/www.residence-lapinede.com\/wp-content\/uploads\/2021\/06\/montpellier-visite.jpg\" \/>\n\t<meta property=\"og:image:width\" content=\"1903\" \/>\n\t<meta property=\"og:image:height\" content=\"300\" \/>\n\t<meta property=\"og:image:type\" content=\"image\/jpeg\" \/>\n<meta name=\"twitter:card\" content=\"summary_large_image\" \/>\n<script type=\"application\/ld+json\" class=\"yoast-schema-graph\">{\"@context\":\"https:\/\/schema.org\",\"@graph\":[{\"@type\":\"WebPage\",\"@id\":\"https:\/\/www.residence-lapinede.com\/de\/camping-montpellier\/\",\"url\":\"https:\/\/www.residence-lapinede.com\/de\/camping-montpellier\/\",\"name\":\"Tourismus Montpellier | Urlaub in Montpellier | Camping in der N\u00e4he von Montpellier\",\"isPartOf\":{\"@id\":\"https:\/\/www.residence-lapinede.com\/de\/#website\"},\"primaryImageOfPage\":{\"@id\":\"https:\/\/www.residence-lapinede.com\/de\/camping-montpellier\/#primaryimage\"},\"image\":{\"@id\":\"https:\/\/www.residence-lapinede.com\/de\/camping-montpellier\/#primaryimage\"},\"thumbnailUrl\":\"https:\/\/www.residence-lapinede.com\/wp-content\/uploads\/2021\/06\/montpellier-visite.jpg\",\"datePublished\":\"2021-05-17T09:05:28+00:00\",\"dateModified\":\"2023-03-24T11:23:19+00:00\",\"breadcrumb\":{\"@id\":\"https:\/\/www.residence-lapinede.com\/de\/camping-montpellier\/#breadcrumb\"},\"inLanguage\":\"de\",\"potentialAction\":[{\"@type\":\"ReadAction\",\"target\":[\"https:\/\/www.residence-lapinede.com\/de\/camping-montpellier\/\"]}]},{\"@type\":\"ImageObject\",\"inLanguage\":\"de\",\"@id\":\"https:\/\/www.residence-lapinede.com\/de\/camping-montpellier\/#primaryimage\",\"url\":\"https:\/\/www.residence-lapinede.com\/wp-content\/uploads\/2021\/06\/montpellier-visite.jpg\",\"contentUrl\":\"https:\/\/www.residence-lapinede.com\/wp-content\/uploads\/2021\/06\/montpellier-visite.jpg\",\"width\":1903,\"height\":300},{\"@type\":\"BreadcrumbList\",\"@id\":\"https:\/\/www.residence-lapinede.com\/de\/camping-montpellier\/#breadcrumb\",\"itemListElement\":[{\"@type\":\"ListItem\",\"position\":1,\"name\":\"Camping H\u00e9rault\",\"item\":\"https:\/\/www.residence-lapinede.com\/de\/\"},{\"@type\":\"ListItem\",\"position\":2,\"name\":\"Tourismus in Montpellier\"}]},{\"@type\":\"WebSite\",\"@id\":\"https:\/\/www.residence-lapinede.com\/de\/#website\",\"url\":\"https:\/\/www.residence-lapinede.com\/de\/\",\"name\":\"Camping r\u00e9sidentiel la Pinede\",\"description\":\"Calme Luxe Nature\",\"publisher\":{\"@id\":\"https:\/\/www.residence-lapinede.com\/de\/#organization\"},\"potentialAction\":[{\"@type\":\"SearchAction\",\"target\":{\"@type\":\"EntryPoint\",\"urlTemplate\":\"https:\/\/www.residence-lapinede.com\/de\/?s={search_term_string}\"},\"query-input\":{\"@type\":\"PropertyValueSpecification\",\"valueRequired\":true,\"valueName\":\"search_term_string\"}}],\"inLanguage\":\"de\"},{\"@type\":\"Organization\",\"@id\":\"https:\/\/www.residence-lapinede.com\/de\/#organization\",\"name\":\"R\u00e9sidence La Pin\u00e8de\",\"url\":\"https:\/\/www.residence-lapinede.com\/de\/\",\"logo\":{\"@type\":\"ImageObject\",\"inLanguage\":\"de\",\"@id\":\"https:\/\/www.residence-lapinede.com\/de\/#\/schema\/logo\/image\/\",\"url\":\"https:\/\/www.residence-lapinede.com\/wp-content\/uploads\/2021\/05\/camping-pinede-logo.png\",\"contentUrl\":\"https:\/\/www.residence-lapinede.com\/wp-content\/uploads\/2021\/05\/camping-pinede-logo.png\",\"width\":2000,\"height\":875,\"caption\":\"R\u00e9sidence La Pin\u00e8de\"},\"image\":{\"@id\":\"https:\/\/www.residence-lapinede.com\/de\/#\/schema\/logo\/image\/\"}}]}<\/script>\n<!-- \/ Yoast SEO plugin. -->","yoast_head_json":{"title":"Tourismus Montpellier | Urlaub in Montpellier | Camping in der N\u00e4he von Montpellier","robots":{"index":"index","follow":"follow","max-snippet":"max-snippet:-1","max-image-preview":"max-image-preview:large","max-video-preview":"max-video-preview:-1"},"canonical":"https:\/\/www.residence-lapinede.com\/de\/camping-montpellier\/","og_locale":"de_DE","og_type":"article","og_title":"Tourismus Montpellier | Urlaub in Montpellier | Camping in der N\u00e4he von Montpellier","og_url":"https:\/\/www.residence-lapinede.com\/de\/camping-montpellier\/","og_site_name":"Camping r\u00e9sidentiel la Pinede","article_modified_time":"2023-03-24T11:23:19+00:00","og_image":[{"width":1903,"height":300,"url":"https:\/\/www.residence-lapinede.com\/wp-content\/uploads\/2021\/06\/montpellier-visite.jpg","type":"image\/jpeg"}],"twitter_card":"summary_large_image","schema":{"@context":"https:\/\/schema.org","@graph":[{"@type":"WebPage","@id":"https:\/\/www.residence-lapinede.com\/de\/camping-montpellier\/","url":"https:\/\/www.residence-lapinede.com\/de\/camping-montpellier\/","name":"Tourismus Montpellier | Urlaub in Montpellier | Camping in der N\u00e4he von Montpellier","isPartOf":{"@id":"https:\/\/www.residence-lapinede.com\/de\/#website"},"primaryImageOfPage":{"@id":"https:\/\/www.residence-lapinede.com\/de\/camping-montpellier\/#primaryimage"},"image":{"@id":"https:\/\/www.residence-lapinede.com\/de\/camping-montpellier\/#primaryimage"},"thumbnailUrl":"https:\/\/www.residence-lapinede.com\/wp-content\/uploads\/2021\/06\/montpellier-visite.jpg","datePublished":"2021-05-17T09:05:28+00:00","dateModified":"2023-03-24T11:23:19+00:00","breadcrumb":{"@id":"https:\/\/www.residence-lapinede.com\/de\/camping-montpellier\/#breadcrumb"},"inLanguage":"de","potentialAction":[{"@type":"ReadAction","target":["https:\/\/www.residence-lapinede.com\/de\/camping-montpellier\/"]}]},{"@type":"ImageObject","inLanguage":"de","@id":"https:\/\/www.residence-lapinede.com\/de\/camping-montpellier\/#primaryimage","url":"https:\/\/www.residence-lapinede.com\/wp-content\/uploads\/2021\/06\/montpellier-visite.jpg","contentUrl":"https:\/\/www.residence-lapinede.com\/wp-content\/uploads\/2021\/06\/montpellier-visite.jpg","width":1903,"height":300},{"@type":"BreadcrumbList","@id":"https:\/\/www.residence-lapinede.com\/de\/camping-montpellier\/#breadcrumb","itemListElement":[{"@type":"ListItem","position":1,"name":"Camping H\u00e9rault","item":"https:\/\/www.residence-lapinede.com\/de\/"},{"@type":"ListItem","position":2,"name":"Tourismus in Montpellier"}]},{"@type":"WebSite","@id":"https:\/\/www.residence-lapinede.com\/de\/#website","url":"https:\/\/www.residence-lapinede.com\/de\/","name":"Camping r\u00e9sidentiel la Pinede","description":"Calme Luxe Nature","publisher":{"@id":"https:\/\/www.residence-lapinede.com\/de\/#organization"},"potentialAction":[{"@type":"SearchAction","target":{"@type":"EntryPoint","urlTemplate":"https:\/\/www.residence-lapinede.com\/de\/?s={search_term_string}"},"query-input":{"@type":"PropertyValueSpecification","valueRequired":true,"valueName":"search_term_string"}}],"inLanguage":"de"},{"@type":"Organization","@id":"https:\/\/www.residence-lapinede.com\/de\/#organization","name":"R\u00e9sidence La Pin\u00e8de","url":"https:\/\/www.residence-lapinede.com\/de\/","logo":{"@type":"ImageObject","inLanguage":"de","@id":"https:\/\/www.residence-lapinede.com\/de\/#\/schema\/logo\/image\/","url":"https:\/\/www.residence-lapinede.com\/wp-content\/uploads\/2021\/05\/camping-pinede-logo.png","contentUrl":"https:\/\/www.residence-lapinede.com\/wp-content\/uploads\/2021\/05\/camping-pinede-logo.png","width":2000,"height":875,"caption":"R\u00e9sidence La Pin\u00e8de"},"image":{"@id":"https:\/\/www.residence-lapinede.com\/de\/#\/schema\/logo\/image\/"}}]}},"_links":{"self":[{"href":"https:\/\/www.residence-lapinede.com\/de\/wp-json\/wp\/v2\/pages\/5857","targetHints":{"allow":["GET"]}}],"collection":[{"href":"https:\/\/www.residence-lapinede.com\/de\/wp-json\/wp\/v2\/pages"}],"about":[{"href":"https:\/\/www.residence-lapinede.com\/de\/wp-json\/wp\/v2\/types\/page"}],"author":[{"embeddable":true,"href":"https:\/\/www.residence-lapinede.com\/de\/wp-json\/wp\/v2\/users\/1"}],"replies":[{"embeddable":true,"href":"https:\/\/www.residence-lapinede.com\/de\/wp-json\/wp\/v2\/comments?post=5857"}],"version-history":[{"count":2,"href":"https:\/\/www.residence-lapinede.com\/de\/wp-json\/wp\/v2\/pages\/5857\/revisions"}],"predecessor-version":[{"id":5860,"href":"https:\/\/www.residence-lapinede.com\/de\/wp-json\/wp\/v2\/pages\/5857\/revisions\/5860"}],"wp:featuredmedia":[{"embeddable":true,"href":"https:\/\/www.residence-lapinede.com\/de\/wp-json\/wp\/v2\/media\/4605"}],"wp:attachment":[{"href":"https:\/\/www.residence-lapinede.com\/de\/wp-json\/wp\/v2\/media?parent=5857"}],"curies":[{"name":"wp","href":"https:\/\/api.w.org\/{rel}","templated":true}]}}