{"id":5838,"date":"2021-05-17T11:05:49","date_gmt":"2021-05-17T09:05:49","guid":{"rendered":"https:\/\/www.residence-lapinede.com\/contact-acces\/"},"modified":"2025-08-16T16:24:08","modified_gmt":"2025-08-16T14:24:08","slug":"contact-acces","status":"publish","type":"page","link":"https:\/\/www.residence-lapinede.com\/de\/contact-acces\/","title":{"rendered":"Infos et contact"},"content":{"rendered":"<section id=\"section-60a3611f561cb\"class=\"section modele bg-white\" \/><div class=\"container extralarge\"><h1 class=\"element section-title center\">Kontakt und Zugang<\/h1><div class=\"colonnes-wrap valign-middle \"><div class=\"element colonne w-40\"><div class=\"formulaire-de-contact\">\n<div class=\"wpcf7 no-js\" id=\"wpcf7-f53-o1\" lang=\"fr-FR\" dir=\"ltr\" data-wpcf7-id=\"53\">\n<div class=\"screen-reader-response\"><p role=\"status\" aria-live=\"polite\" aria-atomic=\"true\"><\/p> <ul><\/ul><\/div>\n<form action=\"\/de\/wp-json\/wp\/v2\/pages\/5838#wpcf7-f53-o1\" method=\"post\" class=\"wpcf7-form init\" aria-label=\"Formulaire de contact\" novalidate=\"novalidate\" data-status=\"init\">\n<fieldset class=\"hidden-fields-container\"><input type=\"hidden\" name=\"_wpcf7\" value=\"53\" \/><input type=\"hidden\" name=\"_wpcf7_version\" value=\"6.1.4\" \/><input type=\"hidden\" name=\"_wpcf7_locale\" value=\"fr_FR\" \/><input type=\"hidden\" name=\"_wpcf7_unit_tag\" value=\"wpcf7-f53-o1\" \/><input type=\"hidden\" name=\"_wpcf7_container_post\" value=\"0\" \/><input type=\"hidden\" name=\"_wpcf7_posted_data_hash\" value=\"\" \/><input type=\"hidden\" name=\"_wpcf7_recaptcha_response\" value=\"\" \/>\n<\/fieldset>\n<p><span class=\"wpcf7-form-control-wrap\" data-name=\"your-name\"><input size=\"40\" maxlength=\"400\" class=\"wpcf7-form-control wpcf7-text wpcf7-validates-as-required\" aria-required=\"true\" aria-invalid=\"false\" placeholder=\"Votre nom...\" value=\"\" type=\"text\" name=\"your-name\" \/><\/span><span class=\"wpcf7-form-control-wrap\" data-name=\"your-email\"><input size=\"40\" maxlength=\"400\" class=\"wpcf7-form-control wpcf7-email wpcf7-validates-as-required wpcf7-text wpcf7-validates-as-email\" aria-required=\"true\" aria-invalid=\"false\" placeholder=\"Votre email ...\" value=\"\" type=\"email\" name=\"your-email\" \/><\/span><span class=\"wpcf7-form-control-wrap\" data-name=\"your-subject\"><input size=\"40\" maxlength=\"400\" class=\"wpcf7-form-control wpcf7-text\" aria-invalid=\"false\" placeholder=\"Sujet ...\" value=\"\" type=\"text\" name=\"your-subject\" \/><\/span><span class=\"wpcf7-form-control-wrap\" data-name=\"your-message\"><textarea cols=\"40\" rows=\"10\" maxlength=\"2000\" class=\"wpcf7-form-control wpcf7-textarea\" aria-invalid=\"false\" placeholder=\"Votre message ...\" name=\"your-message\"><\/textarea><\/span><span class=\"wpcf7-form-control-wrap\" data-name=\"acceptance-553\"><span class=\"wpcf7-form-control wpcf7-acceptance\"><span class=\"wpcf7-list-item\"><label><input type=\"checkbox\" name=\"acceptance-553\" value=\"1\" aria-invalid=\"false\" \/><span class=\"wpcf7-list-item-label\">En cochant cette case, j\u2019accepte la <a href=\"\/politique-de-confidentialite\/\" rel=\"noopener\" target=\"_blank\">Politique de confidentialit\u00e9<\/a> de ce site.<\/span><\/label><\/span><\/span><\/span><input class=\"wpcf7-form-control wpcf7-submit has-spinner\" type=\"submit\" value=\"Envoyer\" \/>\n<\/p><div class=\"wpcf7-response-output\" aria-hidden=\"true\"><\/div>\n<\/form>\n<\/div>\n<\/div><\/div><div class=\"element colonne w-60\"><h2 class=\"element section-title left modeleTitle\">Kontaktieren Sie uns<\/h2><div class=\"element bloc-text justify \">\n\t<p>Um uns zu kontaktieren :<\/p>\n<ul>\n<li>Camping r\u00e9sidentiel la Pin\u00e8de<\/li>\n<li>D.161 \u2013 route de Pomerols &#8211; 34120 Castelnau de Guers<\/li>\n<li>04 67 11 02 16<\/li>\n<li>info@residence-lapinede.com<\/li>\n<\/ul>\n<\/div><\/div><\/div><\/div><\/section>\n\n<section id=\"section-610a8ae83ae28\"class=\"section bg-white\" \/><div class=\"container\"><h2 class=\"element section-title left modeleTitle\">\u00d6ffnungszeiten<\/h2><div class=\"element bloc-text justify \">\n\t<p>\u00d6ffnungszeiten Oktober bis M\u00e4rz :<\/p>\n<ul>\n<li>Montag, Dienstag, Mittwoch, Donnerstag, Freitag: 9h &#8211; 12h \/ 14h &#8211; 17h.<\/li>\n<li>Samstag und Sonntag: geschlossen<\/li>\n<\/ul>\n<p>\u00d6ffnungszeiten April bis Juni und September :<\/p>\n<ul>\n<li>Montag, Dienstag, Mittwoch, Donnerstag, Freitag, Samstag: 9h &#8211; 12h \/ 14h &#8211; 18h.<\/li>\n<li>Sonntag: geschlossen<\/li>\n<\/ul>\n<p>\u00d6ffnungszeiten Juli und August :<\/p>\n<ul>\n<li>Montag, Donnerstag, Dienstag, Freitag: 9h &#8211; 13h \/ 14h &#8211; 20h<\/li>\n<li>Mittwoch: 9 h &#8211; 12 h \/ 16 h &#8211; 20 h<\/li>\n<li>Samstag: 8 h &#8211; 19 h<\/li>\n<li>Sonntag: 9 h &#8211; 12 h \/ 15 h &#8211; 19 h<\/li>\n<\/ul>\n<p>Falls Sie nicht im B\u00fcro sind, hinterlassen Sie bitte eine Nachricht auf dem Anrufbeantworter oder schicken Sie uns vorzugsweise eine E-Mail.<\/p>\n<\/div><\/div><\/section>\n\n<section id=\"section-60a371f719c2b\"data-bg-opacite=\"1\"data-background=\"https:\/\/www.residence-lapinede.com\/wp-content\/uploads\/2021\/06\/camping-familial-vias.jpg\"data-speed=\"0.8\"class=\"section modele imageFullDegradeNoir bg-white section--has-bg-img section_bg-parallax\" \/><div class=\"container full\"><\/div><\/section>\n\n\n\n<section id=\"section-60a371f719f5a\"class=\"section modele decoPins decoGauche bg-white\" \/><div class=\"container extralarge\"><div class=\"colonnes-wrap valign-middle \"><div class=\"element colonne w-60\"><h2 class=\"element section-title left modeleTitle\">Wie komme ich zum Campingplatz? <\/h2><div class=\"element bloc-text justify \">\n\t<p>GPS-Koordinaten:<\/p>\n<ul>\n<li>43.429567<\/li>\n<li>3.460946<\/li>\n<\/ul>\n<p>Wegbeschreibung zum Campingplatz La Pin\u00e8de \u00fcber die Autobahn A9 :<\/p>\n<ul>\n<li>Ausgangspunkt: Autobahn A9, Ausfahrt Bessan &#8211; Cap d&#8217;Agde.<\/li>\n<li>Dann in Richtung P\u00e9zenas fahren.<\/li>\n<li>Bevor Sie nach P\u00e9zenas hineinfahren, nehmen Sie die Umleitung in Richtung A75 &#8211; Clermont l&#8217;H\u00e9rault.<\/li>\n<li>Nehmen Sie die erste Ausfahrt auf Ihrer rechten Seite in Richtung Castelnau-de-Guers.<\/li>\n<li>Fahren Sie in Castelnau de Guers hinein, an der Ausfahrt biegen Sie links ab Richtung Pom\u00e9rols &#8211; Marseillan.<\/li>\n<li>2 km weiter, auf der linken Seite \u00f6ffnet der Campingplatz La Pin\u00e8de seine Pforten<\/li>\n<\/ul>\n<p>Wegbeschreibung zum Campingplatz La Pin\u00e8de \u00fcber die Autobahn A75 :<\/p>\n<ul>\n<li>Ausgangspunkt: Autobahn A75, Ausfahrt P\u00e9zenas sud &#8211; Castelnau-de-Guers.<\/li>\n<li>Am Stoppschild links abbiegen Richtung Castelnau-de-Guers.<\/li>\n<li>Fahren Sie nach Castelnau de Guers hinein, an der Ausfahrt biegen Sie links ab in Richtung Pom\u00e9rols &#8211; Marseillan.<\/li>\n<li>2 km weiter, auf Ihrer linken Seite \u00f6ffnet Ihnen der Campingplatz La Pin\u00e8de seine T\u00fcren.<\/li>\n<\/ul>\n<\/div><\/div><div class=\"element colonne w-40\"><div class=\"carte\" data-src=\"https:\/\/www.google.com\/maps\/embed?pb=!1m18!1m12!1m3!1d202118.89507186748!2d3.3261669781624206!3d43.460646834467425!2m3!1f0!2f0!3f0!3m2!1i1024!2i768!4f13.1!3m3!1m2!1s0x12b13f7f7816d507%3A0x18f3c22a27d5cd86!2sCamping%20La%20Pin%C3%A8de%20%7C%20Camping%20P%C3%A9zenas%20%7C%20Camping%20R%C3%A9sidentiel!5e0!3m2!1sfr!2sfr!4v1624441472164!5m2!1sfr!2sfr\"><\/div><\/div><\/div><\/div><\/section>","protected":false},"excerpt":{"rendered":"","protected":false},"author":1,"featured_media":5052,"parent":0,"menu_order":0,"comment_status":"closed","ping_status":"closed","template":"","meta":{"_acf_changed":false,"footnotes":""},"class_list":["post-5838","page","type-page","status-publish","has-post-thumbnail","hentry"],"acf":[],"yoast_head":"<!-- This site is optimized with the Yoast SEO plugin v26.5 - https:\/\/yoast.com\/wordpress\/plugins\/seo\/ -->\n<title>Anreise zum Campingplatz La Pin\u00e8de | Kontakt und Wegbeschreibung<\/title>\n<meta name=\"robots\" content=\"index, follow, max-snippet:-1, max-image-preview:large, max-video-preview:-1\" \/>\n<link rel=\"canonical\" href=\"https:\/\/www.residence-lapinede.com\/de\/contact-acces\/\" \/>\n<meta property=\"og:locale\" content=\"de_DE\" \/>\n<meta property=\"og:type\" content=\"article\" \/>\n<meta property=\"og:title\" content=\"Anreise zum Campingplatz La Pin\u00e8de | Kontakt und Wegbeschreibung\" \/>\n<meta property=\"og:url\" content=\"https:\/\/www.residence-lapinede.com\/de\/contact-acces\/\" \/>\n<meta property=\"og:site_name\" content=\"Camping r\u00e9sidentiel la Pinede\" \/>\n<meta property=\"article:modified_time\" content=\"2025-08-16T14:24:08+00:00\" \/>\n<meta property=\"og:image\" content=\"https:\/\/www.residence-lapinede.com\/wp-content\/uploads\/2021\/08\/mobilhome40-rs.jpg\" \/>\n\t<meta property=\"og:image:width\" content=\"1500\" \/>\n\t<meta property=\"og:image:height\" content=\"996\" \/>\n\t<meta property=\"og:image:type\" content=\"image\/jpeg\" \/>\n<meta name=\"twitter:card\" content=\"summary_large_image\" \/>\n<meta name=\"twitter:label1\" content=\"Gesch\u00e4tzte Lesezeit\" \/>\n\t<meta name=\"twitter:data1\" content=\"1\u00a0Minute\" \/>\n<script type=\"application\/ld+json\" class=\"yoast-schema-graph\">{\"@context\":\"https:\/\/schema.org\",\"@graph\":[{\"@type\":\"WebPage\",\"@id\":\"https:\/\/www.residence-lapinede.com\/de\/contact-acces\/\",\"url\":\"https:\/\/www.residence-lapinede.com\/de\/contact-acces\/\",\"name\":\"Anreise zum Campingplatz La Pin\u00e8de | Kontakt und Wegbeschreibung\",\"isPartOf\":{\"@id\":\"https:\/\/www.residence-lapinede.com\/de\/#website\"},\"primaryImageOfPage\":{\"@id\":\"https:\/\/www.residence-lapinede.com\/de\/contact-acces\/#primaryimage\"},\"image\":{\"@id\":\"https:\/\/www.residence-lapinede.com\/de\/contact-acces\/#primaryimage\"},\"thumbnailUrl\":\"https:\/\/www.residence-lapinede.com\/wp-content\/uploads\/2021\/08\/mobilhome40-rs.jpg\",\"datePublished\":\"2021-05-17T09:05:49+00:00\",\"dateModified\":\"2025-08-16T14:24:08+00:00\",\"breadcrumb\":{\"@id\":\"https:\/\/www.residence-lapinede.com\/de\/contact-acces\/#breadcrumb\"},\"inLanguage\":\"de\",\"potentialAction\":[{\"@type\":\"ReadAction\",\"target\":[\"https:\/\/www.residence-lapinede.com\/de\/contact-acces\/\"]}]},{\"@type\":\"ImageObject\",\"inLanguage\":\"de\",\"@id\":\"https:\/\/www.residence-lapinede.com\/de\/contact-acces\/#primaryimage\",\"url\":\"https:\/\/www.residence-lapinede.com\/wp-content\/uploads\/2021\/08\/mobilhome40-rs.jpg\",\"contentUrl\":\"https:\/\/www.residence-lapinede.com\/wp-content\/uploads\/2021\/08\/mobilhome40-rs.jpg\",\"width\":1500,\"height\":996},{\"@type\":\"BreadcrumbList\",\"@id\":\"https:\/\/www.residence-lapinede.com\/de\/contact-acces\/#breadcrumb\",\"itemListElement\":[{\"@type\":\"ListItem\",\"position\":1,\"name\":\"Camping H\u00e9rault\",\"item\":\"https:\/\/www.residence-lapinede.com\/de\/\"},{\"@type\":\"ListItem\",\"position\":2,\"name\":\"Wegbeschreibung zum Campingplatz\"}]},{\"@type\":\"WebSite\",\"@id\":\"https:\/\/www.residence-lapinede.com\/de\/#website\",\"url\":\"https:\/\/www.residence-lapinede.com\/de\/\",\"name\":\"Camping r\u00e9sidentiel la Pinede\",\"description\":\"Calme Luxe Nature\",\"publisher\":{\"@id\":\"https:\/\/www.residence-lapinede.com\/de\/#organization\"},\"potentialAction\":[{\"@type\":\"SearchAction\",\"target\":{\"@type\":\"EntryPoint\",\"urlTemplate\":\"https:\/\/www.residence-lapinede.com\/de\/?s={search_term_string}\"},\"query-input\":{\"@type\":\"PropertyValueSpecification\",\"valueRequired\":true,\"valueName\":\"search_term_string\"}}],\"inLanguage\":\"de\"},{\"@type\":\"Organization\",\"@id\":\"https:\/\/www.residence-lapinede.com\/de\/#organization\",\"name\":\"R\u00e9sidence La Pin\u00e8de\",\"url\":\"https:\/\/www.residence-lapinede.com\/de\/\",\"logo\":{\"@type\":\"ImageObject\",\"inLanguage\":\"de\",\"@id\":\"https:\/\/www.residence-lapinede.com\/de\/#\/schema\/logo\/image\/\",\"url\":\"https:\/\/www.residence-lapinede.com\/wp-content\/uploads\/2021\/05\/camping-pinede-logo.png\",\"contentUrl\":\"https:\/\/www.residence-lapinede.com\/wp-content\/uploads\/2021\/05\/camping-pinede-logo.png\",\"width\":2000,\"height\":875,\"caption\":\"R\u00e9sidence La Pin\u00e8de\"},\"image\":{\"@id\":\"https:\/\/www.residence-lapinede.com\/de\/#\/schema\/logo\/image\/\"}}]}<\/script>\n<!-- \/ Yoast SEO plugin. -->","yoast_head_json":{"title":"Anreise zum Campingplatz La Pin\u00e8de | Kontakt und Wegbeschreibung","robots":{"index":"index","follow":"follow","max-snippet":"max-snippet:-1","max-image-preview":"max-image-preview:large","max-video-preview":"max-video-preview:-1"},"canonical":"https:\/\/www.residence-lapinede.com\/de\/contact-acces\/","og_locale":"de_DE","og_type":"article","og_title":"Anreise zum Campingplatz La Pin\u00e8de | Kontakt und Wegbeschreibung","og_url":"https:\/\/www.residence-lapinede.com\/de\/contact-acces\/","og_site_name":"Camping r\u00e9sidentiel la Pinede","article_modified_time":"2025-08-16T14:24:08+00:00","og_image":[{"width":1500,"height":996,"url":"https:\/\/www.residence-lapinede.com\/wp-content\/uploads\/2021\/08\/mobilhome40-rs.jpg","type":"image\/jpeg"}],"twitter_card":"summary_large_image","twitter_misc":{"Gesch\u00e4tzte Lesezeit":"1\u00a0Minute"},"schema":{"@context":"https:\/\/schema.org","@graph":[{"@type":"WebPage","@id":"https:\/\/www.residence-lapinede.com\/de\/contact-acces\/","url":"https:\/\/www.residence-lapinede.com\/de\/contact-acces\/","name":"Anreise zum Campingplatz La Pin\u00e8de | Kontakt und Wegbeschreibung","isPartOf":{"@id":"https:\/\/www.residence-lapinede.com\/de\/#website"},"primaryImageOfPage":{"@id":"https:\/\/www.residence-lapinede.com\/de\/contact-acces\/#primaryimage"},"image":{"@id":"https:\/\/www.residence-lapinede.com\/de\/contact-acces\/#primaryimage"},"thumbnailUrl":"https:\/\/www.residence-lapinede.com\/wp-content\/uploads\/2021\/08\/mobilhome40-rs.jpg","datePublished":"2021-05-17T09:05:49+00:00","dateModified":"2025-08-16T14:24:08+00:00","breadcrumb":{"@id":"https:\/\/www.residence-lapinede.com\/de\/contact-acces\/#breadcrumb"},"inLanguage":"de","potentialAction":[{"@type":"ReadAction","target":["https:\/\/www.residence-lapinede.com\/de\/contact-acces\/"]}]},{"@type":"ImageObject","inLanguage":"de","@id":"https:\/\/www.residence-lapinede.com\/de\/contact-acces\/#primaryimage","url":"https:\/\/www.residence-lapinede.com\/wp-content\/uploads\/2021\/08\/mobilhome40-rs.jpg","contentUrl":"https:\/\/www.residence-lapinede.com\/wp-content\/uploads\/2021\/08\/mobilhome40-rs.jpg","width":1500,"height":996},{"@type":"BreadcrumbList","@id":"https:\/\/www.residence-lapinede.com\/de\/contact-acces\/#breadcrumb","itemListElement":[{"@type":"ListItem","position":1,"name":"Camping H\u00e9rault","item":"https:\/\/www.residence-lapinede.com\/de\/"},{"@type":"ListItem","position":2,"name":"Wegbeschreibung zum Campingplatz"}]},{"@type":"WebSite","@id":"https:\/\/www.residence-lapinede.com\/de\/#website","url":"https:\/\/www.residence-lapinede.com\/de\/","name":"Camping r\u00e9sidentiel la Pinede","description":"Calme Luxe Nature","publisher":{"@id":"https:\/\/www.residence-lapinede.com\/de\/#organization"},"potentialAction":[{"@type":"SearchAction","target":{"@type":"EntryPoint","urlTemplate":"https:\/\/www.residence-lapinede.com\/de\/?s={search_term_string}"},"query-input":{"@type":"PropertyValueSpecification","valueRequired":true,"valueName":"search_term_string"}}],"inLanguage":"de"},{"@type":"Organization","@id":"https:\/\/www.residence-lapinede.com\/de\/#organization","name":"R\u00e9sidence La Pin\u00e8de","url":"https:\/\/www.residence-lapinede.com\/de\/","logo":{"@type":"ImageObject","inLanguage":"de","@id":"https:\/\/www.residence-lapinede.com\/de\/#\/schema\/logo\/image\/","url":"https:\/\/www.residence-lapinede.com\/wp-content\/uploads\/2021\/05\/camping-pinede-logo.png","contentUrl":"https:\/\/www.residence-lapinede.com\/wp-content\/uploads\/2021\/05\/camping-pinede-logo.png","width":2000,"height":875,"caption":"R\u00e9sidence La Pin\u00e8de"},"image":{"@id":"https:\/\/www.residence-lapinede.com\/de\/#\/schema\/logo\/image\/"}}]}},"_links":{"self":[{"href":"https:\/\/www.residence-lapinede.com\/de\/wp-json\/wp\/v2\/pages\/5838","targetHints":{"allow":["GET"]}}],"collection":[{"href":"https:\/\/www.residence-lapinede.com\/de\/wp-json\/wp\/v2\/pages"}],"about":[{"href":"https:\/\/www.residence-lapinede.com\/de\/wp-json\/wp\/v2\/types\/page"}],"author":[{"embeddable":true,"href":"https:\/\/www.residence-lapinede.com\/de\/wp-json\/wp\/v2\/users\/1"}],"replies":[{"embeddable":true,"href":"https:\/\/www.residence-lapinede.com\/de\/wp-json\/wp\/v2\/comments?post=5838"}],"version-history":[{"count":3,"href":"https:\/\/www.residence-lapinede.com\/de\/wp-json\/wp\/v2\/pages\/5838\/revisions"}],"predecessor-version":[{"id":9278,"href":"https:\/\/www.residence-lapinede.com\/de\/wp-json\/wp\/v2\/pages\/5838\/revisions\/9278"}],"wp:featuredmedia":[{"embeddable":true,"href":"https:\/\/www.residence-lapinede.com\/de\/wp-json\/wp\/v2\/media\/5052"}],"wp:attachment":[{"href":"https:\/\/www.residence-lapinede.com\/de\/wp-json\/wp\/v2\/media?parent=5838"}],"curies":[{"name":"wp","href":"https:\/\/api.w.org\/{rel}","templated":true}]}}