{"id":5834,"date":"2021-05-17T11:03:33","date_gmt":"2021-05-17T09:03:33","guid":{"rendered":"https:\/\/www.residence-lapinede.com\/vente-mobil-home-herault\/"},"modified":"2023-03-24T11:46:32","modified_gmt":"2023-03-24T10:46:32","slug":"vente-mobil-home-herault","status":"publish","type":"page","link":"https:\/\/www.residence-lapinede.com\/de\/vente-mobil-home-herault\/","title":{"rendered":"Devenez propri\u00e9taire"},"content":{"rendered":"<section id=\"section-60a3611f561cb\"class=\"section modele bg-color4\" \/><div class=\"container extralarge\"><h1 class=\"element section-title center\">Eigent\u00fcmer werden in Castelnau-de-Guers<\/h1><div class=\"colonnes-wrap valign-middle \"><div class=\"element colonne w-40\"><h2 class=\"element section-title left modeleTitle\">Verkauf von Mobilheimen in der N\u00e4he von P\u00e9zenas <\/h2><div class=\"element images\"><div class=\"image\"><img decoding=\"async\" src=\"https:\/\/www.residence-lapinede.com\/wp-content\/uploads\/2021\/06\/location-mobil-home-pezenas-94x100.jpg\" data-src=\"https:\/\/www.residence-lapinede.com\/wp-content\/uploads\/2021\/06\/location-mobil-home-pezenas.jpg\" alt=\"mobil-home pezenas\" class=\"images_image\" \/><\/div><\/div><\/div><div class=\"element colonne w-60\"><div class=\"element bloc-text justify \">\n\t<p>Nur wenige Kilometer vom Mittelmeer und dem Hinterland entfernt bietet Ihnen der Campingplatz La Pin\u00e8de die M\u00f6glichkeit, Eigent\u00fcmer eines Mobilheims zu werden. Ein pied-\u00e0-terre in S\u00fcdfrankreich garantiert Ihnen einen sonnigen und erholsamen Urlaub.<\/p>\n<p>Unser 4-Sterne-Campingplatz im Departement H\u00e9rault folgt einem strengen Pflichtenheft, respektiert die Umwelt und f\u00f6rdert gleichzeitig die Integration in die Landschaft. Entdecken Sie unsere Palette an hochwertigen Mobilheimen und unsere Sonderangebote, damit Sie das Mobilheim ausw\u00e4hlen k\u00f6nnen, das Ihren Erwartungen und Ihrem Budget entspricht.<\/p>\n<p>Werden Sie in aller Ruhe Eigent\u00fcmer eines unserer Mobilheime. Im Herzen eines Pinienwaldes sind unsere Anlagen homogen und die Stellpl\u00e4tze entsprechen den Normen. Z\u00f6gern Sie nicht, uns zu kontaktieren. Wir beraten Sie gerne bei der Auswahl eines Mobilheims, das Ihren W\u00fcnschen entspricht.<\/p>\n<\/div><\/div><\/div><\/div><\/section>\n\n<section id=\"section-60a371f719c2b\"data-bg-opacite=\"1\"data-background=\"https:\/\/www.residence-lapinede.com\/wp-content\/uploads\/2021\/06\/mobil-home-herault.jpg\"data-speed=\"0.8\"class=\"section modele imageFullDegradeNoir bg-white section--has-bg-img section_bg-parallax\" \/><div class=\"container full\"><\/div><\/section>\n\n\n\n<section id=\"section-60a371f719f5a\"class=\"section bg-color3\" \/><div class=\"container extralarge\"><div class=\"colonnes-wrap valign-middle \"><div class=\"element colonne w-60\"><h2 class=\"element section-title left modeleTitle\">Kauf eines Mobilheims in H\u00e9rault<\/h2><div class=\"element bloc-text justify \">\n\t<p>Tr\u00e4umen Sie davon, Eigent\u00fcmer eines Mobilheims auf einem Campingplatz zu werden?<\/p>\n<p>Da das D\u00e9partement H\u00e9rault ein touristisches, sonniges Departement in der N\u00e4he des Mittelmeers ist.<\/p>\n<p>Der Kauf eines Mobilheims im H\u00e9rault garantiert Ihnen, dass Sie eine kluge Investition t\u00e4tigen. Dieses Departement mit seinem vorteilhaften Klima und der N\u00e4he zum Mittelmeer ist bei Touristen sehr beliebt.<\/p>\n<p>Unser Campingplatz verf\u00fcgt \u00fcber eine gro\u00dfe Auswahl an Mobilheimen, die sich in einer idealen, nat\u00fcrlichen Umgebung inmitten eines Pinienwaldes befinden. Ob Sie es nun vermieten oder mit Ihrer Familie oder Ihren Freunden genie\u00dfen m\u00f6chten, alle werden eine unvergessliche Zeit in Ihrem Mobilheim verbringen.<\/p>\n<p>Bis das Modul der zum Verkauf stehenden Mobilheime verf\u00fcgbar ist, k\u00f6nnen Sie schon jetzt <a href=\"\/docs\/liste-parcelles.pdf\">die Liste der zum Verkauf stehenden Mobilheime herunterladen<\/a> \u00fcber die derzeit verf\u00fcgbaren Standorte.<\/p>\n<\/div><a href=\"\/de\/mobil-homes-a-vendre\/\" title=\"Sehen Sie sich die Mobilheime zum Verkauf an\" class=\"element bouton center\" ><span>Sehen Sie sich die Mobilheime zum Verkauf an<\/span><\/a><\/div><div class=\"element colonne w-40\"><div class=\"element images\"><div class=\"image\"><img decoding=\"async\" src=\"https:\/\/www.residence-lapinede.com\/wp-content\/uploads\/2021\/06\/pas-cher-vias-100x80.jpg\" data-src=\"https:\/\/www.residence-lapinede.com\/wp-content\/uploads\/2021\/06\/pas-cher-vias.jpg\" alt=\"pas cher pezenas\" class=\"images_image\" \/><\/div><\/div><\/div><\/div><\/div><\/section>\n\n<section id=\"section-60b09547b0c94\"class=\"section modele decoPins decoDroite bg-white\" \/><div class=\"container large\"><div class=\"element section-title center titre-cta\">Unsere Dienstleistungen und Mobilheime auf dem Campingplatz<\/div><ul class=\"liste-de-page\"><li class=\"element call-to-action carre call-to-action--style-1 call-to-action--big\"><a href=\"https:\/\/www.residence-lapinede.com\/de\/location-mobil-home-herault\/\"  class=\"call-to-action_link\" title=\"Mehr \u00fcber unsere mobilheime\"><div class=\"call-to-action_image\"><img decoding=\"async\" src=\"https:\/\/www.residence-lapinede.com\/wp-content\/uploads\/2021\/06\/mobil-home-pezenas-100x80.jpg\" data-src=\"https:\/\/www.residence-lapinede.com\/wp-content\/uploads\/2021\/06\/mobil-home-pezenas.jpg\" alt=\"location mobil home pezenas\" class=\"big\" \/><\/div><div class=\"call-to-action_contenu\"><div class=\"call-to-action_titre\">Unsere Mobilheime<\/div><\/div><\/a><\/li><li class=\"element call-to-action carre call-to-action--style-1 call-to-action--big call-to-action--style-1 call-to-action--big\"><a href=\"https:\/\/www.residence-lapinede.com\/de\/camping-familial-herault\/\"  class=\"call-to-action_link\" title=\"Mehr \u00fcber unsere dienstleistungen\"><div class=\"call-to-action_image\"><img decoding=\"async\" src=\"https:\/\/www.residence-lapinede.com\/wp-content\/uploads\/2021\/06\/camping-familial-herault-95x100.jpg\" data-src=\"https:\/\/www.residence-lapinede.com\/wp-content\/uploads\/2021\/06\/camping-familial-herault.jpg\" alt=\"camping familial herault\" class=\"big\" \/><\/div><div class=\"call-to-action_contenu\"><div class=\"call-to-action_titre\">Unsere Dienstleistungen<\/div><\/div><\/a><\/li><li class=\"element call-to-action carre call-to-action--style-1 call-to-action--big call-to-action--style-1 call-to-action--big call-to-action--style-1 call-to-action--big\"><a href=\"https:\/\/www.residence-lapinede.com\/de\/restaurant-lorangerie-pezenas\/\"  class=\"call-to-action_link\" title=\"Mehr \u00fcber unser restaurant\"><div class=\"call-to-action_image\"><img decoding=\"async\" src=\"https:\/\/www.residence-lapinede.com\/wp-content\/uploads\/2021\/06\/restaurant-herault-100x80.jpg\" data-src=\"https:\/\/www.residence-lapinede.com\/wp-content\/uploads\/2021\/06\/restaurant-herault.jpg\" alt=\"restaurant herault\" class=\"big\" \/><\/div><div class=\"call-to-action_contenu\"><div class=\"call-to-action_titre\">Unser Restaurant<\/div><\/div><\/a><\/li><\/ul><\/div><\/section>","protected":false},"excerpt":{"rendered":"","protected":false},"author":1,"featured_media":4581,"parent":0,"menu_order":0,"comment_status":"closed","ping_status":"closed","template":"","meta":{"_acf_changed":false,"footnotes":""},"class_list":["post-5834","page","type-page","status-publish","has-post-thumbnail","hentry"],"acf":[],"yoast_head":"<!-- This site is optimized with the Yoast SEO plugin v26.5 - https:\/\/yoast.com\/wordpress\/plugins\/seo\/ -->\n<title>Camping Verkauf Mobilheim H\u00e9rault | Eigent\u00fcmer werden in der N\u00e4he von P\u00e9zenas<\/title>\n<meta name=\"robots\" content=\"index, follow, max-snippet:-1, max-image-preview:large, max-video-preview:-1\" \/>\n<link rel=\"canonical\" href=\"https:\/\/www.residence-lapinede.com\/de\/vente-mobil-home-herault\/\" \/>\n<meta property=\"og:locale\" content=\"de_DE\" \/>\n<meta property=\"og:type\" content=\"article\" \/>\n<meta property=\"og:title\" content=\"Camping Verkauf Mobilheim H\u00e9rault | Eigent\u00fcmer werden in der N\u00e4he von P\u00e9zenas\" \/>\n<meta property=\"og:url\" content=\"https:\/\/www.residence-lapinede.com\/de\/vente-mobil-home-herault\/\" \/>\n<meta property=\"og:site_name\" content=\"Camping r\u00e9sidentiel la Pinede\" \/>\n<meta property=\"article:modified_time\" content=\"2023-03-24T10:46:32+00:00\" \/>\n<meta property=\"og:image\" content=\"https:\/\/www.residence-lapinede.com\/wp-content\/uploads\/2021\/06\/achat-mobil-home-vias.jpg\" \/>\n\t<meta property=\"og:image:width\" content=\"1903\" \/>\n\t<meta property=\"og:image:height\" content=\"300\" \/>\n\t<meta property=\"og:image:type\" content=\"image\/jpeg\" \/>\n<meta name=\"twitter:card\" content=\"summary_large_image\" \/>\n<script type=\"application\/ld+json\" class=\"yoast-schema-graph\">{\"@context\":\"https:\/\/schema.org\",\"@graph\":[{\"@type\":\"WebPage\",\"@id\":\"https:\/\/www.residence-lapinede.com\/de\/vente-mobil-home-herault\/\",\"url\":\"https:\/\/www.residence-lapinede.com\/de\/vente-mobil-home-herault\/\",\"name\":\"Camping Verkauf Mobilheim H\u00e9rault | Eigent\u00fcmer werden in der N\u00e4he von P\u00e9zenas\",\"isPartOf\":{\"@id\":\"https:\/\/www.residence-lapinede.com\/de\/#website\"},\"primaryImageOfPage\":{\"@id\":\"https:\/\/www.residence-lapinede.com\/de\/vente-mobil-home-herault\/#primaryimage\"},\"image\":{\"@id\":\"https:\/\/www.residence-lapinede.com\/de\/vente-mobil-home-herault\/#primaryimage\"},\"thumbnailUrl\":\"https:\/\/www.residence-lapinede.com\/wp-content\/uploads\/2021\/06\/achat-mobil-home-vias.jpg\",\"datePublished\":\"2021-05-17T09:03:33+00:00\",\"dateModified\":\"2023-03-24T10:46:32+00:00\",\"breadcrumb\":{\"@id\":\"https:\/\/www.residence-lapinede.com\/de\/vente-mobil-home-herault\/#breadcrumb\"},\"inLanguage\":\"de\",\"potentialAction\":[{\"@type\":\"ReadAction\",\"target\":[\"https:\/\/www.residence-lapinede.com\/de\/vente-mobil-home-herault\/\"]}]},{\"@type\":\"ImageObject\",\"inLanguage\":\"de\",\"@id\":\"https:\/\/www.residence-lapinede.com\/de\/vente-mobil-home-herault\/#primaryimage\",\"url\":\"https:\/\/www.residence-lapinede.com\/wp-content\/uploads\/2021\/06\/achat-mobil-home-vias.jpg\",\"contentUrl\":\"https:\/\/www.residence-lapinede.com\/wp-content\/uploads\/2021\/06\/achat-mobil-home-vias.jpg\",\"width\":1903,\"height\":300},{\"@type\":\"BreadcrumbList\",\"@id\":\"https:\/\/www.residence-lapinede.com\/de\/vente-mobil-home-herault\/#breadcrumb\",\"itemListElement\":[{\"@type\":\"ListItem\",\"position\":1,\"name\":\"Camping H\u00e9rault\",\"item\":\"https:\/\/www.residence-lapinede.com\/de\/\"},{\"@type\":\"ListItem\",\"position\":2,\"name\":\"Campingplatz Verkauf Mobilheim H\u00e9rault\"}]},{\"@type\":\"WebSite\",\"@id\":\"https:\/\/www.residence-lapinede.com\/de\/#website\",\"url\":\"https:\/\/www.residence-lapinede.com\/de\/\",\"name\":\"Camping r\u00e9sidentiel la Pinede\",\"description\":\"Calme Luxe Nature\",\"publisher\":{\"@id\":\"https:\/\/www.residence-lapinede.com\/de\/#organization\"},\"potentialAction\":[{\"@type\":\"SearchAction\",\"target\":{\"@type\":\"EntryPoint\",\"urlTemplate\":\"https:\/\/www.residence-lapinede.com\/de\/?s={search_term_string}\"},\"query-input\":{\"@type\":\"PropertyValueSpecification\",\"valueRequired\":true,\"valueName\":\"search_term_string\"}}],\"inLanguage\":\"de\"},{\"@type\":\"Organization\",\"@id\":\"https:\/\/www.residence-lapinede.com\/de\/#organization\",\"name\":\"R\u00e9sidence La Pin\u00e8de\",\"url\":\"https:\/\/www.residence-lapinede.com\/de\/\",\"logo\":{\"@type\":\"ImageObject\",\"inLanguage\":\"de\",\"@id\":\"https:\/\/www.residence-lapinede.com\/de\/#\/schema\/logo\/image\/\",\"url\":\"https:\/\/www.residence-lapinede.com\/wp-content\/uploads\/2021\/05\/camping-pinede-logo.png\",\"contentUrl\":\"https:\/\/www.residence-lapinede.com\/wp-content\/uploads\/2021\/05\/camping-pinede-logo.png\",\"width\":2000,\"height\":875,\"caption\":\"R\u00e9sidence La Pin\u00e8de\"},\"image\":{\"@id\":\"https:\/\/www.residence-lapinede.com\/de\/#\/schema\/logo\/image\/\"}}]}<\/script>\n<!-- \/ Yoast SEO plugin. -->","yoast_head_json":{"title":"Camping Verkauf Mobilheim H\u00e9rault | Eigent\u00fcmer werden in der N\u00e4he von P\u00e9zenas","robots":{"index":"index","follow":"follow","max-snippet":"max-snippet:-1","max-image-preview":"max-image-preview:large","max-video-preview":"max-video-preview:-1"},"canonical":"https:\/\/www.residence-lapinede.com\/de\/vente-mobil-home-herault\/","og_locale":"de_DE","og_type":"article","og_title":"Camping Verkauf Mobilheim H\u00e9rault | Eigent\u00fcmer werden in der N\u00e4he von P\u00e9zenas","og_url":"https:\/\/www.residence-lapinede.com\/de\/vente-mobil-home-herault\/","og_site_name":"Camping r\u00e9sidentiel la Pinede","article_modified_time":"2023-03-24T10:46:32+00:00","og_image":[{"width":1903,"height":300,"url":"https:\/\/www.residence-lapinede.com\/wp-content\/uploads\/2021\/06\/achat-mobil-home-vias.jpg","type":"image\/jpeg"}],"twitter_card":"summary_large_image","schema":{"@context":"https:\/\/schema.org","@graph":[{"@type":"WebPage","@id":"https:\/\/www.residence-lapinede.com\/de\/vente-mobil-home-herault\/","url":"https:\/\/www.residence-lapinede.com\/de\/vente-mobil-home-herault\/","name":"Camping Verkauf Mobilheim H\u00e9rault | Eigent\u00fcmer werden in der N\u00e4he von P\u00e9zenas","isPartOf":{"@id":"https:\/\/www.residence-lapinede.com\/de\/#website"},"primaryImageOfPage":{"@id":"https:\/\/www.residence-lapinede.com\/de\/vente-mobil-home-herault\/#primaryimage"},"image":{"@id":"https:\/\/www.residence-lapinede.com\/de\/vente-mobil-home-herault\/#primaryimage"},"thumbnailUrl":"https:\/\/www.residence-lapinede.com\/wp-content\/uploads\/2021\/06\/achat-mobil-home-vias.jpg","datePublished":"2021-05-17T09:03:33+00:00","dateModified":"2023-03-24T10:46:32+00:00","breadcrumb":{"@id":"https:\/\/www.residence-lapinede.com\/de\/vente-mobil-home-herault\/#breadcrumb"},"inLanguage":"de","potentialAction":[{"@type":"ReadAction","target":["https:\/\/www.residence-lapinede.com\/de\/vente-mobil-home-herault\/"]}]},{"@type":"ImageObject","inLanguage":"de","@id":"https:\/\/www.residence-lapinede.com\/de\/vente-mobil-home-herault\/#primaryimage","url":"https:\/\/www.residence-lapinede.com\/wp-content\/uploads\/2021\/06\/achat-mobil-home-vias.jpg","contentUrl":"https:\/\/www.residence-lapinede.com\/wp-content\/uploads\/2021\/06\/achat-mobil-home-vias.jpg","width":1903,"height":300},{"@type":"BreadcrumbList","@id":"https:\/\/www.residence-lapinede.com\/de\/vente-mobil-home-herault\/#breadcrumb","itemListElement":[{"@type":"ListItem","position":1,"name":"Camping H\u00e9rault","item":"https:\/\/www.residence-lapinede.com\/de\/"},{"@type":"ListItem","position":2,"name":"Campingplatz Verkauf Mobilheim H\u00e9rault"}]},{"@type":"WebSite","@id":"https:\/\/www.residence-lapinede.com\/de\/#website","url":"https:\/\/www.residence-lapinede.com\/de\/","name":"Camping r\u00e9sidentiel la Pinede","description":"Calme Luxe Nature","publisher":{"@id":"https:\/\/www.residence-lapinede.com\/de\/#organization"},"potentialAction":[{"@type":"SearchAction","target":{"@type":"EntryPoint","urlTemplate":"https:\/\/www.residence-lapinede.com\/de\/?s={search_term_string}"},"query-input":{"@type":"PropertyValueSpecification","valueRequired":true,"valueName":"search_term_string"}}],"inLanguage":"de"},{"@type":"Organization","@id":"https:\/\/www.residence-lapinede.com\/de\/#organization","name":"R\u00e9sidence La Pin\u00e8de","url":"https:\/\/www.residence-lapinede.com\/de\/","logo":{"@type":"ImageObject","inLanguage":"de","@id":"https:\/\/www.residence-lapinede.com\/de\/#\/schema\/logo\/image\/","url":"https:\/\/www.residence-lapinede.com\/wp-content\/uploads\/2021\/05\/camping-pinede-logo.png","contentUrl":"https:\/\/www.residence-lapinede.com\/wp-content\/uploads\/2021\/05\/camping-pinede-logo.png","width":2000,"height":875,"caption":"R\u00e9sidence La Pin\u00e8de"},"image":{"@id":"https:\/\/www.residence-lapinede.com\/de\/#\/schema\/logo\/image\/"}}]}},"_links":{"self":[{"href":"https:\/\/www.residence-lapinede.com\/de\/wp-json\/wp\/v2\/pages\/5834","targetHints":{"allow":["GET"]}}],"collection":[{"href":"https:\/\/www.residence-lapinede.com\/de\/wp-json\/wp\/v2\/pages"}],"about":[{"href":"https:\/\/www.residence-lapinede.com\/de\/wp-json\/wp\/v2\/types\/page"}],"author":[{"embeddable":true,"href":"https:\/\/www.residence-lapinede.com\/de\/wp-json\/wp\/v2\/users\/1"}],"replies":[{"embeddable":true,"href":"https:\/\/www.residence-lapinede.com\/de\/wp-json\/wp\/v2\/comments?post=5834"}],"version-history":[{"count":2,"href":"https:\/\/www.residence-lapinede.com\/de\/wp-json\/wp\/v2\/pages\/5834\/revisions"}],"predecessor-version":[{"id":5837,"href":"https:\/\/www.residence-lapinede.com\/de\/wp-json\/wp\/v2\/pages\/5834\/revisions\/5837"}],"wp:featuredmedia":[{"embeddable":true,"href":"https:\/\/www.residence-lapinede.com\/de\/wp-json\/wp\/v2\/media\/4581"}],"wp:attachment":[{"href":"https:\/\/www.residence-lapinede.com\/de\/wp-json\/wp\/v2\/media?parent=5834"}],"curies":[{"name":"wp","href":"https:\/\/api.w.org\/{rel}","templated":true}]}}